{"id":1866,"date":"2016-11-17T12:01:26","date_gmt":"2016-11-17T11:01:26","guid":{"rendered":"http:\/\/djabe.hu\/?post_type=product&#038;p=1866"},"modified":"2025-11-02T10:34:13","modified_gmt":"2025-11-02T09:34:13","slug":"tancolnak-a-kazlak-studio-es-elo","status":"publish","type":"product","link":"https:\/\/djabe.hu\/en\/uzlet\/tancolnak-a-kazlak-studio-es-elo\/","title":{"rendered":"Djabe: Sheafs are dancing &#8211; studio and live 2CD"},"content":{"rendered":"<div id=\"mp3jWrap_0\" class=\"mjp-s-wrapper s-graphic unsel-mjp \" style=\"font-size:18px;\"><span id=\"playpause_wrap_mp3j_0\" class=\"wrap_inline_mp3j\" style=\"font-weight:700;\"><span class=\"gfxbutton_mp3j play-mjp\" id=\"playpause_mp3j_0\" style=\"font-size:18px;\">&nbsp;&nbsp;&nbsp;&nbsp;&nbsp;<\/span>&nbsp;<span class=\"group_wrap\"><span class=\"bars_mp3j\"><span class=\"loadB_mp3j\" id=\"load_mp3j_0\"><\/span><span class=\"posbarB_mp3j\" id=\"posbar_mp3j_0\"><\/span><\/span><span class=\"T_mp3j\" id=\"T_mp3j_0\" style=\"font-size:18px;\">T\u00e1ncolnak-a-Kazlak-T\u00e1ncolnak-a-Kazlak<\/span><span class=\"indi_mp3j\" style=\"font-size:12.6px;\" id=\"statusMI_0\"><\/span><\/span><\/span><\/div><span class=\"s-nosolution\" id=\"mp3j_nosolution_0\" style=\"display:none;\"><\/span><script>\nMP3jPLAYLISTS.inline_0 = [\n\t{ name: \"T\u00e1ncolnak-a-Kazlak-T\u00e1ncolnak-a-Kazlak\", formats: [\"mp3\"], mp3: \"aHR0cHM6Ly9kamFiZS5odS93cC1jb250ZW50L3VwbG9hZHMvMjAxNi8wOS9Uw6FuY29sbmFrLWEtS2F6bGFrLVTDoW5jb2xuYWstYS1LYXpsYWsubXAz\", counterpart:\"\", artist: \"\", image: \"\", imgurl: \"\" }\n];\n<\/script>\n\n<script>MP3jPLAYERS[0] = { list: MP3jPLAYLISTS.inline_0, tr:0, type:'single', lstate:'', loop:false, play_txt:'&nbsp;&nbsp;&nbsp;&nbsp;&nbsp;', pause_txt:'&nbsp;&nbsp;&nbsp;&nbsp;&nbsp;', pp_title:'', autoplay:false, download:false, vol:70, height:'' };<\/script>\n<div id=\"mp3jWrap_1\" class=\"mjp-s-wrapper s-graphic unsel-mjp \" style=\"font-size:18px;\"><span id=\"playpause_wrap_mp3j_1\" class=\"wrap_inline_mp3j\" style=\"font-weight:700;\"><span class=\"gfxbutton_mp3j play-mjp\" id=\"playpause_mp3j_1\" style=\"font-size:18px;\">&nbsp;&nbsp;&nbsp;&nbsp;&nbsp;<\/span>&nbsp;<span class=\"group_wrap\"><span class=\"bars_mp3j\"><span class=\"loadB_mp3j\" id=\"load_mp3j_1\"><\/span><span class=\"posbarB_mp3j\" id=\"posbar_mp3j_1\"><\/span><\/span><span class=\"T_mp3j\" id=\"T_mp3j_1\" style=\"font-size:18px;\">T\u00e1ncolnak-a-Kazlak-T\u00e9li-Hortob\u00e1gy<\/span><span class=\"indi_mp3j\" style=\"font-size:12.6px;\" id=\"statusMI_1\"><\/span><\/span><\/span><\/div><span class=\"s-nosolution\" id=\"mp3j_nosolution_1\" style=\"display:none;\"><\/span><script>\nMP3jPLAYLISTS.inline_1 = [\n\t{ name: \"T\u00e1ncolnak-a-Kazlak-T\u00e9li-Hortob\u00e1gy\", formats: [\"mp3\"], mp3: \"aHR0cHM6Ly9kamFiZS5odS93cC1jb250ZW50L3VwbG9hZHMvMjAxNi8wOS9Uw6FuY29sbmFrLWEtS2F6bGFrLVTDqWxpLUhvcnRvYsOhZ3kubXAz\", counterpart:\"\", artist: \"\", image: \"\", imgurl: \"\" }\n];\n<\/script>\n\n<script>MP3jPLAYERS[1] = { list: MP3jPLAYLISTS.inline_1, tr:0, type:'single', lstate:'', loop:false, play_txt:'&nbsp;&nbsp;&nbsp;&nbsp;&nbsp;', pause_txt:'&nbsp;&nbsp;&nbsp;&nbsp;&nbsp;', pp_title:'', autoplay:false, download:false, vol:70, height:'' };<\/script>\n<div id=\"mp3jWrap_2\" class=\"mjp-s-wrapper s-graphic unsel-mjp \" style=\"font-size:18px;\"><span id=\"playpause_wrap_mp3j_2\" class=\"wrap_inline_mp3j\" style=\"font-weight:700;\"><span class=\"gfxbutton_mp3j play-mjp\" id=\"playpause_mp3j_2\" style=\"font-size:18px;\">&nbsp;&nbsp;&nbsp;&nbsp;&nbsp;<\/span>&nbsp;<span class=\"group_wrap\"><span class=\"bars_mp3j\"><span class=\"loadB_mp3j\" id=\"load_mp3j_2\"><\/span><span class=\"posbarB_mp3j\" id=\"posbar_mp3j_2\"><\/span><\/span><span class=\"T_mp3j\" id=\"T_mp3j_2\" style=\"font-size:18px;\">T\u00e1ncolnak-a-Kazlak-Szemreh\u00e1ny\u00e1s<\/span><span class=\"indi_mp3j\" style=\"font-size:12.6px;\" id=\"statusMI_2\"><\/span><\/span><\/span><\/div><span class=\"s-nosolution\" id=\"mp3j_nosolution_2\" style=\"display:none;\"><\/span><script>\nMP3jPLAYLISTS.inline_2 = [\n\t{ name: \"T\u00e1ncolnak-a-Kazlak-Szemreh\u00e1ny\u00e1s\", formats: [\"mp3\"], mp3: \"aHR0cHM6Ly9kamFiZS5odS93cC1jb250ZW50L3VwbG9hZHMvMjAxNi8wOS9Uw6FuY29sbmFrLWEtS2F6bGFrLVN6ZW1yZWjDoW55w6FzLm1wMw==\", counterpart:\"\", artist: \"\", image: \"\", imgurl: \"\" }\n];\n<\/script>\n\n<script>MP3jPLAYERS[2] = { list: MP3jPLAYLISTS.inline_2, tr:0, type:'single', lstate:'', loop:false, play_txt:'&nbsp;&nbsp;&nbsp;&nbsp;&nbsp;', pause_txt:'&nbsp;&nbsp;&nbsp;&nbsp;&nbsp;', pp_title:'', autoplay:false, download:false, vol:70, height:'' };<\/script>\n<div id=\"mp3jWrap_3\" class=\"mjp-s-wrapper s-graphic unsel-mjp \" style=\"font-size:18px;\"><span id=\"playpause_wrap_mp3j_3\" class=\"wrap_inline_mp3j\" style=\"font-weight:700;\"><span class=\"gfxbutton_mp3j play-mjp\" id=\"playpause_mp3j_3\" style=\"font-size:18px;\">&nbsp;&nbsp;&nbsp;&nbsp;&nbsp;<\/span>&nbsp;<span class=\"group_wrap\"><span class=\"bars_mp3j\"><span class=\"loadB_mp3j\" id=\"load_mp3j_3\"><\/span><span class=\"posbarB_mp3j\" id=\"posbar_mp3j_3\"><\/span><\/span><span class=\"T_mp3j\" id=\"T_mp3j_3\" style=\"font-size:18px;\">T\u00e1ncolnak-a-kazlak-J\u00e9gvilag<\/span><span class=\"indi_mp3j\" style=\"font-size:12.6px;\" id=\"statusMI_3\"><\/span><\/span><\/span><\/div><span class=\"s-nosolution\" id=\"mp3j_nosolution_3\" style=\"display:none;\"><\/span><script>\nMP3jPLAYLISTS.inline_3 = [\n\t{ name: \"T\u00e1ncolnak-a-kazlak-J\u00e9gvilag\", formats: [\"mp3\"], mp3: \"aHR0cHM6Ly9kamFiZS5odS93cC1jb250ZW50L3VwbG9hZHMvMjAxNi8wOS9Uw6FuY29sbmFrLWEta2F6bGFrLUrDqWd2aWxhZy5tcDM=\", counterpart:\"\", artist: \"\", image: \"\", imgurl: \"\" }\n];\n<\/script>\n\n<script>MP3jPLAYERS[3] = { list: MP3jPLAYLISTS.inline_3, tr:0, type:'single', lstate:'', loop:false, play_txt:'&nbsp;&nbsp;&nbsp;&nbsp;&nbsp;', pause_txt:'&nbsp;&nbsp;&nbsp;&nbsp;&nbsp;', pp_title:'', autoplay:false, download:false, vol:70, height:'' };<\/script>\n","protected":false},"excerpt":{"rendered":"<p><span style=\"color: #ffffff;\">In autumn 2016 one of the most prominent album of Hungarian music history, the \u2019Sheafs are dancing\u2019 CD Deluxe re-release hit the shelves of local stores \u2013 the 2003 album was one of the best release of Djabe to date. The compositions were inspired by paintings of artist Imre \u00c9gerh\u00e1zi which gave the album unique importance. The editorial concept followed the \u2019one painting, one track\u2019 policy and consists of compositions of bass guitarist Tam\u00e1s Barab\u00e1s and guitarist Attila \u00c9gerh\u00e1zi. This was the first Djabe album Steve Hackett played on!<span style=\"color: #6094c1;\">&gt;&gt;<\/span><\/span><\/p>\n","protected":false},"featured_media":7738,"template":"","meta":[],"product_brand":[],"product_cat":[38,44],"product_tag":[],"class_list":{"0":"post-1866","1":"product","2":"type-product","3":"status-publish","4":"has-post-thumbnail","6":"product_cat-cd","7":"product_cat-konyv","8":"repupress_customize_woocommerce_productom_class","10":"first","11":"instock","12":"shipping-taxable","13":"purchasable","14":"product-type-simple"},"yoast_head":"<!-- This site is optimized with the Yoast SEO plugin v27.2 - https:\/\/yoast.com\/product\/yoast-seo-wordpress\/ -->\n<title>Djabe: Sheafs are dancing - studio and live 2CD - Djabe<\/title>\n<meta name=\"description\" content=\"In autumn 2016 one of the most prominent album of Hungarian music history, the \u2019Sheafs are dancing\u2019 CD Deluxe re-release hit the shelves of local stores \u2013 the 2003 album was one of the best release of Djabe to date. The compositions were inspired by paintings of artist Imre \u00c9gerh\u00e1zi which gave the album unique importance. The editorial concept followed the \u2019one painting, one track\u2019 policy and consists of compositions of bass guitarist Tam\u00e1s Barab\u00e1s and guitarist Attila \u00c9gerh\u00e1zi. This was the first Djabe album Steve Hackett played on!\" \/>\n<meta name=\"robots\" content=\"index, follow, max-snippet:-1, max-image-preview:large, max-video-preview:-1\" \/>\n<link rel=\"canonical\" href=\"https:\/\/djabe.hu\/uzlet\/tancolnak-a-kazlak-studio-es-elo\/\" \/>\n<meta property=\"og:locale\" content=\"en_US\" \/>\n<meta property=\"og:type\" content=\"article\" \/>\n<meta property=\"og:title\" content=\"Djabe: Sheafs are dancing - studio and live 2CD\" \/>\n<meta property=\"og:description\" content=\"{:en}In autumn 2016 one of the most prominent album of Hungarian music history, the \u2019Sheafs are dancing\u2019 CD Deluxe re-release hit the shelves of local stores \u2013 the 2003 album was one of the best release of Djabe to date. The compositions were inspired by paintings of artist Imre \u00c9gerh\u00e1zi which gave the album unique importance. The editorial concept followed the \u2019one painting, one track\u2019 policy and consists of compositions of bass guitarist Tam\u00e1s Barab\u00e1s and guitarist Attila \u00c9gerh\u00e1zi. This was the first Djabe album Steve Hackett played on!{:}\" \/>\n<meta property=\"og:url\" content=\"https:\/\/djabe.hu\/uzlet\/tancolnak-a-kazlak-studio-es-elo\/\" \/>\n<meta property=\"og:site_name\" content=\"Djabe\" \/>\n<meta property=\"article:modified_time\" content=\"2025-11-02T09:34:13+00:00\" \/>\n<meta property=\"og:image\" content=\"https:\/\/djabe.hu\/wp-content\/uploads\/2016\/11\/sheafs_are_dancing_konyv_2-1_SHOP-1024x1024.png\" \/>\n\t<meta property=\"og:image:width\" content=\"1024\" \/>\n\t<meta property=\"og:image:height\" content=\"1024\" \/>\n\t<meta property=\"og:image:type\" content=\"image\/png\" \/>\n<meta name=\"twitter:card\" content=\"summary_large_image\" \/>\n<meta name=\"twitter:title\" content=\"Djabe: Sheafs are dancing - studio and live 2CD\" \/>\n<meta name=\"twitter:image\" content=\"https:\/\/djabe.hu\/wp-content\/uploads\/2016\/11\/sheafs_are_dancing_konyv_2-1_SHOP.png\" \/>\n<meta name=\"twitter:label1\" content=\"Est. reading time\" \/>\n\t<meta name=\"twitter:data1\" content=\"1 minute\" \/>\n<script type=\"application\/ld+json\" class=\"yoast-schema-graph\">{\"@context\":\"https:\/\/schema.org\",\"@graph\":[{\"@type\":\"WebPage\",\"@id\":\"https:\/\/djabe.hu\/uzlet\/tancolnak-a-kazlak-studio-es-elo\/\",\"url\":\"https:\/\/djabe.hu\/uzlet\/tancolnak-a-kazlak-studio-es-elo\/\",\"name\":\"Djabe: Sheafs are dancing - studio and live 2CD - Djabe\",\"isPartOf\":{\"@id\":\"https:\/\/djabe.hu\/en\/#website\"},\"primaryImageOfPage\":{\"@id\":\"https:\/\/djabe.hu\/uzlet\/tancolnak-a-kazlak-studio-es-elo\/#primaryimage\"},\"image\":{\"@id\":\"https:\/\/djabe.hu\/uzlet\/tancolnak-a-kazlak-studio-es-elo\/#primaryimage\"},\"thumbnailUrl\":\"https:\/\/djabe.hu\/wp-content\/uploads\/2016\/11\/sheafs_are_dancing_konyv_2-1_SHOP.png\",\"datePublished\":\"2016-11-17T11:01:26+00:00\",\"dateModified\":\"2025-11-02T09:34:13+00:00\",\"description\":\"{:en}In autumn 2016 one of the most prominent album of Hungarian music history, the \u2019Sheafs are dancing\u2019 CD Deluxe re-release hit the shelves of local stores \u2013 the 2003 album was one of the best release of Djabe to date. The compositions were inspired by paintings of artist Imre \u00c9gerh\u00e1zi which gave the album unique importance. The editorial concept followed the \u2019one painting, one track\u2019 policy and consists of compositions of bass guitarist Tam\u00e1s Barab\u00e1s and guitarist Attila \u00c9gerh\u00e1zi. This was the first Djabe album Steve Hackett played on!{:}\",\"breadcrumb\":{\"@id\":\"https:\/\/djabe.hu\/uzlet\/tancolnak-a-kazlak-studio-es-elo\/#breadcrumb\"},\"inLanguage\":\"en-US\",\"potentialAction\":[{\"@type\":\"ReadAction\",\"target\":[\"https:\/\/djabe.hu\/uzlet\/tancolnak-a-kazlak-studio-es-elo\/\"]}]},{\"@type\":\"ImageObject\",\"inLanguage\":\"en-US\",\"@id\":\"https:\/\/djabe.hu\/uzlet\/tancolnak-a-kazlak-studio-es-elo\/#primaryimage\",\"url\":\"https:\/\/djabe.hu\/wp-content\/uploads\/2016\/11\/sheafs_are_dancing_konyv_2-1_SHOP.png\",\"contentUrl\":\"https:\/\/djabe.hu\/wp-content\/uploads\/2016\/11\/sheafs_are_dancing_konyv_2-1_SHOP.png\",\"width\":1673,\"height\":1673,\"caption\":\"Djabe: Sheafs are dancing - studio and live 2CD\"},{\"@type\":\"BreadcrumbList\",\"@id\":\"https:\/\/djabe.hu\/uzlet\/tancolnak-a-kazlak-studio-es-elo\/#breadcrumb\",\"itemListElement\":[{\"@type\":\"ListItem\",\"position\":1,\"name\":\"Home\",\"item\":\"https:\/\/djabe.hu\/en\/\"},{\"@type\":\"ListItem\",\"position\":2,\"name\":\"\u00c1ruh\u00e1z\",\"item\":\"https:\/\/djabe.hu\/uzlet\/\"},{\"@type\":\"ListItem\",\"position\":3,\"name\":\"Djabe: T\u00e1ncolnak a kazlak &#8211; st\u00fadi\u00f3 \u00e9s \u00e9l\u0151 2CD\"}]},{\"@type\":\"WebSite\",\"@id\":\"https:\/\/djabe.hu\/en\/#website\",\"url\":\"https:\/\/djabe.hu\/en\/\",\"name\":\"Djabe\",\"description\":\"Official site\",\"potentialAction\":[{\"@type\":\"SearchAction\",\"target\":{\"@type\":\"EntryPoint\",\"urlTemplate\":\"https:\/\/djabe.hu\/en\/?s={search_term_string}\"},\"query-input\":{\"@type\":\"PropertyValueSpecification\",\"valueRequired\":true,\"valueName\":\"search_term_string\"}}],\"inLanguage\":\"en-US\"}]}<\/script>\n<!-- \/ Yoast SEO plugin. -->","yoast_head_json":{"title":"Djabe: Sheafs are dancing - studio and live 2CD - Djabe","description":"In autumn 2016 one of the most prominent album of Hungarian music history, the \u2019Sheafs are dancing\u2019 CD Deluxe re-release hit the shelves of local stores \u2013 the 2003 album was one of the best release of Djabe to date. The compositions were inspired by paintings of artist Imre \u00c9gerh\u00e1zi which gave the album unique importance. The editorial concept followed the \u2019one painting, one track\u2019 policy and consists of compositions of bass guitarist Tam\u00e1s Barab\u00e1s and guitarist Attila \u00c9gerh\u00e1zi. This was the first Djabe album Steve Hackett played on!","robots":{"index":"index","follow":"follow","max-snippet":"max-snippet:-1","max-image-preview":"max-image-preview:large","max-video-preview":"max-video-preview:-1"},"canonical":"https:\/\/djabe.hu\/uzlet\/tancolnak-a-kazlak-studio-es-elo\/","og_locale":"en_US","og_type":"article","og_title":"Djabe: Sheafs are dancing - studio and live 2CD","og_description":"{:en}In autumn 2016 one of the most prominent album of Hungarian music history, the \u2019Sheafs are dancing\u2019 CD Deluxe re-release hit the shelves of local stores \u2013 the 2003 album was one of the best release of Djabe to date. The compositions were inspired by paintings of artist Imre \u00c9gerh\u00e1zi which gave the album unique importance. The editorial concept followed the \u2019one painting, one track\u2019 policy and consists of compositions of bass guitarist Tam\u00e1s Barab\u00e1s and guitarist Attila \u00c9gerh\u00e1zi. This was the first Djabe album Steve Hackett played on!{:}","og_url":"https:\/\/djabe.hu\/uzlet\/tancolnak-a-kazlak-studio-es-elo\/","og_site_name":"Djabe","article_modified_time":"2025-11-02T09:34:13+00:00","og_image":[{"width":1024,"height":1024,"url":"https:\/\/djabe.hu\/wp-content\/uploads\/2016\/11\/sheafs_are_dancing_konyv_2-1_SHOP-1024x1024.png","type":"image\/png"}],"twitter_card":"summary_large_image","twitter_title":"Djabe: Sheafs are dancing - studio and live 2CD","twitter_image":"https:\/\/djabe.hu\/wp-content\/uploads\/2016\/11\/sheafs_are_dancing_konyv_2-1_SHOP.png","twitter_misc":{"Est. reading time":"1 minute"},"schema":{"@context":"https:\/\/schema.org","@graph":[{"@type":"WebPage","@id":"https:\/\/djabe.hu\/uzlet\/tancolnak-a-kazlak-studio-es-elo\/","url":"https:\/\/djabe.hu\/uzlet\/tancolnak-a-kazlak-studio-es-elo\/","name":"Djabe: Sheafs are dancing - studio and live 2CD - Djabe","isPartOf":{"@id":"https:\/\/djabe.hu\/en\/#website"},"primaryImageOfPage":{"@id":"https:\/\/djabe.hu\/uzlet\/tancolnak-a-kazlak-studio-es-elo\/#primaryimage"},"image":{"@id":"https:\/\/djabe.hu\/uzlet\/tancolnak-a-kazlak-studio-es-elo\/#primaryimage"},"thumbnailUrl":"https:\/\/djabe.hu\/wp-content\/uploads\/2016\/11\/sheafs_are_dancing_konyv_2-1_SHOP.png","datePublished":"2016-11-17T11:01:26+00:00","dateModified":"2025-11-02T09:34:13+00:00","description":"{:en}In autumn 2016 one of the most prominent album of Hungarian music history, the \u2019Sheafs are dancing\u2019 CD Deluxe re-release hit the shelves of local stores \u2013 the 2003 album was one of the best release of Djabe to date. The compositions were inspired by paintings of artist Imre \u00c9gerh\u00e1zi which gave the album unique importance. The editorial concept followed the \u2019one painting, one track\u2019 policy and consists of compositions of bass guitarist Tam\u00e1s Barab\u00e1s and guitarist Attila \u00c9gerh\u00e1zi. This was the first Djabe album Steve Hackett played on!{:}","breadcrumb":{"@id":"https:\/\/djabe.hu\/uzlet\/tancolnak-a-kazlak-studio-es-elo\/#breadcrumb"},"inLanguage":"en-US","potentialAction":[{"@type":"ReadAction","target":["https:\/\/djabe.hu\/uzlet\/tancolnak-a-kazlak-studio-es-elo\/"]}]},{"@type":"ImageObject","inLanguage":"en-US","@id":"https:\/\/djabe.hu\/uzlet\/tancolnak-a-kazlak-studio-es-elo\/#primaryimage","url":"https:\/\/djabe.hu\/wp-content\/uploads\/2016\/11\/sheafs_are_dancing_konyv_2-1_SHOP.png","contentUrl":"https:\/\/djabe.hu\/wp-content\/uploads\/2016\/11\/sheafs_are_dancing_konyv_2-1_SHOP.png","width":1673,"height":1673,"caption":"Djabe: Sheafs are dancing - studio and live 2CD"},{"@type":"BreadcrumbList","@id":"https:\/\/djabe.hu\/uzlet\/tancolnak-a-kazlak-studio-es-elo\/#breadcrumb","itemListElement":[{"@type":"ListItem","position":1,"name":"Home","item":"https:\/\/djabe.hu\/en\/"},{"@type":"ListItem","position":2,"name":"\u00c1ruh\u00e1z","item":"https:\/\/djabe.hu\/uzlet\/"},{"@type":"ListItem","position":3,"name":"Djabe: T\u00e1ncolnak a kazlak &#8211; st\u00fadi\u00f3 \u00e9s \u00e9l\u0151 2CD"}]},{"@type":"WebSite","@id":"https:\/\/djabe.hu\/en\/#website","url":"https:\/\/djabe.hu\/en\/","name":"Djabe","description":"Official site","potentialAction":[{"@type":"SearchAction","target":{"@type":"EntryPoint","urlTemplate":"https:\/\/djabe.hu\/en\/?s={search_term_string}"},"query-input":{"@type":"PropertyValueSpecification","valueRequired":true,"valueName":"search_term_string"}}],"inLanguage":"en-US"}]}},"jetpack_sharing_enabled":true,"_links":{"self":[{"href":"https:\/\/djabe.hu\/en\/wp-json\/wp\/v2\/product\/1866","targetHints":{"allow":["GET"]}}],"collection":[{"href":"https:\/\/djabe.hu\/en\/wp-json\/wp\/v2\/product"}],"about":[{"href":"https:\/\/djabe.hu\/en\/wp-json\/wp\/v2\/types\/product"}],"wp:featuredmedia":[{"embeddable":true,"href":"https:\/\/djabe.hu\/en\/wp-json\/wp\/v2\/media\/7738"}],"wp:attachment":[{"href":"https:\/\/djabe.hu\/en\/wp-json\/wp\/v2\/media?parent=1866"}],"wp:term":[{"taxonomy":"product_brand","embeddable":true,"href":"https:\/\/djabe.hu\/en\/wp-json\/wp\/v2\/product_brand?post=1866"},{"taxonomy":"product_cat","embeddable":true,"href":"https:\/\/djabe.hu\/en\/wp-json\/wp\/v2\/product_cat?post=1866"},{"taxonomy":"product_tag","embeddable":true,"href":"https:\/\/djabe.hu\/en\/wp-json\/wp\/v2\/product_tag?post=1866"}],"curies":[{"name":"wp","href":"https:\/\/api.w.org\/{rel}","templated":true}]}}