{"id":1865,"date":"2016-11-17T11:59:25","date_gmt":"2016-11-17T10:59:25","guid":{"rendered":"http:\/\/djabe.hu\/?post_type=product&#038;p=1865"},"modified":"2024-10-09T15:23:48","modified_gmt":"2024-10-09T14:23:48","slug":"gobolyos-n-laszlo-djabe-20-ev-szabad-hangjai","status":"publish","type":"product","link":"https:\/\/djabe.hu\/en\/uzlet\/gobolyos-n-laszlo-djabe-20-ev-szabad-hangjai\/","title":{"rendered":"G\u00f6b\u00f6ly\u00f6s N. L\u00e1szl\u00f3: Djabe 20 \u00e9v szabad hangjai"},"content":{"rendered":"","protected":false},"excerpt":{"rendered":"<p><span style=\"color: #ffffff;\">All the band members\u2019 personal stories gets told in the book, giving a deep insight to Djabe never seen before. Readers can get acquainted with the band\u2019s unique musical portfolio, known and renowned world-wide. Author L\u00e1szl\u00f3 N. G\u00f6b\u00f6ly\u00f6s, a journalist, music enthusiast, Djabe fan for life and close friend to the band, was present at almost every imortant milestone. <\/span><\/p>\n","protected":false},"featured_media":1651,"template":"","meta":[],"product_brand":[],"product_cat":[44],"product_tag":[],"class_list":{"0":"post-1865","1":"product","2":"type-product","3":"status-publish","4":"has-post-thumbnail","6":"product_cat-konyv","7":"repupress_customize_woocommerce_productom_class","9":"first","10":"instock","11":"sold-individually","12":"shipping-taxable","13":"purchasable","14":"product-type-simple"},"yoast_head":"<!-- This site is optimized with the Yoast SEO plugin v27.2 - https:\/\/yoast.com\/product\/yoast-seo-wordpress\/ -->\n<title>G\u00f6b\u00f6ly\u00f6s N. L\u00e1szl\u00f3: Djabe 20 \u00e9v szabad hangjai - Djabe<\/title>\n<meta name=\"description\" content=\"All the band members\u2019 personal stories gets told in the book, giving a deep insight to Djabe never seen before. Readers can get acquainted with the band\u2019s unique musical portfolio, known and renowned world-wide. Author L\u00e1szl\u00f3 N. G\u00f6b\u00f6ly\u00f6s, a journalist, music enthusiast, Djabe fan for life and close friend to the band, was present at almost every imortant milestone.\" \/>\n<meta name=\"robots\" content=\"index, follow, max-snippet:-1, max-image-preview:large, max-video-preview:-1\" \/>\n<link rel=\"canonical\" href=\"https:\/\/djabe.hu\/uzlet\/gobolyos-n-laszlo-djabe-20-ev-szabad-hangjai\/\" \/>\n<meta property=\"og:locale\" content=\"en_US\" \/>\n<meta property=\"og:type\" content=\"article\" \/>\n<meta property=\"og:title\" content=\"G\u00f6b\u00f6ly\u00f6s N. L\u00e1szl\u00f3: Djabe 20 \u00e9v szabad hangjai\" \/>\n<meta property=\"og:description\" content=\"{:en}All the band members\u2019 personal stories gets told in the book, giving a deep insight to Djabe never seen before. Readers can get acquainted with the band\u2019s unique musical portfolio, known and renowned world-wide. Author L\u00e1szl\u00f3 N. G\u00f6b\u00f6ly\u00f6s, a journalist, music enthusiast, Djabe fan for life and close friend to the band, was present at almost every imortant milestone.{:}\" \/>\n<meta property=\"og:url\" content=\"https:\/\/djabe.hu\/uzlet\/gobolyos-n-laszlo-djabe-20-ev-szabad-hangjai\/\" \/>\n<meta property=\"og:site_name\" content=\"Djabe\" \/>\n<meta property=\"article:modified_time\" content=\"2024-10-09T14:23:48+00:00\" \/>\n<meta property=\"og:image\" content=\"https:\/\/djabe.hu\/wp-content\/uploads\/2016\/11\/konyv_1-1024x836.png\" \/>\n\t<meta property=\"og:image:width\" content=\"1024\" \/>\n\t<meta property=\"og:image:height\" content=\"836\" \/>\n\t<meta property=\"og:image:type\" content=\"image\/png\" \/>\n<meta name=\"twitter:card\" content=\"summary_large_image\" \/>\n<meta name=\"twitter:title\" content=\"G\u00f6b\u00f6ly\u00f6s N. L\u00e1szl\u00f3: Djabe 20 \u00e9v szabad hangjai\" \/>\n<meta name=\"twitter:image\" content=\"https:\/\/djabe.hu\/wp-content\/uploads\/2016\/11\/konyv_1.png\" \/>\n<script type=\"application\/ld+json\" class=\"yoast-schema-graph\">{\"@context\":\"https:\/\/schema.org\",\"@graph\":[{\"@type\":\"WebPage\",\"@id\":\"https:\/\/djabe.hu\/uzlet\/gobolyos-n-laszlo-djabe-20-ev-szabad-hangjai\/\",\"url\":\"https:\/\/djabe.hu\/uzlet\/gobolyos-n-laszlo-djabe-20-ev-szabad-hangjai\/\",\"name\":\"G\u00f6b\u00f6ly\u00f6s N. L\u00e1szl\u00f3: Djabe 20 \u00e9v szabad hangjai - Djabe\",\"isPartOf\":{\"@id\":\"https:\/\/djabe.hu\/en\/#website\"},\"primaryImageOfPage\":{\"@id\":\"https:\/\/djabe.hu\/uzlet\/gobolyos-n-laszlo-djabe-20-ev-szabad-hangjai\/#primaryimage\"},\"image\":{\"@id\":\"https:\/\/djabe.hu\/uzlet\/gobolyos-n-laszlo-djabe-20-ev-szabad-hangjai\/#primaryimage\"},\"thumbnailUrl\":\"https:\/\/djabe.hu\/wp-content\/uploads\/2016\/11\/konyv_1.png\",\"datePublished\":\"2016-11-17T10:59:25+00:00\",\"dateModified\":\"2024-10-09T14:23:48+00:00\",\"description\":\"{:en}All the band members\u2019 personal stories gets told in the book, giving a deep insight to Djabe never seen before. Readers can get acquainted with the band\u2019s unique musical portfolio, known and renowned world-wide. Author L\u00e1szl\u00f3 N. G\u00f6b\u00f6ly\u00f6s, a journalist, music enthusiast, Djabe fan for life and close friend to the band, was present at almost every imortant milestone.{:}\",\"breadcrumb\":{\"@id\":\"https:\/\/djabe.hu\/uzlet\/gobolyos-n-laszlo-djabe-20-ev-szabad-hangjai\/#breadcrumb\"},\"inLanguage\":\"en-US\",\"potentialAction\":[{\"@type\":\"ReadAction\",\"target\":[\"https:\/\/djabe.hu\/uzlet\/gobolyos-n-laszlo-djabe-20-ev-szabad-hangjai\/\"]}]},{\"@type\":\"ImageObject\",\"inLanguage\":\"en-US\",\"@id\":\"https:\/\/djabe.hu\/uzlet\/gobolyos-n-laszlo-djabe-20-ev-szabad-hangjai\/#primaryimage\",\"url\":\"https:\/\/djabe.hu\/wp-content\/uploads\/2016\/11\/konyv_1.png\",\"contentUrl\":\"https:\/\/djabe.hu\/wp-content\/uploads\/2016\/11\/konyv_1.png\",\"width\":1877,\"height\":1532,\"caption\":\"G\u00f6b\u00f6ly\u00f6s N. L\u00e1szl\u00f3: Djabe 20 \u00e9v szabad hangjai\"},{\"@type\":\"BreadcrumbList\",\"@id\":\"https:\/\/djabe.hu\/uzlet\/gobolyos-n-laszlo-djabe-20-ev-szabad-hangjai\/#breadcrumb\",\"itemListElement\":[{\"@type\":\"ListItem\",\"position\":1,\"name\":\"Home\",\"item\":\"https:\/\/djabe.hu\/en\/\"},{\"@type\":\"ListItem\",\"position\":2,\"name\":\"\u00c1ruh\u00e1z\",\"item\":\"https:\/\/djabe.hu\/uzlet\/\"},{\"@type\":\"ListItem\",\"position\":3,\"name\":\"[:hu]G\u00f6b\u00f6ly\u00f6s N. L\u00e1szl\u00f3: Djabe &#8211; 20 \u00e9v szabad hangjai[:en]G\u00f6b\u00f6ly\u00f6s N. L\u00e1szl\u00f3: Djabe 20 \u00e9v szabad hangjai[:]\"}]},{\"@type\":\"WebSite\",\"@id\":\"https:\/\/djabe.hu\/en\/#website\",\"url\":\"https:\/\/djabe.hu\/en\/\",\"name\":\"Djabe\",\"description\":\"Official site\",\"potentialAction\":[{\"@type\":\"SearchAction\",\"target\":{\"@type\":\"EntryPoint\",\"urlTemplate\":\"https:\/\/djabe.hu\/en\/?s={search_term_string}\"},\"query-input\":{\"@type\":\"PropertyValueSpecification\",\"valueRequired\":true,\"valueName\":\"search_term_string\"}}],\"inLanguage\":\"en-US\"}]}<\/script>\n<!-- \/ Yoast SEO plugin. -->","yoast_head_json":{"title":"G\u00f6b\u00f6ly\u00f6s N. L\u00e1szl\u00f3: Djabe 20 \u00e9v szabad hangjai - Djabe","description":"All the band members\u2019 personal stories gets told in the book, giving a deep insight to Djabe never seen before. Readers can get acquainted with the band\u2019s unique musical portfolio, known and renowned world-wide. Author L\u00e1szl\u00f3 N. G\u00f6b\u00f6ly\u00f6s, a journalist, music enthusiast, Djabe fan for life and close friend to the band, was present at almost every imortant milestone.","robots":{"index":"index","follow":"follow","max-snippet":"max-snippet:-1","max-image-preview":"max-image-preview:large","max-video-preview":"max-video-preview:-1"},"canonical":"https:\/\/djabe.hu\/uzlet\/gobolyos-n-laszlo-djabe-20-ev-szabad-hangjai\/","og_locale":"en_US","og_type":"article","og_title":"G\u00f6b\u00f6ly\u00f6s N. L\u00e1szl\u00f3: Djabe 20 \u00e9v szabad hangjai","og_description":"{:en}All the band members\u2019 personal stories gets told in the book, giving a deep insight to Djabe never seen before. Readers can get acquainted with the band\u2019s unique musical portfolio, known and renowned world-wide. Author L\u00e1szl\u00f3 N. G\u00f6b\u00f6ly\u00f6s, a journalist, music enthusiast, Djabe fan for life and close friend to the band, was present at almost every imortant milestone.{:}","og_url":"https:\/\/djabe.hu\/uzlet\/gobolyos-n-laszlo-djabe-20-ev-szabad-hangjai\/","og_site_name":"Djabe","article_modified_time":"2024-10-09T14:23:48+00:00","og_image":[{"width":1024,"height":836,"url":"https:\/\/djabe.hu\/wp-content\/uploads\/2016\/11\/konyv_1-1024x836.png","type":"image\/png"}],"twitter_card":"summary_large_image","twitter_title":"G\u00f6b\u00f6ly\u00f6s N. L\u00e1szl\u00f3: Djabe 20 \u00e9v szabad hangjai","twitter_image":"https:\/\/djabe.hu\/wp-content\/uploads\/2016\/11\/konyv_1.png","schema":{"@context":"https:\/\/schema.org","@graph":[{"@type":"WebPage","@id":"https:\/\/djabe.hu\/uzlet\/gobolyos-n-laszlo-djabe-20-ev-szabad-hangjai\/","url":"https:\/\/djabe.hu\/uzlet\/gobolyos-n-laszlo-djabe-20-ev-szabad-hangjai\/","name":"G\u00f6b\u00f6ly\u00f6s N. L\u00e1szl\u00f3: Djabe 20 \u00e9v szabad hangjai - Djabe","isPartOf":{"@id":"https:\/\/djabe.hu\/en\/#website"},"primaryImageOfPage":{"@id":"https:\/\/djabe.hu\/uzlet\/gobolyos-n-laszlo-djabe-20-ev-szabad-hangjai\/#primaryimage"},"image":{"@id":"https:\/\/djabe.hu\/uzlet\/gobolyos-n-laszlo-djabe-20-ev-szabad-hangjai\/#primaryimage"},"thumbnailUrl":"https:\/\/djabe.hu\/wp-content\/uploads\/2016\/11\/konyv_1.png","datePublished":"2016-11-17T10:59:25+00:00","dateModified":"2024-10-09T14:23:48+00:00","description":"{:en}All the band members\u2019 personal stories gets told in the book, giving a deep insight to Djabe never seen before. Readers can get acquainted with the band\u2019s unique musical portfolio, known and renowned world-wide. Author L\u00e1szl\u00f3 N. G\u00f6b\u00f6ly\u00f6s, a journalist, music enthusiast, Djabe fan for life and close friend to the band, was present at almost every imortant milestone.{:}","breadcrumb":{"@id":"https:\/\/djabe.hu\/uzlet\/gobolyos-n-laszlo-djabe-20-ev-szabad-hangjai\/#breadcrumb"},"inLanguage":"en-US","potentialAction":[{"@type":"ReadAction","target":["https:\/\/djabe.hu\/uzlet\/gobolyos-n-laszlo-djabe-20-ev-szabad-hangjai\/"]}]},{"@type":"ImageObject","inLanguage":"en-US","@id":"https:\/\/djabe.hu\/uzlet\/gobolyos-n-laszlo-djabe-20-ev-szabad-hangjai\/#primaryimage","url":"https:\/\/djabe.hu\/wp-content\/uploads\/2016\/11\/konyv_1.png","contentUrl":"https:\/\/djabe.hu\/wp-content\/uploads\/2016\/11\/konyv_1.png","width":1877,"height":1532,"caption":"G\u00f6b\u00f6ly\u00f6s N. L\u00e1szl\u00f3: Djabe 20 \u00e9v szabad hangjai"},{"@type":"BreadcrumbList","@id":"https:\/\/djabe.hu\/uzlet\/gobolyos-n-laszlo-djabe-20-ev-szabad-hangjai\/#breadcrumb","itemListElement":[{"@type":"ListItem","position":1,"name":"Home","item":"https:\/\/djabe.hu\/en\/"},{"@type":"ListItem","position":2,"name":"\u00c1ruh\u00e1z","item":"https:\/\/djabe.hu\/uzlet\/"},{"@type":"ListItem","position":3,"name":"[:hu]G\u00f6b\u00f6ly\u00f6s N. L\u00e1szl\u00f3: Djabe &#8211; 20 \u00e9v szabad hangjai[:en]G\u00f6b\u00f6ly\u00f6s N. L\u00e1szl\u00f3: Djabe 20 \u00e9v szabad hangjai[:]"}]},{"@type":"WebSite","@id":"https:\/\/djabe.hu\/en\/#website","url":"https:\/\/djabe.hu\/en\/","name":"Djabe","description":"Official site","potentialAction":[{"@type":"SearchAction","target":{"@type":"EntryPoint","urlTemplate":"https:\/\/djabe.hu\/en\/?s={search_term_string}"},"query-input":{"@type":"PropertyValueSpecification","valueRequired":true,"valueName":"search_term_string"}}],"inLanguage":"en-US"}]}},"jetpack_sharing_enabled":true,"_links":{"self":[{"href":"https:\/\/djabe.hu\/en\/wp-json\/wp\/v2\/product\/1865","targetHints":{"allow":["GET"]}}],"collection":[{"href":"https:\/\/djabe.hu\/en\/wp-json\/wp\/v2\/product"}],"about":[{"href":"https:\/\/djabe.hu\/en\/wp-json\/wp\/v2\/types\/product"}],"wp:featuredmedia":[{"embeddable":true,"href":"https:\/\/djabe.hu\/en\/wp-json\/wp\/v2\/media\/1651"}],"wp:attachment":[{"href":"https:\/\/djabe.hu\/en\/wp-json\/wp\/v2\/media?parent=1865"}],"wp:term":[{"taxonomy":"product_brand","embeddable":true,"href":"https:\/\/djabe.hu\/en\/wp-json\/wp\/v2\/product_brand?post=1865"},{"taxonomy":"product_cat","embeddable":true,"href":"https:\/\/djabe.hu\/en\/wp-json\/wp\/v2\/product_cat?post=1865"},{"taxonomy":"product_tag","embeddable":true,"href":"https:\/\/djabe.hu\/en\/wp-json\/wp\/v2\/product_tag?post=1865"}],"curies":[{"name":"wp","href":"https:\/\/api.w.org\/{rel}","templated":true}]}}