{"id":1856,"date":"2016-11-16T15:40:47","date_gmt":"2016-11-16T14:40:47","guid":{"rendered":"http:\/\/djabe.hu\/?post_type=product&#038;p=1856"},"modified":"2026-04-09T09:17:06","modified_gmt":"2026-04-09T08:17:06","slug":"djabe","status":"publish","type":"product","link":"https:\/\/djabe.hu\/en\/uzlet\/djabe\/","title":{"rendered":"Djabe: Djabe CD"},"content":{"rendered":"","protected":false},"excerpt":{"rendered":"","protected":false},"featured_media":807,"template":"","meta":[],"product_brand":[],"product_cat":[38],"product_tag":[],"class_list":{"0":"post-1856","1":"product","2":"type-product","3":"status-publish","4":"has-post-thumbnail","6":"product_cat-cd","7":"repupress_customize_woocommerce_productom_class","9":"first","10":"instock","11":"shipping-taxable","12":"purchasable","13":"product-type-simple"},"yoast_head":"<!-- This site is optimized with the Yoast SEO plugin v27.4 - https:\/\/yoast.com\/product\/yoast-seo-wordpress\/ -->\n<title>Djabe: Djabe CD - Djabe<\/title>\n<meta name=\"description\" content=\"The first Djabe record, published in 1996, wears the name of the band. \u2018Seeking the right way\u2019 characterises this recording, which demonstrates the intentions of Sipos Andr\u00e1s and \u00c9gerh\u00e1zi Attila with quite a varied selection. The new style of the record was a prelude of the later success of Djabe.\" \/>\n<meta name=\"robots\" content=\"index, follow, max-snippet:-1, max-image-preview:large, max-video-preview:-1\" \/>\n<link rel=\"canonical\" href=\"https:\/\/djabe.hu\/uzlet\/djabe\/\" \/>\n<meta property=\"og:locale\" content=\"en_US\" \/>\n<meta property=\"og:type\" content=\"article\" \/>\n<meta property=\"og:title\" content=\"Djabe: Djabe CD\" \/>\n<meta property=\"og:description\" content=\"{:en}The first Djabe record, published in 1996, wears the name of the band. \u2018Seeking the right way\u2019 characterises this recording, which demonstrates the intentions of Sipos Andr\u00e1s and \u00c9gerh\u00e1zi Attila with quite a varied selection. The new style of the record was a prelude of the later success of Djabe.{:}\" \/>\n<meta property=\"og:url\" content=\"https:\/\/djabe.hu\/uzlet\/djabe\/\" \/>\n<meta property=\"og:site_name\" content=\"Djabe\" \/>\n<meta property=\"article:modified_time\" content=\"2026-04-09T08:17:06+00:00\" \/>\n<meta property=\"og:image\" content=\"https:\/\/djabe.hu\/wp-content\/uploads\/2016\/09\/1996_Djabe_CD.png\" \/>\n\t<meta property=\"og:image:width\" content=\"857\" \/>\n\t<meta property=\"og:image:height\" content=\"848\" \/>\n\t<meta property=\"og:image:type\" content=\"image\/png\" \/>\n<meta name=\"twitter:card\" content=\"summary_large_image\" \/>\n<meta name=\"twitter:title\" content=\"Djabe: Djabe CD\" \/>\n<meta name=\"twitter:image\" content=\"https:\/\/djabe.hu\/wp-content\/uploads\/2016\/09\/1996_Djabe_CD.png\" \/>\n<script type=\"application\/ld+json\" class=\"yoast-schema-graph\">{\"@context\":\"https:\\\/\\\/schema.org\",\"@graph\":[{\"@type\":\"WebPage\",\"@id\":\"https:\\\/\\\/djabe.hu\\\/uzlet\\\/djabe\\\/\",\"url\":\"https:\\\/\\\/djabe.hu\\\/uzlet\\\/djabe\\\/\",\"name\":\"Djabe: Djabe CD - Djabe\",\"isPartOf\":{\"@id\":\"https:\\\/\\\/djabe.hu\\\/en\\\/#website\"},\"primaryImageOfPage\":{\"@id\":\"https:\\\/\\\/djabe.hu\\\/uzlet\\\/djabe\\\/#primaryimage\"},\"image\":{\"@id\":\"https:\\\/\\\/djabe.hu\\\/uzlet\\\/djabe\\\/#primaryimage\"},\"thumbnailUrl\":\"https:\\\/\\\/djabe.hu\\\/wp-content\\\/uploads\\\/2016\\\/09\\\/1996_Djabe_CD.png\",\"datePublished\":\"2016-11-16T14:40:47+00:00\",\"dateModified\":\"2026-04-09T08:17:06+00:00\",\"description\":\"{:en}The first Djabe record, published in 1996, wears the name of the band. \u2018Seeking the right way\u2019 characterises this recording, which demonstrates the intentions of Sipos Andr\u00e1s and \u00c9gerh\u00e1zi Attila with quite a varied selection. The new style of the record was a prelude of the later success of Djabe.{:}\",\"breadcrumb\":{\"@id\":\"https:\\\/\\\/djabe.hu\\\/uzlet\\\/djabe\\\/#breadcrumb\"},\"inLanguage\":\"en-US\",\"potentialAction\":[{\"@type\":\"ReadAction\",\"target\":[\"https:\\\/\\\/djabe.hu\\\/uzlet\\\/djabe\\\/\"]}]},{\"@type\":\"ImageObject\",\"inLanguage\":\"en-US\",\"@id\":\"https:\\\/\\\/djabe.hu\\\/uzlet\\\/djabe\\\/#primaryimage\",\"url\":\"https:\\\/\\\/djabe.hu\\\/wp-content\\\/uploads\\\/2016\\\/09\\\/1996_Djabe_CD.png\",\"contentUrl\":\"https:\\\/\\\/djabe.hu\\\/wp-content\\\/uploads\\\/2016\\\/09\\\/1996_Djabe_CD.png\",\"width\":857,\"height\":848,\"caption\":\"Djabe: Djabe CD\"},{\"@type\":\"BreadcrumbList\",\"@id\":\"https:\\\/\\\/djabe.hu\\\/uzlet\\\/djabe\\\/#breadcrumb\",\"itemListElement\":[{\"@type\":\"ListItem\",\"position\":1,\"name\":\"Home\",\"item\":\"https:\\\/\\\/djabe.hu\\\/en\\\/\"},{\"@type\":\"ListItem\",\"position\":2,\"name\":\"\u00c1ruh\u00e1z\",\"item\":\"https:\\\/\\\/djabe.hu\\\/uzlet\\\/\"},{\"@type\":\"ListItem\",\"position\":3,\"name\":\"Djabe: Djabe CD\"}]},{\"@type\":\"WebSite\",\"@id\":\"https:\\\/\\\/djabe.hu\\\/en\\\/#website\",\"url\":\"https:\\\/\\\/djabe.hu\\\/en\\\/\",\"name\":\"Djabe\",\"description\":\"Official site\",\"potentialAction\":[{\"@type\":\"SearchAction\",\"target\":{\"@type\":\"EntryPoint\",\"urlTemplate\":\"https:\\\/\\\/djabe.hu\\\/en\\\/?s={search_term_string}\"},\"query-input\":{\"@type\":\"PropertyValueSpecification\",\"valueRequired\":true,\"valueName\":\"search_term_string\"}}],\"inLanguage\":\"en-US\"}]}<\/script>\n<!-- \/ Yoast SEO plugin. -->","yoast_head_json":{"title":"Djabe: Djabe CD - Djabe","description":"The first Djabe record, published in 1996, wears the name of the band. \u2018Seeking the right way\u2019 characterises this recording, which demonstrates the intentions of Sipos Andr\u00e1s and \u00c9gerh\u00e1zi Attila with quite a varied selection. The new style of the record was a prelude of the later success of Djabe.","robots":{"index":"index","follow":"follow","max-snippet":"max-snippet:-1","max-image-preview":"max-image-preview:large","max-video-preview":"max-video-preview:-1"},"canonical":"https:\/\/djabe.hu\/uzlet\/djabe\/","og_locale":"en_US","og_type":"article","og_title":"Djabe: Djabe CD","og_description":"{:en}The first Djabe record, published in 1996, wears the name of the band. \u2018Seeking the right way\u2019 characterises this recording, which demonstrates the intentions of Sipos Andr\u00e1s and \u00c9gerh\u00e1zi Attila with quite a varied selection. The new style of the record was a prelude of the later success of Djabe.{:}","og_url":"https:\/\/djabe.hu\/uzlet\/djabe\/","og_site_name":"Djabe","article_modified_time":"2026-04-09T08:17:06+00:00","og_image":[{"width":857,"height":848,"url":"https:\/\/djabe.hu\/wp-content\/uploads\/2016\/09\/1996_Djabe_CD.png","type":"image\/png"}],"twitter_card":"summary_large_image","twitter_title":"Djabe: Djabe CD","twitter_image":"https:\/\/djabe.hu\/wp-content\/uploads\/2016\/09\/1996_Djabe_CD.png","schema":{"@context":"https:\/\/schema.org","@graph":[{"@type":"WebPage","@id":"https:\/\/djabe.hu\/uzlet\/djabe\/","url":"https:\/\/djabe.hu\/uzlet\/djabe\/","name":"Djabe: Djabe CD - Djabe","isPartOf":{"@id":"https:\/\/djabe.hu\/en\/#website"},"primaryImageOfPage":{"@id":"https:\/\/djabe.hu\/uzlet\/djabe\/#primaryimage"},"image":{"@id":"https:\/\/djabe.hu\/uzlet\/djabe\/#primaryimage"},"thumbnailUrl":"https:\/\/djabe.hu\/wp-content\/uploads\/2016\/09\/1996_Djabe_CD.png","datePublished":"2016-11-16T14:40:47+00:00","dateModified":"2026-04-09T08:17:06+00:00","description":"{:en}The first Djabe record, published in 1996, wears the name of the band. \u2018Seeking the right way\u2019 characterises this recording, which demonstrates the intentions of Sipos Andr\u00e1s and \u00c9gerh\u00e1zi Attila with quite a varied selection. The new style of the record was a prelude of the later success of Djabe.{:}","breadcrumb":{"@id":"https:\/\/djabe.hu\/uzlet\/djabe\/#breadcrumb"},"inLanguage":"en-US","potentialAction":[{"@type":"ReadAction","target":["https:\/\/djabe.hu\/uzlet\/djabe\/"]}]},{"@type":"ImageObject","inLanguage":"en-US","@id":"https:\/\/djabe.hu\/uzlet\/djabe\/#primaryimage","url":"https:\/\/djabe.hu\/wp-content\/uploads\/2016\/09\/1996_Djabe_CD.png","contentUrl":"https:\/\/djabe.hu\/wp-content\/uploads\/2016\/09\/1996_Djabe_CD.png","width":857,"height":848,"caption":"Djabe: Djabe CD"},{"@type":"BreadcrumbList","@id":"https:\/\/djabe.hu\/uzlet\/djabe\/#breadcrumb","itemListElement":[{"@type":"ListItem","position":1,"name":"Home","item":"https:\/\/djabe.hu\/en\/"},{"@type":"ListItem","position":2,"name":"\u00c1ruh\u00e1z","item":"https:\/\/djabe.hu\/uzlet\/"},{"@type":"ListItem","position":3,"name":"Djabe: Djabe CD"}]},{"@type":"WebSite","@id":"https:\/\/djabe.hu\/en\/#website","url":"https:\/\/djabe.hu\/en\/","name":"Djabe","description":"Official site","potentialAction":[{"@type":"SearchAction","target":{"@type":"EntryPoint","urlTemplate":"https:\/\/djabe.hu\/en\/?s={search_term_string}"},"query-input":{"@type":"PropertyValueSpecification","valueRequired":true,"valueName":"search_term_string"}}],"inLanguage":"en-US"}]}},"jetpack_sharing_enabled":true,"_links":{"self":[{"href":"https:\/\/djabe.hu\/en\/wp-json\/wp\/v2\/product\/1856","targetHints":{"allow":["GET"]}}],"collection":[{"href":"https:\/\/djabe.hu\/en\/wp-json\/wp\/v2\/product"}],"about":[{"href":"https:\/\/djabe.hu\/en\/wp-json\/wp\/v2\/types\/product"}],"wp:featuredmedia":[{"embeddable":true,"href":"https:\/\/djabe.hu\/en\/wp-json\/wp\/v2\/media\/807"}],"wp:attachment":[{"href":"https:\/\/djabe.hu\/en\/wp-json\/wp\/v2\/media?parent=1856"}],"wp:term":[{"taxonomy":"product_brand","embeddable":true,"href":"https:\/\/djabe.hu\/en\/wp-json\/wp\/v2\/product_brand?post=1856"},{"taxonomy":"product_cat","embeddable":true,"href":"https:\/\/djabe.hu\/en\/wp-json\/wp\/v2\/product_cat?post=1856"},{"taxonomy":"product_tag","embeddable":true,"href":"https:\/\/djabe.hu\/en\/wp-json\/wp\/v2\/product_tag?post=1856"}],"curies":[{"name":"wp","href":"https:\/\/api.w.org\/{rel}","templated":true}]}}