{"id":12393,"date":"2026-04-21T08:53:15","date_gmt":"2026-04-21T07:53:15","guid":{"rendered":"https:\/\/djabe.hu\/?post_type=product&#038;p=12393"},"modified":"2026-04-22T12:53:07","modified_gmt":"2026-04-22T11:53:07","slug":"djabe-with-chieli-minucci-butterflies-lp","status":"publish","type":"product","link":"https:\/\/djabe.hu\/en\/uzlet\/djabe-with-chieli-minucci-butterflies-lp\/","title":{"rendered":"Djabe with Chieli Minucci &#8211; Butterflies LP"},"content":{"rendered":"<p>Djabe and Chieli Minucci, guitarist of Special EFX, have been collaborating since 2023. In 2024, they staged a highly successful concert series together, the Tour of Waterfalls. Minucci\u2019s playing and musicality elevated Djabe\u2019s sound to a new level. Meanwhile, Minucci and Special EFX\u2019s compositions gained a unique sound through the interpretation of Djabe\u2019s musicians. A 24-track analogue recording of the 2024 tour was made, which was released on a triple LP, a double CD, a double 2-track master tape, and Blu-ray.<\/p>\n<p>On April 13, 2025, the band recorded a studio album \u201dButterflies\u201d during a break in their 2025 Butterflies tour. This recording released on LP, CD, and 2-track master tape.<\/p>\n<p><img loading=\"lazy\" decoding=\"async\" class=\"aligncenter size-full wp-image-12391\" src=\"https:\/\/djabe.hu\/wp-content\/uploads\/2026\/04\/Djabe_with_Chieli_Minucci_Butterflies_LP_mockup_RGB_1.png\" alt=\"\" width=\"2000\" height=\"1155\" srcset=\"https:\/\/djabe.hu\/wp-content\/uploads\/2026\/04\/Djabe_with_Chieli_Minucci_Butterflies_LP_mockup_RGB_1.png 2000w, https:\/\/djabe.hu\/wp-content\/uploads\/2026\/04\/Djabe_with_Chieli_Minucci_Butterflies_LP_mockup_RGB_1-300x173.png 300w, https:\/\/djabe.hu\/wp-content\/uploads\/2026\/04\/Djabe_with_Chieli_Minucci_Butterflies_LP_mockup_RGB_1-1024x591.png 1024w, https:\/\/djabe.hu\/wp-content\/uploads\/2026\/04\/Djabe_with_Chieli_Minucci_Butterflies_LP_mockup_RGB_1-768x444.png 768w, https:\/\/djabe.hu\/wp-content\/uploads\/2026\/04\/Djabe_with_Chieli_Minucci_Butterflies_LP_mockup_RGB_1-1536x887.png 1536w, https:\/\/djabe.hu\/wp-content\/uploads\/2026\/04\/Djabe_with_Chieli_Minucci_Butterflies_LP_mockup_RGB_1-600x347.png 600w, https:\/\/djabe.hu\/wp-content\/uploads\/2026\/04\/Djabe_with_Chieli_Minucci_Butterflies_LP_mockup_RGB_1-104x60.png 104w, https:\/\/djabe.hu\/wp-content\/uploads\/2026\/04\/Djabe_with_Chieli_Minucci_Butterflies_LP_mockup_RGB_1-156x90.png 156w\" sizes=\"auto, (max-width: 2000px) 100vw, 2000px\" \/><\/p>\n<p><strong>Chieli Minucci<\/strong> guitar<br \/>\n<strong>Tam\u00e1s Barab\u00e1s<\/strong> bass guitar, vocal<br \/>\n<strong>Attila \u00c9gerh\u00e1zi<\/strong> guitar, percussion<br \/>\n<strong>P\u00e9ter Kasz\u00e1s<\/strong> drums, lead vocal<br \/>\n<strong>Zolt\u00e1n Bubeny\u00e1k<\/strong> keyboards<br \/>\n<strong>\u00c1ron Ko\u00f3s-Hut\u00e1s<\/strong> trumpet, flugelhorn<br \/>\n<strong>Zolt\u00e1n Zana<\/strong> saxophone, EWI<br \/>\n<strong>L\u00e1szl\u00f3 Szab\u00f3<\/strong> sitar (B3) guitar (B2, 3)<\/p>\n<h2>Tracklist<\/h2>\n<h3><strong>Side A<\/strong><\/h3>\n<p>1 <strong>Butterfly by Tam\u00e1s<\/strong><br \/>\n2 <strong>Freya<\/strong><br \/>\n3 <strong>Butterfly by Chieli<\/strong><br \/>\n4 <strong>Iceworld<\/strong><\/p>\n<h3><strong>Side B<\/strong><\/h3>\n<p>1 <strong>Far Away<\/strong><br \/>\n2 <strong>Dawn<\/strong><br \/>\n3 <strong>Power Of Wings<\/strong><\/p>\n<p><iframe loading=\"lazy\" title=\"Djabe with Chieli Minucci: - Far Away\" width=\"900\" height=\"506\" src=\"https:\/\/www.youtube.com\/embed\/sRz4AfNKAUU?feature=oembed\" frameborder=\"0\" allow=\"accelerometer; autoplay; clipboard-write; encrypted-media; gyroscope; picture-in-picture; web-share\" referrerpolicy=\"strict-origin-when-cross-origin\" allowfullscreen><\/iframe><\/p>\n<p><iframe loading=\"lazy\" title=\"Djabe with Chieli Minucci - Butterfly by Tamas\" width=\"900\" height=\"506\" src=\"https:\/\/www.youtube.com\/embed\/gkL_glWWMis?feature=oembed\" frameborder=\"0\" allow=\"accelerometer; autoplay; clipboard-write; encrypted-media; gyroscope; picture-in-picture; web-share\" referrerpolicy=\"strict-origin-when-cross-origin\" allowfullscreen><\/iframe><\/p>\n<p><iframe loading=\"lazy\" title=\"Djabe with Chieli Minucci - Freya\" width=\"900\" height=\"506\" src=\"https:\/\/www.youtube.com\/embed\/q4wH94cqQBQ?feature=oembed\" frameborder=\"0\" allow=\"accelerometer; autoplay; clipboard-write; encrypted-media; gyroscope; picture-in-picture; web-share\" referrerpolicy=\"strict-origin-when-cross-origin\" allowfullscreen><\/iframe><\/p>\n<p>&nbsp;<\/p>","protected":false},"excerpt":{"rendered":"<h1><strong>LP, GR-192-1<\/strong><\/h1>\n","protected":false},"featured_media":12390,"template":"","meta":[],"product_brand":[],"product_cat":[40],"product_tag":[],"class_list":{"0":"post-12393","1":"product","2":"type-product","3":"status-publish","4":"has-post-thumbnail","6":"product_cat-lp","7":"repupress_customize_woocommerce_productom_class","9":"first","10":"instock","11":"shipping-taxable","12":"purchasable","13":"product-type-simple"},"yoast_head":"<!-- This site is optimized with the Yoast SEO plugin v27.4 - https:\/\/yoast.com\/product\/yoast-seo-wordpress\/ -->\n<title>Djabe with Chieli Minucci - Butterflies LP - Djabe<\/title>\n<meta name=\"robots\" content=\"index, follow, max-snippet:-1, max-image-preview:large, max-video-preview:-1\" \/>\n<link rel=\"canonical\" href=\"https:\/\/djabe.hu\/uzlet\/djabe-with-chieli-minucci-butterflies-lp\/\" \/>\n<meta property=\"og:locale\" content=\"en_US\" \/>\n<meta property=\"og:type\" content=\"article\" \/>\n<meta property=\"og:title\" content=\"Djabe with Chieli Minucci - Butterflies LP - Djabe\" \/>\n<meta property=\"og:description\" content=\"LP, GR-192-1\" \/>\n<meta property=\"og:url\" content=\"https:\/\/djabe.hu\/uzlet\/djabe-with-chieli-minucci-butterflies-lp\/\" \/>\n<meta property=\"og:site_name\" content=\"Djabe\" \/>\n<meta property=\"article:modified_time\" content=\"2026-04-22T11:53:07+00:00\" \/>\n<meta property=\"og:image\" content=\"https:\/\/djabe.hu\/wp-content\/uploads\/2026\/04\/Djabe_with_Chieli_Minucci_Butterflies_LP_mockup_RGB_2.png\" \/>\n\t<meta property=\"og:image:width\" content=\"2000\" \/>\n\t<meta property=\"og:image:height\" content=\"2000\" \/>\n\t<meta property=\"og:image:type\" content=\"image\/png\" \/>\n<meta name=\"twitter:card\" content=\"summary_large_image\" \/>\n<meta name=\"twitter:label1\" content=\"Est. reading time\" \/>\n\t<meta name=\"twitter:data1\" content=\"2 minutes\" \/>\n<script type=\"application\/ld+json\" class=\"yoast-schema-graph\">{\"@context\":\"https:\\\/\\\/schema.org\",\"@graph\":[{\"@type\":\"WebPage\",\"@id\":\"https:\\\/\\\/djabe.hu\\\/uzlet\\\/djabe-with-chieli-minucci-butterflies-lp\\\/\",\"url\":\"https:\\\/\\\/djabe.hu\\\/uzlet\\\/djabe-with-chieli-minucci-butterflies-lp\\\/\",\"name\":\"Djabe with Chieli Minucci - Butterflies LP - Djabe\",\"isPartOf\":{\"@id\":\"https:\\\/\\\/djabe.hu\\\/en\\\/#website\"},\"primaryImageOfPage\":{\"@id\":\"https:\\\/\\\/djabe.hu\\\/uzlet\\\/djabe-with-chieli-minucci-butterflies-lp\\\/#primaryimage\"},\"image\":{\"@id\":\"https:\\\/\\\/djabe.hu\\\/uzlet\\\/djabe-with-chieli-minucci-butterflies-lp\\\/#primaryimage\"},\"thumbnailUrl\":\"https:\\\/\\\/djabe.hu\\\/wp-content\\\/uploads\\\/2026\\\/04\\\/Djabe_with_Chieli_Minucci_Butterflies_LP_mockup_RGB_2.png\",\"datePublished\":\"2026-04-21T07:53:15+00:00\",\"dateModified\":\"2026-04-22T11:53:07+00:00\",\"breadcrumb\":{\"@id\":\"https:\\\/\\\/djabe.hu\\\/uzlet\\\/djabe-with-chieli-minucci-butterflies-lp\\\/#breadcrumb\"},\"inLanguage\":\"en-US\",\"potentialAction\":[{\"@type\":\"ReadAction\",\"target\":[\"https:\\\/\\\/djabe.hu\\\/uzlet\\\/djabe-with-chieli-minucci-butterflies-lp\\\/\"]}]},{\"@type\":\"ImageObject\",\"inLanguage\":\"en-US\",\"@id\":\"https:\\\/\\\/djabe.hu\\\/uzlet\\\/djabe-with-chieli-minucci-butterflies-lp\\\/#primaryimage\",\"url\":\"https:\\\/\\\/djabe.hu\\\/wp-content\\\/uploads\\\/2026\\\/04\\\/Djabe_with_Chieli_Minucci_Butterflies_LP_mockup_RGB_2.png\",\"contentUrl\":\"https:\\\/\\\/djabe.hu\\\/wp-content\\\/uploads\\\/2026\\\/04\\\/Djabe_with_Chieli_Minucci_Butterflies_LP_mockup_RGB_2.png\",\"width\":2000,\"height\":2000},{\"@type\":\"BreadcrumbList\",\"@id\":\"https:\\\/\\\/djabe.hu\\\/uzlet\\\/djabe-with-chieli-minucci-butterflies-lp\\\/#breadcrumb\",\"itemListElement\":[{\"@type\":\"ListItem\",\"position\":1,\"name\":\"Home\",\"item\":\"https:\\\/\\\/djabe.hu\\\/en\\\/\"},{\"@type\":\"ListItem\",\"position\":2,\"name\":\"\u00c1ruh\u00e1z\",\"item\":\"https:\\\/\\\/djabe.hu\\\/uzlet\\\/\"},{\"@type\":\"ListItem\",\"position\":3,\"name\":\"Djabe with Chieli Minucci &#8211; Butterflies LP\"}]},{\"@type\":\"WebSite\",\"@id\":\"https:\\\/\\\/djabe.hu\\\/en\\\/#website\",\"url\":\"https:\\\/\\\/djabe.hu\\\/en\\\/\",\"name\":\"Djabe\",\"description\":\"Official site\",\"potentialAction\":[{\"@type\":\"SearchAction\",\"target\":{\"@type\":\"EntryPoint\",\"urlTemplate\":\"https:\\\/\\\/djabe.hu\\\/en\\\/?s={search_term_string}\"},\"query-input\":{\"@type\":\"PropertyValueSpecification\",\"valueRequired\":true,\"valueName\":\"search_term_string\"}}],\"inLanguage\":\"en-US\"}]}<\/script>\n<!-- \/ Yoast SEO plugin. -->","yoast_head_json":{"title":"Djabe with Chieli Minucci - Butterflies LP - Djabe","robots":{"index":"index","follow":"follow","max-snippet":"max-snippet:-1","max-image-preview":"max-image-preview:large","max-video-preview":"max-video-preview:-1"},"canonical":"https:\/\/djabe.hu\/uzlet\/djabe-with-chieli-minucci-butterflies-lp\/","og_locale":"en_US","og_type":"article","og_title":"Djabe with Chieli Minucci - Butterflies LP - Djabe","og_description":"LP, GR-192-1","og_url":"https:\/\/djabe.hu\/uzlet\/djabe-with-chieli-minucci-butterflies-lp\/","og_site_name":"Djabe","article_modified_time":"2026-04-22T11:53:07+00:00","og_image":[{"width":2000,"height":2000,"url":"https:\/\/djabe.hu\/wp-content\/uploads\/2026\/04\/Djabe_with_Chieli_Minucci_Butterflies_LP_mockup_RGB_2.png","type":"image\/png"}],"twitter_card":"summary_large_image","twitter_misc":{"Est. reading time":"2 minutes"},"schema":{"@context":"https:\/\/schema.org","@graph":[{"@type":"WebPage","@id":"https:\/\/djabe.hu\/uzlet\/djabe-with-chieli-minucci-butterflies-lp\/","url":"https:\/\/djabe.hu\/uzlet\/djabe-with-chieli-minucci-butterflies-lp\/","name":"Djabe with Chieli Minucci - Butterflies LP - Djabe","isPartOf":{"@id":"https:\/\/djabe.hu\/en\/#website"},"primaryImageOfPage":{"@id":"https:\/\/djabe.hu\/uzlet\/djabe-with-chieli-minucci-butterflies-lp\/#primaryimage"},"image":{"@id":"https:\/\/djabe.hu\/uzlet\/djabe-with-chieli-minucci-butterflies-lp\/#primaryimage"},"thumbnailUrl":"https:\/\/djabe.hu\/wp-content\/uploads\/2026\/04\/Djabe_with_Chieli_Minucci_Butterflies_LP_mockup_RGB_2.png","datePublished":"2026-04-21T07:53:15+00:00","dateModified":"2026-04-22T11:53:07+00:00","breadcrumb":{"@id":"https:\/\/djabe.hu\/uzlet\/djabe-with-chieli-minucci-butterflies-lp\/#breadcrumb"},"inLanguage":"en-US","potentialAction":[{"@type":"ReadAction","target":["https:\/\/djabe.hu\/uzlet\/djabe-with-chieli-minucci-butterflies-lp\/"]}]},{"@type":"ImageObject","inLanguage":"en-US","@id":"https:\/\/djabe.hu\/uzlet\/djabe-with-chieli-minucci-butterflies-lp\/#primaryimage","url":"https:\/\/djabe.hu\/wp-content\/uploads\/2026\/04\/Djabe_with_Chieli_Minucci_Butterflies_LP_mockup_RGB_2.png","contentUrl":"https:\/\/djabe.hu\/wp-content\/uploads\/2026\/04\/Djabe_with_Chieli_Minucci_Butterflies_LP_mockup_RGB_2.png","width":2000,"height":2000},{"@type":"BreadcrumbList","@id":"https:\/\/djabe.hu\/uzlet\/djabe-with-chieli-minucci-butterflies-lp\/#breadcrumb","itemListElement":[{"@type":"ListItem","position":1,"name":"Home","item":"https:\/\/djabe.hu\/en\/"},{"@type":"ListItem","position":2,"name":"\u00c1ruh\u00e1z","item":"https:\/\/djabe.hu\/uzlet\/"},{"@type":"ListItem","position":3,"name":"Djabe with Chieli Minucci &#8211; Butterflies LP"}]},{"@type":"WebSite","@id":"https:\/\/djabe.hu\/en\/#website","url":"https:\/\/djabe.hu\/en\/","name":"Djabe","description":"Official site","potentialAction":[{"@type":"SearchAction","target":{"@type":"EntryPoint","urlTemplate":"https:\/\/djabe.hu\/en\/?s={search_term_string}"},"query-input":{"@type":"PropertyValueSpecification","valueRequired":true,"valueName":"search_term_string"}}],"inLanguage":"en-US"}]}},"jetpack_sharing_enabled":true,"_links":{"self":[{"href":"https:\/\/djabe.hu\/en\/wp-json\/wp\/v2\/product\/12393","targetHints":{"allow":["GET"]}}],"collection":[{"href":"https:\/\/djabe.hu\/en\/wp-json\/wp\/v2\/product"}],"about":[{"href":"https:\/\/djabe.hu\/en\/wp-json\/wp\/v2\/types\/product"}],"wp:featuredmedia":[{"embeddable":true,"href":"https:\/\/djabe.hu\/en\/wp-json\/wp\/v2\/media\/12390"}],"wp:attachment":[{"href":"https:\/\/djabe.hu\/en\/wp-json\/wp\/v2\/media?parent=12393"}],"wp:term":[{"taxonomy":"product_brand","embeddable":true,"href":"https:\/\/djabe.hu\/en\/wp-json\/wp\/v2\/product_brand?post=12393"},{"taxonomy":"product_cat","embeddable":true,"href":"https:\/\/djabe.hu\/en\/wp-json\/wp\/v2\/product_cat?post=12393"},{"taxonomy":"product_tag","embeddable":true,"href":"https:\/\/djabe.hu\/en\/wp-json\/wp\/v2\/product_tag?post=12393"}],"curies":[{"name":"wp","href":"https:\/\/api.w.org\/{rel}","templated":true}]}}