{"id":12334,"date":"2026-03-20T14:06:29","date_gmt":"2026-03-20T13:06:29","guid":{"rendered":"https:\/\/djabe.hu\/?post_type=product&#038;p=12334"},"modified":"2026-04-08T15:16:16","modified_gmt":"2026-04-08T14:16:16","slug":"djabe-with-chieli-minucci-butterflies-2-track-master-tape","status":"publish","type":"product","link":"https:\/\/djabe.hu\/en\/uzlet\/djabe-with-chieli-minucci-butterflies-2-track-master-tape\/","title":{"rendered":"Djabe with Chieli Minucci &#8211; Butterflies (2 Track Master Tape)"},"content":{"rendered":"<p>Djabe and Chieli Minucci, guitarist of Special EFX, have been collaborating since 2023. In 2024, they staged a highly successful concert series together, the Tour of Waterfalls. Minucci\u2019s playing and musicality elevated Djabe\u2019s sound to a new level. Meanwhile, Minucci and Special EFX\u2019s compositions gained a unique sound through the interpretation of Djabe\u2019s musicians. A 24-track analogue recording of the 2024 tour was made, which was released on a triple LP, a double CD, a double 2-track master tape, and Blu-ray.<\/p>\n<p>On April 13, 2025, the band recorded a studio album titled *Butterflies* during a break in their 2025 Butterflies tour. This recording will be released on LP, CD, and as a 2-track master tape. In addition to the studio material, the CD also contains three live recordings from the Vienna and Olomouc stops of the Tour of Butterflies.<\/p>\n<p><img loading=\"lazy\" decoding=\"async\" class=\"aligncenter size-full wp-image-12335\" src=\"https:\/\/djabe.hu\/wp-content\/uploads\/2026\/03\/Djabe_with_Chieli_Minucci_Butterflies_265x265mm_Mockup_RGB_1.png\" alt=\"\" width=\"2000\" height=\"1109\" srcset=\"https:\/\/djabe.hu\/wp-content\/uploads\/2026\/03\/Djabe_with_Chieli_Minucci_Butterflies_265x265mm_Mockup_RGB_1.png 2000w, https:\/\/djabe.hu\/wp-content\/uploads\/2026\/03\/Djabe_with_Chieli_Minucci_Butterflies_265x265mm_Mockup_RGB_1-300x166.png 300w, https:\/\/djabe.hu\/wp-content\/uploads\/2026\/03\/Djabe_with_Chieli_Minucci_Butterflies_265x265mm_Mockup_RGB_1-1024x568.png 1024w, https:\/\/djabe.hu\/wp-content\/uploads\/2026\/03\/Djabe_with_Chieli_Minucci_Butterflies_265x265mm_Mockup_RGB_1-768x426.png 768w, https:\/\/djabe.hu\/wp-content\/uploads\/2026\/03\/Djabe_with_Chieli_Minucci_Butterflies_265x265mm_Mockup_RGB_1-1536x852.png 1536w, https:\/\/djabe.hu\/wp-content\/uploads\/2026\/03\/Djabe_with_Chieli_Minucci_Butterflies_265x265mm_Mockup_RGB_1-600x333.png 600w, https:\/\/djabe.hu\/wp-content\/uploads\/2026\/03\/Djabe_with_Chieli_Minucci_Butterflies_265x265mm_Mockup_RGB_1-108x60.png 108w, https:\/\/djabe.hu\/wp-content\/uploads\/2026\/03\/Djabe_with_Chieli_Minucci_Butterflies_265x265mm_Mockup_RGB_1-162x90.png 162w\" sizes=\"auto, (max-width: 2000px) 100vw, 2000px\" \/><\/p>\n<p><strong>Chieli Minucci<\/strong> guitar<br \/>\n<strong>Tam\u00e1s Barab\u00e1s<\/strong> bass guitar, vocal<br \/>\n<strong>Attila \u00c9gerh\u00e1zi<\/strong> guitar, percussion<br \/>\n<strong>P\u00e9ter Kasz\u00e1s<\/strong> drums, lead vocal<br \/>\n<strong>Zolt\u00e1n Bubeny\u00e1k<\/strong> keyboards<br \/>\n<strong>\u00c1ron Ko\u00f3s-Hut\u00e1s<\/strong> trumpet, flugelhorn<br \/>\n<strong>Zolt\u00e1n Zana<\/strong> saxophone, EWI<br \/>\n<strong>L\u00e1szl\u00f3 Szab\u00f3<\/strong> sitar (7) guitar (6, 7)<\/p>\n<h2>Tracklist<\/h2>\n<p>1 <strong>Butterfly by Tam\u00e1s<\/strong><br \/>\n2 <strong>Freya<\/strong><br \/>\n3 <strong>Butterfly by Chieli<\/strong><br \/>\n4 <strong>Iceworld<\/strong><br \/>\n5 <strong>Far Away<\/strong><br \/>\n6 <strong>Dawn<\/strong><br \/>\n7 <strong>Power Of Wings<\/strong><\/p>\n<p><strong>Bonus track<\/strong><\/p>\n<p>8 <strong>Searching for the Butterfly<\/strong> \u00c9gerh\u00e1zi Attila (soundtrack)<\/p>\n<p><iframe loading=\"lazy\" title=\"Djabe with Chieli Minucci: - Far Away\" width=\"900\" height=\"506\" src=\"https:\/\/www.youtube.com\/embed\/sRz4AfNKAUU?feature=oembed\" frameborder=\"0\" allow=\"accelerometer; autoplay; clipboard-write; encrypted-media; gyroscope; picture-in-picture; web-share\" referrerpolicy=\"strict-origin-when-cross-origin\" allowfullscreen><\/iframe><\/p>\n<p><iframe loading=\"lazy\" title=\"Djabe with Chieli Minucci - Butterfly by Tamas\" width=\"900\" height=\"506\" src=\"https:\/\/www.youtube.com\/embed\/gkL_glWWMis?feature=oembed\" frameborder=\"0\" allow=\"accelerometer; autoplay; clipboard-write; encrypted-media; gyroscope; picture-in-picture; web-share\" referrerpolicy=\"strict-origin-when-cross-origin\" allowfullscreen><\/iframe><\/p>\n<p><iframe loading=\"lazy\" title=\"Djabe with Chieli Minucci - Butterfly by Chieli\" width=\"900\" height=\"506\" src=\"https:\/\/www.youtube.com\/embed\/EC7JNIKE4og?feature=oembed\" frameborder=\"0\" allow=\"accelerometer; autoplay; clipboard-write; encrypted-media; gyroscope; picture-in-picture; web-share\" referrerpolicy=\"strict-origin-when-cross-origin\" allowfullscreen><\/iframe><\/p>\n<p><iframe loading=\"lazy\" title=\"Djabe with Chieli Minucci - Freya\" width=\"900\" height=\"506\" src=\"https:\/\/www.youtube.com\/embed\/q4wH94cqQBQ?feature=oembed\" frameborder=\"0\" allow=\"accelerometer; autoplay; clipboard-write; encrypted-media; gyroscope; picture-in-picture; web-share\" referrerpolicy=\"strict-origin-when-cross-origin\" allowfullscreen><\/iframe><\/p>\n<p><iframe loading=\"lazy\" title=\"Djabe with Chieli Minucci - Dawn\" width=\"900\" height=\"506\" src=\"https:\/\/www.youtube.com\/embed\/kpHgJznKPGw?feature=oembed\" frameborder=\"0\" allow=\"accelerometer; autoplay; clipboard-write; encrypted-media; gyroscope; picture-in-picture; web-share\" referrerpolicy=\"strict-origin-when-cross-origin\" allowfullscreen><\/iframe><\/p>\n<p><iframe loading=\"lazy\" title=\"Djabe - Power Of Wings (from the Butterflies album)\" width=\"900\" height=\"506\" src=\"https:\/\/www.youtube.com\/embed\/7nTvUq90usY?feature=oembed\" frameborder=\"0\" allow=\"accelerometer; autoplay; clipboard-write; encrypted-media; gyroscope; picture-in-picture; web-share\" referrerpolicy=\"strict-origin-when-cross-origin\" allowfullscreen><\/iframe><\/p>\n<p>https:\/\/www.youtube.com\/watch?v=AHmctqpS528<\/p>","protected":false},"excerpt":{"rendered":"<h3><span lang=\"HU\"><strong>GR-192-7<\/strong><\/span><\/h3>\n<h3><strong>2 track master tape, 15 ips, NAB metal reel, IEC, RTM LPR90<\/strong><\/h3>\n","protected":false},"featured_media":12336,"template":"","meta":[],"product_brand":[],"product_cat":[84,57],"product_tag":[],"class_list":{"0":"post-12334","1":"product","2":"type-product","3":"status-publish","4":"has-post-thumbnail","6":"product_cat-chieli-minucci","7":"product_cat-reel-to-reel","8":"repupress_customize_woocommerce_productom_class","10":"first","11":"instock","12":"shipping-taxable","13":"purchasable","14":"product-type-simple"},"yoast_head":"<!-- This site is optimized with the Yoast SEO plugin v27.2 - https:\/\/yoast.com\/product\/yoast-seo-wordpress\/ -->\n<title>Djabe with Chieli Minucci - Butterflies (2 Track Master Tape) - Djabe<\/title>\n<meta name=\"robots\" content=\"index, follow, max-snippet:-1, max-image-preview:large, max-video-preview:-1\" \/>\n<link rel=\"canonical\" href=\"https:\/\/djabe.hu\/uzlet\/djabe-with-chieli-minucci-butterflies-2-track-master-tape\/\" \/>\n<meta property=\"og:locale\" content=\"en_US\" \/>\n<meta property=\"og:type\" content=\"article\" \/>\n<meta property=\"og:title\" content=\"Djabe with Chieli Minucci - Butterflies (2 Track Master Tape) - Djabe\" \/>\n<meta property=\"og:description\" content=\"GR-192-7 2 track master tape, 15 ips, NAB metal reel, IEC, RTM LPR90\" \/>\n<meta property=\"og:url\" content=\"https:\/\/djabe.hu\/uzlet\/djabe-with-chieli-minucci-butterflies-2-track-master-tape\/\" \/>\n<meta property=\"og:site_name\" content=\"Djabe\" \/>\n<meta property=\"article:modified_time\" content=\"2026-04-08T14:16:16+00:00\" \/>\n<meta property=\"og:image\" content=\"https:\/\/djabe.hu\/wp-content\/uploads\/2026\/03\/Djabe_with_Chieli_Minucci_Butterflies_265x265mm_Mockup_RGB_2.png\" \/>\n\t<meta property=\"og:image:width\" content=\"2000\" \/>\n\t<meta property=\"og:image:height\" content=\"2000\" \/>\n\t<meta property=\"og:image:type\" content=\"image\/png\" \/>\n<meta name=\"twitter:card\" content=\"summary_large_image\" \/>\n<meta name=\"twitter:label1\" content=\"Est. reading time\" \/>\n\t<meta name=\"twitter:data1\" content=\"3 minutes\" \/>\n<script type=\"application\/ld+json\" class=\"yoast-schema-graph\">{\"@context\":\"https:\/\/schema.org\",\"@graph\":[{\"@type\":\"WebPage\",\"@id\":\"https:\/\/djabe.hu\/uzlet\/djabe-with-chieli-minucci-butterflies-2-track-master-tape\/\",\"url\":\"https:\/\/djabe.hu\/uzlet\/djabe-with-chieli-minucci-butterflies-2-track-master-tape\/\",\"name\":\"Djabe with Chieli Minucci - Butterflies (2 Track Master Tape) - Djabe\",\"isPartOf\":{\"@id\":\"https:\/\/djabe.hu\/en\/#website\"},\"primaryImageOfPage\":{\"@id\":\"https:\/\/djabe.hu\/uzlet\/djabe-with-chieli-minucci-butterflies-2-track-master-tape\/#primaryimage\"},\"image\":{\"@id\":\"https:\/\/djabe.hu\/uzlet\/djabe-with-chieli-minucci-butterflies-2-track-master-tape\/#primaryimage\"},\"thumbnailUrl\":\"https:\/\/djabe.hu\/wp-content\/uploads\/2026\/03\/Djabe_with_Chieli_Minucci_Butterflies_265x265mm_Mockup_RGB_2.png\",\"datePublished\":\"2026-03-20T13:06:29+00:00\",\"dateModified\":\"2026-04-08T14:16:16+00:00\",\"breadcrumb\":{\"@id\":\"https:\/\/djabe.hu\/uzlet\/djabe-with-chieli-minucci-butterflies-2-track-master-tape\/#breadcrumb\"},\"inLanguage\":\"en-US\",\"potentialAction\":[{\"@type\":\"ReadAction\",\"target\":[\"https:\/\/djabe.hu\/uzlet\/djabe-with-chieli-minucci-butterflies-2-track-master-tape\/\"]}]},{\"@type\":\"ImageObject\",\"inLanguage\":\"en-US\",\"@id\":\"https:\/\/djabe.hu\/uzlet\/djabe-with-chieli-minucci-butterflies-2-track-master-tape\/#primaryimage\",\"url\":\"https:\/\/djabe.hu\/wp-content\/uploads\/2026\/03\/Djabe_with_Chieli_Minucci_Butterflies_265x265mm_Mockup_RGB_2.png\",\"contentUrl\":\"https:\/\/djabe.hu\/wp-content\/uploads\/2026\/03\/Djabe_with_Chieli_Minucci_Butterflies_265x265mm_Mockup_RGB_2.png\",\"width\":2000,\"height\":2000},{\"@type\":\"BreadcrumbList\",\"@id\":\"https:\/\/djabe.hu\/uzlet\/djabe-with-chieli-minucci-butterflies-2-track-master-tape\/#breadcrumb\",\"itemListElement\":[{\"@type\":\"ListItem\",\"position\":1,\"name\":\"Home\",\"item\":\"https:\/\/djabe.hu\/en\/\"},{\"@type\":\"ListItem\",\"position\":2,\"name\":\"\u00c1ruh\u00e1z\",\"item\":\"https:\/\/djabe.hu\/uzlet\/\"},{\"@type\":\"ListItem\",\"position\":3,\"name\":\"Djabe with Chieli Minucci &#8211; Butterflies (2 Track Master Tape)\"}]},{\"@type\":\"WebSite\",\"@id\":\"https:\/\/djabe.hu\/en\/#website\",\"url\":\"https:\/\/djabe.hu\/en\/\",\"name\":\"Djabe\",\"description\":\"Official site\",\"potentialAction\":[{\"@type\":\"SearchAction\",\"target\":{\"@type\":\"EntryPoint\",\"urlTemplate\":\"https:\/\/djabe.hu\/en\/?s={search_term_string}\"},\"query-input\":{\"@type\":\"PropertyValueSpecification\",\"valueRequired\":true,\"valueName\":\"search_term_string\"}}],\"inLanguage\":\"en-US\"}]}<\/script>\n<!-- \/ Yoast SEO plugin. -->","yoast_head_json":{"title":"Djabe with Chieli Minucci - Butterflies (2 Track Master Tape) - Djabe","robots":{"index":"index","follow":"follow","max-snippet":"max-snippet:-1","max-image-preview":"max-image-preview:large","max-video-preview":"max-video-preview:-1"},"canonical":"https:\/\/djabe.hu\/uzlet\/djabe-with-chieli-minucci-butterflies-2-track-master-tape\/","og_locale":"en_US","og_type":"article","og_title":"Djabe with Chieli Minucci - Butterflies (2 Track Master Tape) - Djabe","og_description":"GR-192-7 2 track master tape, 15 ips, NAB metal reel, IEC, RTM LPR90","og_url":"https:\/\/djabe.hu\/uzlet\/djabe-with-chieli-minucci-butterflies-2-track-master-tape\/","og_site_name":"Djabe","article_modified_time":"2026-04-08T14:16:16+00:00","og_image":[{"width":2000,"height":2000,"url":"https:\/\/djabe.hu\/wp-content\/uploads\/2026\/03\/Djabe_with_Chieli_Minucci_Butterflies_265x265mm_Mockup_RGB_2.png","type":"image\/png"}],"twitter_card":"summary_large_image","twitter_misc":{"Est. reading time":"3 minutes"},"schema":{"@context":"https:\/\/schema.org","@graph":[{"@type":"WebPage","@id":"https:\/\/djabe.hu\/uzlet\/djabe-with-chieli-minucci-butterflies-2-track-master-tape\/","url":"https:\/\/djabe.hu\/uzlet\/djabe-with-chieli-minucci-butterflies-2-track-master-tape\/","name":"Djabe with Chieli Minucci - Butterflies (2 Track Master Tape) - Djabe","isPartOf":{"@id":"https:\/\/djabe.hu\/en\/#website"},"primaryImageOfPage":{"@id":"https:\/\/djabe.hu\/uzlet\/djabe-with-chieli-minucci-butterflies-2-track-master-tape\/#primaryimage"},"image":{"@id":"https:\/\/djabe.hu\/uzlet\/djabe-with-chieli-minucci-butterflies-2-track-master-tape\/#primaryimage"},"thumbnailUrl":"https:\/\/djabe.hu\/wp-content\/uploads\/2026\/03\/Djabe_with_Chieli_Minucci_Butterflies_265x265mm_Mockup_RGB_2.png","datePublished":"2026-03-20T13:06:29+00:00","dateModified":"2026-04-08T14:16:16+00:00","breadcrumb":{"@id":"https:\/\/djabe.hu\/uzlet\/djabe-with-chieli-minucci-butterflies-2-track-master-tape\/#breadcrumb"},"inLanguage":"en-US","potentialAction":[{"@type":"ReadAction","target":["https:\/\/djabe.hu\/uzlet\/djabe-with-chieli-minucci-butterflies-2-track-master-tape\/"]}]},{"@type":"ImageObject","inLanguage":"en-US","@id":"https:\/\/djabe.hu\/uzlet\/djabe-with-chieli-minucci-butterflies-2-track-master-tape\/#primaryimage","url":"https:\/\/djabe.hu\/wp-content\/uploads\/2026\/03\/Djabe_with_Chieli_Minucci_Butterflies_265x265mm_Mockup_RGB_2.png","contentUrl":"https:\/\/djabe.hu\/wp-content\/uploads\/2026\/03\/Djabe_with_Chieli_Minucci_Butterflies_265x265mm_Mockup_RGB_2.png","width":2000,"height":2000},{"@type":"BreadcrumbList","@id":"https:\/\/djabe.hu\/uzlet\/djabe-with-chieli-minucci-butterflies-2-track-master-tape\/#breadcrumb","itemListElement":[{"@type":"ListItem","position":1,"name":"Home","item":"https:\/\/djabe.hu\/en\/"},{"@type":"ListItem","position":2,"name":"\u00c1ruh\u00e1z","item":"https:\/\/djabe.hu\/uzlet\/"},{"@type":"ListItem","position":3,"name":"Djabe with Chieli Minucci &#8211; Butterflies (2 Track Master Tape)"}]},{"@type":"WebSite","@id":"https:\/\/djabe.hu\/en\/#website","url":"https:\/\/djabe.hu\/en\/","name":"Djabe","description":"Official site","potentialAction":[{"@type":"SearchAction","target":{"@type":"EntryPoint","urlTemplate":"https:\/\/djabe.hu\/en\/?s={search_term_string}"},"query-input":{"@type":"PropertyValueSpecification","valueRequired":true,"valueName":"search_term_string"}}],"inLanguage":"en-US"}]}},"jetpack_sharing_enabled":true,"_links":{"self":[{"href":"https:\/\/djabe.hu\/en\/wp-json\/wp\/v2\/product\/12334","targetHints":{"allow":["GET"]}}],"collection":[{"href":"https:\/\/djabe.hu\/en\/wp-json\/wp\/v2\/product"}],"about":[{"href":"https:\/\/djabe.hu\/en\/wp-json\/wp\/v2\/types\/product"}],"wp:featuredmedia":[{"embeddable":true,"href":"https:\/\/djabe.hu\/en\/wp-json\/wp\/v2\/media\/12336"}],"wp:attachment":[{"href":"https:\/\/djabe.hu\/en\/wp-json\/wp\/v2\/media?parent=12334"}],"wp:term":[{"taxonomy":"product_brand","embeddable":true,"href":"https:\/\/djabe.hu\/en\/wp-json\/wp\/v2\/product_brand?post=12334"},{"taxonomy":"product_cat","embeddable":true,"href":"https:\/\/djabe.hu\/en\/wp-json\/wp\/v2\/product_cat?post=12334"},{"taxonomy":"product_tag","embeddable":true,"href":"https:\/\/djabe.hu\/en\/wp-json\/wp\/v2\/product_tag?post=12334"}],"curies":[{"name":"wp","href":"https:\/\/api.w.org\/{rel}","templated":true}]}}