{"id":12331,"date":"2026-03-20T13:18:14","date_gmt":"2026-03-20T12:18:14","guid":{"rendered":"https:\/\/djabe.hu\/?post_type=product&#038;p=12331"},"modified":"2026-04-08T15:16:00","modified_gmt":"2026-04-08T14:16:00","slug":"djabe-with-chieli-minucci-butterflies-cd","status":"publish","type":"product","link":"https:\/\/djabe.hu\/en\/uzlet\/djabe-with-chieli-minucci-butterflies-cd\/","title":{"rendered":"Djabe with Chieli Minucci &#8211; Butterflies CD"},"content":{"rendered":"<p>Djabe and Chieli Minucci, guitarist of Special EFX, have been collaborating since 2023. In 2024, they staged a highly successful concert series together, the Tour of Waterfalls. Minucci\u2019s playing and musicality elevated Djabe\u2019s sound to a new level. Meanwhile, Minucci and Special EFX\u2019s compositions gained a unique sound through the interpretation of Djabe\u2019s musicians. A 24-track analogue recording of the 2024 tour was made, which was released on a triple LP, a double CD, a double 2-track master tape, and Blu-ray.<\/p>\n<p>On April 13, 2025, the band recorded a studio album titled *Butterflies* during a break in their 2025 Butterflies tour. This recording will be released on LP, CD, and as a 2-track master tape. In addition to the studio material, the CD also contains three live recordings from the Vienna and Olomouc stops of the Tour of Butterflies.<\/p>\n<p><img loading=\"lazy\" decoding=\"async\" class=\"aligncenter size-full wp-image-12333\" src=\"https:\/\/djabe.hu\/wp-content\/uploads\/2026\/03\/Djabe_with_Chieli_Minucci_Butterflies_CD_mockup_RGB_1.png\" alt=\"\" width=\"2000\" height=\"937\" srcset=\"https:\/\/djabe.hu\/wp-content\/uploads\/2026\/03\/Djabe_with_Chieli_Minucci_Butterflies_CD_mockup_RGB_1.png 2000w, https:\/\/djabe.hu\/wp-content\/uploads\/2026\/03\/Djabe_with_Chieli_Minucci_Butterflies_CD_mockup_RGB_1-300x141.png 300w, https:\/\/djabe.hu\/wp-content\/uploads\/2026\/03\/Djabe_with_Chieli_Minucci_Butterflies_CD_mockup_RGB_1-1024x480.png 1024w, https:\/\/djabe.hu\/wp-content\/uploads\/2026\/03\/Djabe_with_Chieli_Minucci_Butterflies_CD_mockup_RGB_1-768x360.png 768w, https:\/\/djabe.hu\/wp-content\/uploads\/2026\/03\/Djabe_with_Chieli_Minucci_Butterflies_CD_mockup_RGB_1-1536x720.png 1536w, https:\/\/djabe.hu\/wp-content\/uploads\/2026\/03\/Djabe_with_Chieli_Minucci_Butterflies_CD_mockup_RGB_1-600x281.png 600w\" sizes=\"auto, (max-width: 2000px) 100vw, 2000px\" \/><\/p>\n<p><strong>Chieli Minucci<\/strong> guitar, vocal (10)<br \/>\n<strong>Tam\u00e1s Barab\u00e1s<\/strong> bass guitar, vocal<br \/>\n<strong>Attila \u00c9gerh\u00e1zi<\/strong> guitar, percussion<br \/>\n<strong>P\u00e9ter Kasz\u00e1s<\/strong> drums, lead vocal<br \/>\n<strong>Zolt\u00e1n Bubeny\u00e1k<\/strong> keyboards<br \/>\n<strong>\u00c1ron Ko\u00f3s-Hut\u00e1s<\/strong> trumpet, flugelhorn<br \/>\n<strong>Zolt\u00e1n Zana<\/strong> saxophone, EWI<br \/>\n<strong>L\u00e1szl\u00f3 Szab\u00f3<\/strong> sitar (7) guitar (6, 7)<\/p>\n<h2>Tracklist<\/h2>\n<p>1 <strong>Butterfly by Tam\u00e1s<\/strong><br \/>\n2 <strong>Freya<\/strong><br \/>\n3 <strong>Butterfly by Chieli<\/strong><br \/>\n4 <strong>Iceworld<\/strong><br \/>\n5 <strong>Far Away<\/strong><br \/>\n6 <strong>Dawn<\/strong><br \/>\n7 <strong>Power Of Wings<\/strong><\/p>\n<p><strong>Live bonus tracks from the Tour Of Butterflies 2025<\/strong><\/p>\n<p>8 <strong>Without You<\/strong> Minucci (Vienna, Austria)<br \/>\n9 <strong>Sunday Afternoon<\/strong> Barab\u00e1s (Olomouc, Czech Republic)<br \/>\n10 <strong>Speak To Me<\/strong> Minucci (Olomouc, Czech Republic)<\/p>\n<p><iframe loading=\"lazy\" title=\"Djabe with Chieli Minucci: - Far Away\" width=\"900\" height=\"506\" src=\"https:\/\/www.youtube.com\/embed\/sRz4AfNKAUU?feature=oembed\" frameborder=\"0\" allow=\"accelerometer; autoplay; clipboard-write; encrypted-media; gyroscope; picture-in-picture; web-share\" referrerpolicy=\"strict-origin-when-cross-origin\" allowfullscreen><\/iframe><\/p>\n<p><iframe loading=\"lazy\" title=\"Djabe with Chieli Minucci - Butterfly by Tamas\" width=\"900\" height=\"506\" src=\"https:\/\/www.youtube.com\/embed\/gkL_glWWMis?feature=oembed\" frameborder=\"0\" allow=\"accelerometer; autoplay; clipboard-write; encrypted-media; gyroscope; picture-in-picture; web-share\" referrerpolicy=\"strict-origin-when-cross-origin\" allowfullscreen><\/iframe><\/p>\n<p><iframe loading=\"lazy\" title=\"Djabe with Chieli Minucci - Butterfly by Chieli\" width=\"900\" height=\"506\" src=\"https:\/\/www.youtube.com\/embed\/EC7JNIKE4og?feature=oembed\" frameborder=\"0\" allow=\"accelerometer; autoplay; clipboard-write; encrypted-media; gyroscope; picture-in-picture; web-share\" referrerpolicy=\"strict-origin-when-cross-origin\" allowfullscreen><\/iframe><\/p>\n<p><iframe loading=\"lazy\" title=\"Djabe with Chieli Minucci - Freya\" width=\"900\" height=\"506\" src=\"https:\/\/www.youtube.com\/embed\/q4wH94cqQBQ?feature=oembed\" frameborder=\"0\" allow=\"accelerometer; autoplay; clipboard-write; encrypted-media; gyroscope; picture-in-picture; web-share\" referrerpolicy=\"strict-origin-when-cross-origin\" allowfullscreen><\/iframe><\/p>\n<p><iframe loading=\"lazy\" title=\"Djabe with Chieli Minucci - Dawn\" width=\"900\" height=\"506\" src=\"https:\/\/www.youtube.com\/embed\/kpHgJznKPGw?feature=oembed\" frameborder=\"0\" allow=\"accelerometer; autoplay; clipboard-write; encrypted-media; gyroscope; picture-in-picture; web-share\" referrerpolicy=\"strict-origin-when-cross-origin\" allowfullscreen><\/iframe><\/p>\n<p><iframe loading=\"lazy\" title=\"Djabe - Power Of Wings (from the Butterflies album)\" width=\"900\" height=\"506\" src=\"https:\/\/www.youtube.com\/embed\/7nTvUq90usY?feature=oembed\" frameborder=\"0\" allow=\"accelerometer; autoplay; clipboard-write; encrypted-media; gyroscope; picture-in-picture; web-share\" referrerpolicy=\"strict-origin-when-cross-origin\" allowfullscreen><\/iframe><\/p>\n<p>https:\/\/www.youtube.com\/watch?v=AHmctqpS528<\/p>","protected":false},"excerpt":{"rendered":"<h1><strong>CD, GR-192-2<\/strong><\/h1>\n","protected":false},"featured_media":12332,"template":"","meta":[],"product_brand":[],"product_cat":[38,84],"product_tag":[],"class_list":{"0":"post-12331","1":"product","2":"type-product","3":"status-publish","4":"has-post-thumbnail","6":"product_cat-cd","7":"product_cat-chieli-minucci","8":"repupress_customize_woocommerce_productom_class","10":"first","11":"instock","12":"shipping-taxable","13":"purchasable","14":"product-type-simple"},"yoast_head":"<!-- This site is optimized with the Yoast SEO plugin v27.2 - https:\/\/yoast.com\/product\/yoast-seo-wordpress\/ -->\n<title>Djabe with Chieli Minucci - Butterflies CD - Djabe<\/title>\n<meta name=\"robots\" content=\"index, follow, max-snippet:-1, max-image-preview:large, max-video-preview:-1\" \/>\n<link rel=\"canonical\" href=\"https:\/\/djabe.hu\/uzlet\/djabe-with-chieli-minucci-butterflies-cd\/\" \/>\n<meta property=\"og:locale\" content=\"en_US\" \/>\n<meta property=\"og:type\" content=\"article\" \/>\n<meta property=\"og:title\" content=\"Djabe with Chieli Minucci - Butterflies CD - Djabe\" \/>\n<meta property=\"og:description\" content=\"CD, GR-192-2\" \/>\n<meta property=\"og:url\" content=\"https:\/\/djabe.hu\/uzlet\/djabe-with-chieli-minucci-butterflies-cd\/\" \/>\n<meta property=\"og:site_name\" content=\"Djabe\" \/>\n<meta property=\"article:modified_time\" content=\"2026-04-08T14:16:00+00:00\" \/>\n<meta property=\"og:image\" content=\"https:\/\/djabe.hu\/wp-content\/uploads\/2026\/03\/Djabe_with_Chieli_Minucci_Butterflies_CD_mockup_RGB_2-1024x1024.png\" \/>\n\t<meta property=\"og:image:width\" content=\"1024\" \/>\n\t<meta property=\"og:image:height\" content=\"1024\" \/>\n\t<meta property=\"og:image:type\" content=\"image\/png\" \/>\n<meta name=\"twitter:card\" content=\"summary_large_image\" \/>\n<meta name=\"twitter:label1\" content=\"Est. reading time\" \/>\n\t<meta name=\"twitter:data1\" content=\"4 minutes\" \/>\n<script type=\"application\/ld+json\" class=\"yoast-schema-graph\">{\"@context\":\"https:\/\/schema.org\",\"@graph\":[{\"@type\":\"WebPage\",\"@id\":\"https:\/\/djabe.hu\/uzlet\/djabe-with-chieli-minucci-butterflies-cd\/\",\"url\":\"https:\/\/djabe.hu\/uzlet\/djabe-with-chieli-minucci-butterflies-cd\/\",\"name\":\"Djabe with Chieli Minucci - Butterflies CD - Djabe\",\"isPartOf\":{\"@id\":\"https:\/\/djabe.hu\/en\/#website\"},\"primaryImageOfPage\":{\"@id\":\"https:\/\/djabe.hu\/uzlet\/djabe-with-chieli-minucci-butterflies-cd\/#primaryimage\"},\"image\":{\"@id\":\"https:\/\/djabe.hu\/uzlet\/djabe-with-chieli-minucci-butterflies-cd\/#primaryimage\"},\"thumbnailUrl\":\"https:\/\/djabe.hu\/wp-content\/uploads\/2026\/03\/Djabe_with_Chieli_Minucci_Butterflies_CD_mockup_RGB_2.png\",\"datePublished\":\"2026-03-20T12:18:14+00:00\",\"dateModified\":\"2026-04-08T14:16:00+00:00\",\"breadcrumb\":{\"@id\":\"https:\/\/djabe.hu\/uzlet\/djabe-with-chieli-minucci-butterflies-cd\/#breadcrumb\"},\"inLanguage\":\"en-US\",\"potentialAction\":[{\"@type\":\"ReadAction\",\"target\":[\"https:\/\/djabe.hu\/uzlet\/djabe-with-chieli-minucci-butterflies-cd\/\"]}]},{\"@type\":\"ImageObject\",\"inLanguage\":\"en-US\",\"@id\":\"https:\/\/djabe.hu\/uzlet\/djabe-with-chieli-minucci-butterflies-cd\/#primaryimage\",\"url\":\"https:\/\/djabe.hu\/wp-content\/uploads\/2026\/03\/Djabe_with_Chieli_Minucci_Butterflies_CD_mockup_RGB_2.png\",\"contentUrl\":\"https:\/\/djabe.hu\/wp-content\/uploads\/2026\/03\/Djabe_with_Chieli_Minucci_Butterflies_CD_mockup_RGB_2.png\",\"width\":2000,\"height\":2000},{\"@type\":\"BreadcrumbList\",\"@id\":\"https:\/\/djabe.hu\/uzlet\/djabe-with-chieli-minucci-butterflies-cd\/#breadcrumb\",\"itemListElement\":[{\"@type\":\"ListItem\",\"position\":1,\"name\":\"Home\",\"item\":\"https:\/\/djabe.hu\/en\/\"},{\"@type\":\"ListItem\",\"position\":2,\"name\":\"\u00c1ruh\u00e1z\",\"item\":\"https:\/\/djabe.hu\/uzlet\/\"},{\"@type\":\"ListItem\",\"position\":3,\"name\":\"Djabe with Chieli Minucci &#8211; Butterflies CD\"}]},{\"@type\":\"WebSite\",\"@id\":\"https:\/\/djabe.hu\/en\/#website\",\"url\":\"https:\/\/djabe.hu\/en\/\",\"name\":\"Djabe\",\"description\":\"Official site\",\"potentialAction\":[{\"@type\":\"SearchAction\",\"target\":{\"@type\":\"EntryPoint\",\"urlTemplate\":\"https:\/\/djabe.hu\/en\/?s={search_term_string}\"},\"query-input\":{\"@type\":\"PropertyValueSpecification\",\"valueRequired\":true,\"valueName\":\"search_term_string\"}}],\"inLanguage\":\"en-US\"}]}<\/script>\n<!-- \/ Yoast SEO plugin. -->","yoast_head_json":{"title":"Djabe with Chieli Minucci - Butterflies CD - Djabe","robots":{"index":"index","follow":"follow","max-snippet":"max-snippet:-1","max-image-preview":"max-image-preview:large","max-video-preview":"max-video-preview:-1"},"canonical":"https:\/\/djabe.hu\/uzlet\/djabe-with-chieli-minucci-butterflies-cd\/","og_locale":"en_US","og_type":"article","og_title":"Djabe with Chieli Minucci - Butterflies CD - Djabe","og_description":"CD, GR-192-2","og_url":"https:\/\/djabe.hu\/uzlet\/djabe-with-chieli-minucci-butterflies-cd\/","og_site_name":"Djabe","article_modified_time":"2026-04-08T14:16:00+00:00","og_image":[{"width":1024,"height":1024,"url":"https:\/\/djabe.hu\/wp-content\/uploads\/2026\/03\/Djabe_with_Chieli_Minucci_Butterflies_CD_mockup_RGB_2-1024x1024.png","type":"image\/png"}],"twitter_card":"summary_large_image","twitter_misc":{"Est. reading time":"4 minutes"},"schema":{"@context":"https:\/\/schema.org","@graph":[{"@type":"WebPage","@id":"https:\/\/djabe.hu\/uzlet\/djabe-with-chieli-minucci-butterflies-cd\/","url":"https:\/\/djabe.hu\/uzlet\/djabe-with-chieli-minucci-butterflies-cd\/","name":"Djabe with Chieli Minucci - Butterflies CD - Djabe","isPartOf":{"@id":"https:\/\/djabe.hu\/en\/#website"},"primaryImageOfPage":{"@id":"https:\/\/djabe.hu\/uzlet\/djabe-with-chieli-minucci-butterflies-cd\/#primaryimage"},"image":{"@id":"https:\/\/djabe.hu\/uzlet\/djabe-with-chieli-minucci-butterflies-cd\/#primaryimage"},"thumbnailUrl":"https:\/\/djabe.hu\/wp-content\/uploads\/2026\/03\/Djabe_with_Chieli_Minucci_Butterflies_CD_mockup_RGB_2.png","datePublished":"2026-03-20T12:18:14+00:00","dateModified":"2026-04-08T14:16:00+00:00","breadcrumb":{"@id":"https:\/\/djabe.hu\/uzlet\/djabe-with-chieli-minucci-butterflies-cd\/#breadcrumb"},"inLanguage":"en-US","potentialAction":[{"@type":"ReadAction","target":["https:\/\/djabe.hu\/uzlet\/djabe-with-chieli-minucci-butterflies-cd\/"]}]},{"@type":"ImageObject","inLanguage":"en-US","@id":"https:\/\/djabe.hu\/uzlet\/djabe-with-chieli-minucci-butterflies-cd\/#primaryimage","url":"https:\/\/djabe.hu\/wp-content\/uploads\/2026\/03\/Djabe_with_Chieli_Minucci_Butterflies_CD_mockup_RGB_2.png","contentUrl":"https:\/\/djabe.hu\/wp-content\/uploads\/2026\/03\/Djabe_with_Chieli_Minucci_Butterflies_CD_mockup_RGB_2.png","width":2000,"height":2000},{"@type":"BreadcrumbList","@id":"https:\/\/djabe.hu\/uzlet\/djabe-with-chieli-minucci-butterflies-cd\/#breadcrumb","itemListElement":[{"@type":"ListItem","position":1,"name":"Home","item":"https:\/\/djabe.hu\/en\/"},{"@type":"ListItem","position":2,"name":"\u00c1ruh\u00e1z","item":"https:\/\/djabe.hu\/uzlet\/"},{"@type":"ListItem","position":3,"name":"Djabe with Chieli Minucci &#8211; Butterflies CD"}]},{"@type":"WebSite","@id":"https:\/\/djabe.hu\/en\/#website","url":"https:\/\/djabe.hu\/en\/","name":"Djabe","description":"Official site","potentialAction":[{"@type":"SearchAction","target":{"@type":"EntryPoint","urlTemplate":"https:\/\/djabe.hu\/en\/?s={search_term_string}"},"query-input":{"@type":"PropertyValueSpecification","valueRequired":true,"valueName":"search_term_string"}}],"inLanguage":"en-US"}]}},"jetpack_sharing_enabled":true,"_links":{"self":[{"href":"https:\/\/djabe.hu\/en\/wp-json\/wp\/v2\/product\/12331","targetHints":{"allow":["GET"]}}],"collection":[{"href":"https:\/\/djabe.hu\/en\/wp-json\/wp\/v2\/product"}],"about":[{"href":"https:\/\/djabe.hu\/en\/wp-json\/wp\/v2\/types\/product"}],"wp:featuredmedia":[{"embeddable":true,"href":"https:\/\/djabe.hu\/en\/wp-json\/wp\/v2\/media\/12332"}],"wp:attachment":[{"href":"https:\/\/djabe.hu\/en\/wp-json\/wp\/v2\/media?parent=12331"}],"wp:term":[{"taxonomy":"product_brand","embeddable":true,"href":"https:\/\/djabe.hu\/en\/wp-json\/wp\/v2\/product_brand?post=12331"},{"taxonomy":"product_cat","embeddable":true,"href":"https:\/\/djabe.hu\/en\/wp-json\/wp\/v2\/product_cat?post=12331"},{"taxonomy":"product_tag","embeddable":true,"href":"https:\/\/djabe.hu\/en\/wp-json\/wp\/v2\/product_tag?post=12331"}],"curies":[{"name":"wp","href":"https:\/\/api.w.org\/{rel}","templated":true}]}}