{"id":12295,"date":"2026-02-02T14:18:13","date_gmt":"2026-02-02T13:18:13","guid":{"rendered":"https:\/\/djabe.hu\/?post_type=product&#038;p=12295"},"modified":"2026-03-27T16:58:43","modified_gmt":"2026-03-27T15:58:43","slug":"djabe25-lp","status":"publish","type":"product","link":"https:\/\/djabe.hu\/en\/uzlet\/djabe25-lp\/","title":{"rendered":"Djabe25 LP"},"content":{"rendered":"<p><\/p>\n<h3><img loading=\"lazy\" decoding=\"async\" class=\"aligncenter size-full wp-image-12296\" src=\"https:\/\/djabe.hu\/wp-content\/uploads\/2026\/02\/Djabe25_LP_mockup_01.png\" alt=\"\" width=\"2000\" height=\"1137\" srcset=\"https:\/\/djabe.hu\/wp-content\/uploads\/2026\/02\/Djabe25_LP_mockup_01.png 2000w, https:\/\/djabe.hu\/wp-content\/uploads\/2026\/02\/Djabe25_LP_mockup_01-300x171.png 300w, https:\/\/djabe.hu\/wp-content\/uploads\/2026\/02\/Djabe25_LP_mockup_01-1024x582.png 1024w, https:\/\/djabe.hu\/wp-content\/uploads\/2026\/02\/Djabe25_LP_mockup_01-768x437.png 768w, https:\/\/djabe.hu\/wp-content\/uploads\/2026\/02\/Djabe25_LP_mockup_01-1536x873.png 1536w, https:\/\/djabe.hu\/wp-content\/uploads\/2026\/02\/Djabe25_LP_mockup_01-600x341.png 600w\" sizes=\"auto, (max-width: 2000px) 100vw, 2000px\" \/><\/h3>\n<h3 style=\"font-weight: 400;\"><strong>Musicians:<\/strong><\/h3>\n<p style=\"font-weight: 400;\"><strong>\u00c9gerh\u00e1zi Attila<\/strong> guitar, percussion, vocal<br \/>\n<strong>Barab\u00e1s Tam\u00e1s<\/strong> bass guitar<br \/>\n<strong>Ko\u00f3s-Hut\u00e1s \u00c1ron<\/strong> trumpet, flugelhorn<br \/>\n<strong>Kasz\u00e1s P\u00e9ter<\/strong> drums, lead vocal<br \/>\n<strong>Nagy J\u00e1nos<\/strong> keyboards<\/p>\n<p style=\"font-weight: 400;\">and<\/p>\n<p style=\"font-weight: 400;\"><strong>Muck Ferenc<\/strong> saxophone, Yamaha YDS-150<br \/>\n<strong>Karvaly Tibor<\/strong> electric violin<br \/>\n<strong>Szab\u00f3 L\u00e1szl\u00f3<\/strong> electric guitar (B4)<\/p>\n<h3 style=\"font-weight: 400;\"><strong>Tracklist<\/strong><\/h3>\n<h3 style=\"font-weight: 400;\">Side A<\/h3>\n<p style=\"font-weight: 400;\">1. First Step (intro)<br \/>\n2. D\u00e9j\u00e0 Vu<br \/>\n3. Underwater Sunlight<br \/>\n4. Slices Of Life<br \/>\n5. Down By The Lakesidee<\/p>\n<h3 style=\"font-weight: 400;\">Side B<\/h3>\n<p style=\"font-weight: 400;\">1. Beginning Of Legends<br \/>\n2. The Magic Stag<br \/>\n3. Uncertain Time<br \/>\n4. Distant Dance<\/p>\n<p><iframe loading=\"lazy\" title=\"Djabe - Underwater Sunlight\" width=\"900\" height=\"506\" src=\"https:\/\/www.youtube.com\/embed\/SWfvGyUck_k?feature=oembed\" frameborder=\"0\" allow=\"accelerometer; autoplay; clipboard-write; encrypted-media; gyroscope; picture-in-picture; web-share\" referrerpolicy=\"strict-origin-when-cross-origin\" allowfullscreen><\/iframe><\/p>\n<p><iframe loading=\"lazy\" title=\"Djabe25 - Slices of Life\" width=\"900\" height=\"506\" src=\"https:\/\/www.youtube.com\/embed\/I9jd9TBBQvg?feature=oembed\" frameborder=\"0\" allow=\"accelerometer; autoplay; clipboard-write; encrypted-media; gyroscope; picture-in-picture; web-share\" referrerpolicy=\"strict-origin-when-cross-origin\" allowfullscreen><\/iframe><\/p>\n<p>https:\/\/www.youtube.com\/watch?v=OKvBT20vqEI<\/p>","protected":false},"excerpt":{"rendered":"<h1 style=\"font-weight: 400; text-align: center;\"><strong>DJABE25<\/strong><\/h1>\n<p style=\"font-weight: 400;\"><strong>DJABE25 &#8211; Anniversary Show in Budapest<\/strong><\/p>\n<p style=\"font-weight: 400;\">At the DJABE25 concert, all historic line-up of Djabe played selected songs from the first album released in 1996 to the 2020 album The Magic Stag. The live album thus has a very unique tracklist, including several rarely played compositions. These include D\u00e9j\u00e0 Vu, Underwater Sunlight, Uncertain Time and Slices of Life.<\/p>\n[embed]https:\/\/www.youtube.com\/watch?v=GtI5Y3wYCF4[\/embed]\n","protected":false},"featured_media":12297,"template":"","meta":[],"product_brand":[],"product_cat":[40],"product_tag":[],"class_list":{"0":"post-12295","1":"product","2":"type-product","3":"status-publish","4":"has-post-thumbnail","6":"product_cat-lp","7":"repupress_customize_woocommerce_productom_class","9":"first","10":"instock","11":"shipping-taxable","12":"purchasable","13":"product-type-simple"},"yoast_head":"<!-- This site is optimized with the Yoast SEO plugin v27.2 - https:\/\/yoast.com\/product\/yoast-seo-wordpress\/ -->\n<title>Djabe25 LP - Djabe<\/title>\n<meta name=\"robots\" content=\"index, follow, max-snippet:-1, max-image-preview:large, max-video-preview:-1\" \/>\n<link rel=\"canonical\" href=\"https:\/\/djabe.hu\/uzlet\/djabe25-lp\/\" \/>\n<meta property=\"og:locale\" content=\"en_US\" \/>\n<meta property=\"og:type\" content=\"article\" \/>\n<meta property=\"og:title\" content=\"Djabe25 LP - Djabe\" \/>\n<meta property=\"og:description\" content=\"[:hu]DJABE25 DJABE25 - Anniversary Show in Budapest A DJABE25 koncerten a zenekar minden fel\u00e1ll\u00e1sa megsz\u00f3lalt az els\u0151 1996-os lemezt\u0151l a 2020-as The Magic Stag-ig. A kiadv\u00e1ny anyaga \u00edgy nagyon egyedi tracklist\u00e1val rendelkezik, j\u00f3n\u00e9h\u00e1ny nagyon ritk\u00e1n j\u00e1tszott kompoz\u00edci\u00f3 is elhangzott. Ilyen pl a D\u00e9j\u00e0 Vu, az Underwater Sunlight, a Reproach \u00e9s a Slices of Life is. [:en]DJABE25 DJABE25 - Anniversary Show in Budapest At the DJABE25 concert, all historic line-up of Djabe played selected songs from the first album released in 1996 to the 2020 album The Magic Stag. The live album thus has a very unique tracklist, including several rarely played compositions. These include D\u00e9j\u00e0 Vu, Underwater Sunlight, Uncertain Time and Slices of Life. [:]\" \/>\n<meta property=\"og:url\" content=\"https:\/\/djabe.hu\/uzlet\/djabe25-lp\/\" \/>\n<meta property=\"og:site_name\" content=\"Djabe\" \/>\n<meta property=\"article:modified_time\" content=\"2026-03-27T15:58:43+00:00\" \/>\n<meta property=\"og:image\" content=\"https:\/\/djabe.hu\/wp-content\/uploads\/2026\/02\/Djabe25_LP_mockup_01-1024x582.png\" \/>\n\t<meta property=\"og:image:width\" content=\"1024\" \/>\n\t<meta property=\"og:image:height\" content=\"582\" \/>\n\t<meta property=\"og:image:type\" content=\"image\/png\" \/>\n<meta name=\"twitter:card\" content=\"summary_large_image\" \/>\n<meta name=\"twitter:image\" content=\"https:\/\/djabe.hu\/wp-content\/uploads\/2026\/02\/Djabe25_LP_mockup_01.png\" \/>\n<meta name=\"twitter:label1\" content=\"Est. reading time\" \/>\n\t<meta name=\"twitter:data1\" content=\"1 minute\" \/>\n<script type=\"application\/ld+json\" class=\"yoast-schema-graph\">{\"@context\":\"https:\/\/schema.org\",\"@graph\":[{\"@type\":\"WebPage\",\"@id\":\"https:\/\/djabe.hu\/uzlet\/djabe25-lp\/\",\"url\":\"https:\/\/djabe.hu\/uzlet\/djabe25-lp\/\",\"name\":\"Djabe25 LP - Djabe\",\"isPartOf\":{\"@id\":\"https:\/\/djabe.hu\/en\/#website\"},\"primaryImageOfPage\":{\"@id\":\"https:\/\/djabe.hu\/uzlet\/djabe25-lp\/#primaryimage\"},\"image\":{\"@id\":\"https:\/\/djabe.hu\/uzlet\/djabe25-lp\/#primaryimage\"},\"thumbnailUrl\":\"https:\/\/djabe.hu\/wp-content\/uploads\/2026\/02\/Djabe25_LP_mockup_02.png\",\"datePublished\":\"2026-02-02T13:18:13+00:00\",\"dateModified\":\"2026-03-27T15:58:43+00:00\",\"breadcrumb\":{\"@id\":\"https:\/\/djabe.hu\/uzlet\/djabe25-lp\/#breadcrumb\"},\"inLanguage\":\"en-US\",\"potentialAction\":[{\"@type\":\"ReadAction\",\"target\":[\"https:\/\/djabe.hu\/uzlet\/djabe25-lp\/\"]}]},{\"@type\":\"ImageObject\",\"inLanguage\":\"en-US\",\"@id\":\"https:\/\/djabe.hu\/uzlet\/djabe25-lp\/#primaryimage\",\"url\":\"https:\/\/djabe.hu\/wp-content\/uploads\/2026\/02\/Djabe25_LP_mockup_02.png\",\"contentUrl\":\"https:\/\/djabe.hu\/wp-content\/uploads\/2026\/02\/Djabe25_LP_mockup_02.png\",\"width\":2000,\"height\":2000},{\"@type\":\"BreadcrumbList\",\"@id\":\"https:\/\/djabe.hu\/uzlet\/djabe25-lp\/#breadcrumb\",\"itemListElement\":[{\"@type\":\"ListItem\",\"position\":1,\"name\":\"Home\",\"item\":\"https:\/\/djabe.hu\/en\/\"},{\"@type\":\"ListItem\",\"position\":2,\"name\":\"\u00c1ruh\u00e1z\",\"item\":\"https:\/\/djabe.hu\/uzlet\/\"},{\"@type\":\"ListItem\",\"position\":3,\"name\":\"Djabe25 LP\"}]},{\"@type\":\"WebSite\",\"@id\":\"https:\/\/djabe.hu\/en\/#website\",\"url\":\"https:\/\/djabe.hu\/en\/\",\"name\":\"Djabe\",\"description\":\"Official site\",\"potentialAction\":[{\"@type\":\"SearchAction\",\"target\":{\"@type\":\"EntryPoint\",\"urlTemplate\":\"https:\/\/djabe.hu\/en\/?s={search_term_string}\"},\"query-input\":{\"@type\":\"PropertyValueSpecification\",\"valueRequired\":true,\"valueName\":\"search_term_string\"}}],\"inLanguage\":\"en-US\"}]}<\/script>\n<!-- \/ Yoast SEO plugin. -->","yoast_head_json":{"title":"Djabe25 LP - Djabe","robots":{"index":"index","follow":"follow","max-snippet":"max-snippet:-1","max-image-preview":"max-image-preview:large","max-video-preview":"max-video-preview:-1"},"canonical":"https:\/\/djabe.hu\/uzlet\/djabe25-lp\/","og_locale":"en_US","og_type":"article","og_title":"Djabe25 LP - Djabe","og_description":"[:hu]DJABE25 DJABE25 - Anniversary Show in Budapest A DJABE25 koncerten a zenekar minden fel\u00e1ll\u00e1sa megsz\u00f3lalt az els\u0151 1996-os lemezt\u0151l a 2020-as The Magic Stag-ig. A kiadv\u00e1ny anyaga \u00edgy nagyon egyedi tracklist\u00e1val rendelkezik, j\u00f3n\u00e9h\u00e1ny nagyon ritk\u00e1n j\u00e1tszott kompoz\u00edci\u00f3 is elhangzott. Ilyen pl a D\u00e9j\u00e0 Vu, az Underwater Sunlight, a Reproach \u00e9s a Slices of Life is. [:en]DJABE25 DJABE25 - Anniversary Show in Budapest At the DJABE25 concert, all historic line-up of Djabe played selected songs from the first album released in 1996 to the 2020 album The Magic Stag. The live album thus has a very unique tracklist, including several rarely played compositions. These include D\u00e9j\u00e0 Vu, Underwater Sunlight, Uncertain Time and Slices of Life. [:]","og_url":"https:\/\/djabe.hu\/uzlet\/djabe25-lp\/","og_site_name":"Djabe","article_modified_time":"2026-03-27T15:58:43+00:00","og_image":[{"width":1024,"height":582,"url":"https:\/\/djabe.hu\/wp-content\/uploads\/2026\/02\/Djabe25_LP_mockup_01-1024x582.png","type":"image\/png"}],"twitter_card":"summary_large_image","twitter_image":"https:\/\/djabe.hu\/wp-content\/uploads\/2026\/02\/Djabe25_LP_mockup_01.png","twitter_misc":{"Est. reading time":"1 minute"},"schema":{"@context":"https:\/\/schema.org","@graph":[{"@type":"WebPage","@id":"https:\/\/djabe.hu\/uzlet\/djabe25-lp\/","url":"https:\/\/djabe.hu\/uzlet\/djabe25-lp\/","name":"Djabe25 LP - Djabe","isPartOf":{"@id":"https:\/\/djabe.hu\/en\/#website"},"primaryImageOfPage":{"@id":"https:\/\/djabe.hu\/uzlet\/djabe25-lp\/#primaryimage"},"image":{"@id":"https:\/\/djabe.hu\/uzlet\/djabe25-lp\/#primaryimage"},"thumbnailUrl":"https:\/\/djabe.hu\/wp-content\/uploads\/2026\/02\/Djabe25_LP_mockup_02.png","datePublished":"2026-02-02T13:18:13+00:00","dateModified":"2026-03-27T15:58:43+00:00","breadcrumb":{"@id":"https:\/\/djabe.hu\/uzlet\/djabe25-lp\/#breadcrumb"},"inLanguage":"en-US","potentialAction":[{"@type":"ReadAction","target":["https:\/\/djabe.hu\/uzlet\/djabe25-lp\/"]}]},{"@type":"ImageObject","inLanguage":"en-US","@id":"https:\/\/djabe.hu\/uzlet\/djabe25-lp\/#primaryimage","url":"https:\/\/djabe.hu\/wp-content\/uploads\/2026\/02\/Djabe25_LP_mockup_02.png","contentUrl":"https:\/\/djabe.hu\/wp-content\/uploads\/2026\/02\/Djabe25_LP_mockup_02.png","width":2000,"height":2000},{"@type":"BreadcrumbList","@id":"https:\/\/djabe.hu\/uzlet\/djabe25-lp\/#breadcrumb","itemListElement":[{"@type":"ListItem","position":1,"name":"Home","item":"https:\/\/djabe.hu\/en\/"},{"@type":"ListItem","position":2,"name":"\u00c1ruh\u00e1z","item":"https:\/\/djabe.hu\/uzlet\/"},{"@type":"ListItem","position":3,"name":"Djabe25 LP"}]},{"@type":"WebSite","@id":"https:\/\/djabe.hu\/en\/#website","url":"https:\/\/djabe.hu\/en\/","name":"Djabe","description":"Official site","potentialAction":[{"@type":"SearchAction","target":{"@type":"EntryPoint","urlTemplate":"https:\/\/djabe.hu\/en\/?s={search_term_string}"},"query-input":{"@type":"PropertyValueSpecification","valueRequired":true,"valueName":"search_term_string"}}],"inLanguage":"en-US"}]}},"jetpack_sharing_enabled":true,"_links":{"self":[{"href":"https:\/\/djabe.hu\/en\/wp-json\/wp\/v2\/product\/12295","targetHints":{"allow":["GET"]}}],"collection":[{"href":"https:\/\/djabe.hu\/en\/wp-json\/wp\/v2\/product"}],"about":[{"href":"https:\/\/djabe.hu\/en\/wp-json\/wp\/v2\/types\/product"}],"wp:featuredmedia":[{"embeddable":true,"href":"https:\/\/djabe.hu\/en\/wp-json\/wp\/v2\/media\/12297"}],"wp:attachment":[{"href":"https:\/\/djabe.hu\/en\/wp-json\/wp\/v2\/media?parent=12295"}],"wp:term":[{"taxonomy":"product_brand","embeddable":true,"href":"https:\/\/djabe.hu\/en\/wp-json\/wp\/v2\/product_brand?post=12295"},{"taxonomy":"product_cat","embeddable":true,"href":"https:\/\/djabe.hu\/en\/wp-json\/wp\/v2\/product_cat?post=12295"},{"taxonomy":"product_tag","embeddable":true,"href":"https:\/\/djabe.hu\/en\/wp-json\/wp\/v2\/product_tag?post=12295"}],"curies":[{"name":"wp","href":"https:\/\/api.w.org\/{rel}","templated":true}]}}