{"id":12291,"date":"2025-01-30T16:50:21","date_gmt":"2025-01-30T15:50:21","guid":{"rendered":"https:\/\/djabe.hu\/?post_type=product&#038;p=12291"},"modified":"2026-03-20T14:10:02","modified_gmt":"2026-03-20T13:10:02","slug":"djabe-steve-hackett-when-the-sound-turns-sweet-letoltheto-16-bit-44-1-khz","status":"publish","type":"product","link":"https:\/\/djabe.hu\/en\/uzlet\/djabe-steve-hackett-when-the-sound-turns-sweet-letoltheto-16-bit-44-1-khz\/","title":{"rendered":"Djabe &#038; Steve Hackett \u2013 When The Sound Turns Sweet (Downloadable 16 bit\/44.1 kHz)"},"content":{"rendered":"<p><\/p>\n<h2><img loading=\"lazy\" decoding=\"async\" class=\"aligncenter size-full wp-image-10532\" src=\"https:\/\/djabe.hu\/wp-content\/uploads\/2024\/03\/Djabe_Hackett_WhenTheSoundTurnsSweet_2CD_Mock-up_v2_2.png\" alt=\"\" width=\"2446\" height=\"1406\" srcset=\"https:\/\/djabe.hu\/wp-content\/uploads\/2024\/03\/Djabe_Hackett_WhenTheSoundTurnsSweet_2CD_Mock-up_v2_2.png 2446w, https:\/\/djabe.hu\/wp-content\/uploads\/2024\/03\/Djabe_Hackett_WhenTheSoundTurnsSweet_2CD_Mock-up_v2_2-300x172.png 300w, https:\/\/djabe.hu\/wp-content\/uploads\/2024\/03\/Djabe_Hackett_WhenTheSoundTurnsSweet_2CD_Mock-up_v2_2-1024x589.png 1024w, https:\/\/djabe.hu\/wp-content\/uploads\/2024\/03\/Djabe_Hackett_WhenTheSoundTurnsSweet_2CD_Mock-up_v2_2-768x441.png 768w, https:\/\/djabe.hu\/wp-content\/uploads\/2024\/03\/Djabe_Hackett_WhenTheSoundTurnsSweet_2CD_Mock-up_v2_2-1536x883.png 1536w, https:\/\/djabe.hu\/wp-content\/uploads\/2024\/03\/Djabe_Hackett_WhenTheSoundTurnsSweet_2CD_Mock-up_v2_2-2048x1177.png 2048w, https:\/\/djabe.hu\/wp-content\/uploads\/2024\/03\/Djabe_Hackett_WhenTheSoundTurnsSweet_2CD_Mock-up_v2_2-600x345.png 600w, https:\/\/djabe.hu\/wp-content\/uploads\/2024\/03\/Djabe_Hackett_WhenTheSoundTurnsSweet_2CD_Mock-up_v2_2-104x60.png 104w, https:\/\/djabe.hu\/wp-content\/uploads\/2024\/03\/Djabe_Hackett_WhenTheSoundTurnsSweet_2CD_Mock-up_v2_2-157x90.png 157w\" sizes=\"auto, (max-width: 2446px) 100vw, 2446px\" \/><\/h2>\n<h2>Musicians<\/h2>\n<p><strong>Steve Hackett<\/strong> &#8211; guitar, vocal, harmonica<br \/>\n<strong>Tam\u00e1s Barab\u00e1s<\/strong> &#8211; bass guitar, vocal, guitar,<br \/>\n<strong>Attila \u00c9gerh\u00e1zi<\/strong> &#8211; guitar, vocal, percussion<br \/>\n<strong>P\u00e9ter Kasz\u00e1s<\/strong> &#8211; lead vocal, drums<br \/>\n<strong>\u00c1ron Ko\u00f3s-Hut\u00e1s<\/strong> &#8211; flugelhorn, trumpet<br \/>\n<strong>Zolt\u00e1n Bubeny\u00e1k<\/strong> &#8211; keyboards<\/p>\n<h3>Tracklist<\/h3>\n<p><strong>SET I.<\/strong><br \/>\nCould Have Been 07:48<br \/>\nBefore 04:58<br \/>\nCamino Royale 10:02<br \/>\nHorizons 03:15<br \/>\nBuzzy Island 11:29<br \/>\nAce Of Wands 06:23<br \/>\nFranciska 05:39<br \/>\nIn That Quiet Earth 05:59<\/p>\n<p><strong>SET II.<\/strong><br \/>\nCentral European Time 07:25<br \/>\nTale 06:42<br \/>\nStars And Moonbeams 07:38<br \/>\nHairless Heart 02:32<br \/>\nFirth Of Fifth 04:24<br \/>\nCarpet Crawlers 05:12<br \/>\nLast Train To Istanbul 06:44<br \/>\nLos Endos 09:26<br \/>\nMisty Blues 07:57<\/p>\n<p><strong>BONUS TRACKS<\/strong><br \/>\nD\u00e9j\u00e0 Vu 04:43<br \/>\nDistant Dance 01:40<\/p>\n<h3>The show from Timisoara can be seen in full length on youtube:<\/h3>\n<p><iframe loading=\"lazy\" title=\"Djabe &amp; Steve Hackett -  When The Sound Turns Sweet - Live From Timisoara Set 1\" width=\"900\" height=\"506\" src=\"https:\/\/www.youtube.com\/embed\/IDxgLYtpP5Y?feature=oembed\" frameborder=\"0\" allow=\"accelerometer; autoplay; clipboard-write; encrypted-media; gyroscope; picture-in-picture; web-share\" referrerpolicy=\"strict-origin-when-cross-origin\" allowfullscreen><\/iframe><\/p>\n<p><iframe loading=\"lazy\" title=\"Djabe &amp; Steve Hackett -  When The Sound Turns Sweet - Live From Timisoara Set 2\" width=\"900\" height=\"506\" src=\"https:\/\/www.youtube.com\/embed\/KHTmj078TpE?feature=oembed\" frameborder=\"0\" allow=\"accelerometer; autoplay; clipboard-write; encrypted-media; gyroscope; picture-in-picture; web-share\" referrerpolicy=\"strict-origin-when-cross-origin\" allowfullscreen><\/iframe><\/p>\n<p>&nbsp;<\/p>","protected":false},"excerpt":{"rendered":"<h2><b><span lang=\"HU\">GR-174<\/span><\/b><\/h2>\n<p>Every year Djabe &amp; Steve Hackett impress jazz and progressive rock fans with more and more cohesive and powerful performances. The 2023 tour has once again delivered some surprises. The most attention-grabbing of these was the interpretation of the Genesis song Carpet Crawlers, sung fantastically by P\u00e9ter Kasz\u00e1s behind the drums. Listening to the whole concert, we feel that the parts are coming together more and more. The musicians and the songs from the repertoire of Djabe, Djabe &amp; Steve Hackett, Genesis and Steve Hackett form an inseparable unit. The musicians perform Camino Royale, Ace Of Wands, Buzzy Island, Last Train To Istanbul and Los Endos with elemental power and energy. These are beautifully counterpointed by lyrical compositions such as Franciska, Horizons, Tale, Hairless Heart, Firth Of Fifth. And jazz fans will not be left unsatisfied either: in Could Have Been or Central European Time, the musicians of Djabe prove that they are without a doubt the leading musicians of the Hungarian jazz scene.<\/p>\n<p>The album was recorded at the closing concert of the 2023 tour in Timisoara on 20 June. At the sold-out concert, the audience of the Banatul Filarmonia cheered the musicians and the performance with continuous applause and many standing ovations.<\/p>\n<p>In the double CD version, two songs were added as a bonus at the end of the material, which had been played the day before at the Gy\u0151r stop of the tour and had not been performed in Timisoara.<\/p>\n","protected":false},"featured_media":12292,"template":"","meta":[],"product_brand":[],"product_cat":[81],"product_tag":[],"class_list":{"0":"post-12291","1":"product","2":"type-product","3":"status-publish","4":"has-post-thumbnail","6":"product_cat-downloadable","7":"repupress_customize_woocommerce_productom_class","9":"first","10":"instock","11":"downloadable","12":"virtual","13":"purchasable","14":"product-type-simple"},"yoast_head":"<!-- This site is optimized with the Yoast SEO plugin v27.2 - https:\/\/yoast.com\/product\/yoast-seo-wordpress\/ -->\n<title>Djabe &amp; Steve Hackett \u2013 When The Sound Turns Sweet (Downloadable 16 bit\/44.1 kHz) - Djabe<\/title>\n<meta name=\"robots\" content=\"index, follow, max-snippet:-1, max-image-preview:large, max-video-preview:-1\" \/>\n<link rel=\"canonical\" href=\"https:\/\/djabe.hu\/uzlet\/djabe-steve-hackett-when-the-sound-turns-sweet-letoltheto-16-bit-44-1-khz\/\" \/>\n<meta property=\"og:locale\" content=\"en_US\" \/>\n<meta property=\"og:type\" content=\"article\" \/>\n<meta property=\"og:title\" content=\"Djabe &amp; Steve Hackett \u2013 When The Sound Turns Sweet (Downloadable 16 bit\/44.1 kHz) - Djabe\" \/>\n<meta property=\"og:description\" content=\"[:hu]GR-174 A Djabe &amp; Steve Hackett form\u00e1ci\u00f3 \u00e9vr\u0151l \u00e9vre egyre \u00f6sszeszokottabb \u00e9s er\u0151sebb produkci\u00f3val ny\u0171g\u00f6zi le a jazz \u00e9s a progressz\u00edv rock rajong\u00f3kat. A 2023-as turn\u00e9 ism\u00e9t szolg\u00e1ltatott meglepet\u00e9seket. Ezek k\u00f6z\u00fcl a legt\u00f6bb figyelmet a Carpet Crawlers c\u00edm\u0171 Genesis dal interpret\u00e1ci\u00f3ja kapta, amit Kasz\u00e1s P\u00e9ter fantasztikusan \u00e9nekelt a dobok m\u00f6g\u00fcl. Az eg\u00e9sz koncertet meghallgatva azt \u00e9rezz\u00fck, hogy egyre ink\u00e1bb \u00f6ssze\u00e1llnak a r\u00e9szek eg\u00e9ssz\u00e9. Sz\u00e9tv\u00e1laszthatatlan egys\u00e9get k\u00e9peznek a zen\u00e9szek \u00e9s a Djabe, Djabe &amp; Steve Hackett, Genesis \u00e9s Steve Hackett reperto\u00e1rb\u00f3l v\u00e1logatott dalok. A zen\u00e9szek element\u00e1ris er\u0151vel \u00e9s energi\u00e1val adj\u00e1k el\u0151 a Camino Royale, Ace Of Wands, a Buzzy Island, a Last Train To Istanbul vagy a Los Endos sz\u00e1mokat. Ezeket gy\u00f6ny\u00f6r\u0171en ellenpontozz\u00e1k a l\u00edrai kompoz\u00edci\u00f3k, mint a Franciska, Horizons, Tale, Hairless Heart, Firth Of Fifth. \u00c9s a jazz rajong\u00f3k sem maradnak kiel\u00e9g\u00edtetlen\u00fcl: a Could Have Been vagy a Central European Time-ban bizony\u00edtj\u00e1k a Djabe zen\u00e9szei, hogy nem v\u00e9letlen\u00fcl a magyar jazz szc\u00e9na vezet\u0151 muzsikusai. Az album anyaga a 2023-as turn\u00e9 z\u00e1r\u00f3 koncertj\u00e9n, Temesv\u00e1ron k\u00e9sz\u00fclt, j\u00fanius 20-\u00e1n. A telth\u00e1zas koncerten a B\u00e1n\u00e1ti Filharm\u00f3nia k\u00f6z\u00f6ns\u00e9ge folyamatos vastapssal, sokszor fel\u00e1llva \u00fcnnepelte a zen\u00e9szeket \u00e9s a produkci\u00f3t. A dupla CD verzi\u00f3ban az anyag v\u00e9g\u00e9re k\u00e9t olyan sz\u00e1m is felker\u00fclt b\u00f3nuszk\u00e9nt, melyet egy nappal kor\u00e1bban a turn\u00e9 gy\u0151ri \u00e1llom\u00e1s\u00e1n j\u00e1tszottak \u00e9s nem hangzott el Temesv\u00e1ron.[:en]GR-174 Every year Djabe &amp; Steve Hackett impress jazz and progressive rock fans with more and more cohesive and powerful performances. The 2023 tour has once again delivered some surprises. The most attention-grabbing of these was the interpretation of the Genesis song Carpet Crawlers, sung fantastically by P\u00e9ter Kasz\u00e1s behind the drums. Listening to the whole concert, we feel that the parts are coming together more and more. The musicians and the songs from the repertoire of Djabe, Djabe &amp; Steve Hackett, Genesis and Steve Hackett form an inseparable unit. The musicians perform Camino Royale, Ace Of Wands, Buzzy Island, Last Train To Istanbul and Los Endos with elemental power and energy. These are beautifully counterpointed by lyrical compositions such as Franciska, Horizons, Tale, Hairless Heart, Firth Of Fifth. And jazz fans will not be left unsatisfied either: in Could Have Been or Central European Time, the musicians of Djabe prove that they are without a doubt the leading musicians of the Hungarian jazz scene.  The album was recorded at the closing concert of the 2023 tour in Timisoara on 20 June. At the sold-out concert, the audience of the Banatul Filarmonia cheered the musicians and the performance with continuous applause and many standing ovations.  In the double CD version, two songs were added as a bonus at the end of the material, which had been played the day before at the Gy\u0151r stop of the tour and had not been performed in Timisoara.[:]\" \/>\n<meta property=\"og:url\" content=\"https:\/\/djabe.hu\/uzlet\/djabe-steve-hackett-when-the-sound-turns-sweet-letoltheto-16-bit-44-1-khz\/\" \/>\n<meta property=\"og:site_name\" content=\"Djabe\" \/>\n<meta property=\"article:modified_time\" content=\"2026-03-20T13:10:02+00:00\" \/>\n<meta property=\"og:image\" content=\"https:\/\/djabe.hu\/wp-content\/uploads\/2026\/01\/Djabe_Hackett_WhenTheSoundTurnsSweet_downloadable_v1.jpg\" \/>\n\t<meta property=\"og:image:width\" content=\"2000\" \/>\n\t<meta property=\"og:image:height\" content=\"2000\" \/>\n\t<meta property=\"og:image:type\" content=\"image\/jpeg\" \/>\n<meta name=\"twitter:card\" content=\"summary_large_image\" \/>\n<meta name=\"twitter:image\" content=\"https:\/\/djabe.hu\/wp-content\/uploads\/2026\/01\/Djabe_Hackett_WhenTheSoundTurnsSweet_downloadable_v1.jpg\" \/>\n<meta name=\"twitter:label1\" content=\"Est. reading time\" \/>\n\t<meta name=\"twitter:data1\" content=\"1 minute\" \/>\n<script type=\"application\/ld+json\" class=\"yoast-schema-graph\">{\"@context\":\"https:\/\/schema.org\",\"@graph\":[{\"@type\":\"WebPage\",\"@id\":\"https:\/\/djabe.hu\/uzlet\/djabe-steve-hackett-when-the-sound-turns-sweet-letoltheto-16-bit-44-1-khz\/\",\"url\":\"https:\/\/djabe.hu\/uzlet\/djabe-steve-hackett-when-the-sound-turns-sweet-letoltheto-16-bit-44-1-khz\/\",\"name\":\"Djabe & Steve Hackett \u2013 When The Sound Turns Sweet (Downloadable 16 bit\/44.1 kHz) - Djabe\",\"isPartOf\":{\"@id\":\"https:\/\/djabe.hu\/en\/#website\"},\"primaryImageOfPage\":{\"@id\":\"https:\/\/djabe.hu\/uzlet\/djabe-steve-hackett-when-the-sound-turns-sweet-letoltheto-16-bit-44-1-khz\/#primaryimage\"},\"image\":{\"@id\":\"https:\/\/djabe.hu\/uzlet\/djabe-steve-hackett-when-the-sound-turns-sweet-letoltheto-16-bit-44-1-khz\/#primaryimage\"},\"thumbnailUrl\":\"https:\/\/djabe.hu\/wp-content\/uploads\/2026\/01\/Djabe_Hackett_WhenTheSoundTurnsSweet_downloadable_v1.jpg\",\"datePublished\":\"2025-01-30T15:50:21+00:00\",\"dateModified\":\"2026-03-20T13:10:02+00:00\",\"breadcrumb\":{\"@id\":\"https:\/\/djabe.hu\/uzlet\/djabe-steve-hackett-when-the-sound-turns-sweet-letoltheto-16-bit-44-1-khz\/#breadcrumb\"},\"inLanguage\":\"en-US\",\"potentialAction\":[{\"@type\":\"ReadAction\",\"target\":[\"https:\/\/djabe.hu\/uzlet\/djabe-steve-hackett-when-the-sound-turns-sweet-letoltheto-16-bit-44-1-khz\/\"]}]},{\"@type\":\"ImageObject\",\"inLanguage\":\"en-US\",\"@id\":\"https:\/\/djabe.hu\/uzlet\/djabe-steve-hackett-when-the-sound-turns-sweet-letoltheto-16-bit-44-1-khz\/#primaryimage\",\"url\":\"https:\/\/djabe.hu\/wp-content\/uploads\/2026\/01\/Djabe_Hackett_WhenTheSoundTurnsSweet_downloadable_v1.jpg\",\"contentUrl\":\"https:\/\/djabe.hu\/wp-content\/uploads\/2026\/01\/Djabe_Hackett_WhenTheSoundTurnsSweet_downloadable_v1.jpg\",\"width\":2000,\"height\":2000},{\"@type\":\"BreadcrumbList\",\"@id\":\"https:\/\/djabe.hu\/uzlet\/djabe-steve-hackett-when-the-sound-turns-sweet-letoltheto-16-bit-44-1-khz\/#breadcrumb\",\"itemListElement\":[{\"@type\":\"ListItem\",\"position\":1,\"name\":\"Home\",\"item\":\"https:\/\/djabe.hu\/en\/\"},{\"@type\":\"ListItem\",\"position\":2,\"name\":\"\u00c1ruh\u00e1z\",\"item\":\"https:\/\/djabe.hu\/uzlet\/\"},{\"@type\":\"ListItem\",\"position\":3,\"name\":\"Djabe &#038; Steve Hackett \u2013 When The Sound Turns Sweet (Let\u00f6lthet\u0151 16 bit\/44.1 kHz)\"}]},{\"@type\":\"WebSite\",\"@id\":\"https:\/\/djabe.hu\/en\/#website\",\"url\":\"https:\/\/djabe.hu\/en\/\",\"name\":\"Djabe\",\"description\":\"Official site\",\"potentialAction\":[{\"@type\":\"SearchAction\",\"target\":{\"@type\":\"EntryPoint\",\"urlTemplate\":\"https:\/\/djabe.hu\/en\/?s={search_term_string}\"},\"query-input\":{\"@type\":\"PropertyValueSpecification\",\"valueRequired\":true,\"valueName\":\"search_term_string\"}}],\"inLanguage\":\"en-US\"}]}<\/script>\n<!-- \/ Yoast SEO plugin. -->","yoast_head_json":{"title":"Djabe & Steve Hackett \u2013 When The Sound Turns Sweet (Downloadable 16 bit\/44.1 kHz) - Djabe","robots":{"index":"index","follow":"follow","max-snippet":"max-snippet:-1","max-image-preview":"max-image-preview:large","max-video-preview":"max-video-preview:-1"},"canonical":"https:\/\/djabe.hu\/uzlet\/djabe-steve-hackett-when-the-sound-turns-sweet-letoltheto-16-bit-44-1-khz\/","og_locale":"en_US","og_type":"article","og_title":"Djabe & Steve Hackett \u2013 When The Sound Turns Sweet (Downloadable 16 bit\/44.1 kHz) - Djabe","og_description":"[:hu]GR-174 A Djabe &amp; Steve Hackett form\u00e1ci\u00f3 \u00e9vr\u0151l \u00e9vre egyre \u00f6sszeszokottabb \u00e9s er\u0151sebb produkci\u00f3val ny\u0171g\u00f6zi le a jazz \u00e9s a progressz\u00edv rock rajong\u00f3kat. A 2023-as turn\u00e9 ism\u00e9t szolg\u00e1ltatott meglepet\u00e9seket. Ezek k\u00f6z\u00fcl a legt\u00f6bb figyelmet a Carpet Crawlers c\u00edm\u0171 Genesis dal interpret\u00e1ci\u00f3ja kapta, amit Kasz\u00e1s P\u00e9ter fantasztikusan \u00e9nekelt a dobok m\u00f6g\u00fcl. Az eg\u00e9sz koncertet meghallgatva azt \u00e9rezz\u00fck, hogy egyre ink\u00e1bb \u00f6ssze\u00e1llnak a r\u00e9szek eg\u00e9ssz\u00e9. Sz\u00e9tv\u00e1laszthatatlan egys\u00e9get k\u00e9peznek a zen\u00e9szek \u00e9s a Djabe, Djabe &amp; Steve Hackett, Genesis \u00e9s Steve Hackett reperto\u00e1rb\u00f3l v\u00e1logatott dalok. A zen\u00e9szek element\u00e1ris er\u0151vel \u00e9s energi\u00e1val adj\u00e1k el\u0151 a Camino Royale, Ace Of Wands, a Buzzy Island, a Last Train To Istanbul vagy a Los Endos sz\u00e1mokat. Ezeket gy\u00f6ny\u00f6r\u0171en ellenpontozz\u00e1k a l\u00edrai kompoz\u00edci\u00f3k, mint a Franciska, Horizons, Tale, Hairless Heart, Firth Of Fifth. \u00c9s a jazz rajong\u00f3k sem maradnak kiel\u00e9g\u00edtetlen\u00fcl: a Could Have Been vagy a Central European Time-ban bizony\u00edtj\u00e1k a Djabe zen\u00e9szei, hogy nem v\u00e9letlen\u00fcl a magyar jazz szc\u00e9na vezet\u0151 muzsikusai. Az album anyaga a 2023-as turn\u00e9 z\u00e1r\u00f3 koncertj\u00e9n, Temesv\u00e1ron k\u00e9sz\u00fclt, j\u00fanius 20-\u00e1n. A telth\u00e1zas koncerten a B\u00e1n\u00e1ti Filharm\u00f3nia k\u00f6z\u00f6ns\u00e9ge folyamatos vastapssal, sokszor fel\u00e1llva \u00fcnnepelte a zen\u00e9szeket \u00e9s a produkci\u00f3t. A dupla CD verzi\u00f3ban az anyag v\u00e9g\u00e9re k\u00e9t olyan sz\u00e1m is felker\u00fclt b\u00f3nuszk\u00e9nt, melyet egy nappal kor\u00e1bban a turn\u00e9 gy\u0151ri \u00e1llom\u00e1s\u00e1n j\u00e1tszottak \u00e9s nem hangzott el Temesv\u00e1ron.[:en]GR-174 Every year Djabe &amp; Steve Hackett impress jazz and progressive rock fans with more and more cohesive and powerful performances. The 2023 tour has once again delivered some surprises. The most attention-grabbing of these was the interpretation of the Genesis song Carpet Crawlers, sung fantastically by P\u00e9ter Kasz\u00e1s behind the drums. Listening to the whole concert, we feel that the parts are coming together more and more. The musicians and the songs from the repertoire of Djabe, Djabe &amp; Steve Hackett, Genesis and Steve Hackett form an inseparable unit. The musicians perform Camino Royale, Ace Of Wands, Buzzy Island, Last Train To Istanbul and Los Endos with elemental power and energy. These are beautifully counterpointed by lyrical compositions such as Franciska, Horizons, Tale, Hairless Heart, Firth Of Fifth. And jazz fans will not be left unsatisfied either: in Could Have Been or Central European Time, the musicians of Djabe prove that they are without a doubt the leading musicians of the Hungarian jazz scene.  The album was recorded at the closing concert of the 2023 tour in Timisoara on 20 June. At the sold-out concert, the audience of the Banatul Filarmonia cheered the musicians and the performance with continuous applause and many standing ovations.  In the double CD version, two songs were added as a bonus at the end of the material, which had been played the day before at the Gy\u0151r stop of the tour and had not been performed in Timisoara.[:]","og_url":"https:\/\/djabe.hu\/uzlet\/djabe-steve-hackett-when-the-sound-turns-sweet-letoltheto-16-bit-44-1-khz\/","og_site_name":"Djabe","article_modified_time":"2026-03-20T13:10:02+00:00","og_image":[{"width":2000,"height":2000,"url":"https:\/\/djabe.hu\/wp-content\/uploads\/2026\/01\/Djabe_Hackett_WhenTheSoundTurnsSweet_downloadable_v1.jpg","type":"image\/jpeg"}],"twitter_card":"summary_large_image","twitter_image":"https:\/\/djabe.hu\/wp-content\/uploads\/2026\/01\/Djabe_Hackett_WhenTheSoundTurnsSweet_downloadable_v1.jpg","twitter_misc":{"Est. reading time":"1 minute"},"schema":{"@context":"https:\/\/schema.org","@graph":[{"@type":"WebPage","@id":"https:\/\/djabe.hu\/uzlet\/djabe-steve-hackett-when-the-sound-turns-sweet-letoltheto-16-bit-44-1-khz\/","url":"https:\/\/djabe.hu\/uzlet\/djabe-steve-hackett-when-the-sound-turns-sweet-letoltheto-16-bit-44-1-khz\/","name":"Djabe & Steve Hackett \u2013 When The Sound Turns Sweet (Downloadable 16 bit\/44.1 kHz) - Djabe","isPartOf":{"@id":"https:\/\/djabe.hu\/en\/#website"},"primaryImageOfPage":{"@id":"https:\/\/djabe.hu\/uzlet\/djabe-steve-hackett-when-the-sound-turns-sweet-letoltheto-16-bit-44-1-khz\/#primaryimage"},"image":{"@id":"https:\/\/djabe.hu\/uzlet\/djabe-steve-hackett-when-the-sound-turns-sweet-letoltheto-16-bit-44-1-khz\/#primaryimage"},"thumbnailUrl":"https:\/\/djabe.hu\/wp-content\/uploads\/2026\/01\/Djabe_Hackett_WhenTheSoundTurnsSweet_downloadable_v1.jpg","datePublished":"2025-01-30T15:50:21+00:00","dateModified":"2026-03-20T13:10:02+00:00","breadcrumb":{"@id":"https:\/\/djabe.hu\/uzlet\/djabe-steve-hackett-when-the-sound-turns-sweet-letoltheto-16-bit-44-1-khz\/#breadcrumb"},"inLanguage":"en-US","potentialAction":[{"@type":"ReadAction","target":["https:\/\/djabe.hu\/uzlet\/djabe-steve-hackett-when-the-sound-turns-sweet-letoltheto-16-bit-44-1-khz\/"]}]},{"@type":"ImageObject","inLanguage":"en-US","@id":"https:\/\/djabe.hu\/uzlet\/djabe-steve-hackett-when-the-sound-turns-sweet-letoltheto-16-bit-44-1-khz\/#primaryimage","url":"https:\/\/djabe.hu\/wp-content\/uploads\/2026\/01\/Djabe_Hackett_WhenTheSoundTurnsSweet_downloadable_v1.jpg","contentUrl":"https:\/\/djabe.hu\/wp-content\/uploads\/2026\/01\/Djabe_Hackett_WhenTheSoundTurnsSweet_downloadable_v1.jpg","width":2000,"height":2000},{"@type":"BreadcrumbList","@id":"https:\/\/djabe.hu\/uzlet\/djabe-steve-hackett-when-the-sound-turns-sweet-letoltheto-16-bit-44-1-khz\/#breadcrumb","itemListElement":[{"@type":"ListItem","position":1,"name":"Home","item":"https:\/\/djabe.hu\/en\/"},{"@type":"ListItem","position":2,"name":"\u00c1ruh\u00e1z","item":"https:\/\/djabe.hu\/uzlet\/"},{"@type":"ListItem","position":3,"name":"Djabe &#038; Steve Hackett \u2013 When The Sound Turns Sweet (Let\u00f6lthet\u0151 16 bit\/44.1 kHz)"}]},{"@type":"WebSite","@id":"https:\/\/djabe.hu\/en\/#website","url":"https:\/\/djabe.hu\/en\/","name":"Djabe","description":"Official site","potentialAction":[{"@type":"SearchAction","target":{"@type":"EntryPoint","urlTemplate":"https:\/\/djabe.hu\/en\/?s={search_term_string}"},"query-input":{"@type":"PropertyValueSpecification","valueRequired":true,"valueName":"search_term_string"}}],"inLanguage":"en-US"}]}},"jetpack_sharing_enabled":true,"_links":{"self":[{"href":"https:\/\/djabe.hu\/en\/wp-json\/wp\/v2\/product\/12291","targetHints":{"allow":["GET"]}}],"collection":[{"href":"https:\/\/djabe.hu\/en\/wp-json\/wp\/v2\/product"}],"about":[{"href":"https:\/\/djabe.hu\/en\/wp-json\/wp\/v2\/types\/product"}],"wp:featuredmedia":[{"embeddable":true,"href":"https:\/\/djabe.hu\/en\/wp-json\/wp\/v2\/media\/12292"}],"wp:attachment":[{"href":"https:\/\/djabe.hu\/en\/wp-json\/wp\/v2\/media?parent=12291"}],"wp:term":[{"taxonomy":"product_brand","embeddable":true,"href":"https:\/\/djabe.hu\/en\/wp-json\/wp\/v2\/product_brand?post=12291"},{"taxonomy":"product_cat","embeddable":true,"href":"https:\/\/djabe.hu\/en\/wp-json\/wp\/v2\/product_cat?post=12291"},{"taxonomy":"product_tag","embeddable":true,"href":"https:\/\/djabe.hu\/en\/wp-json\/wp\/v2\/product_tag?post=12291"}],"curies":[{"name":"wp","href":"https:\/\/api.w.org\/{rel}","templated":true}]}}