{"id":12159,"date":"2025-11-18T09:41:10","date_gmt":"2025-11-18T08:41:10","guid":{"rendered":"https:\/\/djabe.hu\/?post_type=product&#038;p=12159"},"modified":"2026-03-29T10:10:48","modified_gmt":"2026-03-29T09:10:48","slug":"djabe25-4-track-reel-to-reel","status":"publish","type":"product","link":"https:\/\/djabe.hu\/en\/uzlet\/djabe25-4-track-reel-to-reel\/","title":{"rendered":"Djabe25 (4 Track Reel-to-reel)"},"content":{"rendered":"<p><img loading=\"lazy\" decoding=\"async\" class=\"aligncenter size-full wp-image-12165\" src=\"https:\/\/djabe.hu\/wp-content\/uploads\/2025\/11\/Djabe_25_4TRACK_TAPE_Mockup_v1_1b.png\" alt=\"\" width=\"1500\" height=\"748\" srcset=\"https:\/\/djabe.hu\/wp-content\/uploads\/2025\/11\/Djabe_25_4TRACK_TAPE_Mockup_v1_1b.png 1500w, https:\/\/djabe.hu\/wp-content\/uploads\/2025\/11\/Djabe_25_4TRACK_TAPE_Mockup_v1_1b-300x150.png 300w, https:\/\/djabe.hu\/wp-content\/uploads\/2025\/11\/Djabe_25_4TRACK_TAPE_Mockup_v1_1b-1024x511.png 1024w, https:\/\/djabe.hu\/wp-content\/uploads\/2025\/11\/Djabe_25_4TRACK_TAPE_Mockup_v1_1b-768x383.png 768w, https:\/\/djabe.hu\/wp-content\/uploads\/2025\/11\/Djabe_25_4TRACK_TAPE_Mockup_v1_1b-600x299.png 600w\" sizes=\"auto, (max-width: 1500px) 100vw, 1500px\" \/><\/p>\n<p>&nbsp;<\/p>\n<h3 style=\"font-weight: 400;\"><strong>Musicians:<\/strong><\/h3>\n<p style=\"font-weight: 400;\"><strong>Attila \u00c9gerh\u00e1zi<\/strong> guitar, percussion, vocal<br \/>\n<strong>Tam\u00e1s Barab\u00e1s<\/strong> bass guitar<br \/>\n<strong>\u00c1ron-Ko\u00f3s Hut\u00e1s<\/strong> trumpet, flugelhorn<br \/>\n<strong>P\u00e9ter Kasz\u00e1s<\/strong> drums, vocal<br \/>\n<strong>J\u00e1nos Nagy<\/strong> keyboards<\/p>\n<p style=\"font-weight: 400;\">with<\/p>\n<p style=\"font-weight: 400;\"><strong>Ferenc Muck<\/strong> saxes, Yamaha YDS-150<br \/>\n<strong>Tibor Karvaly<\/strong> electric violin<br \/>\n<strong>L\u00e1szl\u00f3 Szab\u00f3<\/strong> sitar, guitar<br \/>\n<strong>Zolt\u00e1n Kov\u00e1cs<\/strong> keyboards<br \/>\n<strong>Ferenc Kov\u00e1cs<\/strong> violin<br \/>\n<strong>Andr\u00e1s Sipos<\/strong> pre-recorded percussion<br \/>\n<strong>Steve Hackett<\/strong> pre-recorded guitar and story telling<\/p>\n<h3 style=\"font-weight: 400;\"><strong>Tracklist<\/strong><\/h3>\n<h3 style=\"font-weight: 400;\">Side A<\/h3>\n<p style=\"font-weight: 400;\">1. First Step (intro)<br \/>\n2. D\u00e9j\u00e0 Vu<br \/>\n3. Underwater Sunlight<br \/>\n4. Coffee Break<br \/>\n5. Witchi Tai To<br \/>\n6. Reproach<br \/>\n7. Sheafs Are Dancing<br \/>\n8. InThat Quiet Earth<br \/>\n9. Distant Dance<\/p>\n<h3 style=\"font-weight: 400;\">Side B<\/h3>\n<p style=\"font-weight: 400;\">1. In Gyimes<br \/>\n2. Beginning Of Legends<br \/>\n3. The Magic Stag<br \/>\n4. Uncertain Time<br \/>\n5. Power Of Wings<br \/>\n6. Slices Of Life<br \/>\n7. Down By The Lakeside<br \/>\n8. 4000<\/p>\n<p><iframe loading=\"lazy\" title=\"Djabe - Underwater Sunlight\" width=\"900\" height=\"506\" src=\"https:\/\/www.youtube.com\/embed\/SWfvGyUck_k?feature=oembed\" frameborder=\"0\" allow=\"accelerometer; autoplay; clipboard-write; encrypted-media; gyroscope; picture-in-picture; web-share\" referrerpolicy=\"strict-origin-when-cross-origin\" allowfullscreen><\/iframe><\/p>\n<p><iframe loading=\"lazy\" title=\"Djabe25 - Slices of Life\" width=\"900\" height=\"506\" src=\"https:\/\/www.youtube.com\/embed\/I9jd9TBBQvg?feature=oembed\" frameborder=\"0\" allow=\"accelerometer; autoplay; clipboard-write; encrypted-media; gyroscope; picture-in-picture; web-share\" referrerpolicy=\"strict-origin-when-cross-origin\" allowfullscreen><\/iframe><\/p>\n<p>https:\/\/www.youtube.com\/watch?v=OKvBT20vqEI<img loading=\"lazy\" decoding=\"async\" class=\"aligncenter size-full wp-image-12165\" src=\"https:\/\/djabe.hu\/wp-content\/uploads\/2025\/11\/Djabe_25_4TRACK_TAPE_Mockup_v1_1b.png\" alt=\"\" width=\"1500\" height=\"748\" srcset=\"https:\/\/djabe.hu\/wp-content\/uploads\/2025\/11\/Djabe_25_4TRACK_TAPE_Mockup_v1_1b.png 1500w, https:\/\/djabe.hu\/wp-content\/uploads\/2025\/11\/Djabe_25_4TRACK_TAPE_Mockup_v1_1b-300x150.png 300w, https:\/\/djabe.hu\/wp-content\/uploads\/2025\/11\/Djabe_25_4TRACK_TAPE_Mockup_v1_1b-1024x511.png 1024w, https:\/\/djabe.hu\/wp-content\/uploads\/2025\/11\/Djabe_25_4TRACK_TAPE_Mockup_v1_1b-768x383.png 768w, https:\/\/djabe.hu\/wp-content\/uploads\/2025\/11\/Djabe_25_4TRACK_TAPE_Mockup_v1_1b-600x299.png 600w\" sizes=\"auto, (max-width: 1500px) 100vw, 1500px\" \/><\/p>\n<p>&nbsp;<\/p>\n<h3 style=\"font-weight: 400;\"><strong>Musicians:<\/strong><\/h3>\n<p style=\"font-weight: 400;\"><strong>Attila \u00c9gerh\u00e1zi<\/strong> guitar, percussion, vocal<br \/>\n<strong>Tam\u00e1s Barab\u00e1s<\/strong> bass guitar<br \/>\n<strong>\u00c1ron-Ko\u00f3s Hut\u00e1s<\/strong> trumpet, flugelhorn<br \/>\n<strong>P\u00e9ter Kasz\u00e1s<\/strong> drums, vocal<br \/>\n<strong>J\u00e1nos Nagy<\/strong> keyboards<\/p>\n<p style=\"font-weight: 400;\">with<\/p>\n<p style=\"font-weight: 400;\"><strong>Ferenc Muck<\/strong> saxes, Yamaha YDS-150<br \/>\n<strong>Tibor Karvaly<\/strong> electric violin<br \/>\n<strong>L\u00e1szl\u00f3 Szab\u00f3<\/strong> sitar, guitar<br \/>\n<strong>Zolt\u00e1n Kov\u00e1cs<\/strong> keyboards<br \/>\n<strong>Ferenc Kov\u00e1cs<\/strong> violin<br \/>\n<strong>Andr\u00e1s Sipos<\/strong> pre-recorded percussion<br \/>\n<strong>Steve Hackett<\/strong> pre-recorded guitar and story telling<\/p>\n<h3 style=\"font-weight: 400;\"><strong>Tracklist<\/strong><\/h3>\n<h3 style=\"font-weight: 400;\">Side A<\/h3>\n<p style=\"font-weight: 400;\">1. First Step (intro)<br \/>\n2. D\u00e9j\u00e0 Vu<br \/>\n3. Underwater Sunlight<br \/>\n4. Coffee Break<br \/>\n5. Witchi Tai To<br \/>\n6. Reproach<br \/>\n7. Sheafs Are Dancing<br \/>\n8. InThat Quiet Earth<br \/>\n9. Distant Dance<\/p>\n<h3 style=\"font-weight: 400;\">Side B<\/h3>\n<p style=\"font-weight: 400;\">1. In Gyimes<br \/>\n2. Beginning Of Legends<br \/>\n3. The Magic Stag<br \/>\n4. Uncertain Time<br \/>\n5. Power Of Wings<br \/>\n6. Slices Of Life<br \/>\n7. Down By The Lakeside<br \/>\n8. 4000<\/p>\n<p><iframe loading=\"lazy\" title=\"Djabe - Underwater Sunlight\" width=\"900\" height=\"506\" src=\"https:\/\/www.youtube.com\/embed\/SWfvGyUck_k?feature=oembed\" frameborder=\"0\" allow=\"accelerometer; autoplay; clipboard-write; encrypted-media; gyroscope; picture-in-picture; web-share\" referrerpolicy=\"strict-origin-when-cross-origin\" allowfullscreen><\/iframe><\/p>\n<p><iframe loading=\"lazy\" title=\"Djabe25 - Slices of Life\" width=\"900\" height=\"506\" src=\"https:\/\/www.youtube.com\/embed\/I9jd9TBBQvg?feature=oembed\" frameborder=\"0\" allow=\"accelerometer; autoplay; clipboard-write; encrypted-media; gyroscope; picture-in-picture; web-share\" referrerpolicy=\"strict-origin-when-cross-origin\" allowfullscreen><\/iframe><\/p>\n<p>https:\/\/www.youtube.com\/watch?v=OKvBT20vqEI<\/p>","protected":false},"excerpt":{"rendered":"<h1 style=\"font-weight: 400; text-align: center;\"><strong>DJABE25<\/strong><\/h1>\n<p style=\"font-weight: 400;\"><strong>DJABE25 &#8211; Anniversary Show in Budapest<\/strong><\/p>\n<div><span lang=\"HU\"><strong>4 track reel-to-reel, GR-191-6<\/strong> <\/span><\/div>\n<p style=\"font-weight: 400;\"><strong>RTM LPR35 tape, 19 cm\/s, plastic reel, hinged box with sticker<\/strong><\/p>\n<div>\n<p style=\"font-weight: 400;\">At the DJABE25 concert, all historic line-up of Djabe played selected songs from the first album released in 1996 to the 2020 album The Magic Stag. The live album thus has a very unique tracklist, including several rarely played compositions. These include D\u00e9j\u00e0 Vu, Underwater Sunlight, Reproach, and Slices of Life.<\/p>\n[embed]https:\/\/www.youtube.com\/watch?v=GtI5Y3wYCF4[\/embed]\n<\/div>\n<h1 style=\"font-weight: 400; text-align: center;\"><strong>DJABE25<\/strong><\/h1>\n<p style=\"font-weight: 400;\"><strong>DJABE25 &#8211; Anniversary Show in Budapest<\/strong><\/p>\n<div><span lang=\"HU\"><strong>4 track reel-to-reel, GR-191-6<\/strong> <\/span><\/div>\n<p style=\"font-weight: 400;\"><strong>RTM LPR35 tape, 19 cm\/s, plastic reel, hinged box with sticker<\/strong><\/p>\n<div>\n<p style=\"font-weight: 400;\">At the DJABE25 concert, all historic line-up of Djabe played selected songs from the first album released in 1996 to the 2020 album The Magic Stag. The live album thus has a very unique tracklist, including several rarely played compositions. These include D\u00e9j\u00e0 Vu, Underwater Sunlight, Reproach, and Slices of Life.<\/p>\n[embed]https:\/\/www.youtube.com\/watch?v=GtI5Y3wYCF4[\/embed]\n<\/div>\n","protected":false},"featured_media":12166,"template":"","meta":[],"product_brand":[],"product_cat":[57],"product_tag":[],"class_list":{"0":"post-12159","1":"product","2":"type-product","3":"status-publish","4":"has-post-thumbnail","6":"product_cat-reel-to-reel","7":"repupress_customize_woocommerce_productom_class","9":"first","10":"instock","11":"shipping-taxable","12":"purchasable","13":"product-type-simple"},"yoast_head":"<!-- This site is optimized with the Yoast SEO plugin v27.2 - https:\/\/yoast.com\/product\/yoast-seo-wordpress\/ -->\n<title>Djabe25 (4 Track Reel-to-reel) - Djabe<\/title>\n<meta name=\"robots\" content=\"index, follow, max-snippet:-1, max-image-preview:large, max-video-preview:-1\" \/>\n<link rel=\"canonical\" href=\"https:\/\/djabe.hu\/uzlet\/djabe25-4-track-reel-to-reel\/\" \/>\n<meta property=\"og:locale\" content=\"en_US\" \/>\n<meta property=\"og:type\" content=\"article\" \/>\n<meta property=\"og:title\" content=\"Djabe25 (4 Track Reel-to-reel) - Djabe\" \/>\n<meta property=\"og:description\" content=\"[:hu][:hu] DJABE25 DJABE25 - Anniversary Show in Budapest RTM LPR35 tape, 19 cm\/s, plastic reel, hinged box with sticker A DJABE25 koncerten a zenekar minden fel\u00e1ll\u00e1sa megsz\u00f3lalt az els\u0151 1996-os lemezt\u0151l a 2020-as The Magic Stag-ig. A kiadv\u00e1ny anyaga \u00edgy nagyon egyedi tracklist\u00e1val rendelkezik, j\u00f3n\u00e9h\u00e1ny nagyon ritk\u00e1n j\u00e1tszott kompoz\u00edci\u00f3 is elhangzott. Ilyen pl a D\u00e9j\u00e0 Vu, az Underwater Sunlight, a Reproach \u00e9s a Slices of Life is.       [:en] DJABE25 DJABE25 - Anniversary Show in Budapest  4 track reel-to-reel, GR-191-6  RTM LPR35 tape, 19 cm\/s, plastic reel, hinged box with sticker   At the DJABE25 concert, all historic line-up of Djabe played selected songs from the first album released in 1996 to the 2020 album The Magic Stag. The live album thus has a very unique tracklist, including several rarely played compositions. These include D\u00e9j\u00e0 Vu, Underwater Sunlight, Reproach, and Slices of Life.    [:][:en]DJABE25 DJABE25 - Anniversary Show in Budapest  4 track reel-to-reel, GR-191-6  RTM LPR35 tape, 19 cm\/s, plastic reel, hinged box with sticker   At the DJABE25 concert, all historic line-up of Djabe played selected songs from the first album released in 1996 to the 2020 album The Magic Stag. The live album thus has a very unique tracklist, including several rarely played compositions. These include D\u00e9j\u00e0 Vu, Underwater Sunlight, Reproach, and Slices of Life.   [:]\" \/>\n<meta property=\"og:url\" content=\"https:\/\/djabe.hu\/uzlet\/djabe25-4-track-reel-to-reel\/\" \/>\n<meta property=\"og:site_name\" content=\"Djabe\" \/>\n<meta property=\"article:modified_time\" content=\"2026-03-29T09:10:48+00:00\" \/>\n<meta property=\"og:image\" content=\"https:\/\/djabe.hu\/wp-content\/uploads\/2025\/11\/Djabe_25_4TRACK_TAPE_Mockup_v1_1b.png\" \/>\n\t<meta property=\"og:image:width\" content=\"1500\" \/>\n\t<meta property=\"og:image:height\" content=\"748\" \/>\n\t<meta property=\"og:image:type\" content=\"image\/png\" \/>\n<meta name=\"twitter:card\" content=\"summary_large_image\" \/>\n<meta name=\"twitter:image\" content=\"https:\/\/djabe.hu\/wp-content\/uploads\/2025\/11\/Djabe_25_4TRACK_TAPE_Mockup_v1_1b.png\" \/>\n<meta name=\"twitter:label1\" content=\"Est. reading time\" \/>\n\t<meta name=\"twitter:data1\" content=\"2 minutes\" \/>\n<script type=\"application\/ld+json\" class=\"yoast-schema-graph\">{\"@context\":\"https:\/\/schema.org\",\"@graph\":[{\"@type\":\"WebPage\",\"@id\":\"https:\/\/djabe.hu\/uzlet\/djabe25-4-track-reel-to-reel\/\",\"url\":\"https:\/\/djabe.hu\/uzlet\/djabe25-4-track-reel-to-reel\/\",\"name\":\"Djabe25 (4 Track Reel-to-reel) - Djabe\",\"isPartOf\":{\"@id\":\"https:\/\/djabe.hu\/en\/#website\"},\"primaryImageOfPage\":{\"@id\":\"https:\/\/djabe.hu\/uzlet\/djabe25-4-track-reel-to-reel\/#primaryimage\"},\"image\":{\"@id\":\"https:\/\/djabe.hu\/uzlet\/djabe25-4-track-reel-to-reel\/#primaryimage\"},\"thumbnailUrl\":\"https:\/\/djabe.hu\/wp-content\/uploads\/2025\/11\/Djabe_25_4TRACK_TAPE_Mockup_v1_2b.png\",\"datePublished\":\"2025-11-18T08:41:10+00:00\",\"dateModified\":\"2026-03-29T09:10:48+00:00\",\"breadcrumb\":{\"@id\":\"https:\/\/djabe.hu\/uzlet\/djabe25-4-track-reel-to-reel\/#breadcrumb\"},\"inLanguage\":\"en-US\",\"potentialAction\":[{\"@type\":\"ReadAction\",\"target\":[\"https:\/\/djabe.hu\/uzlet\/djabe25-4-track-reel-to-reel\/\"]}]},{\"@type\":\"ImageObject\",\"inLanguage\":\"en-US\",\"@id\":\"https:\/\/djabe.hu\/uzlet\/djabe25-4-track-reel-to-reel\/#primaryimage\",\"url\":\"https:\/\/djabe.hu\/wp-content\/uploads\/2025\/11\/Djabe_25_4TRACK_TAPE_Mockup_v1_2b.png\",\"contentUrl\":\"https:\/\/djabe.hu\/wp-content\/uploads\/2025\/11\/Djabe_25_4TRACK_TAPE_Mockup_v1_2b.png\",\"width\":1500,\"height\":1500},{\"@type\":\"BreadcrumbList\",\"@id\":\"https:\/\/djabe.hu\/uzlet\/djabe25-4-track-reel-to-reel\/#breadcrumb\",\"itemListElement\":[{\"@type\":\"ListItem\",\"position\":1,\"name\":\"Home\",\"item\":\"https:\/\/djabe.hu\/en\/\"},{\"@type\":\"ListItem\",\"position\":2,\"name\":\"\u00c1ruh\u00e1z\",\"item\":\"https:\/\/djabe.hu\/uzlet\/\"},{\"@type\":\"ListItem\",\"position\":3,\"name\":\"Djabe25 (4 Track Reel-to-reel)\"}]},{\"@type\":\"WebSite\",\"@id\":\"https:\/\/djabe.hu\/en\/#website\",\"url\":\"https:\/\/djabe.hu\/en\/\",\"name\":\"Djabe\",\"description\":\"Official site\",\"potentialAction\":[{\"@type\":\"SearchAction\",\"target\":{\"@type\":\"EntryPoint\",\"urlTemplate\":\"https:\/\/djabe.hu\/en\/?s={search_term_string}\"},\"query-input\":{\"@type\":\"PropertyValueSpecification\",\"valueRequired\":true,\"valueName\":\"search_term_string\"}}],\"inLanguage\":\"en-US\"}]}<\/script>\n<!-- \/ Yoast SEO plugin. -->","yoast_head_json":{"title":"Djabe25 (4 Track Reel-to-reel) - Djabe","robots":{"index":"index","follow":"follow","max-snippet":"max-snippet:-1","max-image-preview":"max-image-preview:large","max-video-preview":"max-video-preview:-1"},"canonical":"https:\/\/djabe.hu\/uzlet\/djabe25-4-track-reel-to-reel\/","og_locale":"en_US","og_type":"article","og_title":"Djabe25 (4 Track Reel-to-reel) - Djabe","og_description":"[:hu][:hu] DJABE25 DJABE25 - Anniversary Show in Budapest RTM LPR35 tape, 19 cm\/s, plastic reel, hinged box with sticker A DJABE25 koncerten a zenekar minden fel\u00e1ll\u00e1sa megsz\u00f3lalt az els\u0151 1996-os lemezt\u0151l a 2020-as The Magic Stag-ig. A kiadv\u00e1ny anyaga \u00edgy nagyon egyedi tracklist\u00e1val rendelkezik, j\u00f3n\u00e9h\u00e1ny nagyon ritk\u00e1n j\u00e1tszott kompoz\u00edci\u00f3 is elhangzott. Ilyen pl a D\u00e9j\u00e0 Vu, az Underwater Sunlight, a Reproach \u00e9s a Slices of Life is.       [:en] DJABE25 DJABE25 - Anniversary Show in Budapest  4 track reel-to-reel, GR-191-6  RTM LPR35 tape, 19 cm\/s, plastic reel, hinged box with sticker   At the DJABE25 concert, all historic line-up of Djabe played selected songs from the first album released in 1996 to the 2020 album The Magic Stag. The live album thus has a very unique tracklist, including several rarely played compositions. These include D\u00e9j\u00e0 Vu, Underwater Sunlight, Reproach, and Slices of Life.    [:][:en]DJABE25 DJABE25 - Anniversary Show in Budapest  4 track reel-to-reel, GR-191-6  RTM LPR35 tape, 19 cm\/s, plastic reel, hinged box with sticker   At the DJABE25 concert, all historic line-up of Djabe played selected songs from the first album released in 1996 to the 2020 album The Magic Stag. The live album thus has a very unique tracklist, including several rarely played compositions. These include D\u00e9j\u00e0 Vu, Underwater Sunlight, Reproach, and Slices of Life.   [:]","og_url":"https:\/\/djabe.hu\/uzlet\/djabe25-4-track-reel-to-reel\/","og_site_name":"Djabe","article_modified_time":"2026-03-29T09:10:48+00:00","og_image":[{"width":1500,"height":748,"url":"https:\/\/djabe.hu\/wp-content\/uploads\/2025\/11\/Djabe_25_4TRACK_TAPE_Mockup_v1_1b.png","type":"image\/png"}],"twitter_card":"summary_large_image","twitter_image":"https:\/\/djabe.hu\/wp-content\/uploads\/2025\/11\/Djabe_25_4TRACK_TAPE_Mockup_v1_1b.png","twitter_misc":{"Est. reading time":"2 minutes"},"schema":{"@context":"https:\/\/schema.org","@graph":[{"@type":"WebPage","@id":"https:\/\/djabe.hu\/uzlet\/djabe25-4-track-reel-to-reel\/","url":"https:\/\/djabe.hu\/uzlet\/djabe25-4-track-reel-to-reel\/","name":"Djabe25 (4 Track Reel-to-reel) - Djabe","isPartOf":{"@id":"https:\/\/djabe.hu\/en\/#website"},"primaryImageOfPage":{"@id":"https:\/\/djabe.hu\/uzlet\/djabe25-4-track-reel-to-reel\/#primaryimage"},"image":{"@id":"https:\/\/djabe.hu\/uzlet\/djabe25-4-track-reel-to-reel\/#primaryimage"},"thumbnailUrl":"https:\/\/djabe.hu\/wp-content\/uploads\/2025\/11\/Djabe_25_4TRACK_TAPE_Mockup_v1_2b.png","datePublished":"2025-11-18T08:41:10+00:00","dateModified":"2026-03-29T09:10:48+00:00","breadcrumb":{"@id":"https:\/\/djabe.hu\/uzlet\/djabe25-4-track-reel-to-reel\/#breadcrumb"},"inLanguage":"en-US","potentialAction":[{"@type":"ReadAction","target":["https:\/\/djabe.hu\/uzlet\/djabe25-4-track-reel-to-reel\/"]}]},{"@type":"ImageObject","inLanguage":"en-US","@id":"https:\/\/djabe.hu\/uzlet\/djabe25-4-track-reel-to-reel\/#primaryimage","url":"https:\/\/djabe.hu\/wp-content\/uploads\/2025\/11\/Djabe_25_4TRACK_TAPE_Mockup_v1_2b.png","contentUrl":"https:\/\/djabe.hu\/wp-content\/uploads\/2025\/11\/Djabe_25_4TRACK_TAPE_Mockup_v1_2b.png","width":1500,"height":1500},{"@type":"BreadcrumbList","@id":"https:\/\/djabe.hu\/uzlet\/djabe25-4-track-reel-to-reel\/#breadcrumb","itemListElement":[{"@type":"ListItem","position":1,"name":"Home","item":"https:\/\/djabe.hu\/en\/"},{"@type":"ListItem","position":2,"name":"\u00c1ruh\u00e1z","item":"https:\/\/djabe.hu\/uzlet\/"},{"@type":"ListItem","position":3,"name":"Djabe25 (4 Track Reel-to-reel)"}]},{"@type":"WebSite","@id":"https:\/\/djabe.hu\/en\/#website","url":"https:\/\/djabe.hu\/en\/","name":"Djabe","description":"Official site","potentialAction":[{"@type":"SearchAction","target":{"@type":"EntryPoint","urlTemplate":"https:\/\/djabe.hu\/en\/?s={search_term_string}"},"query-input":{"@type":"PropertyValueSpecification","valueRequired":true,"valueName":"search_term_string"}}],"inLanguage":"en-US"}]}},"jetpack_sharing_enabled":true,"_links":{"self":[{"href":"https:\/\/djabe.hu\/en\/wp-json\/wp\/v2\/product\/12159","targetHints":{"allow":["GET"]}}],"collection":[{"href":"https:\/\/djabe.hu\/en\/wp-json\/wp\/v2\/product"}],"about":[{"href":"https:\/\/djabe.hu\/en\/wp-json\/wp\/v2\/types\/product"}],"wp:featuredmedia":[{"embeddable":true,"href":"https:\/\/djabe.hu\/en\/wp-json\/wp\/v2\/media\/12166"}],"wp:attachment":[{"href":"https:\/\/djabe.hu\/en\/wp-json\/wp\/v2\/media?parent=12159"}],"wp:term":[{"taxonomy":"product_brand","embeddable":true,"href":"https:\/\/djabe.hu\/en\/wp-json\/wp\/v2\/product_brand?post=12159"},{"taxonomy":"product_cat","embeddable":true,"href":"https:\/\/djabe.hu\/en\/wp-json\/wp\/v2\/product_cat?post=12159"},{"taxonomy":"product_tag","embeddable":true,"href":"https:\/\/djabe.hu\/en\/wp-json\/wp\/v2\/product_tag?post=12159"}],"curies":[{"name":"wp","href":"https:\/\/api.w.org\/{rel}","templated":true}]}}