{"id":12072,"date":"2025-10-10T15:37:02","date_gmt":"2025-10-10T14:37:02","guid":{"rendered":"https:\/\/djabe.hu\/?post_type=product&#038;p=12072"},"modified":"2025-12-08T11:16:58","modified_gmt":"2025-12-08T10:16:58","slug":"egerhazi-imre-a-xx-szazadi-alfoldi-festeszet-mestere","status":"publish","type":"product","link":"https:\/\/djabe.hu\/en\/uzlet\/egerhazi-imre-a-xx-szazadi-alfoldi-festeszet-mestere\/","title":{"rendered":"Imre \u00c9gerh\u00e1zi, master of 20th-century Great Plain painting"},"content":{"rendered":"<p><img loading=\"lazy\" decoding=\"async\" class=\"aligncenter size-full wp-image-12075\" src=\"https:\/\/djabe.hu\/wp-content\/uploads\/2025\/10\/Egerhazi_Imre_konyv_Mockup_3.png\" alt=\"\" width=\"2000\" height=\"1500\" srcset=\"https:\/\/djabe.hu\/wp-content\/uploads\/2025\/10\/Egerhazi_Imre_konyv_Mockup_3.png 2000w, https:\/\/djabe.hu\/wp-content\/uploads\/2025\/10\/Egerhazi_Imre_konyv_Mockup_3-300x225.png 300w, https:\/\/djabe.hu\/wp-content\/uploads\/2025\/10\/Egerhazi_Imre_konyv_Mockup_3-1024x768.png 1024w, https:\/\/djabe.hu\/wp-content\/uploads\/2025\/10\/Egerhazi_Imre_konyv_Mockup_3-768x576.png 768w, https:\/\/djabe.hu\/wp-content\/uploads\/2025\/10\/Egerhazi_Imre_konyv_Mockup_3-1536x1152.png 1536w, https:\/\/djabe.hu\/wp-content\/uploads\/2025\/10\/Egerhazi_Imre_konyv_Mockup_3-600x450.png 600w\" sizes=\"auto, (max-width: 2000px) 100vw, 2000px\" \/><\/p>\n<p style=\"font-weight: 400;\">Painter Imre \u00c9gerh\u00e1zi was born hundred years ago. This representative publication summarises the most important visual and textual information about the artist, who was a master of 20th-century painting in the Great Plain. Born in Hajd\u00fahadh\u00e1z, he became a painter in Debrecen and a profound chronicler of the Hajd\u00fas\u00e1g region and the Hortob\u00e1gy. An excellent art organizer who travelled extensively around the world, his art is an integral part of his work in artist colonies, among which his Transylvanian paintings stand out. In the year of his centenary, MODEM in Debrecen commemorated his work with a retrospective exhibition. This time, interested readers can pick up the large-scale book edited by Attila \u00c9gerh\u00e1zi, which also expresses an important commitment to art history with its mission to fill a gap.<\/p>\n<p style=\"font-weight: 400;\"><em>Bal\u00e1zs Feledy<\/em><br \/>\n<em>art writer<\/em><\/p>\n<p style=\"font-weight: 400;\">&#8220;This art album is the culmination of 24 years of work. Reproductions of 701 works and 113 photographs illustrate my book presenting the life and artistic career of Imre \u00c9gerh\u00e1zi. For 24 years, I have been documenting, collecting, researching, and processing my father&#8217;s artistic and art organizational legacy. From the very beginning, I insisted on using professional photography and image processing methods so that this comprehensive work could be produced in the best possible quality. With the help of the family legacy, institutional materials, and private collections, the paintings and graphics presented here provide a complete picture of Imre \u00c9gerh\u00e1zi&#8217;s art in terms of technique, content, and history. In the book, I have used contemporary and present-day critiques, reviews, and other writings by outstanding experts and renowned writers in order to authentically present the development of his unique painting style, not only in terms of the end result, but also in terms of the creative process. In many places, my father recounts the important milestones in his own words, painting the most authentic picture possible.<\/p>\n<p style=\"font-weight: 400;\">It has magical significance for me that we are sending the book to press on September 2, exactly on the 100th anniversary of Imre \u00c9gerh\u00e1zi&#8217;s birth.<\/p>\n<p style=\"font-weight: 400;\">Budapest, September 2, 2025.<\/p>\n<p><em><span style=\"font-weight: 400;\">Attila \u00c9gerh\u00e1zi<br \/>\nDjabe<\/span><\/em><\/p>\n<p><img loading=\"lazy\" decoding=\"async\" class=\"aligncenter size-full wp-image-12074\" src=\"https:\/\/djabe.hu\/wp-content\/uploads\/2025\/10\/Egerhazi_Imre_konyv_Mockup_2.png\" alt=\"\" width=\"2000\" height=\"1500\" srcset=\"https:\/\/djabe.hu\/wp-content\/uploads\/2025\/10\/Egerhazi_Imre_konyv_Mockup_2.png 2000w, https:\/\/djabe.hu\/wp-content\/uploads\/2025\/10\/Egerhazi_Imre_konyv_Mockup_2-300x225.png 300w, https:\/\/djabe.hu\/wp-content\/uploads\/2025\/10\/Egerhazi_Imre_konyv_Mockup_2-1024x768.png 1024w\" sizes=\"auto, (max-width: 2000px) 100vw, 2000px\" \/><\/p>\n<h3><strong>The book will be presented at several locations across the country during November.<\/strong><\/h3>\n<p>November 4, 6 p.m., Debrecen, Modem \u2013 with the participation of Attila \u00c9gerh\u00e1zi, Bal\u00e1zs Feledy, Rudolf Vel\u00e9nyi, and Lajos Arany.<br \/>\nAddress: 4026 Debrecen, Hunyadi J\u00e1nos u. 1-3.<\/p>\n<p>November 5, 4 p.m., Hajd\u00fahadh\u00e1z, F\u00f6ldi J\u00e1nos Library \u2013 with the participation of Attila \u00c9gerh\u00e1zi, Bal\u00e1zs Feledy, Rudolf Vel\u00e9nyi, Lajos Arany, Djabe band<br \/>\nAddress: 4242 Hajd\u00fahadh\u00e1z, Dr. F\u00f6ldi J\u00e1nos u. 8.<\/p>\n<p><strong>Admission to the presentations is free of charge, no registration is required. The book can be purchased at the venues.<\/strong><\/p>\n<p><img loading=\"lazy\" decoding=\"async\" class=\"aligncenter size-full wp-image-12076\" src=\"https:\/\/djabe.hu\/wp-content\/uploads\/2025\/10\/Egerhazi_Imre_konyv_Mockup_4.png\" alt=\"\" width=\"2000\" height=\"1500\" srcset=\"https:\/\/djabe.hu\/wp-content\/uploads\/2025\/10\/Egerhazi_Imre_konyv_Mockup_4.png 2000w, https:\/\/djabe.hu\/wp-content\/uploads\/2025\/10\/Egerhazi_Imre_konyv_Mockup_4-300x225.png 300w, https:\/\/djabe.hu\/wp-content\/uploads\/2025\/10\/Egerhazi_Imre_konyv_Mockup_4-1024x768.png 1024w, https:\/\/djabe.hu\/wp-content\/uploads\/2025\/10\/Egerhazi_Imre_konyv_Mockup_4-768x576.png 768w, https:\/\/djabe.hu\/wp-content\/uploads\/2025\/10\/Egerhazi_Imre_konyv_Mockup_4-1536x1152.png 1536w, https:\/\/djabe.hu\/wp-content\/uploads\/2025\/10\/Egerhazi_Imre_konyv_Mockup_4-600x450.png 600w\" sizes=\"auto, (max-width: 2000px) 100vw, 2000px\" \/><\/p>","protected":false},"excerpt":{"rendered":"<h2><strong>Attila \u00c9gerh\u00e1zi&#8217;s book on his father&#8217;s art and his work in world of art.<\/strong><\/h2>\n<h3 style=\"font-weight: 400;\">It is a hardcover book with 424 pages, illustrated with 701 paintings and 113 photographs.<\/h3>\n<h3 style=\"font-weight: 400;\">Imre \u00c9gerh\u00e1zi&#8217;s own thoughts and stories are supplemented with writings by contemporary and present-day critics, artists, and art writers.<\/h3>\n","protected":false},"featured_media":12079,"template":"","meta":[],"product_brand":[],"product_cat":[44],"product_tag":[],"class_list":{"0":"post-12072","1":"product","2":"type-product","3":"status-publish","4":"has-post-thumbnail","6":"product_cat-konyv","7":"repupress_customize_woocommerce_productom_class","9":"first","10":"instock","11":"shipping-taxable","12":"purchasable","13":"product-type-simple"},"yoast_head":"<!-- This site is optimized with the Yoast SEO plugin v27.2 - https:\/\/yoast.com\/product\/yoast-seo-wordpress\/ -->\n<title>Imre \u00c9gerh\u00e1zi, master of 20th-century Great Plain painting - Djabe<\/title>\n<meta name=\"robots\" content=\"index, follow, max-snippet:-1, max-image-preview:large, max-video-preview:-1\" \/>\n<link rel=\"canonical\" href=\"https:\/\/djabe.hu\/uzlet\/egerhazi-imre-a-xx-szazadi-alfoldi-festeszet-mestere\/\" \/>\n<meta property=\"og:locale\" content=\"en_US\" \/>\n<meta property=\"og:type\" content=\"article\" \/>\n<meta property=\"og:title\" content=\"Imre \u00c9gerh\u00e1zi, master of 20th-century Great Plain painting - Djabe\" \/>\n<meta property=\"og:description\" content=\"[:hu]\u00c9gerh\u00e1zi Attila \u00e9letm\u0171-k\u00f6nyve \u00e9desapj\u00e1nak m\u0171v\u00e9szet\u00e9r\u0151l \u00e9s m\u0171v\u00e9szeti szervez\u0151 tev\u00e9kenys\u00e9g\u00e9r\u0151l. Kem\u00e9nyfedeles k\u00f6t\u00e9sben 424 oldalon 701 festm\u00e9nnyel \u00e9s 113 fot\u00f3val illusztr\u00e1lt k\u00f6nyv. \u00c9gerh\u00e1zi Imre saj\u00e1t gondolatai valamint \u00e9lm\u00e9nyei korabeli \u00e9s mai kritikusok, m\u0171v\u00e9szek \u00e9s m\u0171v\u00e9szeti \u00edr\u00f3k \u00edr\u00e1saival kieg\u00e9sz\u00edtve.[:en]Attila \u00c9gerh\u00e1zi&#039;s book on his father&#039;s art and his work in world of art. It is a hardcover book with 424 pages, illustrated with 701 paintings and 113 photographs. Imre \u00c9gerh\u00e1zi&#039;s own thoughts and stories are supplemented with writings by contemporary and present-day critics, artists, and art writers.[:]\" \/>\n<meta property=\"og:url\" content=\"https:\/\/djabe.hu\/uzlet\/egerhazi-imre-a-xx-szazadi-alfoldi-festeszet-mestere\/\" \/>\n<meta property=\"og:site_name\" content=\"Djabe\" \/>\n<meta property=\"article:modified_time\" content=\"2025-12-08T10:16:58+00:00\" \/>\n<meta property=\"og:image\" content=\"https:\/\/djabe.hu\/wp-content\/uploads\/2025\/10\/Egerhazi_Imre_konyv_Mockup_1.png\" \/>\n\t<meta property=\"og:image:width\" content=\"2000\" \/>\n\t<meta property=\"og:image:height\" content=\"1500\" \/>\n\t<meta property=\"og:image:type\" content=\"image\/png\" \/>\n<meta name=\"twitter:card\" content=\"summary_large_image\" \/>\n<meta name=\"twitter:image\" content=\"https:\/\/djabe.hu\/wp-content\/uploads\/2025\/10\/Egerhazi_Imre_konyv_Mockup_1.png\" \/>\n<meta name=\"twitter:label1\" content=\"Est. reading time\" \/>\n\t<meta name=\"twitter:data1\" content=\"3 minutes\" \/>\n<script type=\"application\/ld+json\" class=\"yoast-schema-graph\">{\"@context\":\"https:\/\/schema.org\",\"@graph\":[{\"@type\":\"WebPage\",\"@id\":\"https:\/\/djabe.hu\/uzlet\/egerhazi-imre-a-xx-szazadi-alfoldi-festeszet-mestere\/\",\"url\":\"https:\/\/djabe.hu\/uzlet\/egerhazi-imre-a-xx-szazadi-alfoldi-festeszet-mestere\/\",\"name\":\"Imre \u00c9gerh\u00e1zi, master of 20th-century Great Plain painting - Djabe\",\"isPartOf\":{\"@id\":\"https:\/\/djabe.hu\/en\/#website\"},\"primaryImageOfPage\":{\"@id\":\"https:\/\/djabe.hu\/uzlet\/egerhazi-imre-a-xx-szazadi-alfoldi-festeszet-mestere\/#primaryimage\"},\"image\":{\"@id\":\"https:\/\/djabe.hu\/uzlet\/egerhazi-imre-a-xx-szazadi-alfoldi-festeszet-mestere\/#primaryimage\"},\"thumbnailUrl\":\"https:\/\/djabe.hu\/wp-content\/uploads\/2025\/10\/Egerhazi_Imre_konyv_Mockup_1b.png\",\"datePublished\":\"2025-10-10T14:37:02+00:00\",\"dateModified\":\"2025-12-08T10:16:58+00:00\",\"breadcrumb\":{\"@id\":\"https:\/\/djabe.hu\/uzlet\/egerhazi-imre-a-xx-szazadi-alfoldi-festeszet-mestere\/#breadcrumb\"},\"inLanguage\":\"en-US\",\"potentialAction\":[{\"@type\":\"ReadAction\",\"target\":[\"https:\/\/djabe.hu\/uzlet\/egerhazi-imre-a-xx-szazadi-alfoldi-festeszet-mestere\/\"]}]},{\"@type\":\"ImageObject\",\"inLanguage\":\"en-US\",\"@id\":\"https:\/\/djabe.hu\/uzlet\/egerhazi-imre-a-xx-szazadi-alfoldi-festeszet-mestere\/#primaryimage\",\"url\":\"https:\/\/djabe.hu\/wp-content\/uploads\/2025\/10\/Egerhazi_Imre_konyv_Mockup_1b.png\",\"contentUrl\":\"https:\/\/djabe.hu\/wp-content\/uploads\/2025\/10\/Egerhazi_Imre_konyv_Mockup_1b.png\",\"width\":1500,\"height\":1500},{\"@type\":\"BreadcrumbList\",\"@id\":\"https:\/\/djabe.hu\/uzlet\/egerhazi-imre-a-xx-szazadi-alfoldi-festeszet-mestere\/#breadcrumb\",\"itemListElement\":[{\"@type\":\"ListItem\",\"position\":1,\"name\":\"Home\",\"item\":\"https:\/\/djabe.hu\/en\/\"},{\"@type\":\"ListItem\",\"position\":2,\"name\":\"\u00c1ruh\u00e1z\",\"item\":\"https:\/\/djabe.hu\/uzlet\/\"},{\"@type\":\"ListItem\",\"position\":3,\"name\":\"[:hu]\u00c9gerh\u00e1zi Imre a XX. sz\u00e1zadi alf\u00f6ldi fest\u00e9szet mestere[:en]Imre \u00c9gerh\u00e1zi, master of 20th-century Great Plain painting[:]\"}]},{\"@type\":\"WebSite\",\"@id\":\"https:\/\/djabe.hu\/en\/#website\",\"url\":\"https:\/\/djabe.hu\/en\/\",\"name\":\"Djabe\",\"description\":\"Official site\",\"potentialAction\":[{\"@type\":\"SearchAction\",\"target\":{\"@type\":\"EntryPoint\",\"urlTemplate\":\"https:\/\/djabe.hu\/en\/?s={search_term_string}\"},\"query-input\":{\"@type\":\"PropertyValueSpecification\",\"valueRequired\":true,\"valueName\":\"search_term_string\"}}],\"inLanguage\":\"en-US\"}]}<\/script>\n<!-- \/ Yoast SEO plugin. -->","yoast_head_json":{"title":"Imre \u00c9gerh\u00e1zi, master of 20th-century Great Plain painting - Djabe","robots":{"index":"index","follow":"follow","max-snippet":"max-snippet:-1","max-image-preview":"max-image-preview:large","max-video-preview":"max-video-preview:-1"},"canonical":"https:\/\/djabe.hu\/uzlet\/egerhazi-imre-a-xx-szazadi-alfoldi-festeszet-mestere\/","og_locale":"en_US","og_type":"article","og_title":"Imre \u00c9gerh\u00e1zi, master of 20th-century Great Plain painting - Djabe","og_description":"[:hu]\u00c9gerh\u00e1zi Attila \u00e9letm\u0171-k\u00f6nyve \u00e9desapj\u00e1nak m\u0171v\u00e9szet\u00e9r\u0151l \u00e9s m\u0171v\u00e9szeti szervez\u0151 tev\u00e9kenys\u00e9g\u00e9r\u0151l. Kem\u00e9nyfedeles k\u00f6t\u00e9sben 424 oldalon 701 festm\u00e9nnyel \u00e9s 113 fot\u00f3val illusztr\u00e1lt k\u00f6nyv. \u00c9gerh\u00e1zi Imre saj\u00e1t gondolatai valamint \u00e9lm\u00e9nyei korabeli \u00e9s mai kritikusok, m\u0171v\u00e9szek \u00e9s m\u0171v\u00e9szeti \u00edr\u00f3k \u00edr\u00e1saival kieg\u00e9sz\u00edtve.[:en]Attila \u00c9gerh\u00e1zi's book on his father's art and his work in world of art. It is a hardcover book with 424 pages, illustrated with 701 paintings and 113 photographs. Imre \u00c9gerh\u00e1zi's own thoughts and stories are supplemented with writings by contemporary and present-day critics, artists, and art writers.[:]","og_url":"https:\/\/djabe.hu\/uzlet\/egerhazi-imre-a-xx-szazadi-alfoldi-festeszet-mestere\/","og_site_name":"Djabe","article_modified_time":"2025-12-08T10:16:58+00:00","og_image":[{"width":2000,"height":1500,"url":"https:\/\/djabe.hu\/wp-content\/uploads\/2025\/10\/Egerhazi_Imre_konyv_Mockup_1.png","type":"image\/png"}],"twitter_card":"summary_large_image","twitter_image":"https:\/\/djabe.hu\/wp-content\/uploads\/2025\/10\/Egerhazi_Imre_konyv_Mockup_1.png","twitter_misc":{"Est. reading time":"3 minutes"},"schema":{"@context":"https:\/\/schema.org","@graph":[{"@type":"WebPage","@id":"https:\/\/djabe.hu\/uzlet\/egerhazi-imre-a-xx-szazadi-alfoldi-festeszet-mestere\/","url":"https:\/\/djabe.hu\/uzlet\/egerhazi-imre-a-xx-szazadi-alfoldi-festeszet-mestere\/","name":"Imre \u00c9gerh\u00e1zi, master of 20th-century Great Plain painting - Djabe","isPartOf":{"@id":"https:\/\/djabe.hu\/en\/#website"},"primaryImageOfPage":{"@id":"https:\/\/djabe.hu\/uzlet\/egerhazi-imre-a-xx-szazadi-alfoldi-festeszet-mestere\/#primaryimage"},"image":{"@id":"https:\/\/djabe.hu\/uzlet\/egerhazi-imre-a-xx-szazadi-alfoldi-festeszet-mestere\/#primaryimage"},"thumbnailUrl":"https:\/\/djabe.hu\/wp-content\/uploads\/2025\/10\/Egerhazi_Imre_konyv_Mockup_1b.png","datePublished":"2025-10-10T14:37:02+00:00","dateModified":"2025-12-08T10:16:58+00:00","breadcrumb":{"@id":"https:\/\/djabe.hu\/uzlet\/egerhazi-imre-a-xx-szazadi-alfoldi-festeszet-mestere\/#breadcrumb"},"inLanguage":"en-US","potentialAction":[{"@type":"ReadAction","target":["https:\/\/djabe.hu\/uzlet\/egerhazi-imre-a-xx-szazadi-alfoldi-festeszet-mestere\/"]}]},{"@type":"ImageObject","inLanguage":"en-US","@id":"https:\/\/djabe.hu\/uzlet\/egerhazi-imre-a-xx-szazadi-alfoldi-festeszet-mestere\/#primaryimage","url":"https:\/\/djabe.hu\/wp-content\/uploads\/2025\/10\/Egerhazi_Imre_konyv_Mockup_1b.png","contentUrl":"https:\/\/djabe.hu\/wp-content\/uploads\/2025\/10\/Egerhazi_Imre_konyv_Mockup_1b.png","width":1500,"height":1500},{"@type":"BreadcrumbList","@id":"https:\/\/djabe.hu\/uzlet\/egerhazi-imre-a-xx-szazadi-alfoldi-festeszet-mestere\/#breadcrumb","itemListElement":[{"@type":"ListItem","position":1,"name":"Home","item":"https:\/\/djabe.hu\/en\/"},{"@type":"ListItem","position":2,"name":"\u00c1ruh\u00e1z","item":"https:\/\/djabe.hu\/uzlet\/"},{"@type":"ListItem","position":3,"name":"[:hu]\u00c9gerh\u00e1zi Imre a XX. sz\u00e1zadi alf\u00f6ldi fest\u00e9szet mestere[:en]Imre \u00c9gerh\u00e1zi, master of 20th-century Great Plain painting[:]"}]},{"@type":"WebSite","@id":"https:\/\/djabe.hu\/en\/#website","url":"https:\/\/djabe.hu\/en\/","name":"Djabe","description":"Official site","potentialAction":[{"@type":"SearchAction","target":{"@type":"EntryPoint","urlTemplate":"https:\/\/djabe.hu\/en\/?s={search_term_string}"},"query-input":{"@type":"PropertyValueSpecification","valueRequired":true,"valueName":"search_term_string"}}],"inLanguage":"en-US"}]}},"jetpack_sharing_enabled":true,"_links":{"self":[{"href":"https:\/\/djabe.hu\/en\/wp-json\/wp\/v2\/product\/12072","targetHints":{"allow":["GET"]}}],"collection":[{"href":"https:\/\/djabe.hu\/en\/wp-json\/wp\/v2\/product"}],"about":[{"href":"https:\/\/djabe.hu\/en\/wp-json\/wp\/v2\/types\/product"}],"wp:featuredmedia":[{"embeddable":true,"href":"https:\/\/djabe.hu\/en\/wp-json\/wp\/v2\/media\/12079"}],"wp:attachment":[{"href":"https:\/\/djabe.hu\/en\/wp-json\/wp\/v2\/media?parent=12072"}],"wp:term":[{"taxonomy":"product_brand","embeddable":true,"href":"https:\/\/djabe.hu\/en\/wp-json\/wp\/v2\/product_brand?post=12072"},{"taxonomy":"product_cat","embeddable":true,"href":"https:\/\/djabe.hu\/en\/wp-json\/wp\/v2\/product_cat?post=12072"},{"taxonomy":"product_tag","embeddable":true,"href":"https:\/\/djabe.hu\/en\/wp-json\/wp\/v2\/product_tag?post=12072"}],"curies":[{"name":"wp","href":"https:\/\/api.w.org\/{rel}","templated":true}]}}