{"id":11679,"date":"2025-09-02T15:49:11","date_gmt":"2025-09-02T14:49:11","guid":{"rendered":"https:\/\/djabe.hu\/?post_type=product&#038;p=11679"},"modified":"2025-12-08T11:17:13","modified_gmt":"2025-12-08T10:17:13","slug":"djabe-the-magic-stag-in-debrecen-cd","status":"publish","type":"product","link":"https:\/\/djabe.hu\/en\/uzlet\/djabe-the-magic-stag-in-debrecen-cd\/","title":{"rendered":"Djabe \u2013 The Magic Stag In Debrecen CD"},"content":{"rendered":"<p><img loading=\"lazy\" decoding=\"async\" class=\"aligncenter size-full wp-image-11681\" src=\"https:\/\/djabe.hu\/wp-content\/uploads\/2025\/09\/Djabe_A_Csodaszarvas_Debrecenben_CD_Mock-up_3.png\" alt=\"\" width=\"2000\" height=\"1200\" srcset=\"https:\/\/djabe.hu\/wp-content\/uploads\/2025\/09\/Djabe_A_Csodaszarvas_Debrecenben_CD_Mock-up_3.png 2000w, https:\/\/djabe.hu\/wp-content\/uploads\/2025\/09\/Djabe_A_Csodaszarvas_Debrecenben_CD_Mock-up_3-300x180.png 300w, https:\/\/djabe.hu\/wp-content\/uploads\/2025\/09\/Djabe_A_Csodaszarvas_Debrecenben_CD_Mock-up_3-1024x614.png 1024w, https:\/\/djabe.hu\/wp-content\/uploads\/2025\/09\/Djabe_A_Csodaszarvas_Debrecenben_CD_Mock-up_3-768x461.png 768w, https:\/\/djabe.hu\/wp-content\/uploads\/2025\/09\/Djabe_A_Csodaszarvas_Debrecenben_CD_Mock-up_3-1536x922.png 1536w, https:\/\/djabe.hu\/wp-content\/uploads\/2025\/09\/Djabe_A_Csodaszarvas_Debrecenben_CD_Mock-up_3-600x360.png 600w\" sizes=\"auto, (max-width: 2000px) 100vw, 2000px\" \/><\/p>\n<h3><strong>Musicians<\/strong><\/h3>\n<p><strong>Tam\u00e1s Barab\u00e1s<\/strong> \u2013 bass guitar<br \/>\n<strong>Attila \u00c9gerh\u00e1zi<\/strong> \u2013 guitar, percussion<br \/>\n<strong>P\u00e9ter Kasz\u00e1s<\/strong> \u2013 drums, vocal<br \/>\n<strong>\u00c1ron Ko\u00f3s-Hut\u00e1s<\/strong> \u2013 trumpet, flugelhorn<br \/>\n<strong>J\u00e1nos Nagy<\/strong> \u2013 keyboards<br \/>\n<strong>Ferenc Muck<\/strong> \u2013 saxophone, EWI<br \/>\n<strong>L\u00e1szl\u00f3 Szab\u00f3<\/strong> \u2013 sitar, guitar<br \/>\n<strong>Tibor Karvaly<\/strong> \u2013 electric violin<\/p>\n<p>&nbsp;<\/p>\n<h3><strong>Tracklist<\/strong><\/h3>\n<p>1. In Gyimes<br \/>\n2. Beginning Of Legends<br \/>\n3. The Magic Stag<br \/>\n4. Soaring Hills<br \/>\n5. Two Little Snowflakes<br \/>\n6. Power Of Wings<br \/>\n7. Uncertain Time<br \/>\n8. In Memoriam Szapi<br \/>\n9. Lava Lamp<br \/>\n10. Rising Horizon<br \/>\n11. Far Away<br \/>\n12. Down By The Lakeside<\/p>","protected":false},"excerpt":{"rendered":"<h2><strong>The Magic Stag in Debrecen &#8211; Live!<\/strong><\/h2>\n<p>This CD is a missing piece, as there is no release of The Magic Stag\u2019s 2021 album tour yet. This is a concert recording which was made at the Liszt Hall of the University of Debrecen in 2021. With the exception of two compositions all the tracks from The Magic Stag album is performed. The original studio release featured several guest musicians, Ferenc Muck on saxophone, Tibor Karvaly on violin and L\u00e1szl\u00f3 Szab\u00f3 on sitar. All the three player took part in the premiere tour, so on more than one occasion, eight musicians can be heard on stage.<\/p>\n","protected":false},"featured_media":11680,"template":"","meta":[],"product_brand":[],"product_cat":[38],"product_tag":[],"class_list":{"0":"post-11679","1":"product","2":"type-product","3":"status-publish","4":"has-post-thumbnail","6":"product_cat-cd","7":"repupress_customize_woocommerce_productom_class","9":"first","10":"instock","11":"shipping-taxable","12":"purchasable","13":"product-type-simple"},"yoast_head":"<!-- This site is optimized with the Yoast SEO plugin v27.2 - https:\/\/yoast.com\/product\/yoast-seo-wordpress\/ -->\n<title>Djabe \u2013 The Magic Stag In Debrecen CD - Djabe<\/title>\n<meta name=\"robots\" content=\"index, follow, max-snippet:-1, max-image-preview:large, max-video-preview:-1\" \/>\n<link rel=\"canonical\" href=\"https:\/\/djabe.hu\/uzlet\/djabe-the-magic-stag-in-debrecen-cd\/\" \/>\n<meta property=\"og:locale\" content=\"en_US\" \/>\n<meta property=\"og:type\" content=\"article\" \/>\n<meta property=\"og:title\" content=\"Djabe \u2013 The Magic Stag In Debrecen CD - Djabe\" \/>\n<meta property=\"og:description\" content=\"[:hu]A Csodaszarvas Debrecenben - \u00c9l\u0151! A Djabe: The Magic Stag In Debrecen CD hi\u00e1nyp\u00f3tl\u00f3, hiszen a 2021-es The Magic Stag album turn\u00e9j\u00e1r\u00f3l m\u00e9g nem jelent meg hanghordoz\u00f3. A most kiadott felv\u00e9tel a Debreceni Egyetem Liszt terem\u00e9ben 2021-ben r\u00f6gz\u00edtett koncert. K\u00e9t sz\u00e1m kiv\u00e9tel\u00e9vel a The Magic Stag album teljes anyaga elhangzik. Az eredeti st\u00fadi\u00f3 lemezen t\u00f6bb vend\u00e9gzen\u00e9sz is k\u00f6zrem\u0171k\u00f6d\u00f6tt. Muck Ferenc szaxofonon, Karvaly Tibor heged\u0171n, valamint Szab\u00f3 L\u00e1szl\u00f3 szit\u00e1ron. A bemutat\u00f3 turn\u00e9n mindh\u00e1rman r\u00e9szt vettek, \u00edgy nem egy alkalommal nyolc zen\u00e9szt is l\u00e1thattunk, hallhatunk a sz\u00ednpadon.[:en]The Magic Stag in Debrecen - Live! This CD is a missing piece, as there is no release of The Magic Stag\u2019s 2021 album tour yet. This is a concert recording which was made at the Liszt Hall of the University of Debrecen in 2021. With the exception of two compositions all the tracks from The Magic Stag album is performed. The original studio release featured several guest musicians, Ferenc Muck on saxophone, Tibor Karvaly on violin and L\u00e1szl\u00f3 Szab\u00f3 on sitar. All the three player took part in the premiere tour, so on more than one occasion, eight musicians can be heard on stage.[:]\" \/>\n<meta property=\"og:url\" content=\"https:\/\/djabe.hu\/uzlet\/djabe-the-magic-stag-in-debrecen-cd\/\" \/>\n<meta property=\"og:site_name\" content=\"Djabe\" \/>\n<meta property=\"article:modified_time\" content=\"2025-12-08T10:17:13+00:00\" \/>\n<meta property=\"og:image\" content=\"https:\/\/djabe.hu\/wp-content\/uploads\/2025\/09\/Djabe_A_Csodaszarvas_Debrecenben_CD_Mock-up_3-1024x614.png\" \/>\n\t<meta property=\"og:image:width\" content=\"1024\" \/>\n\t<meta property=\"og:image:height\" content=\"614\" \/>\n\t<meta property=\"og:image:type\" content=\"image\/png\" \/>\n<meta name=\"twitter:card\" content=\"summary_large_image\" \/>\n<meta name=\"twitter:image\" content=\"https:\/\/djabe.hu\/wp-content\/uploads\/2025\/09\/Djabe_A_Csodaszarvas_Debrecenben_CD_Mock-up_3.png\" \/>\n<meta name=\"twitter:label1\" content=\"Est. reading time\" \/>\n\t<meta name=\"twitter:data1\" content=\"1 minute\" \/>\n<script type=\"application\/ld+json\" class=\"yoast-schema-graph\">{\"@context\":\"https:\/\/schema.org\",\"@graph\":[{\"@type\":\"WebPage\",\"@id\":\"https:\/\/djabe.hu\/uzlet\/djabe-the-magic-stag-in-debrecen-cd\/\",\"url\":\"https:\/\/djabe.hu\/uzlet\/djabe-the-magic-stag-in-debrecen-cd\/\",\"name\":\"Djabe \u2013 The Magic Stag In Debrecen CD - Djabe\",\"isPartOf\":{\"@id\":\"https:\/\/djabe.hu\/en\/#website\"},\"primaryImageOfPage\":{\"@id\":\"https:\/\/djabe.hu\/uzlet\/djabe-the-magic-stag-in-debrecen-cd\/#primaryimage\"},\"image\":{\"@id\":\"https:\/\/djabe.hu\/uzlet\/djabe-the-magic-stag-in-debrecen-cd\/#primaryimage\"},\"thumbnailUrl\":\"https:\/\/djabe.hu\/wp-content\/uploads\/2025\/09\/Djabe_A_Csodaszarvas_Debrecenben_CD_Mock-up_2.png\",\"datePublished\":\"2025-09-02T14:49:11+00:00\",\"dateModified\":\"2025-12-08T10:17:13+00:00\",\"breadcrumb\":{\"@id\":\"https:\/\/djabe.hu\/uzlet\/djabe-the-magic-stag-in-debrecen-cd\/#breadcrumb\"},\"inLanguage\":\"en-US\",\"potentialAction\":[{\"@type\":\"ReadAction\",\"target\":[\"https:\/\/djabe.hu\/uzlet\/djabe-the-magic-stag-in-debrecen-cd\/\"]}]},{\"@type\":\"ImageObject\",\"inLanguage\":\"en-US\",\"@id\":\"https:\/\/djabe.hu\/uzlet\/djabe-the-magic-stag-in-debrecen-cd\/#primaryimage\",\"url\":\"https:\/\/djabe.hu\/wp-content\/uploads\/2025\/09\/Djabe_A_Csodaszarvas_Debrecenben_CD_Mock-up_2.png\",\"contentUrl\":\"https:\/\/djabe.hu\/wp-content\/uploads\/2025\/09\/Djabe_A_Csodaszarvas_Debrecenben_CD_Mock-up_2.png\",\"width\":2000,\"height\":2000},{\"@type\":\"BreadcrumbList\",\"@id\":\"https:\/\/djabe.hu\/uzlet\/djabe-the-magic-stag-in-debrecen-cd\/#breadcrumb\",\"itemListElement\":[{\"@type\":\"ListItem\",\"position\":1,\"name\":\"Home\",\"item\":\"https:\/\/djabe.hu\/en\/\"},{\"@type\":\"ListItem\",\"position\":2,\"name\":\"\u00c1ruh\u00e1z\",\"item\":\"https:\/\/djabe.hu\/uzlet\/\"},{\"@type\":\"ListItem\",\"position\":3,\"name\":\"Djabe \u2013 The Magic Stag In Debrecen CD\"}]},{\"@type\":\"WebSite\",\"@id\":\"https:\/\/djabe.hu\/en\/#website\",\"url\":\"https:\/\/djabe.hu\/en\/\",\"name\":\"Djabe\",\"description\":\"Official site\",\"potentialAction\":[{\"@type\":\"SearchAction\",\"target\":{\"@type\":\"EntryPoint\",\"urlTemplate\":\"https:\/\/djabe.hu\/en\/?s={search_term_string}\"},\"query-input\":{\"@type\":\"PropertyValueSpecification\",\"valueRequired\":true,\"valueName\":\"search_term_string\"}}],\"inLanguage\":\"en-US\"}]}<\/script>\n<!-- \/ Yoast SEO plugin. -->","yoast_head_json":{"title":"Djabe \u2013 The Magic Stag In Debrecen CD - Djabe","robots":{"index":"index","follow":"follow","max-snippet":"max-snippet:-1","max-image-preview":"max-image-preview:large","max-video-preview":"max-video-preview:-1"},"canonical":"https:\/\/djabe.hu\/uzlet\/djabe-the-magic-stag-in-debrecen-cd\/","og_locale":"en_US","og_type":"article","og_title":"Djabe \u2013 The Magic Stag In Debrecen CD - Djabe","og_description":"[:hu]A Csodaszarvas Debrecenben - \u00c9l\u0151! A Djabe: The Magic Stag In Debrecen CD hi\u00e1nyp\u00f3tl\u00f3, hiszen a 2021-es The Magic Stag album turn\u00e9j\u00e1r\u00f3l m\u00e9g nem jelent meg hanghordoz\u00f3. A most kiadott felv\u00e9tel a Debreceni Egyetem Liszt terem\u00e9ben 2021-ben r\u00f6gz\u00edtett koncert. K\u00e9t sz\u00e1m kiv\u00e9tel\u00e9vel a The Magic Stag album teljes anyaga elhangzik. Az eredeti st\u00fadi\u00f3 lemezen t\u00f6bb vend\u00e9gzen\u00e9sz is k\u00f6zrem\u0171k\u00f6d\u00f6tt. Muck Ferenc szaxofonon, Karvaly Tibor heged\u0171n, valamint Szab\u00f3 L\u00e1szl\u00f3 szit\u00e1ron. A bemutat\u00f3 turn\u00e9n mindh\u00e1rman r\u00e9szt vettek, \u00edgy nem egy alkalommal nyolc zen\u00e9szt is l\u00e1thattunk, hallhatunk a sz\u00ednpadon.[:en]The Magic Stag in Debrecen - Live! This CD is a missing piece, as there is no release of The Magic Stag\u2019s 2021 album tour yet. This is a concert recording which was made at the Liszt Hall of the University of Debrecen in 2021. With the exception of two compositions all the tracks from The Magic Stag album is performed. The original studio release featured several guest musicians, Ferenc Muck on saxophone, Tibor Karvaly on violin and L\u00e1szl\u00f3 Szab\u00f3 on sitar. All the three player took part in the premiere tour, so on more than one occasion, eight musicians can be heard on stage.[:]","og_url":"https:\/\/djabe.hu\/uzlet\/djabe-the-magic-stag-in-debrecen-cd\/","og_site_name":"Djabe","article_modified_time":"2025-12-08T10:17:13+00:00","og_image":[{"width":1024,"height":614,"url":"https:\/\/djabe.hu\/wp-content\/uploads\/2025\/09\/Djabe_A_Csodaszarvas_Debrecenben_CD_Mock-up_3-1024x614.png","type":"image\/png"}],"twitter_card":"summary_large_image","twitter_image":"https:\/\/djabe.hu\/wp-content\/uploads\/2025\/09\/Djabe_A_Csodaszarvas_Debrecenben_CD_Mock-up_3.png","twitter_misc":{"Est. reading time":"1 minute"},"schema":{"@context":"https:\/\/schema.org","@graph":[{"@type":"WebPage","@id":"https:\/\/djabe.hu\/uzlet\/djabe-the-magic-stag-in-debrecen-cd\/","url":"https:\/\/djabe.hu\/uzlet\/djabe-the-magic-stag-in-debrecen-cd\/","name":"Djabe \u2013 The Magic Stag In Debrecen CD - Djabe","isPartOf":{"@id":"https:\/\/djabe.hu\/en\/#website"},"primaryImageOfPage":{"@id":"https:\/\/djabe.hu\/uzlet\/djabe-the-magic-stag-in-debrecen-cd\/#primaryimage"},"image":{"@id":"https:\/\/djabe.hu\/uzlet\/djabe-the-magic-stag-in-debrecen-cd\/#primaryimage"},"thumbnailUrl":"https:\/\/djabe.hu\/wp-content\/uploads\/2025\/09\/Djabe_A_Csodaszarvas_Debrecenben_CD_Mock-up_2.png","datePublished":"2025-09-02T14:49:11+00:00","dateModified":"2025-12-08T10:17:13+00:00","breadcrumb":{"@id":"https:\/\/djabe.hu\/uzlet\/djabe-the-magic-stag-in-debrecen-cd\/#breadcrumb"},"inLanguage":"en-US","potentialAction":[{"@type":"ReadAction","target":["https:\/\/djabe.hu\/uzlet\/djabe-the-magic-stag-in-debrecen-cd\/"]}]},{"@type":"ImageObject","inLanguage":"en-US","@id":"https:\/\/djabe.hu\/uzlet\/djabe-the-magic-stag-in-debrecen-cd\/#primaryimage","url":"https:\/\/djabe.hu\/wp-content\/uploads\/2025\/09\/Djabe_A_Csodaszarvas_Debrecenben_CD_Mock-up_2.png","contentUrl":"https:\/\/djabe.hu\/wp-content\/uploads\/2025\/09\/Djabe_A_Csodaszarvas_Debrecenben_CD_Mock-up_2.png","width":2000,"height":2000},{"@type":"BreadcrumbList","@id":"https:\/\/djabe.hu\/uzlet\/djabe-the-magic-stag-in-debrecen-cd\/#breadcrumb","itemListElement":[{"@type":"ListItem","position":1,"name":"Home","item":"https:\/\/djabe.hu\/en\/"},{"@type":"ListItem","position":2,"name":"\u00c1ruh\u00e1z","item":"https:\/\/djabe.hu\/uzlet\/"},{"@type":"ListItem","position":3,"name":"Djabe \u2013 The Magic Stag In Debrecen CD"}]},{"@type":"WebSite","@id":"https:\/\/djabe.hu\/en\/#website","url":"https:\/\/djabe.hu\/en\/","name":"Djabe","description":"Official site","potentialAction":[{"@type":"SearchAction","target":{"@type":"EntryPoint","urlTemplate":"https:\/\/djabe.hu\/en\/?s={search_term_string}"},"query-input":{"@type":"PropertyValueSpecification","valueRequired":true,"valueName":"search_term_string"}}],"inLanguage":"en-US"}]}},"jetpack_sharing_enabled":true,"_links":{"self":[{"href":"https:\/\/djabe.hu\/en\/wp-json\/wp\/v2\/product\/11679","targetHints":{"allow":["GET"]}}],"collection":[{"href":"https:\/\/djabe.hu\/en\/wp-json\/wp\/v2\/product"}],"about":[{"href":"https:\/\/djabe.hu\/en\/wp-json\/wp\/v2\/types\/product"}],"wp:featuredmedia":[{"embeddable":true,"href":"https:\/\/djabe.hu\/en\/wp-json\/wp\/v2\/media\/11680"}],"wp:attachment":[{"href":"https:\/\/djabe.hu\/en\/wp-json\/wp\/v2\/media?parent=11679"}],"wp:term":[{"taxonomy":"product_brand","embeddable":true,"href":"https:\/\/djabe.hu\/en\/wp-json\/wp\/v2\/product_brand?post=11679"},{"taxonomy":"product_cat","embeddable":true,"href":"https:\/\/djabe.hu\/en\/wp-json\/wp\/v2\/product_cat?post=11679"},{"taxonomy":"product_tag","embeddable":true,"href":"https:\/\/djabe.hu\/en\/wp-json\/wp\/v2\/product_tag?post=11679"}],"curies":[{"name":"wp","href":"https:\/\/api.w.org\/{rel}","templated":true}]}}