{"id":11662,"date":"2025-08-11T16:00:16","date_gmt":"2025-08-11T15:00:16","guid":{"rendered":"https:\/\/djabe.hu\/?post_type=product&#038;p=11662"},"modified":"2026-04-08T15:20:06","modified_gmt":"2026-04-08T14:20:06","slug":"djabe-steve-hackett-freya-arctic-jam-2x2-track-master-tape-copy","status":"publish","type":"product","link":"https:\/\/djabe.hu\/en\/uzlet\/djabe-steve-hackett-freya-arctic-jam-2x2-track-master-tape-copy\/","title":{"rendered":"Djabe &#038; Steve Hackett &#8211; Freya \u2013 Arctic Jam 2&#215;2 track master tape copy"},"content":{"rendered":"<p><\/p>\n<h3><img loading=\"lazy\" decoding=\"async\" class=\"aligncenter size-full wp-image-11664\" src=\"https:\/\/djabe.hu\/wp-content\/uploads\/2025\/08\/Djabe_SteveHackett_Freya_Arctic_Jam_2TRACK_TAPE_1_2_265x265mm_EGYBEN_Mockup_2.png\" alt=\"\" width=\"2000\" height=\"1064\" srcset=\"https:\/\/djabe.hu\/wp-content\/uploads\/2025\/08\/Djabe_SteveHackett_Freya_Arctic_Jam_2TRACK_TAPE_1_2_265x265mm_EGYBEN_Mockup_2.png 2000w, https:\/\/djabe.hu\/wp-content\/uploads\/2025\/08\/Djabe_SteveHackett_Freya_Arctic_Jam_2TRACK_TAPE_1_2_265x265mm_EGYBEN_Mockup_2-300x160.png 300w, https:\/\/djabe.hu\/wp-content\/uploads\/2025\/08\/Djabe_SteveHackett_Freya_Arctic_Jam_2TRACK_TAPE_1_2_265x265mm_EGYBEN_Mockup_2-1024x545.png 1024w, https:\/\/djabe.hu\/wp-content\/uploads\/2025\/08\/Djabe_SteveHackett_Freya_Arctic_Jam_2TRACK_TAPE_1_2_265x265mm_EGYBEN_Mockup_2-768x409.png 768w, https:\/\/djabe.hu\/wp-content\/uploads\/2025\/08\/Djabe_SteveHackett_Freya_Arctic_Jam_2TRACK_TAPE_1_2_265x265mm_EGYBEN_Mockup_2-1536x817.png 1536w, https:\/\/djabe.hu\/wp-content\/uploads\/2025\/08\/Djabe_SteveHackett_Freya_Arctic_Jam_2TRACK_TAPE_1_2_265x265mm_EGYBEN_Mockup_2-600x319.png 600w\" sizes=\"auto, (max-width: 2000px) 100vw, 2000px\" \/><\/h3>\n<h3><strong>Tracklist<\/strong><\/h3>\n<h4><strong>Tape 1<\/strong><\/h4>\n<h3>1 In the Silence<br \/>\n2 Freya<br \/>\n3 Stone Age Tea<br \/>\n4 Whispers of the Woods<br \/>\n5 A Storm is Brewing<\/h3>\n<h4><strong>Tape 2<\/strong><\/h4>\n<h3>1 Sliding Trees<br \/>\n2 The Lost Ship<br \/>\n<strong><em>Bonus live audio track &#8211; from Dama di<\/em><\/strong><br \/>\n3 Golden Sand<\/h3>\n<p><\/p>","protected":false},"excerpt":{"rendered":"<h2 style=\"text-align: center;\">GR-176-7, 2 x 2 track master tape copy<br \/>\n2 x SM900, 38 cm\/s, NAB Metal Reel, Hinged-Box<\/h2>\n<div>\n<h3><strong>Artic Tapes?<\/strong><\/h3>\n<h3><strong>New treasured item of the Steve Hackett and Djabe Sardinian style recording collaboration.<\/strong><\/h3>\n<p>In January of 2024 Djabe &amp; Steve Hackett took part in the B<span class=\"A8\"><span lang=\"EN-GB\">od\u00f8<\/span><\/span><span class=\"A8\"><span lang=\"EN-GB\">\u00a0Jazz Open in Norway, hundred kilometres above the Arctic Circle. Djabe &amp; Steve Hackett played one gig at the Sv\u00f6mmehallen Scene and Djabe played another at Dama Di next day. They also recorded a new studio album during their Arctic stay.<\/span><\/span><\/p>\n<p><span class=\"A8\"><span lang=\"EN-GB\">\u02dd<\/span><span lang=\"EN-GB\">The organizers rented the Sv\u00f6mmehallen with full equipment for three days, including the day of the performance. It was more than we needed for the rehearsals, so I suggested that we should record some jams in a similar way to what we had done on two occasions in Sardinia a few years back. We did many takes on the 30thJanuary and on the day of the performance on the 31stof January at Sv\u00f6mmehallen. The result was promising so we decided to complete the recordings and prepare the whole album from the Arctic jams. Tam\u00e1s edited, arranged, mixed and produced once again.<\/span><\/span><\/p>\n<p><span class=\"A8\"><span lang=\"EN-GB\">We also recorded with multitrack audio technology at both shows. On 31st January the Sv\u00f6mmehallen Scene and on 1st of February the Dama Di concerts. For this release we added four compositions as a bonus live audio from the Dama Di gig, where Steve joined Djabe for three songs. One of these was the Golden Sand.<\/span><\/span><\/p>\n<p><span class=\"A8\"><span lang=\"EN-GB\">The whole stay was extraordinary and magical, in addition, influenced by an extremely strong wind. Bod\u00f8 was in the news headlines, maybe you heard about it?<\/span><\/span><\/p>\n<p><span class=\"A8\"><span lang=\"EN-GB\">We were waiting in the silence for our transport to the Stone Age restaurant near Saltstraumen, while watching the sliding trees from our windows. We were thinking of the lost ship at the Maelstrom where the outer Saltenfjord connects with the Skjerstadfjord, meanwhile a storm was brewing. On the way back we heard the whispers of the woods on the hills. Had anyone seen Freya out there?\u02dd<\/span><\/span><\/p>\n<p><span class=\"A8\"><span lang=\"EN-GB\"><em>Attila \u00c9gerh\u00e1zi <\/em><\/span><\/span><\/p>\n<h4><strong>Steve Hackett<\/strong> | guitar, harmonica<br \/>\n<strong>Tam\u00e1s Barab\u00e1s<\/strong> | bass guitar, vocal, guitar, tabla, synth program<br \/>\n<strong>Attila \u00c9gerh\u00e1zi<\/strong> | guitar, percussion<br \/>\n<strong>P\u00e9ter Kasz\u00e1s<\/strong> | drums, vocal<br \/>\n<strong>\u00c1ron Ko\u00f3s-Hut\u00e1s<\/strong> | trumpet, flugelhorn<br \/>\n<strong>Zolt\u00e1n Bubeny\u00e1k<\/strong> | keyboards<\/h4>\n[embed]http:\/\/youtu.be\/LFiuBnT-om4[\/embed]\n<\/div>\n","protected":false},"featured_media":11663,"template":"","meta":[],"product_brand":[],"product_cat":[57],"product_tag":[],"class_list":{"0":"post-11662","1":"product","2":"type-product","3":"status-publish","4":"has-post-thumbnail","6":"product_cat-reel-to-reel","7":"repupress_customize_woocommerce_productom_class","9":"first","10":"instock","11":"shipping-taxable","12":"purchasable","13":"product-type-simple"},"yoast_head":"<!-- This site is optimized with the Yoast SEO plugin v27.2 - https:\/\/yoast.com\/product\/yoast-seo-wordpress\/ -->\n<title>Djabe &amp; Steve Hackett - Freya \u2013 Arctic Jam 2x2 track master tape copy - Djabe<\/title>\n<meta name=\"robots\" content=\"index, follow, max-snippet:-1, max-image-preview:large, max-video-preview:-1\" \/>\n<link rel=\"canonical\" href=\"https:\/\/djabe.hu\/uzlet\/djabe-steve-hackett-freya-arctic-jam-2x2-track-master-tape-copy\/\" \/>\n<meta property=\"og:locale\" content=\"en_US\" \/>\n<meta property=\"og:type\" content=\"article\" \/>\n<meta property=\"og:title\" content=\"Djabe &amp; Steve Hackett - Freya \u2013 Arctic Jam 2x2 track master tape copy - Djabe\" \/>\n<meta property=\"og:description\" content=\"[:hu]GR-176-7, 2 x 2 track master tape copy 2 x SM900, 38 cm\/s, NAB Metal Reel, Hinged-Box  \u00c9szaki sarki felv\u00e9telek?   \u00a0Steve Hackett \u00e9s a Djabe kor\u00e1bbi szard\u00edniai felv\u00e9teleire mel\u00e9keztet\u0151, st\u00fadi\u00f3 anyagott r\u00f6gz\u00edtett az \u00e9szaki sarkk\u00f6rt\u0151l 100 kilom\u00e9terre, \u00e9szakra.   2024 janu\u00e1rj\u00e1ban Djabe \u00e9s Steve Hackett r\u00e9szt vett a Bod\u00f8 Jazz Open Fesztiv\u00e1lon Norv\u00e9gi\u00e1ban. Djabe &amp; Steve Hackett fel\u00e1ll\u00e1sban adtak koncertet koncertet a Sv\u00f6mmehallen Scene-ben, majd m\u00e1snap a Djabe a Dama Di klubban \u00f6n\u00e1ll\u00f3an l\u00e9pett fel. Sarkvid\u00e9ki tart\u00f3zkod\u00e1suk alatt egy \u00faj st\u00fadi\u00f3albumot is felvettek.    \u00a0\u201eA szervez\u0151k a Sv\u00f6mmehallen koncert csarnokot a teljes felszerel\u00e9ssel egy\u00fctt h\u00e1rom napra b\u00e9relt\u00e9k ki, bele\u00e9rtve a fell\u00e9p\u00e9s napj\u00e1t is. Ez t\u00f6bb volt, mint amennyire a pr\u00f3b\u00e1khoz sz\u00fcks\u00e9g\u00fcnk volt, ez\u00e9rt azt javasoltam, hogy vegy\u00fcnk fel n\u00e9h\u00e1ny jamet, hasonl\u00f3an ahhoz, amit n\u00e9h\u00e1ny \u00e9vvel ezel\u0151tt Szard\u00edni\u00e1n k\u00e9t alkalommal is csin\u00e1ltunk. Sok felv\u00e9telt k\u00e9sz\u00edtett\u00fcnk janu\u00e1r 30-\u00e1n, \u00e9s az el\u0151ad\u00e1s napj\u00e1nak d\u00e9lel\u0151tj\u00e9n, janu\u00e1r 31-\u00e9n is a Sv\u00f6mmehallenben. Az eredm\u00e9ny \u00edg\u00e9retes volt, ez\u00e9rt \u00fagy d\u00f6nt\u00f6tt\u00fcnk, hogy befejezz\u00fck a felv\u00e9teleket, \u00e9s a sarkvid\u00e9ki improviz\u00e1ci\u00f3kb\u0151l l elk\u00e9sz\u00edtj\u00fck a teljes albumot. Tam\u00e1s ism\u00e9t szerkesztett, hangszerelt, kevert zen\u00e9lt \u00e9s producerkedett.    R\u00e1ad\u00e1sk\u00e9nt mindk\u00e9t koncertet soks\u00e1vos hangtechnik\u00e1val is r\u00f6gz\u00edtett\u00fck. Janu\u00e1r 31-\u00e9n a Sv\u00f6mmehallen Scene \u00e9s febru\u00e1r 1-j\u00e9n a Dama Di koncertet. Ehhez a kiadv\u00e1nyhoz n\u00e9gy szerzem\u00e9nyt adtunk hozz\u00e1 b\u00f3nusz \u00e9l\u0151 hanganyagk\u00e9nt a Dama Di koncertr\u0151l, ahol Steve h\u00e1rom dal erej\u00e9ig csatlakozott Djabe-hoz. Ezek k\u00f6z\u00fcl az egyik a Golden Sand volt.     Az eg\u00e9sz ottl\u00e9t rendk\u00edv\u00fcli \u00e9s var\u00e1zslatos volt, a rendk\u00edv\u00fcl er\u0151s sz\u00e9l ellen\u00e9re.     Bod\u00d8 rendk\u00edv\u00fcl er\u0151s vihar miatt a h\u00edrekben is szerepelt. Nem hallott\u00e1l r\u00f3la?\u201d    \u00c9gerh\u00e1zi Attila   Steve Hackett | git\u00e1r, harmonika Barab\u00e1s Tam\u00e1s | basszusgit\u00e1r, \u00e9nek, git\u00e1r, tabla, szintetiz\u00e1tor program \u00c9gerh\u00e1zi Attila | git\u00e1r, \u00fct\u0151hangszerek Kasz\u00e1s P\u00e9ter | dobok, \u00e9nek Ko\u00f3s-Hut\u00e1s \u00c1ron | trombita, sz\u00e1rnyk\u00fcrt Bubeny\u00e1k Zolt\u00e1n | billenty\u0171s hangszerek [:en]GR-176-7, 2 x 2 track master tape copy 2 x SM900, 38 cm\/s, NAB Metal Reel, Hinged-Box  Artic Tapes? New treasured item of the Steve Hackett and Djabe Sardinian style recording collaboration. In January of 2024 Djabe &amp; Steve Hackett took part in the Bod\u00f8\u00a0Jazz Open in Norway, hundred kilometres above the Arctic Circle. Djabe &amp; Steve Hackett played one gig at the Sv\u00f6mmehallen Scene and Djabe played another at Dama Di next day. They also recorded a new studio album during their Arctic stay.  \u02ddThe organizers rented the Sv\u00f6mmehallen with full equipment for three days, including the day of the performance. It was more than we needed for the rehearsals, so I suggested that we should record some jams in a similar way to what we had done on two occasions in Sardinia a few years back. We did many takes on the 30thJanuary and on the day of the performance on the 31stof January at Sv\u00f6mmehallen. The result was promising so we decided to complete the recordings and prepare the whole album from the Arctic jams. Tam\u00e1s edited, arranged, mixed and produced once again.  We also recorded with multitrack audio technology at both shows. On 31st January the Sv\u00f6mmehallen Scene and on 1st of February the Dama Di concerts. For this release we added four compositions as a bonus live audio from the Dama Di gig, where Steve joined Djabe for three songs. One of these was the Golden Sand.  The whole stay was extraordinary and magical, in addition, influenced by an extremely strong wind. Bod\u00f8 was in the news headlines, maybe you heard about it?  We were waiting in the silence for our transport to the Stone Age restaurant near Saltstraumen, while watching the sliding trees from our windows. We were thinking of the lost ship at the Maelstrom where the outer Saltenfjord connects with the Skjerstadfjord, meanwhile a storm was brewing. On the way back we heard the whispers of the woods on the hills. Had anyone seen Freya out there?\u02dd  Attila \u00c9gerh\u00e1zi  Steve Hackett | guitar, harmonica Tam\u00e1s Barab\u00e1s | bass guitar, vocal, guitar, tabla, synth program Attila \u00c9gerh\u00e1zi | guitar, percussion P\u00e9ter Kasz\u00e1s | drums, vocal \u00c1ron Ko\u00f3s-Hut\u00e1s | trumpet, flugelhorn Zolt\u00e1n Bubeny\u00e1k | keyboards   [:]\" \/>\n<meta property=\"og:url\" content=\"https:\/\/djabe.hu\/uzlet\/djabe-steve-hackett-freya-arctic-jam-2x2-track-master-tape-copy\/\" \/>\n<meta property=\"og:site_name\" content=\"Djabe\" \/>\n<meta property=\"article:modified_time\" content=\"2026-04-08T14:20:06+00:00\" \/>\n<meta property=\"og:image\" content=\"https:\/\/djabe.hu\/wp-content\/uploads\/2025\/08\/Djabe_SteveHackett_Freya_Arctic_Jam_2TRACK_TAPE_1_2_265x265mm_EGYBEN_Mockup_2.png\" \/>\n\t<meta property=\"og:image:width\" content=\"2000\" \/>\n\t<meta property=\"og:image:height\" content=\"1064\" \/>\n\t<meta property=\"og:image:type\" content=\"image\/png\" \/>\n<meta name=\"twitter:card\" content=\"summary_large_image\" \/>\n<meta name=\"twitter:image\" content=\"https:\/\/djabe.hu\/wp-content\/uploads\/2025\/08\/Djabe_SteveHackett_Freya_Arctic_Jam_2TRACK_TAPE_1_2_265x265mm_EGYBEN_Mockup_2.png\" \/>\n<meta name=\"twitter:label1\" content=\"Est. reading time\" \/>\n\t<meta name=\"twitter:data1\" content=\"1 minute\" \/>\n<script type=\"application\/ld+json\" class=\"yoast-schema-graph\">{\"@context\":\"https:\/\/schema.org\",\"@graph\":[{\"@type\":\"WebPage\",\"@id\":\"https:\/\/djabe.hu\/uzlet\/djabe-steve-hackett-freya-arctic-jam-2x2-track-master-tape-copy\/\",\"url\":\"https:\/\/djabe.hu\/uzlet\/djabe-steve-hackett-freya-arctic-jam-2x2-track-master-tape-copy\/\",\"name\":\"Djabe & Steve Hackett - Freya \u2013 Arctic Jam 2x2 track master tape copy - Djabe\",\"isPartOf\":{\"@id\":\"https:\/\/djabe.hu\/en\/#website\"},\"primaryImageOfPage\":{\"@id\":\"https:\/\/djabe.hu\/uzlet\/djabe-steve-hackett-freya-arctic-jam-2x2-track-master-tape-copy\/#primaryimage\"},\"image\":{\"@id\":\"https:\/\/djabe.hu\/uzlet\/djabe-steve-hackett-freya-arctic-jam-2x2-track-master-tape-copy\/#primaryimage\"},\"thumbnailUrl\":\"https:\/\/djabe.hu\/wp-content\/uploads\/2025\/08\/Djabe_SteveHackett_Freya_Arctic_Jam_2TRACK_TAPE_1_2_265x265mm_EGYBEN_Mockup_1.png\",\"datePublished\":\"2025-08-11T15:00:16+00:00\",\"dateModified\":\"2026-04-08T14:20:06+00:00\",\"breadcrumb\":{\"@id\":\"https:\/\/djabe.hu\/uzlet\/djabe-steve-hackett-freya-arctic-jam-2x2-track-master-tape-copy\/#breadcrumb\"},\"inLanguage\":\"en-US\",\"potentialAction\":[{\"@type\":\"ReadAction\",\"target\":[\"https:\/\/djabe.hu\/uzlet\/djabe-steve-hackett-freya-arctic-jam-2x2-track-master-tape-copy\/\"]}]},{\"@type\":\"ImageObject\",\"inLanguage\":\"en-US\",\"@id\":\"https:\/\/djabe.hu\/uzlet\/djabe-steve-hackett-freya-arctic-jam-2x2-track-master-tape-copy\/#primaryimage\",\"url\":\"https:\/\/djabe.hu\/wp-content\/uploads\/2025\/08\/Djabe_SteveHackett_Freya_Arctic_Jam_2TRACK_TAPE_1_2_265x265mm_EGYBEN_Mockup_1.png\",\"contentUrl\":\"https:\/\/djabe.hu\/wp-content\/uploads\/2025\/08\/Djabe_SteveHackett_Freya_Arctic_Jam_2TRACK_TAPE_1_2_265x265mm_EGYBEN_Mockup_1.png\",\"width\":2000,\"height\":2000},{\"@type\":\"BreadcrumbList\",\"@id\":\"https:\/\/djabe.hu\/uzlet\/djabe-steve-hackett-freya-arctic-jam-2x2-track-master-tape-copy\/#breadcrumb\",\"itemListElement\":[{\"@type\":\"ListItem\",\"position\":1,\"name\":\"Home\",\"item\":\"https:\/\/djabe.hu\/en\/\"},{\"@type\":\"ListItem\",\"position\":2,\"name\":\"\u00c1ruh\u00e1z\",\"item\":\"https:\/\/djabe.hu\/uzlet\/\"},{\"@type\":\"ListItem\",\"position\":3,\"name\":\"Djabe &#038; Steve Hackett &#8211; Freya \u2013 Arctic Jam 2&#215;2 track master tape copy\"}]},{\"@type\":\"WebSite\",\"@id\":\"https:\/\/djabe.hu\/en\/#website\",\"url\":\"https:\/\/djabe.hu\/en\/\",\"name\":\"Djabe\",\"description\":\"Official site\",\"potentialAction\":[{\"@type\":\"SearchAction\",\"target\":{\"@type\":\"EntryPoint\",\"urlTemplate\":\"https:\/\/djabe.hu\/en\/?s={search_term_string}\"},\"query-input\":{\"@type\":\"PropertyValueSpecification\",\"valueRequired\":true,\"valueName\":\"search_term_string\"}}],\"inLanguage\":\"en-US\"}]}<\/script>\n<!-- \/ Yoast SEO plugin. -->","yoast_head_json":{"title":"Djabe & Steve Hackett - Freya \u2013 Arctic Jam 2x2 track master tape copy - Djabe","robots":{"index":"index","follow":"follow","max-snippet":"max-snippet:-1","max-image-preview":"max-image-preview:large","max-video-preview":"max-video-preview:-1"},"canonical":"https:\/\/djabe.hu\/uzlet\/djabe-steve-hackett-freya-arctic-jam-2x2-track-master-tape-copy\/","og_locale":"en_US","og_type":"article","og_title":"Djabe & Steve Hackett - Freya \u2013 Arctic Jam 2x2 track master tape copy - Djabe","og_description":"[:hu]GR-176-7, 2 x 2 track master tape copy 2 x SM900, 38 cm\/s, NAB Metal Reel, Hinged-Box  \u00c9szaki sarki felv\u00e9telek?   \u00a0Steve Hackett \u00e9s a Djabe kor\u00e1bbi szard\u00edniai felv\u00e9teleire mel\u00e9keztet\u0151, st\u00fadi\u00f3 anyagott r\u00f6gz\u00edtett az \u00e9szaki sarkk\u00f6rt\u0151l 100 kilom\u00e9terre, \u00e9szakra.   2024 janu\u00e1rj\u00e1ban Djabe \u00e9s Steve Hackett r\u00e9szt vett a Bod\u00f8 Jazz Open Fesztiv\u00e1lon Norv\u00e9gi\u00e1ban. Djabe &amp; Steve Hackett fel\u00e1ll\u00e1sban adtak koncertet koncertet a Sv\u00f6mmehallen Scene-ben, majd m\u00e1snap a Djabe a Dama Di klubban \u00f6n\u00e1ll\u00f3an l\u00e9pett fel. Sarkvid\u00e9ki tart\u00f3zkod\u00e1suk alatt egy \u00faj st\u00fadi\u00f3albumot is felvettek.    \u00a0\u201eA szervez\u0151k a Sv\u00f6mmehallen koncert csarnokot a teljes felszerel\u00e9ssel egy\u00fctt h\u00e1rom napra b\u00e9relt\u00e9k ki, bele\u00e9rtve a fell\u00e9p\u00e9s napj\u00e1t is. Ez t\u00f6bb volt, mint amennyire a pr\u00f3b\u00e1khoz sz\u00fcks\u00e9g\u00fcnk volt, ez\u00e9rt azt javasoltam, hogy vegy\u00fcnk fel n\u00e9h\u00e1ny jamet, hasonl\u00f3an ahhoz, amit n\u00e9h\u00e1ny \u00e9vvel ezel\u0151tt Szard\u00edni\u00e1n k\u00e9t alkalommal is csin\u00e1ltunk. Sok felv\u00e9telt k\u00e9sz\u00edtett\u00fcnk janu\u00e1r 30-\u00e1n, \u00e9s az el\u0151ad\u00e1s napj\u00e1nak d\u00e9lel\u0151tj\u00e9n, janu\u00e1r 31-\u00e9n is a Sv\u00f6mmehallenben. Az eredm\u00e9ny \u00edg\u00e9retes volt, ez\u00e9rt \u00fagy d\u00f6nt\u00f6tt\u00fcnk, hogy befejezz\u00fck a felv\u00e9teleket, \u00e9s a sarkvid\u00e9ki improviz\u00e1ci\u00f3kb\u0151l l elk\u00e9sz\u00edtj\u00fck a teljes albumot. Tam\u00e1s ism\u00e9t szerkesztett, hangszerelt, kevert zen\u00e9lt \u00e9s producerkedett.    R\u00e1ad\u00e1sk\u00e9nt mindk\u00e9t koncertet soks\u00e1vos hangtechnik\u00e1val is r\u00f6gz\u00edtett\u00fck. Janu\u00e1r 31-\u00e9n a Sv\u00f6mmehallen Scene \u00e9s febru\u00e1r 1-j\u00e9n a Dama Di koncertet. Ehhez a kiadv\u00e1nyhoz n\u00e9gy szerzem\u00e9nyt adtunk hozz\u00e1 b\u00f3nusz \u00e9l\u0151 hanganyagk\u00e9nt a Dama Di koncertr\u0151l, ahol Steve h\u00e1rom dal erej\u00e9ig csatlakozott Djabe-hoz. Ezek k\u00f6z\u00fcl az egyik a Golden Sand volt.     Az eg\u00e9sz ottl\u00e9t rendk\u00edv\u00fcli \u00e9s var\u00e1zslatos volt, a rendk\u00edv\u00fcl er\u0151s sz\u00e9l ellen\u00e9re.     Bod\u00d8 rendk\u00edv\u00fcl er\u0151s vihar miatt a h\u00edrekben is szerepelt. Nem hallott\u00e1l r\u00f3la?\u201d    \u00c9gerh\u00e1zi Attila   Steve Hackett | git\u00e1r, harmonika Barab\u00e1s Tam\u00e1s | basszusgit\u00e1r, \u00e9nek, git\u00e1r, tabla, szintetiz\u00e1tor program \u00c9gerh\u00e1zi Attila | git\u00e1r, \u00fct\u0151hangszerek Kasz\u00e1s P\u00e9ter | dobok, \u00e9nek Ko\u00f3s-Hut\u00e1s \u00c1ron | trombita, sz\u00e1rnyk\u00fcrt Bubeny\u00e1k Zolt\u00e1n | billenty\u0171s hangszerek [:en]GR-176-7, 2 x 2 track master tape copy 2 x SM900, 38 cm\/s, NAB Metal Reel, Hinged-Box  Artic Tapes? New treasured item of the Steve Hackett and Djabe Sardinian style recording collaboration. In January of 2024 Djabe &amp; Steve Hackett took part in the Bod\u00f8\u00a0Jazz Open in Norway, hundred kilometres above the Arctic Circle. Djabe &amp; Steve Hackett played one gig at the Sv\u00f6mmehallen Scene and Djabe played another at Dama Di next day. They also recorded a new studio album during their Arctic stay.  \u02ddThe organizers rented the Sv\u00f6mmehallen with full equipment for three days, including the day of the performance. It was more than we needed for the rehearsals, so I suggested that we should record some jams in a similar way to what we had done on two occasions in Sardinia a few years back. We did many takes on the 30thJanuary and on the day of the performance on the 31stof January at Sv\u00f6mmehallen. The result was promising so we decided to complete the recordings and prepare the whole album from the Arctic jams. Tam\u00e1s edited, arranged, mixed and produced once again.  We also recorded with multitrack audio technology at both shows. On 31st January the Sv\u00f6mmehallen Scene and on 1st of February the Dama Di concerts. For this release we added four compositions as a bonus live audio from the Dama Di gig, where Steve joined Djabe for three songs. One of these was the Golden Sand.  The whole stay was extraordinary and magical, in addition, influenced by an extremely strong wind. Bod\u00f8 was in the news headlines, maybe you heard about it?  We were waiting in the silence for our transport to the Stone Age restaurant near Saltstraumen, while watching the sliding trees from our windows. We were thinking of the lost ship at the Maelstrom where the outer Saltenfjord connects with the Skjerstadfjord, meanwhile a storm was brewing. On the way back we heard the whispers of the woods on the hills. Had anyone seen Freya out there?\u02dd  Attila \u00c9gerh\u00e1zi  Steve Hackett | guitar, harmonica Tam\u00e1s Barab\u00e1s | bass guitar, vocal, guitar, tabla, synth program Attila \u00c9gerh\u00e1zi | guitar, percussion P\u00e9ter Kasz\u00e1s | drums, vocal \u00c1ron Ko\u00f3s-Hut\u00e1s | trumpet, flugelhorn Zolt\u00e1n Bubeny\u00e1k | keyboards   [:]","og_url":"https:\/\/djabe.hu\/uzlet\/djabe-steve-hackett-freya-arctic-jam-2x2-track-master-tape-copy\/","og_site_name":"Djabe","article_modified_time":"2026-04-08T14:20:06+00:00","og_image":[{"width":2000,"height":1064,"url":"https:\/\/djabe.hu\/wp-content\/uploads\/2025\/08\/Djabe_SteveHackett_Freya_Arctic_Jam_2TRACK_TAPE_1_2_265x265mm_EGYBEN_Mockup_2.png","type":"image\/png"}],"twitter_card":"summary_large_image","twitter_image":"https:\/\/djabe.hu\/wp-content\/uploads\/2025\/08\/Djabe_SteveHackett_Freya_Arctic_Jam_2TRACK_TAPE_1_2_265x265mm_EGYBEN_Mockup_2.png","twitter_misc":{"Est. reading time":"1 minute"},"schema":{"@context":"https:\/\/schema.org","@graph":[{"@type":"WebPage","@id":"https:\/\/djabe.hu\/uzlet\/djabe-steve-hackett-freya-arctic-jam-2x2-track-master-tape-copy\/","url":"https:\/\/djabe.hu\/uzlet\/djabe-steve-hackett-freya-arctic-jam-2x2-track-master-tape-copy\/","name":"Djabe & Steve Hackett - Freya \u2013 Arctic Jam 2x2 track master tape copy - Djabe","isPartOf":{"@id":"https:\/\/djabe.hu\/en\/#website"},"primaryImageOfPage":{"@id":"https:\/\/djabe.hu\/uzlet\/djabe-steve-hackett-freya-arctic-jam-2x2-track-master-tape-copy\/#primaryimage"},"image":{"@id":"https:\/\/djabe.hu\/uzlet\/djabe-steve-hackett-freya-arctic-jam-2x2-track-master-tape-copy\/#primaryimage"},"thumbnailUrl":"https:\/\/djabe.hu\/wp-content\/uploads\/2025\/08\/Djabe_SteveHackett_Freya_Arctic_Jam_2TRACK_TAPE_1_2_265x265mm_EGYBEN_Mockup_1.png","datePublished":"2025-08-11T15:00:16+00:00","dateModified":"2026-04-08T14:20:06+00:00","breadcrumb":{"@id":"https:\/\/djabe.hu\/uzlet\/djabe-steve-hackett-freya-arctic-jam-2x2-track-master-tape-copy\/#breadcrumb"},"inLanguage":"en-US","potentialAction":[{"@type":"ReadAction","target":["https:\/\/djabe.hu\/uzlet\/djabe-steve-hackett-freya-arctic-jam-2x2-track-master-tape-copy\/"]}]},{"@type":"ImageObject","inLanguage":"en-US","@id":"https:\/\/djabe.hu\/uzlet\/djabe-steve-hackett-freya-arctic-jam-2x2-track-master-tape-copy\/#primaryimage","url":"https:\/\/djabe.hu\/wp-content\/uploads\/2025\/08\/Djabe_SteveHackett_Freya_Arctic_Jam_2TRACK_TAPE_1_2_265x265mm_EGYBEN_Mockup_1.png","contentUrl":"https:\/\/djabe.hu\/wp-content\/uploads\/2025\/08\/Djabe_SteveHackett_Freya_Arctic_Jam_2TRACK_TAPE_1_2_265x265mm_EGYBEN_Mockup_1.png","width":2000,"height":2000},{"@type":"BreadcrumbList","@id":"https:\/\/djabe.hu\/uzlet\/djabe-steve-hackett-freya-arctic-jam-2x2-track-master-tape-copy\/#breadcrumb","itemListElement":[{"@type":"ListItem","position":1,"name":"Home","item":"https:\/\/djabe.hu\/en\/"},{"@type":"ListItem","position":2,"name":"\u00c1ruh\u00e1z","item":"https:\/\/djabe.hu\/uzlet\/"},{"@type":"ListItem","position":3,"name":"Djabe &#038; Steve Hackett &#8211; Freya \u2013 Arctic Jam 2&#215;2 track master tape copy"}]},{"@type":"WebSite","@id":"https:\/\/djabe.hu\/en\/#website","url":"https:\/\/djabe.hu\/en\/","name":"Djabe","description":"Official site","potentialAction":[{"@type":"SearchAction","target":{"@type":"EntryPoint","urlTemplate":"https:\/\/djabe.hu\/en\/?s={search_term_string}"},"query-input":{"@type":"PropertyValueSpecification","valueRequired":true,"valueName":"search_term_string"}}],"inLanguage":"en-US"}]}},"jetpack_sharing_enabled":true,"_links":{"self":[{"href":"https:\/\/djabe.hu\/en\/wp-json\/wp\/v2\/product\/11662","targetHints":{"allow":["GET"]}}],"collection":[{"href":"https:\/\/djabe.hu\/en\/wp-json\/wp\/v2\/product"}],"about":[{"href":"https:\/\/djabe.hu\/en\/wp-json\/wp\/v2\/types\/product"}],"wp:featuredmedia":[{"embeddable":true,"href":"https:\/\/djabe.hu\/en\/wp-json\/wp\/v2\/media\/11663"}],"wp:attachment":[{"href":"https:\/\/djabe.hu\/en\/wp-json\/wp\/v2\/media?parent=11662"}],"wp:term":[{"taxonomy":"product_brand","embeddable":true,"href":"https:\/\/djabe.hu\/en\/wp-json\/wp\/v2\/product_brand?post=11662"},{"taxonomy":"product_cat","embeddable":true,"href":"https:\/\/djabe.hu\/en\/wp-json\/wp\/v2\/product_cat?post=11662"},{"taxonomy":"product_tag","embeddable":true,"href":"https:\/\/djabe.hu\/en\/wp-json\/wp\/v2\/product_tag?post=11662"}],"curies":[{"name":"wp","href":"https:\/\/api.w.org\/{rel}","templated":true}]}}