{"id":11491,"date":"2025-04-30T09:37:04","date_gmt":"2025-04-30T08:37:04","guid":{"rendered":"https:\/\/djabe.hu\/?post_type=product&#038;p=11491"},"modified":"2025-12-08T11:17:53","modified_gmt":"2025-12-08T10:17:53","slug":"djabe-the-magic-stag-in-debrecen","status":"publish","type":"product","link":"https:\/\/djabe.hu\/en\/uzlet\/djabe-the-magic-stag-in-debrecen\/","title":{"rendered":"Djabe \u2013 The Magic Stag In Debrecen MC"},"content":{"rendered":"<p><\/p>\n<h3><img loading=\"lazy\" decoding=\"async\" class=\"aligncenter size-full wp-image-11492\" src=\"https:\/\/djabe.hu\/wp-content\/uploads\/2025\/04\/Audio_Cassette_Tape_with_Box_Djabe_Magic_Stag_v1_HD_02.jpg\" alt=\"\" width=\"1920\" height=\"1080\" srcset=\"https:\/\/djabe.hu\/wp-content\/uploads\/2025\/04\/Audio_Cassette_Tape_with_Box_Djabe_Magic_Stag_v1_HD_02.jpg 1920w, https:\/\/djabe.hu\/wp-content\/uploads\/2025\/04\/Audio_Cassette_Tape_with_Box_Djabe_Magic_Stag_v1_HD_02-300x169.jpg 300w, https:\/\/djabe.hu\/wp-content\/uploads\/2025\/04\/Audio_Cassette_Tape_with_Box_Djabe_Magic_Stag_v1_HD_02-1024x576.jpg 1024w, https:\/\/djabe.hu\/wp-content\/uploads\/2025\/04\/Audio_Cassette_Tape_with_Box_Djabe_Magic_Stag_v1_HD_02-768x432.jpg 768w, https:\/\/djabe.hu\/wp-content\/uploads\/2025\/04\/Audio_Cassette_Tape_with_Box_Djabe_Magic_Stag_v1_HD_02-1536x864.jpg 1536w, https:\/\/djabe.hu\/wp-content\/uploads\/2025\/04\/Audio_Cassette_Tape_with_Box_Djabe_Magic_Stag_v1_HD_02-600x338.jpg 600w, https:\/\/djabe.hu\/wp-content\/uploads\/2025\/04\/Audio_Cassette_Tape_with_Box_Djabe_Magic_Stag_v1_HD_02-107x60.jpg 107w, https:\/\/djabe.hu\/wp-content\/uploads\/2025\/04\/Audio_Cassette_Tape_with_Box_Djabe_Magic_Stag_v1_HD_02-160x90.jpg 160w\" sizes=\"auto, (max-width: 1920px) 100vw, 1920px\" \/><\/h3>\n<h3><b><span lang=\"HU\">Tracklist<\/span><\/b><\/h3>\n<p><b><span lang=\"HU\">Side A<br \/>\n<\/span><\/b><\/p>\n<p><span lang=\"HU\">1. In Gyimes<br \/>\n2. Beginning Of Legends<br \/>\n3. The Magic Stag<br \/>\n4. Soaring Hills<br \/>\n5. Two Little Snowflakes<br \/>\n6. Power Of Wings<br \/>\n7. Uncertain Time<br \/>\n<\/span><\/p>\n<p><b><span lang=\"HU\">Side B<\/span><\/b><\/p>\n<p><b><span lang=\"HU\">\u00a0<\/span><\/b><span lang=\"HU\">1. In Memoriam Szapi<br \/>\n2. Lava Lamp<br \/>\n3. Rising Horizon<br \/>\n4. Far Away<br \/>\n5. Down By The Lakeside<br \/>\n6. Dej\u00e1 Vu (2022)<\/span><\/p>","protected":false},"excerpt":{"rendered":"<h2><strong><span lang=\"HU\">GR-182-4, MC<\/span><\/strong><\/h2>\n<h2 style=\"font-weight: 400;\"><strong>The Magic Stag in Debrecen!<\/strong><\/h2>\n<p style=\"font-weight: 400;\">This MC is a missing piece, as there is no release of The Magic Stag\u2019s 2021 album tour yet. This is a concert recording which was made at the Liszt Hall of the University of Debrecen in 2021. With the exception of two compositions all the tracks from The Magic Stag album is performed. The original studio album featured several guest musicians, Ferenc Muck on saxophone, Tibor Karvaly on violin and L\u00e1szl\u00f3 Szab\u00f3 on sitar. All the three player took part in the premiere tour, so on more than one occasion, eight musicians can be heard on stage.<\/p>\n<p style=\"font-weight: 400;\">A bonus track recorded at the 2022 MOMkult concert, Dej\u00e1 Vu, has been added to side B of the cassette.<\/p>\n<h3 style=\"font-weight: 400;\"><strong>Musicians<\/strong><\/h3>\n<p><span style=\"font-weight: 400;\">Tam\u00e1s Barab\u00e1s \u2013 bass guitar<br \/>\n<strong>Attila \u00c9gerh\u00e1zi<\/strong> \u2013 guitar, percussion<br \/>\n<strong>P\u00e9ter Kasz\u00e1s<\/strong> \u2013 drums, vocal<br \/>\n<strong>\u00c1ron Ko\u00f3s-Hut\u00e1s<\/strong> \u2013 trumpet, flugelhorn<br \/>\n<strong>J\u00e1nos Nagy<\/strong> \u2013 keyboards<br \/>\n<strong>Ferenc Muck<\/strong> \u2013 saxophone, EWI<br \/>\n<strong>L\u00e1szl\u00f3 Szab\u00f3<\/strong> \u2013 sitar, guitar<br \/>\n<strong>Tibor Karvaly<\/strong> \u2013 electric violin<\/span><\/p>\n","protected":false},"featured_media":11493,"template":"","meta":[],"product_brand":[],"product_cat":[78],"product_tag":[],"class_list":{"0":"post-11491","1":"product","2":"type-product","3":"status-publish","4":"has-post-thumbnail","6":"product_cat-mc","7":"repupress_customize_woocommerce_productom_class","9":"first","10":"instock","11":"shipping-taxable","12":"purchasable","13":"product-type-simple"},"yoast_head":"<!-- This site is optimized with the Yoast SEO plugin v27.2 - https:\/\/yoast.com\/product\/yoast-seo-wordpress\/ -->\n<title>Djabe \u2013 The Magic Stag In Debrecen MC - Djabe<\/title>\n<meta name=\"robots\" content=\"index, follow, max-snippet:-1, max-image-preview:large, max-video-preview:-1\" \/>\n<link rel=\"canonical\" href=\"https:\/\/djabe.hu\/uzlet\/djabe-the-magic-stag-in-debrecen\/\" \/>\n<meta property=\"og:locale\" content=\"en_US\" \/>\n<meta property=\"og:type\" content=\"article\" \/>\n<meta property=\"og:title\" content=\"Djabe \u2013 The Magic Stag In Debrecen MC - Djabe\" \/>\n<meta property=\"og:description\" content=\"[:hu] GR-182-4, MC A Csodaszarvas Debrecenben!    A Djabe: The Magic Stag In Debrecen MC hi\u00e1nyp\u00f3tl\u00f3, hiszen a 2021-es The Magic Stag album turn\u00e9j\u00e1r\u00f3l m\u00e9g nem jelent meg hanghordoz\u00f3. A most kiadott felv\u00e9tel a Debreceni Egyetem Liszt terem\u00e9ben 2021-ben r\u00f6gz\u00edtett koncert. K\u00e9t sz\u00e1m kiv\u00e9tel\u00e9vel a The Magic Stag album teljes anyaga elhangzik. Az eredeti st\u00fadi\u00f3 albumon t\u00f6bb vend\u00e9gzen\u00e9sz is k\u00f6zrem\u0171k\u00f6d\u00f6tt. Muck Ferenc szaxofonon, Karvaly Tibor heged\u0171n, valamint Szab\u00f3 L\u00e1szl\u00f3 szit\u00e1ron. A bemutat\u00f3 turn\u00e9n mindh\u00e1rman r\u00e9szt vettek, \u00edgy nem egy alkalommal nyolc zen\u00e9szt is hallhatunk a sz\u00ednpadon.   A kazetta B oldal\u00e1ra felker\u00fclt egy b\u00f3nusz track, a 2022-es MOMkult koncertb\u0151l a Dej\u00e1 Vu c\u00edm\u0171 felv\u00e9tel. K\u00f6zrem\u0171k\u00f6d\u0151k Barab\u00e1s Tam\u00e1s \u2013 basszusgit\u00e1r \u00c9gerh\u00e1zi Attila \u2013 git\u00e1r, \u00fct\u0151hangszerek Kasz\u00e1s P\u00e9ter \u2013 dobok, \u00e9nek Ko\u00f3s-Hut\u00e1s \u00c1ron \u2013 trombita, sz\u00e1rnyk\u00fcrt Nagy J\u00e1nos \u2013 billenty\u0171s hangszerek Muck Ferenc \u2013 szaxofon, EWI Szab\u00f3 L\u00e1szl\u00f3 \u2013 szitar, git\u00e1r Karvaly Tibor \u2013 elektromos heged\u0171[:en]GR-182-4, MC The Magic Stag in Debrecen! This MC is a missing piece, as there is no release of The Magic Stag\u2019s 2021 album tour yet. This is a concert recording which was made at the Liszt Hall of the University of Debrecen in 2021. With the exception of two compositions all the tracks from The Magic Stag album is performed. The original studio album featured several guest musicians, Ferenc Muck on saxophone, Tibor Karvaly on violin and L\u00e1szl\u00f3 Szab\u00f3 on sitar. All the three player took part in the premiere tour, so on more than one occasion, eight musicians can be heard on stage. A bonus track recorded at the 2022 MOMkult concert, Dej\u00e1 Vu, has been added to side B of the cassette.  Musicians Tam\u00e1s Barab\u00e1s \u2013 bass guitar Attila \u00c9gerh\u00e1zi \u2013 guitar, percussion P\u00e9ter Kasz\u00e1s \u2013 drums, vocal \u00c1ron Ko\u00f3s-Hut\u00e1s \u2013 trumpet, flugelhorn J\u00e1nos Nagy \u2013 keyboards Ferenc Muck \u2013 saxophone, EWI L\u00e1szl\u00f3 Szab\u00f3 \u2013 sitar, guitar Tibor Karvaly \u2013 electric violin[:]\" \/>\n<meta property=\"og:url\" content=\"https:\/\/djabe.hu\/uzlet\/djabe-the-magic-stag-in-debrecen\/\" \/>\n<meta property=\"og:site_name\" content=\"Djabe\" \/>\n<meta property=\"article:modified_time\" content=\"2025-12-08T10:17:53+00:00\" \/>\n<meta property=\"og:image\" content=\"https:\/\/djabe.hu\/wp-content\/uploads\/2025\/04\/Audio_Cassette_Tape_with_Box_Djabe_Magic_Stag_v1_HD_02.jpg\" \/>\n\t<meta property=\"og:image:width\" content=\"1920\" \/>\n\t<meta property=\"og:image:height\" content=\"1080\" \/>\n\t<meta property=\"og:image:type\" content=\"image\/jpeg\" \/>\n<meta name=\"twitter:card\" content=\"summary_large_image\" \/>\n<meta name=\"twitter:image\" content=\"https:\/\/djabe.hu\/wp-content\/uploads\/2025\/04\/Audio_Cassette_Tape_with_Box_Djabe_Magic_Stag_v1_HD_02.jpg\" \/>\n<meta name=\"twitter:label1\" content=\"Est. reading time\" \/>\n\t<meta name=\"twitter:data1\" content=\"1 minute\" \/>\n<script type=\"application\/ld+json\" class=\"yoast-schema-graph\">{\"@context\":\"https:\/\/schema.org\",\"@graph\":[{\"@type\":\"WebPage\",\"@id\":\"https:\/\/djabe.hu\/uzlet\/djabe-the-magic-stag-in-debrecen\/\",\"url\":\"https:\/\/djabe.hu\/uzlet\/djabe-the-magic-stag-in-debrecen\/\",\"name\":\"Djabe \u2013 The Magic Stag In Debrecen MC - Djabe\",\"isPartOf\":{\"@id\":\"https:\/\/djabe.hu\/en\/#website\"},\"primaryImageOfPage\":{\"@id\":\"https:\/\/djabe.hu\/uzlet\/djabe-the-magic-stag-in-debrecen\/#primaryimage\"},\"image\":{\"@id\":\"https:\/\/djabe.hu\/uzlet\/djabe-the-magic-stag-in-debrecen\/#primaryimage\"},\"thumbnailUrl\":\"https:\/\/djabe.hu\/wp-content\/uploads\/2025\/04\/Audio_Cassette_Tape_with_Box_Djabe_Magic_Stag_v1_HD_03.jpg\",\"datePublished\":\"2025-04-30T08:37:04+00:00\",\"dateModified\":\"2025-12-08T10:17:53+00:00\",\"breadcrumb\":{\"@id\":\"https:\/\/djabe.hu\/uzlet\/djabe-the-magic-stag-in-debrecen\/#breadcrumb\"},\"inLanguage\":\"en-US\",\"potentialAction\":[{\"@type\":\"ReadAction\",\"target\":[\"https:\/\/djabe.hu\/uzlet\/djabe-the-magic-stag-in-debrecen\/\"]}]},{\"@type\":\"ImageObject\",\"inLanguage\":\"en-US\",\"@id\":\"https:\/\/djabe.hu\/uzlet\/djabe-the-magic-stag-in-debrecen\/#primaryimage\",\"url\":\"https:\/\/djabe.hu\/wp-content\/uploads\/2025\/04\/Audio_Cassette_Tape_with_Box_Djabe_Magic_Stag_v1_HD_03.jpg\",\"contentUrl\":\"https:\/\/djabe.hu\/wp-content\/uploads\/2025\/04\/Audio_Cassette_Tape_with_Box_Djabe_Magic_Stag_v1_HD_03.jpg\",\"width\":1080,\"height\":1080},{\"@type\":\"BreadcrumbList\",\"@id\":\"https:\/\/djabe.hu\/uzlet\/djabe-the-magic-stag-in-debrecen\/#breadcrumb\",\"itemListElement\":[{\"@type\":\"ListItem\",\"position\":1,\"name\":\"Home\",\"item\":\"https:\/\/djabe.hu\/en\/\"},{\"@type\":\"ListItem\",\"position\":2,\"name\":\"\u00c1ruh\u00e1z\",\"item\":\"https:\/\/djabe.hu\/uzlet\/\"},{\"@type\":\"ListItem\",\"position\":3,\"name\":\"Djabe \u2013 The Magic Stag In Debrecen MC\"}]},{\"@type\":\"WebSite\",\"@id\":\"https:\/\/djabe.hu\/en\/#website\",\"url\":\"https:\/\/djabe.hu\/en\/\",\"name\":\"Djabe\",\"description\":\"Official site\",\"potentialAction\":[{\"@type\":\"SearchAction\",\"target\":{\"@type\":\"EntryPoint\",\"urlTemplate\":\"https:\/\/djabe.hu\/en\/?s={search_term_string}\"},\"query-input\":{\"@type\":\"PropertyValueSpecification\",\"valueRequired\":true,\"valueName\":\"search_term_string\"}}],\"inLanguage\":\"en-US\"}]}<\/script>\n<!-- \/ Yoast SEO plugin. -->","yoast_head_json":{"title":"Djabe \u2013 The Magic Stag In Debrecen MC - Djabe","robots":{"index":"index","follow":"follow","max-snippet":"max-snippet:-1","max-image-preview":"max-image-preview:large","max-video-preview":"max-video-preview:-1"},"canonical":"https:\/\/djabe.hu\/uzlet\/djabe-the-magic-stag-in-debrecen\/","og_locale":"en_US","og_type":"article","og_title":"Djabe \u2013 The Magic Stag In Debrecen MC - Djabe","og_description":"[:hu] GR-182-4, MC A Csodaszarvas Debrecenben!    A Djabe: The Magic Stag In Debrecen MC hi\u00e1nyp\u00f3tl\u00f3, hiszen a 2021-es The Magic Stag album turn\u00e9j\u00e1r\u00f3l m\u00e9g nem jelent meg hanghordoz\u00f3. A most kiadott felv\u00e9tel a Debreceni Egyetem Liszt terem\u00e9ben 2021-ben r\u00f6gz\u00edtett koncert. K\u00e9t sz\u00e1m kiv\u00e9tel\u00e9vel a The Magic Stag album teljes anyaga elhangzik. Az eredeti st\u00fadi\u00f3 albumon t\u00f6bb vend\u00e9gzen\u00e9sz is k\u00f6zrem\u0171k\u00f6d\u00f6tt. Muck Ferenc szaxofonon, Karvaly Tibor heged\u0171n, valamint Szab\u00f3 L\u00e1szl\u00f3 szit\u00e1ron. A bemutat\u00f3 turn\u00e9n mindh\u00e1rman r\u00e9szt vettek, \u00edgy nem egy alkalommal nyolc zen\u00e9szt is hallhatunk a sz\u00ednpadon.   A kazetta B oldal\u00e1ra felker\u00fclt egy b\u00f3nusz track, a 2022-es MOMkult koncertb\u0151l a Dej\u00e1 Vu c\u00edm\u0171 felv\u00e9tel. K\u00f6zrem\u0171k\u00f6d\u0151k Barab\u00e1s Tam\u00e1s \u2013 basszusgit\u00e1r \u00c9gerh\u00e1zi Attila \u2013 git\u00e1r, \u00fct\u0151hangszerek Kasz\u00e1s P\u00e9ter \u2013 dobok, \u00e9nek Ko\u00f3s-Hut\u00e1s \u00c1ron \u2013 trombita, sz\u00e1rnyk\u00fcrt Nagy J\u00e1nos \u2013 billenty\u0171s hangszerek Muck Ferenc \u2013 szaxofon, EWI Szab\u00f3 L\u00e1szl\u00f3 \u2013 szitar, git\u00e1r Karvaly Tibor \u2013 elektromos heged\u0171[:en]GR-182-4, MC The Magic Stag in Debrecen! This MC is a missing piece, as there is no release of The Magic Stag\u2019s 2021 album tour yet. This is a concert recording which was made at the Liszt Hall of the University of Debrecen in 2021. With the exception of two compositions all the tracks from The Magic Stag album is performed. The original studio album featured several guest musicians, Ferenc Muck on saxophone, Tibor Karvaly on violin and L\u00e1szl\u00f3 Szab\u00f3 on sitar. All the three player took part in the premiere tour, so on more than one occasion, eight musicians can be heard on stage. A bonus track recorded at the 2022 MOMkult concert, Dej\u00e1 Vu, has been added to side B of the cassette.  Musicians Tam\u00e1s Barab\u00e1s \u2013 bass guitar Attila \u00c9gerh\u00e1zi \u2013 guitar, percussion P\u00e9ter Kasz\u00e1s \u2013 drums, vocal \u00c1ron Ko\u00f3s-Hut\u00e1s \u2013 trumpet, flugelhorn J\u00e1nos Nagy \u2013 keyboards Ferenc Muck \u2013 saxophone, EWI L\u00e1szl\u00f3 Szab\u00f3 \u2013 sitar, guitar Tibor Karvaly \u2013 electric violin[:]","og_url":"https:\/\/djabe.hu\/uzlet\/djabe-the-magic-stag-in-debrecen\/","og_site_name":"Djabe","article_modified_time":"2025-12-08T10:17:53+00:00","og_image":[{"width":1920,"height":1080,"url":"https:\/\/djabe.hu\/wp-content\/uploads\/2025\/04\/Audio_Cassette_Tape_with_Box_Djabe_Magic_Stag_v1_HD_02.jpg","type":"image\/jpeg"}],"twitter_card":"summary_large_image","twitter_image":"https:\/\/djabe.hu\/wp-content\/uploads\/2025\/04\/Audio_Cassette_Tape_with_Box_Djabe_Magic_Stag_v1_HD_02.jpg","twitter_misc":{"Est. reading time":"1 minute"},"schema":{"@context":"https:\/\/schema.org","@graph":[{"@type":"WebPage","@id":"https:\/\/djabe.hu\/uzlet\/djabe-the-magic-stag-in-debrecen\/","url":"https:\/\/djabe.hu\/uzlet\/djabe-the-magic-stag-in-debrecen\/","name":"Djabe \u2013 The Magic Stag In Debrecen MC - Djabe","isPartOf":{"@id":"https:\/\/djabe.hu\/en\/#website"},"primaryImageOfPage":{"@id":"https:\/\/djabe.hu\/uzlet\/djabe-the-magic-stag-in-debrecen\/#primaryimage"},"image":{"@id":"https:\/\/djabe.hu\/uzlet\/djabe-the-magic-stag-in-debrecen\/#primaryimage"},"thumbnailUrl":"https:\/\/djabe.hu\/wp-content\/uploads\/2025\/04\/Audio_Cassette_Tape_with_Box_Djabe_Magic_Stag_v1_HD_03.jpg","datePublished":"2025-04-30T08:37:04+00:00","dateModified":"2025-12-08T10:17:53+00:00","breadcrumb":{"@id":"https:\/\/djabe.hu\/uzlet\/djabe-the-magic-stag-in-debrecen\/#breadcrumb"},"inLanguage":"en-US","potentialAction":[{"@type":"ReadAction","target":["https:\/\/djabe.hu\/uzlet\/djabe-the-magic-stag-in-debrecen\/"]}]},{"@type":"ImageObject","inLanguage":"en-US","@id":"https:\/\/djabe.hu\/uzlet\/djabe-the-magic-stag-in-debrecen\/#primaryimage","url":"https:\/\/djabe.hu\/wp-content\/uploads\/2025\/04\/Audio_Cassette_Tape_with_Box_Djabe_Magic_Stag_v1_HD_03.jpg","contentUrl":"https:\/\/djabe.hu\/wp-content\/uploads\/2025\/04\/Audio_Cassette_Tape_with_Box_Djabe_Magic_Stag_v1_HD_03.jpg","width":1080,"height":1080},{"@type":"BreadcrumbList","@id":"https:\/\/djabe.hu\/uzlet\/djabe-the-magic-stag-in-debrecen\/#breadcrumb","itemListElement":[{"@type":"ListItem","position":1,"name":"Home","item":"https:\/\/djabe.hu\/en\/"},{"@type":"ListItem","position":2,"name":"\u00c1ruh\u00e1z","item":"https:\/\/djabe.hu\/uzlet\/"},{"@type":"ListItem","position":3,"name":"Djabe \u2013 The Magic Stag In Debrecen MC"}]},{"@type":"WebSite","@id":"https:\/\/djabe.hu\/en\/#website","url":"https:\/\/djabe.hu\/en\/","name":"Djabe","description":"Official site","potentialAction":[{"@type":"SearchAction","target":{"@type":"EntryPoint","urlTemplate":"https:\/\/djabe.hu\/en\/?s={search_term_string}"},"query-input":{"@type":"PropertyValueSpecification","valueRequired":true,"valueName":"search_term_string"}}],"inLanguage":"en-US"}]}},"jetpack_sharing_enabled":true,"_links":{"self":[{"href":"https:\/\/djabe.hu\/en\/wp-json\/wp\/v2\/product\/11491","targetHints":{"allow":["GET"]}}],"collection":[{"href":"https:\/\/djabe.hu\/en\/wp-json\/wp\/v2\/product"}],"about":[{"href":"https:\/\/djabe.hu\/en\/wp-json\/wp\/v2\/types\/product"}],"wp:featuredmedia":[{"embeddable":true,"href":"https:\/\/djabe.hu\/en\/wp-json\/wp\/v2\/media\/11493"}],"wp:attachment":[{"href":"https:\/\/djabe.hu\/en\/wp-json\/wp\/v2\/media?parent=11491"}],"wp:term":[{"taxonomy":"product_brand","embeddable":true,"href":"https:\/\/djabe.hu\/en\/wp-json\/wp\/v2\/product_brand?post=11491"},{"taxonomy":"product_cat","embeddable":true,"href":"https:\/\/djabe.hu\/en\/wp-json\/wp\/v2\/product_cat?post=11491"},{"taxonomy":"product_tag","embeddable":true,"href":"https:\/\/djabe.hu\/en\/wp-json\/wp\/v2\/product_tag?post=11491"}],"curies":[{"name":"wp","href":"https:\/\/api.w.org\/{rel}","templated":true}]}}