{"id":11486,"date":"2025-04-29T15:18:22","date_gmt":"2025-04-29T14:18:22","guid":{"rendered":"https:\/\/djabe.hu\/?post_type=product&#038;p=11486"},"modified":"2026-04-08T15:21:32","modified_gmt":"2026-04-08T14:21:32","slug":"djabe-with-chieli-minucci-tour-of-waterfalls-3lp","status":"publish","type":"product","link":"https:\/\/djabe.hu\/en\/uzlet\/djabe-with-chieli-minucci-tour-of-waterfalls-3lp\/","title":{"rendered":"Djabe with Chieli Minucci \u2013 Tour Of Waterfalls 3LP"},"content":{"rendered":"<h2><img loading=\"lazy\" decoding=\"async\" class=\"aligncenter wp-image-11403 size-full\" src=\"https:\/\/djabe.hu\/wp-content\/uploads\/2025\/03\/Djabe_with_Chieli_Minucci_Tour_of-Waterfalls-3LP_Mock-up_v1_1.png\" alt=\"\" width=\"1972\" height=\"810\" srcset=\"https:\/\/djabe.hu\/wp-content\/uploads\/2025\/03\/Djabe_with_Chieli_Minucci_Tour_of-Waterfalls-3LP_Mock-up_v1_1.png 1972w, https:\/\/djabe.hu\/wp-content\/uploads\/2025\/03\/Djabe_with_Chieli_Minucci_Tour_of-Waterfalls-3LP_Mock-up_v1_1-300x123.png 300w, https:\/\/djabe.hu\/wp-content\/uploads\/2025\/03\/Djabe_with_Chieli_Minucci_Tour_of-Waterfalls-3LP_Mock-up_v1_1-1024x421.png 1024w, https:\/\/djabe.hu\/wp-content\/uploads\/2025\/03\/Djabe_with_Chieli_Minucci_Tour_of-Waterfalls-3LP_Mock-up_v1_1-768x315.png 768w, https:\/\/djabe.hu\/wp-content\/uploads\/2025\/03\/Djabe_with_Chieli_Minucci_Tour_of-Waterfalls-3LP_Mock-up_v1_1-1536x631.png 1536w, https:\/\/djabe.hu\/wp-content\/uploads\/2025\/03\/Djabe_with_Chieli_Minucci_Tour_of-Waterfalls-3LP_Mock-up_v1_1-600x246.png 600w, https:\/\/djabe.hu\/wp-content\/uploads\/2025\/03\/Djabe_with_Chieli_Minucci_Tour_of-Waterfalls-3LP_Mock-up_v1_1-146x60.png 146w, https:\/\/djabe.hu\/wp-content\/uploads\/2025\/03\/Djabe_with_Chieli_Minucci_Tour_of-Waterfalls-3LP_Mock-up_v1_1-219x90.png 219w\" sizes=\"auto, (max-width: 1972px) 100vw, 1972px\" \/><\/h2>\n<h2><strong>Tracklist<\/strong><\/h2>\n<p><strong>Side A<\/strong><br \/>\nWaterfall<br \/>\nSunday Afternoon<br \/>\nDaybreak<\/p>\n<p><strong>Side B<\/strong><br \/>\nIsland<br \/>\nDeep Lights<\/p>\n<p><strong>Side C<\/strong><br \/>\nWithout You<br \/>\nBuzzy Island<\/p>\n<p><strong>Side D<\/strong><br \/>\nWaterfall<br \/>\nBefore<br \/>\nBeginnings \/ Nature Boy<\/p>\n<p><strong>Side E<\/strong><br \/>\nSpeak To Me<br \/>\nBodybeat<\/p>\n<p><strong>Side F<\/strong><br \/>\n4000<br \/>\nLava Lamp<\/p>\n<p><iframe loading=\"lazy\" title=\"Djabe with Chieli Minucci - Waterfall \/ Sunday Afternoon \/ Daybreak\" width=\"900\" height=\"506\" src=\"https:\/\/www.youtube.com\/embed\/yCoDQQVHP30?feature=oembed\" frameborder=\"0\" allow=\"accelerometer; autoplay; clipboard-write; encrypted-media; gyroscope; picture-in-picture; web-share\" referrerpolicy=\"strict-origin-when-cross-origin\" allowfullscreen><\/iframe><\/p>\n","protected":false},"excerpt":{"rendered":"<h2><strong>GR179-1, 3x180g black LP, in trifold jacket<\/strong><\/h2>\n<p>The triple LP was recorded during the 2024 Tour Of Waterfalls in Budapest, using 24-track analogue technology. Thanks to the excellent recording and the world-renowned sound engineering work of Tam\u00e1s Barab\u00e1s, once again an audiophile-quality master was created. The three LPs contain the complete concert program they played during the tour. The content is consist of approximately 50% of Djabe compositions, given to these a new impetus and sound by Chieli Minucci. The rest of the album features Chieli Minucci&#8217;s compositions, mostly Special EFX tracks.<\/p>\n<p>And of course the title track Waterfall is from both repertoires, which work equally well in this revamped, collaborative arrangement. A standout from the consistently strong programme is Chieli\u2019s Without You, which was performed live for the first time on this tour. The mostly highly emotional compositions created a special atmosphere at each stop on the tour.<\/p>\n<p>Djabe&#8217;s musical quality and unique sound also gave these recordings a new air. Minucci praised the band, the concerts and the recording The Tour Of Waterfalls is not only the first album of Chieli&#8217;s collaboration with Djabe, but also the debut of new Djabe saxophone player Zolt\u00e1n Zana. Zoli excels in both Minucci compositions and older Djabe compositions.<\/p>\n<p><strong>Chieli Minucci<\/strong> &#8211; guitar<br \/>\n<strong>Attila \u00c9gerh\u00e1zi<\/strong> &#8211; guitar, percussion<br \/>\n<strong>Tam\u00e1s Barab\u00e1s<\/strong> &#8211; bass guitar<br \/>\n<strong>P\u00e9ter Kasz\u00e1s<\/strong> &#8211; drums, vocals<br \/>\n<strong>Zolt\u00e1n Bubeny\u00e1k<\/strong> &#8211; keyboards<br \/>\n<strong>Zolt\u00e1n Zana<\/strong> &#8211; saxophone, EWI<\/p>\n","protected":false},"featured_media":11487,"template":"","meta":[],"product_brand":[],"product_cat":[40],"product_tag":[],"class_list":{"0":"post-11486","1":"product","2":"type-product","3":"status-publish","4":"has-post-thumbnail","6":"product_cat-lp","7":"repupress_customize_woocommerce_productom_class","9":"first","10":"instock","11":"shipping-taxable","12":"purchasable","13":"product-type-simple"},"yoast_head":"<!-- This site is optimized with the Yoast SEO plugin v27.2 - https:\/\/yoast.com\/product\/yoast-seo-wordpress\/ -->\n<title>Djabe with Chieli Minucci \u2013 Tour Of Waterfalls 3LP - Djabe<\/title>\n<meta name=\"robots\" content=\"index, follow, max-snippet:-1, max-image-preview:large, max-video-preview:-1\" \/>\n<link rel=\"canonical\" href=\"https:\/\/djabe.hu\/uzlet\/djabe-with-chieli-minucci-tour-of-waterfalls-3lp\/\" \/>\n<meta property=\"og:locale\" content=\"en_US\" \/>\n<meta property=\"og:type\" content=\"article\" \/>\n<meta property=\"og:title\" content=\"Djabe with Chieli Minucci \u2013 Tour Of Waterfalls 3LP - Djabe\" \/>\n<meta property=\"og:description\" content=\"[:hu]GR179-1, 3x180 gr. LP, Trifold bor\u00edt\u00f3ban A tripla vinyl anyag\u00e1t a Djabe a 2024-es, Chieli Minuccival k\u00f6z\u00f6s Tour Of Waterfalls budapesti \u00e1llom\u00e1s\u00e1n r\u00f6gz\u00edtett\u00e9k, 24 s\u00e1vos anal\u00f3g technik\u00e1val. A kiv\u00e1l\u00f3 felv\u00e9telnek \u00e9s Barab\u00e1s Tam\u00e1s vil\u00e1gszerte elismert hangm\u00e9rn\u00f6ki munk\u00e1j\u00e1nak k\u00f6sz\u00f6nhet\u0151en ism\u00e9t audiofil min\u0151s\u00e9g\u0171 maszter sz\u00fcletett. A h\u00e1rom LP tartalmazza a koncert teljes anyag\u00e1t, feler\u00e9szt Djabe kompoz\u00edci\u00f3kat, melyeknek Chieli Minucci adott \u00faj lend\u00fcletet \u00e9s hangz\u00e1st. Az album tov\u00e1bbi r\u00e9sz\u00e9ben Chieli Minucci szerzem\u00e9nyei hallhat\u00f3ak, javar\u00e9szt Special EFX sz\u00e1mok.  A c\u00edmad\u00f3 Waterfall szerzem\u00e9nyek pedig term\u00e9szetesen mindk\u00e9t reperto\u00e1rb\u00f3l elhangzanak, melyek egyar\u00e1nt nagyon j\u00f3l m\u0171k\u00f6dnek ebben a fel\u00faj\u00edtott, k\u00f6z\u00f6s hangszerel\u00e9sben is.  A v\u00e9gig egys\u00e9gesen er\u0151s programb\u00f3l kiemelkedik Chieli Without You szerzem\u00e9nye, mely ezen a turn\u00e9n hangzott el el\u0151sz\u00f6r \u00e9l\u0151ben. A t\u00f6bbs\u00e9g\u00e9ben er\u0151sen emocion\u00e1lis kompoz\u00edci\u00f3k minden egyes turn\u00e9\u00e1llom\u00e1son k\u00fcl\u00f6nleges atmoszf\u00e9r\u00e1t teremtettek. A Djabe zenei min\u0151s\u00e9ge \u00e9s egyedi hangz\u00e1sa ezeknek a felv\u00e9teleknek is \u00faj megsz\u00f3lal\u00e1st adott. Minucci elismer\u0151en nyilatkozott a zenekarr\u00f3l, a koncertekr\u0151l \u00e9s a felv\u00e9telr\u0151l is A Tour Of Waterfalls nemcsak Chieli \u00e9s a Djabe egy\u00fcttm\u0171k\u00f6d\u00e9s\u00e9nek els\u0151 albuma, de egyben az \u00faj Djabe f\u00fav\u00f3s, Zana Zolt\u00e1n bemutatkoz\u00e1sa is. Zoli egyar\u00e1nt remekel a Minucci szerzem\u00e9nyekben \u00e9s a r\u00e9gebbi Djabe kompoz\u00edci\u00f3kban. \u00c9lm\u00e9nysz\u00e1mba men\u0151 szaxofon- \u00e9s EWI j\u00e1t\u00e9ka egyszerre id\u00e9zi meg a Djabe indul\u00e1s\u00e1t \u00e9s a banda els\u0151 h\u0151skor\u00e1t, mik\u00f6zben friss\u00edti \u00e9s moderniz\u00e1lja is a csod\u00e1s f\u00fazi\u00f3s kompoz\u00edci\u00f3kat.  Chieli Minucci \u2013 git\u00e1r \u00c9gerh\u00e1zi Attila \u2013 git\u00e1r, \u00fct\u0151hangszerek Barab\u00e1s Tam\u00e1s \u2013 basszusgit\u00e1r Kasz\u00e1s P\u00e9ter \u2013 dob, \u00e9nek Bubeny\u00e1k Zolt\u00e1n \u2013 billenty\u0171s hangszerek Zana Zolt\u00e1n \u2013 szaxofon, EWI[:en]GR179-1, 3x180g black LP, in trifold jacket The triple LP was recorded during the 2024 Tour Of Waterfalls in Budapest, using 24-track analogue technology. Thanks to the excellent recording and the world-renowned sound engineering work of Tam\u00e1s Barab\u00e1s, once again an audiophile-quality master was created. The three LPs contain the complete concert program they played during the tour. The content is consist of approximately 50% of Djabe compositions, given to these a new impetus and sound by Chieli Minucci. The rest of the album features Chieli Minucci&#039;s compositions, mostly Special EFX tracks.  And of course the title track Waterfall is from both repertoires, which work equally well in this revamped, collaborative arrangement. A standout from the consistently strong programme is Chieli\u2019s Without You, which was performed live for the first time on this tour. The mostly highly emotional compositions created a special atmosphere at each stop on the tour.  Djabe&#039;s musical quality and unique sound also gave these recordings a new air. Minucci praised the band, the concerts and the recording The Tour Of Waterfalls is not only the first album of Chieli&#039;s collaboration with Djabe, but also the debut of new Djabe saxophone player Zolt\u00e1n Zana. Zoli excels in both Minucci compositions and older Djabe compositions.  Chieli Minucci - guitar Attila \u00c9gerh\u00e1zi - guitar, percussion Tam\u00e1s Barab\u00e1s - bass guitar P\u00e9ter Kasz\u00e1s - drums, vocals Zolt\u00e1n Bubeny\u00e1k - keyboards Zolt\u00e1n Zana - saxophone, EWI[:]\" \/>\n<meta property=\"og:url\" content=\"https:\/\/djabe.hu\/uzlet\/djabe-with-chieli-minucci-tour-of-waterfalls-3lp\/\" \/>\n<meta property=\"og:site_name\" content=\"Djabe\" \/>\n<meta property=\"article:modified_time\" content=\"2026-04-08T14:21:32+00:00\" \/>\n<meta property=\"og:image\" content=\"https:\/\/djabe.hu\/wp-content\/uploads\/2025\/03\/Djabe_with_Chieli_Minucci_Tour_of-Waterfalls-3LP_Mock-up_v1_1.png\" \/>\n\t<meta property=\"og:image:width\" content=\"1972\" \/>\n\t<meta property=\"og:image:height\" content=\"810\" \/>\n\t<meta property=\"og:image:type\" content=\"image\/png\" \/>\n<meta name=\"twitter:card\" content=\"summary_large_image\" \/>\n<meta name=\"twitter:image\" content=\"https:\/\/djabe.hu\/wp-content\/uploads\/2025\/03\/Djabe_with_Chieli_Minucci_Tour_of-Waterfalls-3LP_Mock-up_v1_1.png\" \/>\n<meta name=\"twitter:label1\" content=\"Est. reading time\" \/>\n\t<meta name=\"twitter:data1\" content=\"1 minute\" \/>\n<script type=\"application\/ld+json\" class=\"yoast-schema-graph\">{\"@context\":\"https:\/\/schema.org\",\"@graph\":[{\"@type\":\"WebPage\",\"@id\":\"https:\/\/djabe.hu\/uzlet\/djabe-with-chieli-minucci-tour-of-waterfalls-3lp\/\",\"url\":\"https:\/\/djabe.hu\/uzlet\/djabe-with-chieli-minucci-tour-of-waterfalls-3lp\/\",\"name\":\"Djabe with Chieli Minucci \u2013 Tour Of Waterfalls 3LP - Djabe\",\"isPartOf\":{\"@id\":\"https:\/\/djabe.hu\/en\/#website\"},\"primaryImageOfPage\":{\"@id\":\"https:\/\/djabe.hu\/uzlet\/djabe-with-chieli-minucci-tour-of-waterfalls-3lp\/#primaryimage\"},\"image\":{\"@id\":\"https:\/\/djabe.hu\/uzlet\/djabe-with-chieli-minucci-tour-of-waterfalls-3lp\/#primaryimage\"},\"thumbnailUrl\":\"https:\/\/djabe.hu\/wp-content\/uploads\/2025\/04\/Djabe_with_Chieli_Minucci_Tour_of-Waterfalls-3LP_Mock-up_v1_2.png\",\"datePublished\":\"2025-04-29T14:18:22+00:00\",\"dateModified\":\"2026-04-08T14:21:32+00:00\",\"breadcrumb\":{\"@id\":\"https:\/\/djabe.hu\/uzlet\/djabe-with-chieli-minucci-tour-of-waterfalls-3lp\/#breadcrumb\"},\"inLanguage\":\"en-US\",\"potentialAction\":[{\"@type\":\"ReadAction\",\"target\":[\"https:\/\/djabe.hu\/uzlet\/djabe-with-chieli-minucci-tour-of-waterfalls-3lp\/\"]}]},{\"@type\":\"ImageObject\",\"inLanguage\":\"en-US\",\"@id\":\"https:\/\/djabe.hu\/uzlet\/djabe-with-chieli-minucci-tour-of-waterfalls-3lp\/#primaryimage\",\"url\":\"https:\/\/djabe.hu\/wp-content\/uploads\/2025\/04\/Djabe_with_Chieli_Minucci_Tour_of-Waterfalls-3LP_Mock-up_v1_2.png\",\"contentUrl\":\"https:\/\/djabe.hu\/wp-content\/uploads\/2025\/04\/Djabe_with_Chieli_Minucci_Tour_of-Waterfalls-3LP_Mock-up_v1_2.png\",\"width\":1972,\"height\":1972},{\"@type\":\"BreadcrumbList\",\"@id\":\"https:\/\/djabe.hu\/uzlet\/djabe-with-chieli-minucci-tour-of-waterfalls-3lp\/#breadcrumb\",\"itemListElement\":[{\"@type\":\"ListItem\",\"position\":1,\"name\":\"Home\",\"item\":\"https:\/\/djabe.hu\/en\/\"},{\"@type\":\"ListItem\",\"position\":2,\"name\":\"\u00c1ruh\u00e1z\",\"item\":\"https:\/\/djabe.hu\/uzlet\/\"},{\"@type\":\"ListItem\",\"position\":3,\"name\":\"Djabe with Chieli Minucci \u2013 Tour Of Waterfalls 3LP\"}]},{\"@type\":\"WebSite\",\"@id\":\"https:\/\/djabe.hu\/en\/#website\",\"url\":\"https:\/\/djabe.hu\/en\/\",\"name\":\"Djabe\",\"description\":\"Official site\",\"potentialAction\":[{\"@type\":\"SearchAction\",\"target\":{\"@type\":\"EntryPoint\",\"urlTemplate\":\"https:\/\/djabe.hu\/en\/?s={search_term_string}\"},\"query-input\":{\"@type\":\"PropertyValueSpecification\",\"valueRequired\":true,\"valueName\":\"search_term_string\"}}],\"inLanguage\":\"en-US\"}]}<\/script>\n<!-- \/ Yoast SEO plugin. -->","yoast_head_json":{"title":"Djabe with Chieli Minucci \u2013 Tour Of Waterfalls 3LP - Djabe","robots":{"index":"index","follow":"follow","max-snippet":"max-snippet:-1","max-image-preview":"max-image-preview:large","max-video-preview":"max-video-preview:-1"},"canonical":"https:\/\/djabe.hu\/uzlet\/djabe-with-chieli-minucci-tour-of-waterfalls-3lp\/","og_locale":"en_US","og_type":"article","og_title":"Djabe with Chieli Minucci \u2013 Tour Of Waterfalls 3LP - Djabe","og_description":"[:hu]GR179-1, 3x180 gr. LP, Trifold bor\u00edt\u00f3ban A tripla vinyl anyag\u00e1t a Djabe a 2024-es, Chieli Minuccival k\u00f6z\u00f6s Tour Of Waterfalls budapesti \u00e1llom\u00e1s\u00e1n r\u00f6gz\u00edtett\u00e9k, 24 s\u00e1vos anal\u00f3g technik\u00e1val. A kiv\u00e1l\u00f3 felv\u00e9telnek \u00e9s Barab\u00e1s Tam\u00e1s vil\u00e1gszerte elismert hangm\u00e9rn\u00f6ki munk\u00e1j\u00e1nak k\u00f6sz\u00f6nhet\u0151en ism\u00e9t audiofil min\u0151s\u00e9g\u0171 maszter sz\u00fcletett. A h\u00e1rom LP tartalmazza a koncert teljes anyag\u00e1t, feler\u00e9szt Djabe kompoz\u00edci\u00f3kat, melyeknek Chieli Minucci adott \u00faj lend\u00fcletet \u00e9s hangz\u00e1st. Az album tov\u00e1bbi r\u00e9sz\u00e9ben Chieli Minucci szerzem\u00e9nyei hallhat\u00f3ak, javar\u00e9szt Special EFX sz\u00e1mok.  A c\u00edmad\u00f3 Waterfall szerzem\u00e9nyek pedig term\u00e9szetesen mindk\u00e9t reperto\u00e1rb\u00f3l elhangzanak, melyek egyar\u00e1nt nagyon j\u00f3l m\u0171k\u00f6dnek ebben a fel\u00faj\u00edtott, k\u00f6z\u00f6s hangszerel\u00e9sben is.  A v\u00e9gig egys\u00e9gesen er\u0151s programb\u00f3l kiemelkedik Chieli Without You szerzem\u00e9nye, mely ezen a turn\u00e9n hangzott el el\u0151sz\u00f6r \u00e9l\u0151ben. A t\u00f6bbs\u00e9g\u00e9ben er\u0151sen emocion\u00e1lis kompoz\u00edci\u00f3k minden egyes turn\u00e9\u00e1llom\u00e1son k\u00fcl\u00f6nleges atmoszf\u00e9r\u00e1t teremtettek. A Djabe zenei min\u0151s\u00e9ge \u00e9s egyedi hangz\u00e1sa ezeknek a felv\u00e9teleknek is \u00faj megsz\u00f3lal\u00e1st adott. Minucci elismer\u0151en nyilatkozott a zenekarr\u00f3l, a koncertekr\u0151l \u00e9s a felv\u00e9telr\u0151l is A Tour Of Waterfalls nemcsak Chieli \u00e9s a Djabe egy\u00fcttm\u0171k\u00f6d\u00e9s\u00e9nek els\u0151 albuma, de egyben az \u00faj Djabe f\u00fav\u00f3s, Zana Zolt\u00e1n bemutatkoz\u00e1sa is. Zoli egyar\u00e1nt remekel a Minucci szerzem\u00e9nyekben \u00e9s a r\u00e9gebbi Djabe kompoz\u00edci\u00f3kban. \u00c9lm\u00e9nysz\u00e1mba men\u0151 szaxofon- \u00e9s EWI j\u00e1t\u00e9ka egyszerre id\u00e9zi meg a Djabe indul\u00e1s\u00e1t \u00e9s a banda els\u0151 h\u0151skor\u00e1t, mik\u00f6zben friss\u00edti \u00e9s moderniz\u00e1lja is a csod\u00e1s f\u00fazi\u00f3s kompoz\u00edci\u00f3kat.  Chieli Minucci \u2013 git\u00e1r \u00c9gerh\u00e1zi Attila \u2013 git\u00e1r, \u00fct\u0151hangszerek Barab\u00e1s Tam\u00e1s \u2013 basszusgit\u00e1r Kasz\u00e1s P\u00e9ter \u2013 dob, \u00e9nek Bubeny\u00e1k Zolt\u00e1n \u2013 billenty\u0171s hangszerek Zana Zolt\u00e1n \u2013 szaxofon, EWI[:en]GR179-1, 3x180g black LP, in trifold jacket The triple LP was recorded during the 2024 Tour Of Waterfalls in Budapest, using 24-track analogue technology. Thanks to the excellent recording and the world-renowned sound engineering work of Tam\u00e1s Barab\u00e1s, once again an audiophile-quality master was created. The three LPs contain the complete concert program they played during the tour. The content is consist of approximately 50% of Djabe compositions, given to these a new impetus and sound by Chieli Minucci. The rest of the album features Chieli Minucci's compositions, mostly Special EFX tracks.  And of course the title track Waterfall is from both repertoires, which work equally well in this revamped, collaborative arrangement. A standout from the consistently strong programme is Chieli\u2019s Without You, which was performed live for the first time on this tour. The mostly highly emotional compositions created a special atmosphere at each stop on the tour.  Djabe's musical quality and unique sound also gave these recordings a new air. Minucci praised the band, the concerts and the recording The Tour Of Waterfalls is not only the first album of Chieli's collaboration with Djabe, but also the debut of new Djabe saxophone player Zolt\u00e1n Zana. Zoli excels in both Minucci compositions and older Djabe compositions.  Chieli Minucci - guitar Attila \u00c9gerh\u00e1zi - guitar, percussion Tam\u00e1s Barab\u00e1s - bass guitar P\u00e9ter Kasz\u00e1s - drums, vocals Zolt\u00e1n Bubeny\u00e1k - keyboards Zolt\u00e1n Zana - saxophone, EWI[:]","og_url":"https:\/\/djabe.hu\/uzlet\/djabe-with-chieli-minucci-tour-of-waterfalls-3lp\/","og_site_name":"Djabe","article_modified_time":"2026-04-08T14:21:32+00:00","og_image":[{"width":1972,"height":810,"url":"https:\/\/djabe.hu\/wp-content\/uploads\/2025\/03\/Djabe_with_Chieli_Minucci_Tour_of-Waterfalls-3LP_Mock-up_v1_1.png","type":"image\/png"}],"twitter_card":"summary_large_image","twitter_image":"https:\/\/djabe.hu\/wp-content\/uploads\/2025\/03\/Djabe_with_Chieli_Minucci_Tour_of-Waterfalls-3LP_Mock-up_v1_1.png","twitter_misc":{"Est. reading time":"1 minute"},"schema":{"@context":"https:\/\/schema.org","@graph":[{"@type":"WebPage","@id":"https:\/\/djabe.hu\/uzlet\/djabe-with-chieli-minucci-tour-of-waterfalls-3lp\/","url":"https:\/\/djabe.hu\/uzlet\/djabe-with-chieli-minucci-tour-of-waterfalls-3lp\/","name":"Djabe with Chieli Minucci \u2013 Tour Of Waterfalls 3LP - Djabe","isPartOf":{"@id":"https:\/\/djabe.hu\/en\/#website"},"primaryImageOfPage":{"@id":"https:\/\/djabe.hu\/uzlet\/djabe-with-chieli-minucci-tour-of-waterfalls-3lp\/#primaryimage"},"image":{"@id":"https:\/\/djabe.hu\/uzlet\/djabe-with-chieli-minucci-tour-of-waterfalls-3lp\/#primaryimage"},"thumbnailUrl":"https:\/\/djabe.hu\/wp-content\/uploads\/2025\/04\/Djabe_with_Chieli_Minucci_Tour_of-Waterfalls-3LP_Mock-up_v1_2.png","datePublished":"2025-04-29T14:18:22+00:00","dateModified":"2026-04-08T14:21:32+00:00","breadcrumb":{"@id":"https:\/\/djabe.hu\/uzlet\/djabe-with-chieli-minucci-tour-of-waterfalls-3lp\/#breadcrumb"},"inLanguage":"en-US","potentialAction":[{"@type":"ReadAction","target":["https:\/\/djabe.hu\/uzlet\/djabe-with-chieli-minucci-tour-of-waterfalls-3lp\/"]}]},{"@type":"ImageObject","inLanguage":"en-US","@id":"https:\/\/djabe.hu\/uzlet\/djabe-with-chieli-minucci-tour-of-waterfalls-3lp\/#primaryimage","url":"https:\/\/djabe.hu\/wp-content\/uploads\/2025\/04\/Djabe_with_Chieli_Minucci_Tour_of-Waterfalls-3LP_Mock-up_v1_2.png","contentUrl":"https:\/\/djabe.hu\/wp-content\/uploads\/2025\/04\/Djabe_with_Chieli_Minucci_Tour_of-Waterfalls-3LP_Mock-up_v1_2.png","width":1972,"height":1972},{"@type":"BreadcrumbList","@id":"https:\/\/djabe.hu\/uzlet\/djabe-with-chieli-minucci-tour-of-waterfalls-3lp\/#breadcrumb","itemListElement":[{"@type":"ListItem","position":1,"name":"Home","item":"https:\/\/djabe.hu\/en\/"},{"@type":"ListItem","position":2,"name":"\u00c1ruh\u00e1z","item":"https:\/\/djabe.hu\/uzlet\/"},{"@type":"ListItem","position":3,"name":"Djabe with Chieli Minucci \u2013 Tour Of Waterfalls 3LP"}]},{"@type":"WebSite","@id":"https:\/\/djabe.hu\/en\/#website","url":"https:\/\/djabe.hu\/en\/","name":"Djabe","description":"Official site","potentialAction":[{"@type":"SearchAction","target":{"@type":"EntryPoint","urlTemplate":"https:\/\/djabe.hu\/en\/?s={search_term_string}"},"query-input":{"@type":"PropertyValueSpecification","valueRequired":true,"valueName":"search_term_string"}}],"inLanguage":"en-US"}]}},"jetpack_sharing_enabled":true,"_links":{"self":[{"href":"https:\/\/djabe.hu\/en\/wp-json\/wp\/v2\/product\/11486","targetHints":{"allow":["GET"]}}],"collection":[{"href":"https:\/\/djabe.hu\/en\/wp-json\/wp\/v2\/product"}],"about":[{"href":"https:\/\/djabe.hu\/en\/wp-json\/wp\/v2\/types\/product"}],"wp:featuredmedia":[{"embeddable":true,"href":"https:\/\/djabe.hu\/en\/wp-json\/wp\/v2\/media\/11487"}],"wp:attachment":[{"href":"https:\/\/djabe.hu\/en\/wp-json\/wp\/v2\/media?parent=11486"}],"wp:term":[{"taxonomy":"product_brand","embeddable":true,"href":"https:\/\/djabe.hu\/en\/wp-json\/wp\/v2\/product_brand?post=11486"},{"taxonomy":"product_cat","embeddable":true,"href":"https:\/\/djabe.hu\/en\/wp-json\/wp\/v2\/product_cat?post=11486"},{"taxonomy":"product_tag","embeddable":true,"href":"https:\/\/djabe.hu\/en\/wp-json\/wp\/v2\/product_tag?post=11486"}],"curies":[{"name":"wp","href":"https:\/\/api.w.org\/{rel}","templated":true}]}}