{"id":11429,"date":"2025-03-28T12:08:38","date_gmt":"2025-03-28T11:08:38","guid":{"rendered":"https:\/\/djabe.hu\/?post_type=product&#038;p=11429"},"modified":"2025-12-08T11:18:34","modified_gmt":"2025-12-08T10:18:34","slug":"djabe-with-chieli-minucci-tour-of-waterfalls-blu-ray","status":"publish","type":"product","link":"https:\/\/djabe.hu\/en\/uzlet\/djabe-with-chieli-minucci-tour-of-waterfalls-blu-ray\/","title":{"rendered":"Djabe with Chieli Minucci \u2013 Tour Of Waterfalls Blu-ray"},"content":{"rendered":"<p><\/p>\n<h2><img loading=\"lazy\" decoding=\"async\" class=\"aligncenter wp-image-11430 size-full\" src=\"https:\/\/djabe.hu\/wp-content\/uploads\/2025\/03\/Djabe_Chieli_Minucci_Tour_of_Waterfalls_Bluray_mockup_1.png\" alt=\"\" width=\"1969\" height=\"1249\" srcset=\"https:\/\/djabe.hu\/wp-content\/uploads\/2025\/03\/Djabe_Chieli_Minucci_Tour_of_Waterfalls_Bluray_mockup_1.png 1969w, https:\/\/djabe.hu\/wp-content\/uploads\/2025\/03\/Djabe_Chieli_Minucci_Tour_of_Waterfalls_Bluray_mockup_1-300x190.png 300w, https:\/\/djabe.hu\/wp-content\/uploads\/2025\/03\/Djabe_Chieli_Minucci_Tour_of_Waterfalls_Bluray_mockup_1-1024x650.png 1024w, https:\/\/djabe.hu\/wp-content\/uploads\/2025\/03\/Djabe_Chieli_Minucci_Tour_of_Waterfalls_Bluray_mockup_1-768x487.png 768w, https:\/\/djabe.hu\/wp-content\/uploads\/2025\/03\/Djabe_Chieli_Minucci_Tour_of_Waterfalls_Bluray_mockup_1-1536x974.png 1536w, https:\/\/djabe.hu\/wp-content\/uploads\/2025\/03\/Djabe_Chieli_Minucci_Tour_of_Waterfalls_Bluray_mockup_1-600x381.png 600w, https:\/\/djabe.hu\/wp-content\/uploads\/2025\/03\/Djabe_Chieli_Minucci_Tour_of_Waterfalls_Bluray_mockup_1-95x60.png 95w, https:\/\/djabe.hu\/wp-content\/uploads\/2025\/03\/Djabe_Chieli_Minucci_Tour_of_Waterfalls_Bluray_mockup_1-142x90.png 142w\" sizes=\"auto, (max-width: 1969px) 100vw, 1969px\" \/><\/h2>\n<h2><strong>Tracklist<\/strong><\/h2>\n<p><strong>Set1<\/strong><\/p>\n<p>Waterfall<br \/>\nSunday Afternoon<br \/>\nDaybreak<br \/>\nIsland<br \/>\nDeep Lights<br \/>\nWithout You<br \/>\nBuzzy Island<\/p>\n<p><strong>Set2<\/strong><\/p>\n<p>Waterfall<br \/>\nBefore<br \/>\nBeginnings \/ Nature Boy<br \/>\nSpeak To Me<br \/>\nBodybeat<br \/>\n4000<br \/>\nLava Lamp<\/p>\n<p><strong>Extra feature<\/strong><\/p>\n<p>Hidden Hearts<\/p>\n<p><iframe loading=\"lazy\" title=\"Djabe with Chieli Minucci - Waterfall \/ Sunday Afternoon \/ Daybreak\" width=\"900\" height=\"506\" src=\"https:\/\/www.youtube.com\/embed\/yCoDQQVHP30?feature=oembed\" frameborder=\"0\" allow=\"accelerometer; autoplay; clipboard-write; encrypted-media; gyroscope; picture-in-picture; web-share\" referrerpolicy=\"strict-origin-when-cross-origin\" allowfullscreen><\/iframe><\/p>","protected":false},"excerpt":{"rendered":"<h2><strong>GR179-5, Blu-ray, 6 page booklet, no region code<\/strong><br \/>\n<strong>Audio \u2013 Stereo 24\/96 wav, Surround 24\/96 wav &amp; DTS-HD audio<\/strong><\/h2>\n<p>The Blu-ray was filmed during the 2024 Tour Of Waterfalls in Budapest. Audio recorded with 24-track analogue technology. Thanks to the excellent recording and the world-renowned sound engineering work of Tam\u00e1s Barab\u00e1s, once again an audiophile-quality master was created. The Blu-Ray contain the complete concert material, mostly Djabe compositions, given a new impetus and sound by Chieli Minucci. The rest of the album features Chieli Minucci&#8217;s compositions, mostly Special EFX tracks.<\/p>\n<p>And of course the title track Waterfall is from both repertoires, which work equally well in this revamped, collaborative arrangement. A standout from the consistently strong programme is Chieli\u2019s Without You, which was performed live for the first time on this tour. The mostly highly emotional compositions created a special atmosphere at each stop on the tour.<\/p>\n<p>Djabe&#8217;s musical quality and unique sound also gave these recordings a new air. Minucci praised the band, the concerts and the recording The Tour Of Waterfalls is not only the first album of Chieli&#8217;s collaboration with Djabe, but also the debut of new Djabe saxophone player Zolt\u00e1n Zana. Zoli excels in both Minucci compositions and older Djabe compositions.<\/p>\n<p><strong>Chieli Minucci<\/strong> &#8211; guitar<br \/>\n<strong>Attila \u00c9gerh\u00e1zi<\/strong> &#8211; guitar, percussion<br \/>\n<strong>Tam\u00e1s Barab\u00e1s<\/strong> &#8211; bass guitar<br \/>\n<strong>P\u00e9ter Kasz\u00e1s<\/strong> &#8211; drums, vocals<br \/>\n<strong>Zolt\u00e1n Bubeny\u00e1k<\/strong> &#8211; keyboards<br \/>\n<strong>Zolt\u00e1n Zana<\/strong> &#8211; saxophone, EWI<\/p>\n<p>The bonus track on the disc is the studio recording of Hidden Hearts. Chieli heard Peter Kasz\u00e1s playing the piano in the dressing room, recorded it on the phone, and reworked it into a composition at home in New York. The song also features Attila \u00c9gerh\u00e1zi and Tam\u00e1s Barab\u00e1s.<\/p>\n","protected":false},"featured_media":11431,"template":"","meta":[],"product_brand":[],"product_cat":[43],"product_tag":[],"class_list":{"0":"post-11429","1":"product","2":"type-product","3":"status-publish","4":"has-post-thumbnail","6":"product_cat-blu-ray","7":"repupress_customize_woocommerce_productom_class","9":"first","10":"instock","11":"shipping-taxable","12":"purchasable","13":"product-type-simple"},"yoast_head":"<!-- This site is optimized with the Yoast SEO plugin v27.2 - https:\/\/yoast.com\/product\/yoast-seo-wordpress\/ -->\n<title>Djabe with Chieli Minucci \u2013 Tour Of Waterfalls Blu-ray - Djabe<\/title>\n<meta name=\"robots\" content=\"index, follow, max-snippet:-1, max-image-preview:large, max-video-preview:-1\" \/>\n<link rel=\"canonical\" href=\"https:\/\/djabe.hu\/uzlet\/djabe-with-chieli-minucci-tour-of-waterfalls-blu-ray\/\" \/>\n<meta property=\"og:locale\" content=\"en_US\" \/>\n<meta property=\"og:type\" content=\"article\" \/>\n<meta property=\"og:title\" content=\"Djabe with Chieli Minucci \u2013 Tour Of Waterfalls Blu-ray - Djabe\" \/>\n<meta property=\"og:description\" content=\"[:hu]GR179-5, Blu-ray, 6 oldalas booklettel, r\u00e9gi\u00f3 k\u00f3d n\u00e9lk\u00fcl Audio \u2013 Stereo 24\/96 wav, Surround 24\/96 wav \u00e9s DTS-HD audio A Blu-ray anyag\u00e1t a Djabe a 2024-es, Chieli Minuccival k\u00f6z\u00f6s Tour Of Waterfalls budapesti \u00e1llom\u00e1s\u00e1n r\u00f6gz\u00edtett\u00e9k, 24 s\u00e1vos anal\u00f3g technik\u00e1val. A kiv\u00e1l\u00f3 felv\u00e9telnek \u00e9s Barab\u00e1s Tam\u00e1s vil\u00e1gszerte elismert hangm\u00e9rn\u00f6ki munk\u00e1j\u00e1nak k\u00f6sz\u00f6nhet\u0151en ism\u00e9t audiofil min\u0151s\u00e9g\u0171 maszter sz\u00fcletett. A Blu-Ray tartalmazza a koncert teljes anyag\u00e1t, feler\u00e9szt Djabe kompoz\u00edci\u00f3kat, melyeknek Chieli Minucci adott \u00faj lend\u00fcletet \u00e9s hangz\u00e1st. Az album tov\u00e1bbi r\u00e9sz\u00e9ben Chieli Minucci szerzem\u00e9nyei hallhat\u00f3ak, javar\u00e9szt Special EFX sz\u00e1mok.  A c\u00edmad\u00f3 Waterfall szerzem\u00e9nyek pedig term\u00e9szetesen mindk\u00e9t reperto\u00e1rb\u00f3l elhangzanak, melyek egyar\u00e1nt nagyon j\u00f3l m\u0171k\u00f6dnek ebben a fel\u00faj\u00edtott, k\u00f6z\u00f6s hangszerel\u00e9sben is. A v\u00e9gig egys\u00e9gesen er\u0151s programb\u00f3l kiemelkedik Chieli Without You szerzem\u00e9nye, mely ezen a turn\u00e9n hangzott el el\u0151sz\u00f6r \u00e9l\u0151ben. A t\u00f6bbs\u00e9g\u00e9ben er\u0151sen emocion\u00e1lis kompoz\u00edci\u00f3k minden egyes turn\u00e9\u00e1llom\u00e1son k\u00fcl\u00f6nleges atmoszf\u00e9r\u00e1t teremtettek.  A Djabe zenei min\u0151s\u00e9ge \u00e9s egyedi hangz\u00e1sa ezeknek a felv\u00e9teleknek is \u00faj megsz\u00f3lal\u00e1st adott. Minucci elismer\u0151en nyilatkozott a zenekarr\u00f3l, a koncertekr\u0151l \u00e9s a felv\u00e9telr\u0151l is A Tour Of Waterfalls nemcsak Chieli \u00e9s a Djabe egy\u00fcttm\u0171k\u00f6d\u00e9s\u00e9nek els\u0151 albuma, de egyben az \u00faj Djabe f\u00fav\u00f3s, Zana Zolt\u00e1n bemutatkoz\u00e1sa is. Zoli egyar\u00e1nt remekel a Minucci szerzem\u00e9nyekben \u00e9s a r\u00e9gebbi Djabe kompoz\u00edci\u00f3kban. \u00c9lm\u00e9nysz\u00e1mba men\u0151 szaxofon- \u00e9s EWI j\u00e1t\u00e9ka egyszerre id\u00e9zi meg a Djabe indul\u00e1s\u00e1t \u00e9s a banda els\u0151 h\u0151skor\u00e1t, mik\u00f6zben friss\u00edti \u00e9s moderniz\u00e1lja is a csod\u00e1s f\u00fazi\u00f3s kompoz\u00edci\u00f3kat.  Chieli Minucci \u2013 git\u00e1r \u00c9gerh\u00e1zi Attila \u2013 git\u00e1r, \u00fct\u0151hangszerek Barab\u00e1s Tam\u00e1s \u2013 basszusgit\u00e1r Kasz\u00e1s P\u00e9ter \u2013 dob, \u00e9nek Bubeny\u00e1k Zolt\u00e1n \u2013 billenty\u0171s hangszerek Zana Zolt\u00e1n \u2013 szaxofon, EWI  A Blu-ray extra tracket is tartalmaz, a Hidden Hearts st\u00fadi\u00f3felv\u00e9telt. Chieli az \u00f6lt\u00f6z\u0151ben hallotta Kasz\u00e1s P\u00e9tert zongor\u00e1zni, amit felvett telefonnal, otthon New Yorkban pedig egy kompoz\u00edci\u00f3v\u00e1 dolgozta \u00e1t. A sz\u00e1mban \u00c9gerh\u00e1zi Attila \u00e9s Barab\u00e1s Tam\u00e1s is j\u00e1tszik.[:en]GR179-5, Blu-ray, 6 page booklet, no region code Audio \u2013 Stereo 24\/96 wav, Surround 24\/96 wav &amp; DTS-HD audio The Blu-ray was filmed during the 2024 Tour Of Waterfalls in Budapest. Audio recorded with 24-track analogue technology. Thanks to the excellent recording and the world-renowned sound engineering work of Tam\u00e1s Barab\u00e1s, once again an audiophile-quality master was created. The Blu-Ray contain the complete concert material, mostly Djabe compositions, given a new impetus and sound by Chieli Minucci. The rest of the album features Chieli Minucci&#039;s compositions, mostly Special EFX tracks.  And of course the title track Waterfall is from both repertoires, which work equally well in this revamped, collaborative arrangement. A standout from the consistently strong programme is Chieli\u2019s Without You, which was performed live for the first time on this tour. The mostly highly emotional compositions created a special atmosphere at each stop on the tour.  Djabe&#039;s musical quality and unique sound also gave these recordings a new air. Minucci praised the band, the concerts and the recording The Tour Of Waterfalls is not only the first album of Chieli&#039;s collaboration with Djabe, but also the debut of new Djabe saxophone player Zolt\u00e1n Zana. Zoli excels in both Minucci compositions and older Djabe compositions.  Chieli Minucci - guitar Attila \u00c9gerh\u00e1zi - guitar, percussion Tam\u00e1s Barab\u00e1s - bass guitar P\u00e9ter Kasz\u00e1s - drums, vocals Zolt\u00e1n Bubeny\u00e1k - keyboards Zolt\u00e1n Zana - saxophone, EWI  The bonus track on the disc is the studio recording of Hidden Hearts. Chieli heard Peter Kasz\u00e1s playing the piano in the dressing room, recorded it on the phone, and reworked it into a composition at home in New York. The song also features Attila \u00c9gerh\u00e1zi and Tam\u00e1s Barab\u00e1s.[:]\" \/>\n<meta property=\"og:url\" content=\"https:\/\/djabe.hu\/uzlet\/djabe-with-chieli-minucci-tour-of-waterfalls-blu-ray\/\" \/>\n<meta property=\"og:site_name\" content=\"Djabe\" \/>\n<meta property=\"article:modified_time\" content=\"2025-12-08T10:18:34+00:00\" \/>\n<meta property=\"og:image\" content=\"https:\/\/djabe.hu\/wp-content\/uploads\/2025\/03\/Djabe_Chieli_Minucci_Tour_of_Waterfalls_Bluray_mockup_2.png\" \/>\n\t<meta property=\"og:image:width\" content=\"1969\" \/>\n\t<meta property=\"og:image:height\" content=\"1969\" \/>\n\t<meta property=\"og:image:type\" content=\"image\/png\" \/>\n<meta name=\"twitter:card\" content=\"summary_large_image\" \/>\n<meta name=\"twitter:image\" content=\"https:\/\/djabe.hu\/wp-content\/uploads\/2025\/03\/Djabe_Chieli_Minucci_Tour_of_Waterfalls_Bluray_mockup_2.png\" \/>\n<meta name=\"twitter:label1\" content=\"Est. reading time\" \/>\n\t<meta name=\"twitter:data1\" content=\"1 minute\" \/>\n<script type=\"application\/ld+json\" class=\"yoast-schema-graph\">{\"@context\":\"https:\/\/schema.org\",\"@graph\":[{\"@type\":\"WebPage\",\"@id\":\"https:\/\/djabe.hu\/uzlet\/djabe-with-chieli-minucci-tour-of-waterfalls-blu-ray\/\",\"url\":\"https:\/\/djabe.hu\/uzlet\/djabe-with-chieli-minucci-tour-of-waterfalls-blu-ray\/\",\"name\":\"Djabe with Chieli Minucci \u2013 Tour Of Waterfalls Blu-ray - Djabe\",\"isPartOf\":{\"@id\":\"https:\/\/djabe.hu\/en\/#website\"},\"primaryImageOfPage\":{\"@id\":\"https:\/\/djabe.hu\/uzlet\/djabe-with-chieli-minucci-tour-of-waterfalls-blu-ray\/#primaryimage\"},\"image\":{\"@id\":\"https:\/\/djabe.hu\/uzlet\/djabe-with-chieli-minucci-tour-of-waterfalls-blu-ray\/#primaryimage\"},\"thumbnailUrl\":\"https:\/\/djabe.hu\/wp-content\/uploads\/2025\/03\/Djabe_Chieli_Minucci_Tour_of_Waterfalls_Bluray_mockup_2.png\",\"datePublished\":\"2025-03-28T11:08:38+00:00\",\"dateModified\":\"2025-12-08T10:18:34+00:00\",\"breadcrumb\":{\"@id\":\"https:\/\/djabe.hu\/uzlet\/djabe-with-chieli-minucci-tour-of-waterfalls-blu-ray\/#breadcrumb\"},\"inLanguage\":\"en-US\",\"potentialAction\":[{\"@type\":\"ReadAction\",\"target\":[\"https:\/\/djabe.hu\/uzlet\/djabe-with-chieli-minucci-tour-of-waterfalls-blu-ray\/\"]}]},{\"@type\":\"ImageObject\",\"inLanguage\":\"en-US\",\"@id\":\"https:\/\/djabe.hu\/uzlet\/djabe-with-chieli-minucci-tour-of-waterfalls-blu-ray\/#primaryimage\",\"url\":\"https:\/\/djabe.hu\/wp-content\/uploads\/2025\/03\/Djabe_Chieli_Minucci_Tour_of_Waterfalls_Bluray_mockup_2.png\",\"contentUrl\":\"https:\/\/djabe.hu\/wp-content\/uploads\/2025\/03\/Djabe_Chieli_Minucci_Tour_of_Waterfalls_Bluray_mockup_2.png\",\"width\":1969,\"height\":1969},{\"@type\":\"BreadcrumbList\",\"@id\":\"https:\/\/djabe.hu\/uzlet\/djabe-with-chieli-minucci-tour-of-waterfalls-blu-ray\/#breadcrumb\",\"itemListElement\":[{\"@type\":\"ListItem\",\"position\":1,\"name\":\"Home\",\"item\":\"https:\/\/djabe.hu\/en\/\"},{\"@type\":\"ListItem\",\"position\":2,\"name\":\"\u00c1ruh\u00e1z\",\"item\":\"https:\/\/djabe.hu\/uzlet\/\"},{\"@type\":\"ListItem\",\"position\":3,\"name\":\"Djabe with Chieli Minucci \u2013 Tour Of Waterfalls Blu-ray\"}]},{\"@type\":\"WebSite\",\"@id\":\"https:\/\/djabe.hu\/en\/#website\",\"url\":\"https:\/\/djabe.hu\/en\/\",\"name\":\"Djabe\",\"description\":\"Official site\",\"potentialAction\":[{\"@type\":\"SearchAction\",\"target\":{\"@type\":\"EntryPoint\",\"urlTemplate\":\"https:\/\/djabe.hu\/en\/?s={search_term_string}\"},\"query-input\":{\"@type\":\"PropertyValueSpecification\",\"valueRequired\":true,\"valueName\":\"search_term_string\"}}],\"inLanguage\":\"en-US\"}]}<\/script>\n<!-- \/ Yoast SEO plugin. -->","yoast_head_json":{"title":"Djabe with Chieli Minucci \u2013 Tour Of Waterfalls Blu-ray - Djabe","robots":{"index":"index","follow":"follow","max-snippet":"max-snippet:-1","max-image-preview":"max-image-preview:large","max-video-preview":"max-video-preview:-1"},"canonical":"https:\/\/djabe.hu\/uzlet\/djabe-with-chieli-minucci-tour-of-waterfalls-blu-ray\/","og_locale":"en_US","og_type":"article","og_title":"Djabe with Chieli Minucci \u2013 Tour Of Waterfalls Blu-ray - Djabe","og_description":"[:hu]GR179-5, Blu-ray, 6 oldalas booklettel, r\u00e9gi\u00f3 k\u00f3d n\u00e9lk\u00fcl Audio \u2013 Stereo 24\/96 wav, Surround 24\/96 wav \u00e9s DTS-HD audio A Blu-ray anyag\u00e1t a Djabe a 2024-es, Chieli Minuccival k\u00f6z\u00f6s Tour Of Waterfalls budapesti \u00e1llom\u00e1s\u00e1n r\u00f6gz\u00edtett\u00e9k, 24 s\u00e1vos anal\u00f3g technik\u00e1val. A kiv\u00e1l\u00f3 felv\u00e9telnek \u00e9s Barab\u00e1s Tam\u00e1s vil\u00e1gszerte elismert hangm\u00e9rn\u00f6ki munk\u00e1j\u00e1nak k\u00f6sz\u00f6nhet\u0151en ism\u00e9t audiofil min\u0151s\u00e9g\u0171 maszter sz\u00fcletett. A Blu-Ray tartalmazza a koncert teljes anyag\u00e1t, feler\u00e9szt Djabe kompoz\u00edci\u00f3kat, melyeknek Chieli Minucci adott \u00faj lend\u00fcletet \u00e9s hangz\u00e1st. Az album tov\u00e1bbi r\u00e9sz\u00e9ben Chieli Minucci szerzem\u00e9nyei hallhat\u00f3ak, javar\u00e9szt Special EFX sz\u00e1mok.  A c\u00edmad\u00f3 Waterfall szerzem\u00e9nyek pedig term\u00e9szetesen mindk\u00e9t reperto\u00e1rb\u00f3l elhangzanak, melyek egyar\u00e1nt nagyon j\u00f3l m\u0171k\u00f6dnek ebben a fel\u00faj\u00edtott, k\u00f6z\u00f6s hangszerel\u00e9sben is. A v\u00e9gig egys\u00e9gesen er\u0151s programb\u00f3l kiemelkedik Chieli Without You szerzem\u00e9nye, mely ezen a turn\u00e9n hangzott el el\u0151sz\u00f6r \u00e9l\u0151ben. A t\u00f6bbs\u00e9g\u00e9ben er\u0151sen emocion\u00e1lis kompoz\u00edci\u00f3k minden egyes turn\u00e9\u00e1llom\u00e1son k\u00fcl\u00f6nleges atmoszf\u00e9r\u00e1t teremtettek.  A Djabe zenei min\u0151s\u00e9ge \u00e9s egyedi hangz\u00e1sa ezeknek a felv\u00e9teleknek is \u00faj megsz\u00f3lal\u00e1st adott. Minucci elismer\u0151en nyilatkozott a zenekarr\u00f3l, a koncertekr\u0151l \u00e9s a felv\u00e9telr\u0151l is A Tour Of Waterfalls nemcsak Chieli \u00e9s a Djabe egy\u00fcttm\u0171k\u00f6d\u00e9s\u00e9nek els\u0151 albuma, de egyben az \u00faj Djabe f\u00fav\u00f3s, Zana Zolt\u00e1n bemutatkoz\u00e1sa is. Zoli egyar\u00e1nt remekel a Minucci szerzem\u00e9nyekben \u00e9s a r\u00e9gebbi Djabe kompoz\u00edci\u00f3kban. \u00c9lm\u00e9nysz\u00e1mba men\u0151 szaxofon- \u00e9s EWI j\u00e1t\u00e9ka egyszerre id\u00e9zi meg a Djabe indul\u00e1s\u00e1t \u00e9s a banda els\u0151 h\u0151skor\u00e1t, mik\u00f6zben friss\u00edti \u00e9s moderniz\u00e1lja is a csod\u00e1s f\u00fazi\u00f3s kompoz\u00edci\u00f3kat.  Chieli Minucci \u2013 git\u00e1r \u00c9gerh\u00e1zi Attila \u2013 git\u00e1r, \u00fct\u0151hangszerek Barab\u00e1s Tam\u00e1s \u2013 basszusgit\u00e1r Kasz\u00e1s P\u00e9ter \u2013 dob, \u00e9nek Bubeny\u00e1k Zolt\u00e1n \u2013 billenty\u0171s hangszerek Zana Zolt\u00e1n \u2013 szaxofon, EWI  A Blu-ray extra tracket is tartalmaz, a Hidden Hearts st\u00fadi\u00f3felv\u00e9telt. Chieli az \u00f6lt\u00f6z\u0151ben hallotta Kasz\u00e1s P\u00e9tert zongor\u00e1zni, amit felvett telefonnal, otthon New Yorkban pedig egy kompoz\u00edci\u00f3v\u00e1 dolgozta \u00e1t. A sz\u00e1mban \u00c9gerh\u00e1zi Attila \u00e9s Barab\u00e1s Tam\u00e1s is j\u00e1tszik.[:en]GR179-5, Blu-ray, 6 page booklet, no region code Audio \u2013 Stereo 24\/96 wav, Surround 24\/96 wav &amp; DTS-HD audio The Blu-ray was filmed during the 2024 Tour Of Waterfalls in Budapest. Audio recorded with 24-track analogue technology. Thanks to the excellent recording and the world-renowned sound engineering work of Tam\u00e1s Barab\u00e1s, once again an audiophile-quality master was created. The Blu-Ray contain the complete concert material, mostly Djabe compositions, given a new impetus and sound by Chieli Minucci. The rest of the album features Chieli Minucci's compositions, mostly Special EFX tracks.  And of course the title track Waterfall is from both repertoires, which work equally well in this revamped, collaborative arrangement. A standout from the consistently strong programme is Chieli\u2019s Without You, which was performed live for the first time on this tour. The mostly highly emotional compositions created a special atmosphere at each stop on the tour.  Djabe's musical quality and unique sound also gave these recordings a new air. Minucci praised the band, the concerts and the recording The Tour Of Waterfalls is not only the first album of Chieli's collaboration with Djabe, but also the debut of new Djabe saxophone player Zolt\u00e1n Zana. Zoli excels in both Minucci compositions and older Djabe compositions.  Chieli Minucci - guitar Attila \u00c9gerh\u00e1zi - guitar, percussion Tam\u00e1s Barab\u00e1s - bass guitar P\u00e9ter Kasz\u00e1s - drums, vocals Zolt\u00e1n Bubeny\u00e1k - keyboards Zolt\u00e1n Zana - saxophone, EWI  The bonus track on the disc is the studio recording of Hidden Hearts. Chieli heard Peter Kasz\u00e1s playing the piano in the dressing room, recorded it on the phone, and reworked it into a composition at home in New York. The song also features Attila \u00c9gerh\u00e1zi and Tam\u00e1s Barab\u00e1s.[:]","og_url":"https:\/\/djabe.hu\/uzlet\/djabe-with-chieli-minucci-tour-of-waterfalls-blu-ray\/","og_site_name":"Djabe","article_modified_time":"2025-12-08T10:18:34+00:00","og_image":[{"width":1969,"height":1969,"url":"https:\/\/djabe.hu\/wp-content\/uploads\/2025\/03\/Djabe_Chieli_Minucci_Tour_of_Waterfalls_Bluray_mockup_2.png","type":"image\/png"}],"twitter_card":"summary_large_image","twitter_image":"https:\/\/djabe.hu\/wp-content\/uploads\/2025\/03\/Djabe_Chieli_Minucci_Tour_of_Waterfalls_Bluray_mockup_2.png","twitter_misc":{"Est. reading time":"1 minute"},"schema":{"@context":"https:\/\/schema.org","@graph":[{"@type":"WebPage","@id":"https:\/\/djabe.hu\/uzlet\/djabe-with-chieli-minucci-tour-of-waterfalls-blu-ray\/","url":"https:\/\/djabe.hu\/uzlet\/djabe-with-chieli-minucci-tour-of-waterfalls-blu-ray\/","name":"Djabe with Chieli Minucci \u2013 Tour Of Waterfalls Blu-ray - Djabe","isPartOf":{"@id":"https:\/\/djabe.hu\/en\/#website"},"primaryImageOfPage":{"@id":"https:\/\/djabe.hu\/uzlet\/djabe-with-chieli-minucci-tour-of-waterfalls-blu-ray\/#primaryimage"},"image":{"@id":"https:\/\/djabe.hu\/uzlet\/djabe-with-chieli-minucci-tour-of-waterfalls-blu-ray\/#primaryimage"},"thumbnailUrl":"https:\/\/djabe.hu\/wp-content\/uploads\/2025\/03\/Djabe_Chieli_Minucci_Tour_of_Waterfalls_Bluray_mockup_2.png","datePublished":"2025-03-28T11:08:38+00:00","dateModified":"2025-12-08T10:18:34+00:00","breadcrumb":{"@id":"https:\/\/djabe.hu\/uzlet\/djabe-with-chieli-minucci-tour-of-waterfalls-blu-ray\/#breadcrumb"},"inLanguage":"en-US","potentialAction":[{"@type":"ReadAction","target":["https:\/\/djabe.hu\/uzlet\/djabe-with-chieli-minucci-tour-of-waterfalls-blu-ray\/"]}]},{"@type":"ImageObject","inLanguage":"en-US","@id":"https:\/\/djabe.hu\/uzlet\/djabe-with-chieli-minucci-tour-of-waterfalls-blu-ray\/#primaryimage","url":"https:\/\/djabe.hu\/wp-content\/uploads\/2025\/03\/Djabe_Chieli_Minucci_Tour_of_Waterfalls_Bluray_mockup_2.png","contentUrl":"https:\/\/djabe.hu\/wp-content\/uploads\/2025\/03\/Djabe_Chieli_Minucci_Tour_of_Waterfalls_Bluray_mockup_2.png","width":1969,"height":1969},{"@type":"BreadcrumbList","@id":"https:\/\/djabe.hu\/uzlet\/djabe-with-chieli-minucci-tour-of-waterfalls-blu-ray\/#breadcrumb","itemListElement":[{"@type":"ListItem","position":1,"name":"Home","item":"https:\/\/djabe.hu\/en\/"},{"@type":"ListItem","position":2,"name":"\u00c1ruh\u00e1z","item":"https:\/\/djabe.hu\/uzlet\/"},{"@type":"ListItem","position":3,"name":"Djabe with Chieli Minucci \u2013 Tour Of Waterfalls Blu-ray"}]},{"@type":"WebSite","@id":"https:\/\/djabe.hu\/en\/#website","url":"https:\/\/djabe.hu\/en\/","name":"Djabe","description":"Official site","potentialAction":[{"@type":"SearchAction","target":{"@type":"EntryPoint","urlTemplate":"https:\/\/djabe.hu\/en\/?s={search_term_string}"},"query-input":{"@type":"PropertyValueSpecification","valueRequired":true,"valueName":"search_term_string"}}],"inLanguage":"en-US"}]}},"jetpack_sharing_enabled":true,"_links":{"self":[{"href":"https:\/\/djabe.hu\/en\/wp-json\/wp\/v2\/product\/11429","targetHints":{"allow":["GET"]}}],"collection":[{"href":"https:\/\/djabe.hu\/en\/wp-json\/wp\/v2\/product"}],"about":[{"href":"https:\/\/djabe.hu\/en\/wp-json\/wp\/v2\/types\/product"}],"wp:featuredmedia":[{"embeddable":true,"href":"https:\/\/djabe.hu\/en\/wp-json\/wp\/v2\/media\/11431"}],"wp:attachment":[{"href":"https:\/\/djabe.hu\/en\/wp-json\/wp\/v2\/media?parent=11429"}],"wp:term":[{"taxonomy":"product_brand","embeddable":true,"href":"https:\/\/djabe.hu\/en\/wp-json\/wp\/v2\/product_brand?post=11429"},{"taxonomy":"product_cat","embeddable":true,"href":"https:\/\/djabe.hu\/en\/wp-json\/wp\/v2\/product_cat?post=11429"},{"taxonomy":"product_tag","embeddable":true,"href":"https:\/\/djabe.hu\/en\/wp-json\/wp\/v2\/product_tag?post=11429"}],"curies":[{"name":"wp","href":"https:\/\/api.w.org\/{rel}","templated":true}]}}