{"id":11399,"date":"2025-03-20T18:48:08","date_gmt":"2025-03-20T17:48:08","guid":{"rendered":"https:\/\/djabe.hu\/?post_type=product&#038;p=11399"},"modified":"2026-04-08T15:22:36","modified_gmt":"2026-04-08T14:22:36","slug":"panta-rhei-50-djabe-30-from-debrecen-with-love-box","status":"publish","type":"product","link":"https:\/\/djabe.hu\/en\/uzlet\/panta-rhei-50-djabe-30-from-debrecen-with-love-box\/","title":{"rendered":"Panta Rhei 50 Djabe 30 &#8211; From Debrecen With Love &#8211; 6LP 2CD BOX"},"content":{"rendered":"<p><\/p>\n<h3 style=\"font-weight: 400;\">The box contains one triple LP and one CD from each band.<\/h3>\n<h3><strong>Panta Rhei: 50 \u2013 3LP<br \/>\nDjabe with Chieli Minucci: Tour of Waterfalls \u2013 3LP<br \/>\nPanta Rhei: Echoes Of The Past &#8211; CD<br \/>\nDjabe: The Magic Stag In Debrecen &#8211; CD<\/strong><\/h3>\n<p style=\"font-weight: 400;\">The 3LP entitled Panta Rhei: 50 was recorded in 2022 in Budapest, at their oeuvre concert at the MOMkult . The live album features the most important pieces of the band&#8217;s career, progressive compositions, Bart\u00f3k, Mussorgsky and other classical covers, the most beautiful songs of PR Computer and Enik\u0151 \u00c1cs&#8217; poetry songs. The sixth side of the album is a real musical delicacy, three compositions from the concert recorded at the last performance of the classic line-up of Panta Rhei in 1982.<\/p>\n<p><img loading=\"lazy\" decoding=\"async\" class=\"aligncenter size-full wp-image-11402\" src=\"https:\/\/djabe.hu\/wp-content\/uploads\/2025\/03\/Panta_Rhei_50_3LP_Mock-up_v1_1.png\" alt=\"\" width=\"1972\" height=\"810\" srcset=\"https:\/\/djabe.hu\/wp-content\/uploads\/2025\/03\/Panta_Rhei_50_3LP_Mock-up_v1_1.png 1972w, https:\/\/djabe.hu\/wp-content\/uploads\/2025\/03\/Panta_Rhei_50_3LP_Mock-up_v1_1-300x123.png 300w, https:\/\/djabe.hu\/wp-content\/uploads\/2025\/03\/Panta_Rhei_50_3LP_Mock-up_v1_1-1024x421.png 1024w, https:\/\/djabe.hu\/wp-content\/uploads\/2025\/03\/Panta_Rhei_50_3LP_Mock-up_v1_1-768x315.png 768w, https:\/\/djabe.hu\/wp-content\/uploads\/2025\/03\/Panta_Rhei_50_3LP_Mock-up_v1_1-1536x631.png 1536w, https:\/\/djabe.hu\/wp-content\/uploads\/2025\/03\/Panta_Rhei_50_3LP_Mock-up_v1_1-600x246.png 600w, https:\/\/djabe.hu\/wp-content\/uploads\/2025\/03\/Panta_Rhei_50_3LP_Mock-up_v1_1-146x60.png 146w, https:\/\/djabe.hu\/wp-content\/uploads\/2025\/03\/Panta_Rhei_50_3LP_Mock-up_v1_1-219x90.png 219w\" sizes=\"auto, (max-width: 1972px) 100vw, 1972px\" \/><\/p>\n<p style=\"font-weight: 400;\">The Djabe triple 180 gram vinyl is a recording of the 2024 Tour Of Waterfalls with Chieli Minucci. The concert was recorded at the Budapest Jazz Club using 24-track analogue technology. Thanks to the excellent recording and the world-renowned sound engineering work of Tam\u00e1s Barab\u00e1s, the result is once again an audiophile quality record. The six sides contain the complete concert material, mostly Djabe compositions, given a new impulse and sound by Chieli Minucci. The rest of the album features Chieli Minucci&#8217;s compositions, mostly Special EFX tracks. The musical quality and unique sound of Djabe gave these recordings a new breath. Minucci has praised the band, the concerts and the recording.<\/p>\n<p><em><img loading=\"lazy\" decoding=\"async\" class=\"aligncenter size-full wp-image-11403\" src=\"https:\/\/djabe.hu\/wp-content\/uploads\/2025\/03\/Djabe_with_Chieli_Minucci_Tour_of-Waterfalls-3LP_Mock-up_v1_1.png\" alt=\"\" width=\"1972\" height=\"810\" srcset=\"https:\/\/djabe.hu\/wp-content\/uploads\/2025\/03\/Djabe_with_Chieli_Minucci_Tour_of-Waterfalls-3LP_Mock-up_v1_1.png 1972w, https:\/\/djabe.hu\/wp-content\/uploads\/2025\/03\/Djabe_with_Chieli_Minucci_Tour_of-Waterfalls-3LP_Mock-up_v1_1-300x123.png 300w, https:\/\/djabe.hu\/wp-content\/uploads\/2025\/03\/Djabe_with_Chieli_Minucci_Tour_of-Waterfalls-3LP_Mock-up_v1_1-1024x421.png 1024w, https:\/\/djabe.hu\/wp-content\/uploads\/2025\/03\/Djabe_with_Chieli_Minucci_Tour_of-Waterfalls-3LP_Mock-up_v1_1-768x315.png 768w, https:\/\/djabe.hu\/wp-content\/uploads\/2025\/03\/Djabe_with_Chieli_Minucci_Tour_of-Waterfalls-3LP_Mock-up_v1_1-1536x631.png 1536w, https:\/\/djabe.hu\/wp-content\/uploads\/2025\/03\/Djabe_with_Chieli_Minucci_Tour_of-Waterfalls-3LP_Mock-up_v1_1-600x246.png 600w, https:\/\/djabe.hu\/wp-content\/uploads\/2025\/03\/Djabe_with_Chieli_Minucci_Tour_of-Waterfalls-3LP_Mock-up_v1_1-146x60.png 146w, https:\/\/djabe.hu\/wp-content\/uploads\/2025\/03\/Djabe_with_Chieli_Minucci_Tour_of-Waterfalls-3LP_Mock-up_v1_1-219x90.png 219w\" sizes=\"auto, (max-width: 1972px) 100vw, 1972px\" \/><\/em><\/p>\n<p style=\"font-weight: 400;\">The CD of Panta Rhei: Echoes Of The Past is a special piece of music, as the recordings were started in the late 90s by the original members of the band, Csaba B\u00e9ke, K\u00e1lm\u00e1n Matolcsy and the Szalay brothers. Matolcsy&#8217;s death in 2004 caused them to stop work, but a few years ago they decided to finish the album. The young musicians who joined the band in 2017 also played a part in making it happen. What fans will get is an unadulterated Panta Rhei album that spans the ages.<\/p>\n<p style=\"font-weight: 400;\"><em><img loading=\"lazy\" decoding=\"async\" class=\"aligncenter size-full wp-image-11404\" src=\"https:\/\/djabe.hu\/wp-content\/uploads\/2025\/03\/Panta_Rhei_Echoes_of_the_Past_CD_Mock-up_1.png\" alt=\"\" width=\"1500\" height=\"873\" srcset=\"https:\/\/djabe.hu\/wp-content\/uploads\/2025\/03\/Panta_Rhei_Echoes_of_the_Past_CD_Mock-up_1.png 1500w, https:\/\/djabe.hu\/wp-content\/uploads\/2025\/03\/Panta_Rhei_Echoes_of_the_Past_CD_Mock-up_1-300x175.png 300w, https:\/\/djabe.hu\/wp-content\/uploads\/2025\/03\/Panta_Rhei_Echoes_of_the_Past_CD_Mock-up_1-1024x596.png 1024w, https:\/\/djabe.hu\/wp-content\/uploads\/2025\/03\/Panta_Rhei_Echoes_of_the_Past_CD_Mock-up_1-768x447.png 768w, https:\/\/djabe.hu\/wp-content\/uploads\/2025\/03\/Panta_Rhei_Echoes_of_the_Past_CD_Mock-up_1-600x349.png 600w, https:\/\/djabe.hu\/wp-content\/uploads\/2025\/03\/Panta_Rhei_Echoes_of_the_Past_CD_Mock-up_1-103x60.png 103w, https:\/\/djabe.hu\/wp-content\/uploads\/2025\/03\/Panta_Rhei_Echoes_of_the_Past_CD_Mock-up_1-155x90.png 155w\" sizes=\"auto, (max-width: 1500px) 100vw, 1500px\" \/><\/em><\/p>\n<p style=\"font-weight: 400;\">The CD produced by Djabe is also a missing piece, as there is no release of The Magic Stag&#8217;s 2021 album tour yet. This is a concert recording which was made at the Liszt Hall of the University of Debrecen in 2021. With the exception of two tracks, all the tracks from The Magic Stag album is performed. The original studio album featured several guest musicians, Ferenc Muck on saxophone, Tibor Karvaly on violin and L\u00e1szl\u00f3 Szab\u00f3 on sitar. All the three player took part in the premiere tour, so on more than one occasion, eight musicians can be heard on stage.<\/p>\n<p><em><img loading=\"lazy\" decoding=\"async\" class=\"aligncenter size-full wp-image-11405\" src=\"https:\/\/djabe.hu\/wp-content\/uploads\/2025\/03\/Djabe_A_Csodaszarvas_Debrecenben_CD_Mock-up_1.png\" alt=\"\" width=\"1500\" height=\"873\" srcset=\"https:\/\/djabe.hu\/wp-content\/uploads\/2025\/03\/Djabe_A_Csodaszarvas_Debrecenben_CD_Mock-up_1.png 1500w, https:\/\/djabe.hu\/wp-content\/uploads\/2025\/03\/Djabe_A_Csodaszarvas_Debrecenben_CD_Mock-up_1-300x175.png 300w, https:\/\/djabe.hu\/wp-content\/uploads\/2025\/03\/Djabe_A_Csodaszarvas_Debrecenben_CD_Mock-up_1-1024x596.png 1024w, https:\/\/djabe.hu\/wp-content\/uploads\/2025\/03\/Djabe_A_Csodaszarvas_Debrecenben_CD_Mock-up_1-768x447.png 768w, https:\/\/djabe.hu\/wp-content\/uploads\/2025\/03\/Djabe_A_Csodaszarvas_Debrecenben_CD_Mock-up_1-600x349.png 600w, https:\/\/djabe.hu\/wp-content\/uploads\/2025\/03\/Djabe_A_Csodaszarvas_Debrecenben_CD_Mock-up_1-103x60.png 103w, https:\/\/djabe.hu\/wp-content\/uploads\/2025\/03\/Djabe_A_Csodaszarvas_Debrecenben_CD_Mock-up_1-155x90.png 155w\" sizes=\"auto, (max-width: 1500px) 100vw, 1500px\" \/><\/em><\/p>\n<h3 style=\"font-weight: 400;\">The hardcover box is a very elegant, and the accompanying LP booklet gives detailed information about the project. The release is available at a very reasonable price.<\/h3>\n<p><img loading=\"lazy\" decoding=\"async\" class=\"aligncenter wp-image-11407 size-large\" src=\"https:\/\/djabe.hu\/wp-content\/uploads\/2025\/03\/GR183_Panta_Rhei50_Djabe30_box_v1_FRONT_01-1002x1024.jpg\" alt=\"\" width=\"900\" height=\"920\" srcset=\"https:\/\/djabe.hu\/wp-content\/uploads\/2025\/03\/GR183_Panta_Rhei50_Djabe30_box_v1_FRONT_01-1002x1024.jpg 1002w, https:\/\/djabe.hu\/wp-content\/uploads\/2025\/03\/GR183_Panta_Rhei50_Djabe30_box_v1_FRONT_01-294x300.jpg 294w, https:\/\/djabe.hu\/wp-content\/uploads\/2025\/03\/GR183_Panta_Rhei50_Djabe30_box_v1_FRONT_01-768x785.jpg 768w, https:\/\/djabe.hu\/wp-content\/uploads\/2025\/03\/GR183_Panta_Rhei50_Djabe30_box_v1_FRONT_01-1504x1536.jpg 1504w, https:\/\/djabe.hu\/wp-content\/uploads\/2025\/03\/GR183_Panta_Rhei50_Djabe30_box_v1_FRONT_01-600x613.jpg 600w, https:\/\/djabe.hu\/wp-content\/uploads\/2025\/03\/GR183_Panta_Rhei50_Djabe30_box_v1_FRONT_01-59x60.jpg 59w, https:\/\/djabe.hu\/wp-content\/uploads\/2025\/03\/GR183_Panta_Rhei50_Djabe30_box_v1_FRONT_01-88x90.jpg 88w, https:\/\/djabe.hu\/wp-content\/uploads\/2025\/03\/GR183_Panta_Rhei50_Djabe30_box_v1_FRONT_01.jpg 2000w\" sizes=\"auto, (max-width: 900px) 100vw, 900px\" \/><\/p>\n<p style=\"font-weight: 400;\"><img loading=\"lazy\" decoding=\"async\" class=\"aligncenter wp-image-11406 size-large\" src=\"https:\/\/djabe.hu\/wp-content\/uploads\/2025\/03\/GR183_Panta_Rhei50_Djabe30_box_v1_BACK_01-1002x1024.jpg\" alt=\"\" width=\"900\" height=\"920\" srcset=\"https:\/\/djabe.hu\/wp-content\/uploads\/2025\/03\/GR183_Panta_Rhei50_Djabe30_box_v1_BACK_01-1002x1024.jpg 1002w, https:\/\/djabe.hu\/wp-content\/uploads\/2025\/03\/GR183_Panta_Rhei50_Djabe30_box_v1_BACK_01-294x300.jpg 294w, https:\/\/djabe.hu\/wp-content\/uploads\/2025\/03\/GR183_Panta_Rhei50_Djabe30_box_v1_BACK_01-768x785.jpg 768w, https:\/\/djabe.hu\/wp-content\/uploads\/2025\/03\/GR183_Panta_Rhei50_Djabe30_box_v1_BACK_01-1504x1536.jpg 1504w, https:\/\/djabe.hu\/wp-content\/uploads\/2025\/03\/GR183_Panta_Rhei50_Djabe30_box_v1_BACK_01-600x613.jpg 600w, https:\/\/djabe.hu\/wp-content\/uploads\/2025\/03\/GR183_Panta_Rhei50_Djabe30_box_v1_BACK_01-59x60.jpg 59w, https:\/\/djabe.hu\/wp-content\/uploads\/2025\/03\/GR183_Panta_Rhei50_Djabe30_box_v1_BACK_01-88x90.jpg 88w, https:\/\/djabe.hu\/wp-content\/uploads\/2025\/03\/GR183_Panta_Rhei50_Djabe30_box_v1_BACK_01.jpg 2000w\" sizes=\"auto, (max-width: 900px) 100vw, 900px\" \/><\/p>\n<h3 style=\"font-weight: 400;\"><strong>Tracklist<\/strong><\/h3>\n<h2 style=\"font-weight: 400;\"><strong>Panta Rhei: 50 \u2013 3LP<br \/>\n<\/strong><\/h2>\n<p><strong>Side A<br \/>\n<\/strong>1. Alfa Centauri<br \/>\n2. Stratus<br \/>\n3. Toccata<\/p>\n<p><strong>Side B<br \/>\n<\/strong>1. J\u00f3l Hangolt Computer \/ Well Tempered Computer<br \/>\n2. Gy\u00e9m\u00e1ntok \/ Diamonds<br \/>\n3. \u00d6regany\u00f3 \/ Frail Old Lady<br \/>\n4. Lid\u00e9rc \/ Will-O-The-Wisp<br \/>\n5. T\u00e9li Dal \/ Winter Song<br \/>\n6. Felem\u00e1s \u00d4szi \u00c9nek \/ Strange Autumn Lines<\/p>\n<p><strong>Side C<br \/>\n<\/strong>1. Paprikajancsi \/ Harlequin<br \/>\n2. Rom\u00e1n T\u00e1ncok \/ Romanian Dances<br \/>\n3. Andromeda<br \/>\n4. Mandarin<\/p>\n<p><strong>Side D<br \/>\n<\/strong>1. Kardt\u00e1nc \/ Sabre Dance<br \/>\n2. Lavina \/ Avalanche<br \/>\n3. A Kijevi Nagykapu \/ The Great Gate Of Kiev<\/p>\n<p><strong>Side E<br \/>\n<\/strong>1. Peer Gynt Szvit \/ Peer Gynt Suite<\/p>\n<p><strong>Side F<br \/>\n<\/strong>1. Kvartok \/ Fourths<br \/>\n2. Napkit\u00f6r\u00e9s \/ Solar Flare<br \/>\n3. T\u00e1ncszvit \/ Dance Suite<\/p>\n<h4 style=\"font-weight: 400;\"><strong>Musicians<\/strong><\/h4>\n<p><strong>Panta Rhei (2022):<\/strong><\/p>\n<p>Enik\u0151 \u00c1cs \u2013 vocal, acoustic guitar<br \/>\nAndr\u00e1s K\u00e1lm\u00e1n \u2013 keyboards<br \/>\nM\u00e1ty\u00e1s Milkovics \u2013 synthesizers<br \/>\nAndr\u00e1s Szalay \u2013 bass guitar, acoustic guitar, guitar synthesizer, vocal<br \/>\nD\u00e1niel Szalay \u2013 drums<br \/>\nS\u00e1ndor Szalay \u2013 guitar<\/p>\n<p><strong>Guests: <\/strong><br \/>\nMikl\u00f3s Felkai \u2013 guitar (a\/2, b\/4,5, C\/4, D\/2)<br \/>\nRotunda Vocal Choir (D\/3, e\/1)<\/p>\n<p><strong>Panta Rhei (1982):<\/strong><\/p>\n<p>Csaba B\u00e9ke \u2013 drums, vocal<br \/>\nK\u00e1lm\u00e1n Matolcsy \u2013 keyboards<br \/>\nAndr\u00e1s Szalay \u2013 bass guitar, bass synthesizer<\/p>\n<h2><strong>Djabe with Chieli Minucci: Tour of Waterfalls \u2013 3LP<\/strong><\/h2>\n<p><strong>Side A<br \/>\n<\/strong>Waterfall<br \/>\nSunday Afternoon<br \/>\nDaybreak<\/p>\n<p><strong>Side B<br \/>\n<\/strong>Island<br \/>\nDeep Lights<\/p>\n<p><strong>Side C<br \/>\n<\/strong>Without You<br \/>\nBuzzy Island<\/p>\n<p><strong>Side D<br \/>\n<\/strong>Waterfall<br \/>\nBefore<br \/>\nBeginnings \/ Nature Boy<\/p>\n<p><strong>Side E<br \/>\n<\/strong>Speak To Me<br \/>\nBodybeat<\/p>\n<p><strong>Side F<br \/>\n<\/strong>4000<br \/>\nLava Lamp<\/p>\n<h4 style=\"font-weight: 400;\"><strong>Musicians<\/strong><\/h4>\n<p>Chieli Minucci \u2013 guitar<br \/>\nTam\u00e1s Barab\u00e1s \u2013 bass guitar<br \/>\nAttila \u00c9gerh\u00e1zi \u2013 guitar, percussion<br \/>\nP\u00e9ter Kasz\u00e1s \u2013 drums, vocal<br \/>\nZolt\u00e1n Bubeny\u00e1k \u2013 keyboards<br \/>\nZolt\u00e1n Zana \u2013 saxophone, EWI<\/p>\n<h2><strong>Panta Rhei: Echoes Of The Past \u2013 CD<\/strong><\/h2>\n<p>1. Help Is On The Way<br \/>\n2. Don\u2019t Cry For Me<br \/>\n3. Dreamer<br \/>\n4. Wind On A Hill<br \/>\n5. Firefly<br \/>\n6. Echoes Of The Past<br \/>\n7. Black Mamba<br \/>\n8. Waltz In The Dark<br \/>\n9. Rainy Day<br \/>\n10. Pacifico<br \/>\n11. Smile<br \/>\n12. Smoky Blue<br \/>\n13. Fish Scale<\/p>\n<h4 style=\"font-weight: 400;\"><strong>Musicians<\/strong><\/h4>\n<p>Csaba B\u00e9ke \u2013 drums<br \/>\nK\u00e1lm\u00e1n Matolcsy \u2013 keyboards<br \/>\nJ\u00f3zsef Nagy \u2013 flute<br \/>\nAndr\u00e1s Szalay \u2013 bass<br \/>\nD\u00e1niel Szalay \u2013 drums<br \/>\nS\u00e1ndor Szalay \u2013 guitar<\/p>\n<p><strong>Guest: <\/strong><br \/>\nG\u00e1bor Lipp\u00e9nyi \u2013 keyboards (3,4,12)<\/p>\n<h2><strong>Djabe: The Magic Stag In Debrecen \u2013 CD<\/strong><\/h2>\n<p>1. In Gyimes<br \/>\n2. Beginning Of Legends<br \/>\n3. The Magic Stag<br \/>\n4. Soaring Hills<br \/>\n5. Two Little Snowflakes<br \/>\n6. Power Of Wings<br \/>\n7. Uncertain Time<br \/>\n8. In Memoriam Szapi<br \/>\n9. Lava Lamp<br \/>\n10. Rising Horizon<br \/>\n11. Far Away<br \/>\n12. Down By The Lakeside<\/p>\n<h4 style=\"font-weight: 400;\"><strong>Musicians<\/strong><\/h4>\n<p>Tam\u00e1s Barab\u00e1s \u2013 bass guitar<br \/>\nAttila \u00c9gerh\u00e1zi \u2013 guitar, percussion<br \/>\nP\u00e9ter Kasz\u00e1s \u2013 drums, vocal<br \/>\n\u00c1ron Ko\u00f3s-Hut\u00e1s \u2013 trumpet, flugelhorn<br \/>\nJ\u00e1nos Nagy \u2013 keyboards<br \/>\nFerenc Muck \u2013 saxophone, EWI<br \/>\nL\u00e1szl\u00f3 Szab\u00f3 \u2013 sitar, guitar<br \/>\nTibor Karvaly \u2013 electric violin<\/p>","protected":false},"excerpt":{"rendered":"<h2 style=\"font-weight: 400;\"><strong>6LP (180 gr) + 2CD Hardcover Box, with LP booklet<\/strong><\/h2>\n<h3 style=\"font-weight: 400;\">Panta Rhei will celebrate its 50th birthday in 2025 and Djabe its 30th anniversary. To mark the occasion, a joint anniversary concert will be held in Debrecen and Budapest, and the Panta Rhei 50 Djabe 30: From Debrecen With Love box will be released on 11 April 2025.<\/h3>\n","protected":false},"featured_media":11400,"template":"","meta":[],"product_brand":[],"product_cat":[38,40],"product_tag":[],"class_list":{"0":"post-11399","1":"product","2":"type-product","3":"status-publish","4":"has-post-thumbnail","6":"product_cat-cd","7":"product_cat-lp","8":"repupress_customize_woocommerce_productom_class","10":"first","11":"instock","12":"shipping-taxable","13":"purchasable","14":"product-type-simple"},"yoast_head":"<!-- This site is optimized with the Yoast SEO plugin v27.2 - https:\/\/yoast.com\/product\/yoast-seo-wordpress\/ -->\n<title>Panta Rhei 50 Djabe 30 - From Debrecen With Love - 6LP 2CD BOX - Djabe<\/title>\n<meta name=\"robots\" content=\"index, follow, max-snippet:-1, max-image-preview:large, max-video-preview:-1\" \/>\n<link rel=\"canonical\" href=\"https:\/\/djabe.hu\/uzlet\/panta-rhei-50-djabe-30-from-debrecen-with-love-box\/\" \/>\n<meta property=\"og:locale\" content=\"en_US\" \/>\n<meta property=\"og:type\" content=\"article\" \/>\n<meta property=\"og:title\" content=\"Panta Rhei 50 Djabe 30 - From Debrecen With Love - 6LP 2CD BOX - Djabe\" \/>\n<meta property=\"og:description\" content=\"[:hu]6LP (180 gr) + 2CD kem\u00e9nyfedeles Box, LP booklettel A Panta Rhei 2025-ben az 50. sz\u00fclet\u00e9snapj\u00e1t, a Djabe pedig a 30. \u00e9vfordul\u00f3j\u00e1t \u00fcnnepli. Ennek alkalm\u00e1b\u00f3l k\u00f6z\u00f6s \u00fcnnepi koncertet rendeznek Debrecenben \u00e9s Budapesten, \u00e9s ezzel egyid\u0151ben 2025. \u00e1prilis 11-\u00e9n jelenik meg a Panta Rhei 50 Djabe 30: From Debrecen With Love box.[:en]6LP (180 gr) + 2CD Hardcover Box, with LP booklet Panta Rhei will celebrate its 50th birthday in 2025 and Djabe its 30th anniversary. To mark the occasion, a joint anniversary concert will be held in Debrecen and Budapest, and the Panta Rhei 50 Djabe 30: From Debrecen With Love box will be released on 11 April 2025.[:]\" \/>\n<meta property=\"og:url\" content=\"https:\/\/djabe.hu\/uzlet\/panta-rhei-50-djabe-30-from-debrecen-with-love-box\/\" \/>\n<meta property=\"og:site_name\" content=\"Djabe\" \/>\n<meta property=\"article:modified_time\" content=\"2026-04-08T14:22:36+00:00\" \/>\n<meta property=\"og:image\" content=\"https:\/\/djabe.hu\/wp-content\/uploads\/2025\/03\/PR50_D30_web_v1_1.jpg\" \/>\n\t<meta property=\"og:image:width\" content=\"2000\" \/>\n\t<meta property=\"og:image:height\" content=\"2000\" \/>\n\t<meta property=\"og:image:type\" content=\"image\/jpeg\" \/>\n<meta name=\"twitter:card\" content=\"summary_large_image\" \/>\n<meta name=\"twitter:image\" content=\"https:\/\/djabe.hu\/wp-content\/uploads\/2025\/03\/PR50_D30_web_v1_1.jpg\" \/>\n<meta name=\"twitter:label1\" content=\"Est. reading time\" \/>\n\t<meta name=\"twitter:data1\" content=\"10 minutes\" \/>\n<script type=\"application\/ld+json\" class=\"yoast-schema-graph\">{\"@context\":\"https:\/\/schema.org\",\"@graph\":[{\"@type\":\"WebPage\",\"@id\":\"https:\/\/djabe.hu\/uzlet\/panta-rhei-50-djabe-30-from-debrecen-with-love-box\/\",\"url\":\"https:\/\/djabe.hu\/uzlet\/panta-rhei-50-djabe-30-from-debrecen-with-love-box\/\",\"name\":\"Panta Rhei 50 Djabe 30 - From Debrecen With Love - 6LP 2CD BOX - Djabe\",\"isPartOf\":{\"@id\":\"https:\/\/djabe.hu\/en\/#website\"},\"primaryImageOfPage\":{\"@id\":\"https:\/\/djabe.hu\/uzlet\/panta-rhei-50-djabe-30-from-debrecen-with-love-box\/#primaryimage\"},\"image\":{\"@id\":\"https:\/\/djabe.hu\/uzlet\/panta-rhei-50-djabe-30-from-debrecen-with-love-box\/#primaryimage\"},\"thumbnailUrl\":\"https:\/\/djabe.hu\/wp-content\/uploads\/2025\/03\/PR50_D30_web_v1_1.jpg\",\"datePublished\":\"2025-03-20T17:48:08+00:00\",\"dateModified\":\"2026-04-08T14:22:36+00:00\",\"breadcrumb\":{\"@id\":\"https:\/\/djabe.hu\/uzlet\/panta-rhei-50-djabe-30-from-debrecen-with-love-box\/#breadcrumb\"},\"inLanguage\":\"en-US\",\"potentialAction\":[{\"@type\":\"ReadAction\",\"target\":[\"https:\/\/djabe.hu\/uzlet\/panta-rhei-50-djabe-30-from-debrecen-with-love-box\/\"]}]},{\"@type\":\"ImageObject\",\"inLanguage\":\"en-US\",\"@id\":\"https:\/\/djabe.hu\/uzlet\/panta-rhei-50-djabe-30-from-debrecen-with-love-box\/#primaryimage\",\"url\":\"https:\/\/djabe.hu\/wp-content\/uploads\/2025\/03\/PR50_D30_web_v1_1.jpg\",\"contentUrl\":\"https:\/\/djabe.hu\/wp-content\/uploads\/2025\/03\/PR50_D30_web_v1_1.jpg\",\"width\":2000,\"height\":2000},{\"@type\":\"BreadcrumbList\",\"@id\":\"https:\/\/djabe.hu\/uzlet\/panta-rhei-50-djabe-30-from-debrecen-with-love-box\/#breadcrumb\",\"itemListElement\":[{\"@type\":\"ListItem\",\"position\":1,\"name\":\"Home\",\"item\":\"https:\/\/djabe.hu\/en\/\"},{\"@type\":\"ListItem\",\"position\":2,\"name\":\"\u00c1ruh\u00e1z\",\"item\":\"https:\/\/djabe.hu\/uzlet\/\"},{\"@type\":\"ListItem\",\"position\":3,\"name\":\"Panta Rhei 50 Djabe 30 &#8211; From Debrecen With Love &#8211; 6LP 2CD BOX\"}]},{\"@type\":\"WebSite\",\"@id\":\"https:\/\/djabe.hu\/en\/#website\",\"url\":\"https:\/\/djabe.hu\/en\/\",\"name\":\"Djabe\",\"description\":\"Official site\",\"potentialAction\":[{\"@type\":\"SearchAction\",\"target\":{\"@type\":\"EntryPoint\",\"urlTemplate\":\"https:\/\/djabe.hu\/en\/?s={search_term_string}\"},\"query-input\":{\"@type\":\"PropertyValueSpecification\",\"valueRequired\":true,\"valueName\":\"search_term_string\"}}],\"inLanguage\":\"en-US\"}]}<\/script>\n<!-- \/ Yoast SEO plugin. -->","yoast_head_json":{"title":"Panta Rhei 50 Djabe 30 - From Debrecen With Love - 6LP 2CD BOX - Djabe","robots":{"index":"index","follow":"follow","max-snippet":"max-snippet:-1","max-image-preview":"max-image-preview:large","max-video-preview":"max-video-preview:-1"},"canonical":"https:\/\/djabe.hu\/uzlet\/panta-rhei-50-djabe-30-from-debrecen-with-love-box\/","og_locale":"en_US","og_type":"article","og_title":"Panta Rhei 50 Djabe 30 - From Debrecen With Love - 6LP 2CD BOX - Djabe","og_description":"[:hu]6LP (180 gr) + 2CD kem\u00e9nyfedeles Box, LP booklettel A Panta Rhei 2025-ben az 50. sz\u00fclet\u00e9snapj\u00e1t, a Djabe pedig a 30. \u00e9vfordul\u00f3j\u00e1t \u00fcnnepli. Ennek alkalm\u00e1b\u00f3l k\u00f6z\u00f6s \u00fcnnepi koncertet rendeznek Debrecenben \u00e9s Budapesten, \u00e9s ezzel egyid\u0151ben 2025. \u00e1prilis 11-\u00e9n jelenik meg a Panta Rhei 50 Djabe 30: From Debrecen With Love box.[:en]6LP (180 gr) + 2CD Hardcover Box, with LP booklet Panta Rhei will celebrate its 50th birthday in 2025 and Djabe its 30th anniversary. To mark the occasion, a joint anniversary concert will be held in Debrecen and Budapest, and the Panta Rhei 50 Djabe 30: From Debrecen With Love box will be released on 11 April 2025.[:]","og_url":"https:\/\/djabe.hu\/uzlet\/panta-rhei-50-djabe-30-from-debrecen-with-love-box\/","og_site_name":"Djabe","article_modified_time":"2026-04-08T14:22:36+00:00","og_image":[{"width":2000,"height":2000,"url":"https:\/\/djabe.hu\/wp-content\/uploads\/2025\/03\/PR50_D30_web_v1_1.jpg","type":"image\/jpeg"}],"twitter_card":"summary_large_image","twitter_image":"https:\/\/djabe.hu\/wp-content\/uploads\/2025\/03\/PR50_D30_web_v1_1.jpg","twitter_misc":{"Est. reading time":"10 minutes"},"schema":{"@context":"https:\/\/schema.org","@graph":[{"@type":"WebPage","@id":"https:\/\/djabe.hu\/uzlet\/panta-rhei-50-djabe-30-from-debrecen-with-love-box\/","url":"https:\/\/djabe.hu\/uzlet\/panta-rhei-50-djabe-30-from-debrecen-with-love-box\/","name":"Panta Rhei 50 Djabe 30 - From Debrecen With Love - 6LP 2CD BOX - Djabe","isPartOf":{"@id":"https:\/\/djabe.hu\/en\/#website"},"primaryImageOfPage":{"@id":"https:\/\/djabe.hu\/uzlet\/panta-rhei-50-djabe-30-from-debrecen-with-love-box\/#primaryimage"},"image":{"@id":"https:\/\/djabe.hu\/uzlet\/panta-rhei-50-djabe-30-from-debrecen-with-love-box\/#primaryimage"},"thumbnailUrl":"https:\/\/djabe.hu\/wp-content\/uploads\/2025\/03\/PR50_D30_web_v1_1.jpg","datePublished":"2025-03-20T17:48:08+00:00","dateModified":"2026-04-08T14:22:36+00:00","breadcrumb":{"@id":"https:\/\/djabe.hu\/uzlet\/panta-rhei-50-djabe-30-from-debrecen-with-love-box\/#breadcrumb"},"inLanguage":"en-US","potentialAction":[{"@type":"ReadAction","target":["https:\/\/djabe.hu\/uzlet\/panta-rhei-50-djabe-30-from-debrecen-with-love-box\/"]}]},{"@type":"ImageObject","inLanguage":"en-US","@id":"https:\/\/djabe.hu\/uzlet\/panta-rhei-50-djabe-30-from-debrecen-with-love-box\/#primaryimage","url":"https:\/\/djabe.hu\/wp-content\/uploads\/2025\/03\/PR50_D30_web_v1_1.jpg","contentUrl":"https:\/\/djabe.hu\/wp-content\/uploads\/2025\/03\/PR50_D30_web_v1_1.jpg","width":2000,"height":2000},{"@type":"BreadcrumbList","@id":"https:\/\/djabe.hu\/uzlet\/panta-rhei-50-djabe-30-from-debrecen-with-love-box\/#breadcrumb","itemListElement":[{"@type":"ListItem","position":1,"name":"Home","item":"https:\/\/djabe.hu\/en\/"},{"@type":"ListItem","position":2,"name":"\u00c1ruh\u00e1z","item":"https:\/\/djabe.hu\/uzlet\/"},{"@type":"ListItem","position":3,"name":"Panta Rhei 50 Djabe 30 &#8211; From Debrecen With Love &#8211; 6LP 2CD BOX"}]},{"@type":"WebSite","@id":"https:\/\/djabe.hu\/en\/#website","url":"https:\/\/djabe.hu\/en\/","name":"Djabe","description":"Official site","potentialAction":[{"@type":"SearchAction","target":{"@type":"EntryPoint","urlTemplate":"https:\/\/djabe.hu\/en\/?s={search_term_string}"},"query-input":{"@type":"PropertyValueSpecification","valueRequired":true,"valueName":"search_term_string"}}],"inLanguage":"en-US"}]}},"jetpack_sharing_enabled":true,"_links":{"self":[{"href":"https:\/\/djabe.hu\/en\/wp-json\/wp\/v2\/product\/11399","targetHints":{"allow":["GET"]}}],"collection":[{"href":"https:\/\/djabe.hu\/en\/wp-json\/wp\/v2\/product"}],"about":[{"href":"https:\/\/djabe.hu\/en\/wp-json\/wp\/v2\/types\/product"}],"wp:featuredmedia":[{"embeddable":true,"href":"https:\/\/djabe.hu\/en\/wp-json\/wp\/v2\/media\/11400"}],"wp:attachment":[{"href":"https:\/\/djabe.hu\/en\/wp-json\/wp\/v2\/media?parent=11399"}],"wp:term":[{"taxonomy":"product_brand","embeddable":true,"href":"https:\/\/djabe.hu\/en\/wp-json\/wp\/v2\/product_brand?post=11399"},{"taxonomy":"product_cat","embeddable":true,"href":"https:\/\/djabe.hu\/en\/wp-json\/wp\/v2\/product_cat?post=11399"},{"taxonomy":"product_tag","embeddable":true,"href":"https:\/\/djabe.hu\/en\/wp-json\/wp\/v2\/product_tag?post=11399"}],"curies":[{"name":"wp","href":"https:\/\/api.w.org\/{rel}","templated":true}]}}