{"id":10778,"date":"2024-06-17T12:03:33","date_gmt":"2024-06-17T11:03:33","guid":{"rendered":"https:\/\/djabe.hu\/?post_type=product&#038;p=10778"},"modified":"2024-07-26T15:43:45","modified_gmt":"2024-07-26T14:43:45","slug":"djabe-steve-hackett-back-to-gyor-dvd","status":"publish","type":"product","link":"https:\/\/djabe.hu\/en\/uzlet\/djabe-steve-hackett-back-to-gyor-dvd\/","title":{"rendered":"Djabe &#038; Steve Hackett &#8211; Back To Gy\u0151r DVD"},"content":{"rendered":"<div class=\"wpb-content-wrapper\"><p>[vc_row full_width=&#8221;stretch_row_content_no_spaces&#8221; content_placement=&#8221;middle&#8221; css=&#8221;.vc_custom_1636127896494&#8243;][vc_column width=&#8221;1\/6&#8243; offset=&#8221;vc_hidden-xs&#8221;][\/vc_column][vc_column width=&#8221;2\/3&#8243;][vc_empty_space height=&#8221;30&#8243;][vc_column_text css_animation=&#8221;left-to-right&#8221; css=&#8221;&#8221;]<\/p>\n<p>[\/vc_column_text][vc_single_image image=&#8221;10756&#8243; img_size=&#8221;full&#8221; alignment=&#8221;center&#8221; css=&#8221;&#8221;][vc_column_text css_animation=&#8221;left-to-right&#8221; css=&#8221;&#8221;]<\/p>\n<h2><strong>Tracklista:<\/strong><\/h2>\n<h4>SET 1<\/h4>\n<h4><b>Mysterious Tower <\/b>(Barab\u00e1s)<span class=\"Apple-converted-space\"><br \/>\n<\/span><b>Could Have Been <\/b>(Barab\u00e1s)<span class=\"Apple-converted-space\"><br \/>\n<\/span><b>Before <\/b>(Barab\u00e1s\u2013Sz\u0151ke)<span class=\"Apple-converted-space\"><br \/>\n<\/span><b>Camino Royale <\/b>(Hackett)<span class=\"Apple-converted-space\"><br \/>\n<\/span><b>Horizons <\/b>(Hackett)<span class=\"Apple-converted-space\"><br \/>\n<\/span><b>D\u00e9j\u00e0 Vu <\/b>(\u00c9gerh\u00e1zi\u2013Karvaly)<span class=\"Apple-converted-space\"><br \/>\n<\/span><b>Distant Dance <\/b>(\u00c9gerh\u00e1zi)<span class=\"Apple-converted-space\"><br \/>\n<\/span><b>Buzzy Island <\/b>(Barab\u00e1s\u2013Briem\u2013\u00c9gerh\u00e1zi\u2013Hackett\u2013Ko\u00f3s-Hut\u00e1s)<span class=\"Apple-converted-space\"><br \/>\n<\/span><b>Ace Of Wands <\/b>(Hackett)<span class=\"Apple-converted-space\"><br \/>\n<\/span><b>Franciska <\/b>(Barab\u00e1s\u2013Sz\u0151ke)<span class=\"Apple-converted-space\"><br \/>\n<\/span><b>In That Quiet Earth<\/b><span class=\"Apple-converted-space\"> (Banks\u2013Collins\u2013Hackett\u2013Rutherford)<\/span><\/h4>\n<h4>SET 2<\/h4>\n<h4><b>Polish Market <\/b>(Barab\u00e1s)<span class=\"Apple-converted-space\"><br \/>\n<\/span><b>Central European Time <\/b>(Barab\u00e1s)<span class=\"Apple-converted-space\"><br \/>\n<\/span><b>Tale <\/b>(\u00c9gerh\u00e1zi)<span class=\"Apple-converted-space\"><br \/>\n<\/span><b>Stars And Moonbeams <\/b>(Barab\u00e1s\u2013Jo Hackett)<span class=\"Apple-converted-space\"><br \/>\n<\/span><b>Hairless Heart <\/b>(Banks\u2013Collins\u2013Gabriel\u2013Hackett\u2013Rutherford)<span class=\"Apple-converted-space\"><br \/>\n<\/span><b>Firth Of Fifth <\/b>(Banks\u2013Collins\u2013Gabriel\u2013Hackett\u2013Rutherford)<span class=\"Apple-converted-space\"><br \/>\n<\/span><b>Carpet Crawlers <\/b>(Banks\u2013Collins\u2013Gabriel\u2013Hackett\u2013Rutherford)<span class=\"Apple-converted-space\"><br \/>\n<\/span><b>Last Train To Istanbul <\/b>(Hackett\u2013Lehmann\u2013King)<span class=\"Apple-converted-space\"><br \/>\n<\/span><b>Los Endos <\/b>(Banks\u2013Collins\u2013Hackett\u2013Rutherford)<span class=\"Apple-converted-space\"><br \/>\n<\/span><b>Misty Blues <\/b>(\u00c9gerh\u00e1zi\u2013Hackett)<\/h4>\n<h4>Extra<\/h4>\n<h4><b>Back To Gy\u0151r documentary<\/b><\/h4>\n<p><iframe loading=\"lazy\" title=\"Djabe &amp; Steve Hackett - Ace Of Wands \/ Franciska - Back To Gy\u00f6r album\" width=\"900\" height=\"506\" src=\"https:\/\/www.youtube.com\/embed\/TRIKO-KfUQg?feature=oembed\" frameborder=\"0\" allow=\"accelerometer; autoplay; clipboard-write; encrypted-media; gyroscope; picture-in-picture; web-share\" referrerpolicy=\"strict-origin-when-cross-origin\" allowfullscreen><\/iframe><\/p>\n<p>[\/vc_column_text][\/vc_column][\/vc_row]<\/p>\n<\/div>","protected":false},"excerpt":{"rendered":"<h3>DVD, GR-172-5<\/h3>\n<h2><strong>Released 21 June 2024<\/strong><\/h2>\n<p>After a 2-year hiatus caused by COVID-19, the 2022 Djabe &amp; Steve Hackett tour was revelatory, and the Live in Gy\u0151r album was released on Blu-ray, 2CD, LP and 2 track master tape formats from its closing stop in Gy\u0151r. Thanks to the success of the show, the band was invited to the Richter Hall in 2023 once again. The concert program has changed significantly compared to the 2022 set list. The most interesting addition to the program was the song \u201cCarpet Crawlers\u201d by Genesis with the excellent lead vocal of P\u00e9ter Kasz\u00e1s. Several recordings of Djabe\u2019s Before album were also included, of which Steve contributed to many compositions. A video and audio recording was also made of this performance, which fans can especially enjoy, because the joint production of Djabe and Steve is getting stronger and forms an increasingly organic unit. According to many, this was the band\u2019s best tour to date.<br \/>\nThe producer duo Attila \u00c9gerh\u00e1zi \u2013 Tam\u00e1s Barab\u00e1s selected a 92-minute double LP from the concert program, giving preference to compositions that have not yet been released on previous albums. Tthe entire 2-hour concert can be found on the DVD. The concert film can be listened to in high-resolution 24-bit\/48 kHz wav stereo and 24-bit\/96 kHz DTS surround sound.<\/p>\n<p><b>Steve Hackett <\/b>guitar, vocal, harmonica<span class=\"Apple-converted-space\"><br \/>\n<\/span><b>P\u00e9ter Kasz\u00e1s <\/b>lead vocal, drums<span class=\"Apple-converted-space\"><br \/>\n<\/span><b>Tam\u00e1s Barab\u00e1s <\/b>bass guitar, vocal, guitar<span class=\"Apple-converted-space\"><br \/>\n<\/span><b>Attila \u00c9gerh\u00e1zi <\/b>guitar, percussion, vocal<span class=\"Apple-converted-space\"><br \/>\n<\/span><b>\u00c1ron Ko\u00f3s-Hut\u00e1s <\/b>trumpet, flugelhorn<span class=\"Apple-converted-space\"><br \/>\n<\/span><b>Zolt\u00e1n Bubeny\u00e1k <\/b>keyboards<\/p>\n<p>special guests<span class=\"Apple-converted-space\"><br \/>\n<\/span><b>Tibor Karvaly <\/b>violin (Set 1\/6, 7, 8, Set 2\/3, 10)<span class=\"Apple-converted-space\"><br \/>\n<\/span><b>Csaba Andr\u00e1s Dr. D\u00e9zsi <\/b>guitar (Set 1 \/ 6, 7)<\/p>\n","protected":false},"featured_media":10779,"template":"","meta":[],"product_brand":[],"product_cat":[41],"product_tag":[],"class_list":{"0":"post-10778","1":"product","2":"type-product","3":"status-publish","4":"has-post-thumbnail","6":"product_cat-dvd","7":"repupress_customize_woocommerce_productom_class","9":"first","10":"instock","11":"shipping-taxable","12":"purchasable","13":"product-type-simple"},"yoast_head":"<!-- This site is optimized with the Yoast SEO plugin v27.4 - https:\/\/yoast.com\/product\/yoast-seo-wordpress\/ -->\n<title>Djabe &amp; Steve Hackett - Back To Gy\u0151r DVD - Djabe<\/title>\n<meta name=\"robots\" content=\"index, follow, max-snippet:-1, max-image-preview:large, max-video-preview:-1\" \/>\n<link rel=\"canonical\" href=\"https:\/\/djabe.hu\/uzlet\/djabe-steve-hackett-back-to-gyor-dvd\/\" \/>\n<meta property=\"og:locale\" content=\"en_US\" \/>\n<meta property=\"og:type\" content=\"article\" \/>\n<meta property=\"og:title\" content=\"Djabe &amp; Steve Hackett - Back To Gy\u0151r DVD - Djabe\" \/>\n<meta property=\"og:description\" content=\"[:hu]DVD, GR-172-5 Megjelen\u00e9s: 2024. j\u00fanius 21. A COVID okozta 2 \u00e9v kihagy\u00e1s ut\u00e1n revel\u00e1ci\u00f3 erej\u00e9vel hatott a 2022-es Djabe &amp; Steve Hackett turn\u00e9, melynek gy\u0151ri z\u00e1r\u00f3 \u00e1llom\u00e1s\u00e1r\u00f3l jelent meg a Live in Gy\u0151r album Blu-ray, 2CD, LP \u00e9s mesterszalag form\u00e1tumokban. A koncert siker\u00e9nek k\u00f6sz\u00f6nhet\u0151en a zenekar megh\u00edv\u00e1st kapott 2023-ban is a Richter terembe. A koncert program jelent\u0151sen v\u00e1ltozott a a 2022-es set-listhez k\u00e9pest. Jelent\u0151s \u00fajdons\u00e1g volt a Genesis Carpet Crawlers c\u00edm\u0171 sz\u00e1ma Kasz\u00e1s P\u00e9ter kiv\u00e1l\u00f3 \u00e9nek\u00e9vel. Beker\u00fclt tov\u00e1bb\u00e1 a Djabe Before album\u00e1nak t\u00f6bb felv\u00e9tele is, melyek k\u00f6z\u00fcl t\u00f6bb kompoz\u00edci\u00f3ban is k\u00f6zrem\u0171k\u00f6d\u00f6tt Steve. Err\u0151l a fell\u00e9p\u00e9sr\u0151l is k\u00e9sz\u00fclt vide\u00f3 \u00e9s hangfelv\u00e9tel, melynek k\u00fcl\u00f6n\u00f6sen \u00f6r\u00fclhetnek a rajong\u00f3k, mert a Djabe \u00e9s Steve k\u00f6z\u00f6s produkci\u00f3ja egyre er\u0151sebb, \u00e9s egyre szervesebb egys\u00e9get k\u00e9pez. Sokak szerint ez volt a form\u00e1ci\u00f3 eddigi legjobb turn\u00e9ja. A koncert 2 \u00f3r\u00e1s teljes anyaga megtal\u00e1lhat\u00f3 a DVD lemezen. A koncertfilm nagyfelbont\u00e1s\u00fa 24 bit\/48 kHz wav sztere\u00f3 \u00e9s 24 bit\/96 kHz DTS surround hanggal is meghallgathat\u00f3.  Steve Hackett git\u00e1r, \u00e9nek, harmonika Kasz\u00e1s P\u00e9ter \u00e9nek, dob Barab\u00e1s Tam\u00e1s basszus git\u00e1r, \u00e9nek, git\u00e1r \u00c9gerh\u00e1zi Attila git\u00e1r, \u00fct\u0151hangszerek, \u00e9nek Ko\u00f3s-Hut\u00e1s \u00c1ron trombita, sz\u00e1rnyk\u00fcrt Bubeny\u00e1k Zolt\u00e1n billenty\u0171  special guests Karvaly Tibor heged\u0171 (Set 1\/6, 7, 8, Set 2\/3, 10) Dr. D\u00e9zsi Csaba Andr\u00e1s git\u00e1r (Set 1 \/ 6, 7)[:en]DVD, GR-172-5 Released 21 June 2024 After a 2-year hiatus caused by COVID-19, the 2022 Djabe &amp; Steve Hackett tour was revelatory, and the Live in Gy\u0151r album was released on Blu-ray, 2CD, LP and 2 track master tape formats from its closing stop in Gy\u0151r. Thanks to the success of the show, the band was invited to the Richter Hall in 2023 once again. The concert program has changed significantly compared to the 2022 set list. The most interesting addition to the program was the song \u201cCarpet Crawlers\u201d by Genesis with the excellent lead vocal of P\u00e9ter Kasz\u00e1s. Several recordings of Djabe\u2019s Before album were also included, of which Steve contributed to many compositions. A video and audio recording was also made of this performance, which fans can especially enjoy, because the joint production of Djabe and Steve is getting stronger and forms an increasingly organic unit. According to many, this was the band\u2019s best tour to date. The producer duo Attila \u00c9gerh\u00e1zi \u2013 Tam\u00e1s Barab\u00e1s selected a 92-minute double LP from the concert program, giving preference to compositions that have not yet been released on previous albums. Tthe entire 2-hour concert can be found on the DVD. The concert film can be listened to in high-resolution 24-bit\/48 kHz wav stereo and 24-bit\/96 kHz DTS surround sound.  Steve Hackett guitar, vocal, harmonica P\u00e9ter Kasz\u00e1s lead vocal, drums Tam\u00e1s Barab\u00e1s bass guitar, vocal, guitar Attila \u00c9gerh\u00e1zi guitar, percussion, vocal \u00c1ron Ko\u00f3s-Hut\u00e1s trumpet, flugelhorn Zolt\u00e1n Bubeny\u00e1k keyboards  special guests Tibor Karvaly violin (Set 1\/6, 7, 8, Set 2\/3, 10) Csaba Andr\u00e1s Dr. D\u00e9zsi guitar (Set 1 \/ 6, 7)[:]\" \/>\n<meta property=\"og:url\" content=\"https:\/\/djabe.hu\/uzlet\/djabe-steve-hackett-back-to-gyor-dvd\/\" \/>\n<meta property=\"og:site_name\" content=\"Djabe\" \/>\n<meta property=\"article:modified_time\" content=\"2024-07-26T14:43:45+00:00\" \/>\n<meta property=\"og:image\" content=\"https:\/\/djabe.hu\/wp-content\/uploads\/2024\/06\/Djabe_Back_To_Gyor_DVD_Mock-up_2-1024x1024.png\" \/>\n\t<meta property=\"og:image:width\" content=\"1024\" \/>\n\t<meta property=\"og:image:height\" content=\"1024\" \/>\n\t<meta property=\"og:image:type\" content=\"image\/png\" \/>\n<meta name=\"twitter:card\" content=\"summary_large_image\" \/>\n<meta name=\"twitter:image\" content=\"https:\/\/djabe.hu\/wp-content\/uploads\/2024\/06\/Djabe_Back_To_Gyor_DVD_Mock-up_2.png\" \/>\n<meta name=\"twitter:label1\" content=\"Est. reading time\" \/>\n\t<meta name=\"twitter:data1\" content=\"1 minute\" \/>\n<script type=\"application\/ld+json\" class=\"yoast-schema-graph\">{\"@context\":\"https:\\\/\\\/schema.org\",\"@graph\":[{\"@type\":\"WebPage\",\"@id\":\"https:\\\/\\\/djabe.hu\\\/uzlet\\\/djabe-steve-hackett-back-to-gyor-dvd\\\/\",\"url\":\"https:\\\/\\\/djabe.hu\\\/uzlet\\\/djabe-steve-hackett-back-to-gyor-dvd\\\/\",\"name\":\"Djabe & Steve Hackett - Back To Gy\u0151r DVD - Djabe\",\"isPartOf\":{\"@id\":\"https:\\\/\\\/djabe.hu\\\/en\\\/#website\"},\"primaryImageOfPage\":{\"@id\":\"https:\\\/\\\/djabe.hu\\\/uzlet\\\/djabe-steve-hackett-back-to-gyor-dvd\\\/#primaryimage\"},\"image\":{\"@id\":\"https:\\\/\\\/djabe.hu\\\/uzlet\\\/djabe-steve-hackett-back-to-gyor-dvd\\\/#primaryimage\"},\"thumbnailUrl\":\"https:\\\/\\\/djabe.hu\\\/wp-content\\\/uploads\\\/2024\\\/06\\\/Djabe_Back_To_Gyor_DVD_Mock-up_2.png\",\"datePublished\":\"2024-06-17T11:03:33+00:00\",\"dateModified\":\"2024-07-26T14:43:45+00:00\",\"breadcrumb\":{\"@id\":\"https:\\\/\\\/djabe.hu\\\/uzlet\\\/djabe-steve-hackett-back-to-gyor-dvd\\\/#breadcrumb\"},\"inLanguage\":\"en-US\",\"potentialAction\":[{\"@type\":\"ReadAction\",\"target\":[\"https:\\\/\\\/djabe.hu\\\/uzlet\\\/djabe-steve-hackett-back-to-gyor-dvd\\\/\"]}]},{\"@type\":\"ImageObject\",\"inLanguage\":\"en-US\",\"@id\":\"https:\\\/\\\/djabe.hu\\\/uzlet\\\/djabe-steve-hackett-back-to-gyor-dvd\\\/#primaryimage\",\"url\":\"https:\\\/\\\/djabe.hu\\\/wp-content\\\/uploads\\\/2024\\\/06\\\/Djabe_Back_To_Gyor_DVD_Mock-up_2.png\",\"contentUrl\":\"https:\\\/\\\/djabe.hu\\\/wp-content\\\/uploads\\\/2024\\\/06\\\/Djabe_Back_To_Gyor_DVD_Mock-up_2.png\",\"width\":1943,\"height\":1942},{\"@type\":\"BreadcrumbList\",\"@id\":\"https:\\\/\\\/djabe.hu\\\/uzlet\\\/djabe-steve-hackett-back-to-gyor-dvd\\\/#breadcrumb\",\"itemListElement\":[{\"@type\":\"ListItem\",\"position\":1,\"name\":\"Home\",\"item\":\"https:\\\/\\\/djabe.hu\\\/en\\\/\"},{\"@type\":\"ListItem\",\"position\":2,\"name\":\"\u00c1ruh\u00e1z\",\"item\":\"https:\\\/\\\/djabe.hu\\\/uzlet\\\/\"},{\"@type\":\"ListItem\",\"position\":3,\"name\":\"Djabe &#038; Steve Hackett &#8211; Back To Gy\u0151r DVD\"}]},{\"@type\":\"WebSite\",\"@id\":\"https:\\\/\\\/djabe.hu\\\/en\\\/#website\",\"url\":\"https:\\\/\\\/djabe.hu\\\/en\\\/\",\"name\":\"Djabe\",\"description\":\"Official site\",\"potentialAction\":[{\"@type\":\"SearchAction\",\"target\":{\"@type\":\"EntryPoint\",\"urlTemplate\":\"https:\\\/\\\/djabe.hu\\\/en\\\/?s={search_term_string}\"},\"query-input\":{\"@type\":\"PropertyValueSpecification\",\"valueRequired\":true,\"valueName\":\"search_term_string\"}}],\"inLanguage\":\"en-US\"}]}<\/script>\n<!-- \/ Yoast SEO plugin. -->","yoast_head_json":{"title":"Djabe & Steve Hackett - Back To Gy\u0151r DVD - Djabe","robots":{"index":"index","follow":"follow","max-snippet":"max-snippet:-1","max-image-preview":"max-image-preview:large","max-video-preview":"max-video-preview:-1"},"canonical":"https:\/\/djabe.hu\/uzlet\/djabe-steve-hackett-back-to-gyor-dvd\/","og_locale":"en_US","og_type":"article","og_title":"Djabe & Steve Hackett - Back To Gy\u0151r DVD - Djabe","og_description":"[:hu]DVD, GR-172-5 Megjelen\u00e9s: 2024. j\u00fanius 21. A COVID okozta 2 \u00e9v kihagy\u00e1s ut\u00e1n revel\u00e1ci\u00f3 erej\u00e9vel hatott a 2022-es Djabe &amp; Steve Hackett turn\u00e9, melynek gy\u0151ri z\u00e1r\u00f3 \u00e1llom\u00e1s\u00e1r\u00f3l jelent meg a Live in Gy\u0151r album Blu-ray, 2CD, LP \u00e9s mesterszalag form\u00e1tumokban. A koncert siker\u00e9nek k\u00f6sz\u00f6nhet\u0151en a zenekar megh\u00edv\u00e1st kapott 2023-ban is a Richter terembe. A koncert program jelent\u0151sen v\u00e1ltozott a a 2022-es set-listhez k\u00e9pest. Jelent\u0151s \u00fajdons\u00e1g volt a Genesis Carpet Crawlers c\u00edm\u0171 sz\u00e1ma Kasz\u00e1s P\u00e9ter kiv\u00e1l\u00f3 \u00e9nek\u00e9vel. Beker\u00fclt tov\u00e1bb\u00e1 a Djabe Before album\u00e1nak t\u00f6bb felv\u00e9tele is, melyek k\u00f6z\u00fcl t\u00f6bb kompoz\u00edci\u00f3ban is k\u00f6zrem\u0171k\u00f6d\u00f6tt Steve. Err\u0151l a fell\u00e9p\u00e9sr\u0151l is k\u00e9sz\u00fclt vide\u00f3 \u00e9s hangfelv\u00e9tel, melynek k\u00fcl\u00f6n\u00f6sen \u00f6r\u00fclhetnek a rajong\u00f3k, mert a Djabe \u00e9s Steve k\u00f6z\u00f6s produkci\u00f3ja egyre er\u0151sebb, \u00e9s egyre szervesebb egys\u00e9get k\u00e9pez. Sokak szerint ez volt a form\u00e1ci\u00f3 eddigi legjobb turn\u00e9ja. A koncert 2 \u00f3r\u00e1s teljes anyaga megtal\u00e1lhat\u00f3 a DVD lemezen. A koncertfilm nagyfelbont\u00e1s\u00fa 24 bit\/48 kHz wav sztere\u00f3 \u00e9s 24 bit\/96 kHz DTS surround hanggal is meghallgathat\u00f3.  Steve Hackett git\u00e1r, \u00e9nek, harmonika Kasz\u00e1s P\u00e9ter \u00e9nek, dob Barab\u00e1s Tam\u00e1s basszus git\u00e1r, \u00e9nek, git\u00e1r \u00c9gerh\u00e1zi Attila git\u00e1r, \u00fct\u0151hangszerek, \u00e9nek Ko\u00f3s-Hut\u00e1s \u00c1ron trombita, sz\u00e1rnyk\u00fcrt Bubeny\u00e1k Zolt\u00e1n billenty\u0171  special guests Karvaly Tibor heged\u0171 (Set 1\/6, 7, 8, Set 2\/3, 10) Dr. D\u00e9zsi Csaba Andr\u00e1s git\u00e1r (Set 1 \/ 6, 7)[:en]DVD, GR-172-5 Released 21 June 2024 After a 2-year hiatus caused by COVID-19, the 2022 Djabe &amp; Steve Hackett tour was revelatory, and the Live in Gy\u0151r album was released on Blu-ray, 2CD, LP and 2 track master tape formats from its closing stop in Gy\u0151r. Thanks to the success of the show, the band was invited to the Richter Hall in 2023 once again. The concert program has changed significantly compared to the 2022 set list. The most interesting addition to the program was the song \u201cCarpet Crawlers\u201d by Genesis with the excellent lead vocal of P\u00e9ter Kasz\u00e1s. Several recordings of Djabe\u2019s Before album were also included, of which Steve contributed to many compositions. A video and audio recording was also made of this performance, which fans can especially enjoy, because the joint production of Djabe and Steve is getting stronger and forms an increasingly organic unit. According to many, this was the band\u2019s best tour to date. The producer duo Attila \u00c9gerh\u00e1zi \u2013 Tam\u00e1s Barab\u00e1s selected a 92-minute double LP from the concert program, giving preference to compositions that have not yet been released on previous albums. Tthe entire 2-hour concert can be found on the DVD. The concert film can be listened to in high-resolution 24-bit\/48 kHz wav stereo and 24-bit\/96 kHz DTS surround sound.  Steve Hackett guitar, vocal, harmonica P\u00e9ter Kasz\u00e1s lead vocal, drums Tam\u00e1s Barab\u00e1s bass guitar, vocal, guitar Attila \u00c9gerh\u00e1zi guitar, percussion, vocal \u00c1ron Ko\u00f3s-Hut\u00e1s trumpet, flugelhorn Zolt\u00e1n Bubeny\u00e1k keyboards  special guests Tibor Karvaly violin (Set 1\/6, 7, 8, Set 2\/3, 10) Csaba Andr\u00e1s Dr. D\u00e9zsi guitar (Set 1 \/ 6, 7)[:]","og_url":"https:\/\/djabe.hu\/uzlet\/djabe-steve-hackett-back-to-gyor-dvd\/","og_site_name":"Djabe","article_modified_time":"2024-07-26T14:43:45+00:00","og_image":[{"width":1024,"height":1024,"url":"https:\/\/djabe.hu\/wp-content\/uploads\/2024\/06\/Djabe_Back_To_Gyor_DVD_Mock-up_2-1024x1024.png","type":"image\/png"}],"twitter_card":"summary_large_image","twitter_image":"https:\/\/djabe.hu\/wp-content\/uploads\/2024\/06\/Djabe_Back_To_Gyor_DVD_Mock-up_2.png","twitter_misc":{"Est. reading time":"1 minute"},"schema":{"@context":"https:\/\/schema.org","@graph":[{"@type":"WebPage","@id":"https:\/\/djabe.hu\/uzlet\/djabe-steve-hackett-back-to-gyor-dvd\/","url":"https:\/\/djabe.hu\/uzlet\/djabe-steve-hackett-back-to-gyor-dvd\/","name":"Djabe & Steve Hackett - Back To Gy\u0151r DVD - Djabe","isPartOf":{"@id":"https:\/\/djabe.hu\/en\/#website"},"primaryImageOfPage":{"@id":"https:\/\/djabe.hu\/uzlet\/djabe-steve-hackett-back-to-gyor-dvd\/#primaryimage"},"image":{"@id":"https:\/\/djabe.hu\/uzlet\/djabe-steve-hackett-back-to-gyor-dvd\/#primaryimage"},"thumbnailUrl":"https:\/\/djabe.hu\/wp-content\/uploads\/2024\/06\/Djabe_Back_To_Gyor_DVD_Mock-up_2.png","datePublished":"2024-06-17T11:03:33+00:00","dateModified":"2024-07-26T14:43:45+00:00","breadcrumb":{"@id":"https:\/\/djabe.hu\/uzlet\/djabe-steve-hackett-back-to-gyor-dvd\/#breadcrumb"},"inLanguage":"en-US","potentialAction":[{"@type":"ReadAction","target":["https:\/\/djabe.hu\/uzlet\/djabe-steve-hackett-back-to-gyor-dvd\/"]}]},{"@type":"ImageObject","inLanguage":"en-US","@id":"https:\/\/djabe.hu\/uzlet\/djabe-steve-hackett-back-to-gyor-dvd\/#primaryimage","url":"https:\/\/djabe.hu\/wp-content\/uploads\/2024\/06\/Djabe_Back_To_Gyor_DVD_Mock-up_2.png","contentUrl":"https:\/\/djabe.hu\/wp-content\/uploads\/2024\/06\/Djabe_Back_To_Gyor_DVD_Mock-up_2.png","width":1943,"height":1942},{"@type":"BreadcrumbList","@id":"https:\/\/djabe.hu\/uzlet\/djabe-steve-hackett-back-to-gyor-dvd\/#breadcrumb","itemListElement":[{"@type":"ListItem","position":1,"name":"Home","item":"https:\/\/djabe.hu\/en\/"},{"@type":"ListItem","position":2,"name":"\u00c1ruh\u00e1z","item":"https:\/\/djabe.hu\/uzlet\/"},{"@type":"ListItem","position":3,"name":"Djabe &#038; Steve Hackett &#8211; Back To Gy\u0151r DVD"}]},{"@type":"WebSite","@id":"https:\/\/djabe.hu\/en\/#website","url":"https:\/\/djabe.hu\/en\/","name":"Djabe","description":"Official site","potentialAction":[{"@type":"SearchAction","target":{"@type":"EntryPoint","urlTemplate":"https:\/\/djabe.hu\/en\/?s={search_term_string}"},"query-input":{"@type":"PropertyValueSpecification","valueRequired":true,"valueName":"search_term_string"}}],"inLanguage":"en-US"}]}},"jetpack_sharing_enabled":true,"_links":{"self":[{"href":"https:\/\/djabe.hu\/en\/wp-json\/wp\/v2\/product\/10778","targetHints":{"allow":["GET"]}}],"collection":[{"href":"https:\/\/djabe.hu\/en\/wp-json\/wp\/v2\/product"}],"about":[{"href":"https:\/\/djabe.hu\/en\/wp-json\/wp\/v2\/types\/product"}],"wp:featuredmedia":[{"embeddable":true,"href":"https:\/\/djabe.hu\/en\/wp-json\/wp\/v2\/media\/10779"}],"wp:attachment":[{"href":"https:\/\/djabe.hu\/en\/wp-json\/wp\/v2\/media?parent=10778"}],"wp:term":[{"taxonomy":"product_brand","embeddable":true,"href":"https:\/\/djabe.hu\/en\/wp-json\/wp\/v2\/product_brand?post=10778"},{"taxonomy":"product_cat","embeddable":true,"href":"https:\/\/djabe.hu\/en\/wp-json\/wp\/v2\/product_cat?post=10778"},{"taxonomy":"product_tag","embeddable":true,"href":"https:\/\/djabe.hu\/en\/wp-json\/wp\/v2\/product_tag?post=10778"}],"curies":[{"name":"wp","href":"https:\/\/api.w.org\/{rel}","templated":true}]}}