{"id":10528,"date":"2024-03-27T10:49:35","date_gmt":"2024-03-27T09:49:35","guid":{"rendered":"https:\/\/djabe.hu\/?post_type=product&#038;p=10528"},"modified":"2024-04-08T11:13:09","modified_gmt":"2024-04-08T10:13:09","slug":"djabe-art-in-tone-dvd-with-24-96-wav-soundtrack","status":"publish","type":"product","link":"https:\/\/djabe.hu\/en\/uzlet\/djabe-art-in-tone-dvd-with-24-96-wav-soundtrack\/","title":{"rendered":"Djabe \u2013 Art In Tone DVD (with 24\/96 wav soundtrack)"},"content":{"rendered":"<p><iframe loading=\"lazy\" title=\"Djabe: Art In Tone 3LP, 45 RPM direct-to-disc box-set\" width=\"900\" height=\"506\" src=\"https:\/\/www.youtube.com\/embed\/3DyWK8DSo_c?feature=oembed\" frameborder=\"0\" allow=\"accelerometer; autoplay; clipboard-write; encrypted-media; gyroscope; picture-in-picture; web-share\" referrerpolicy=\"strict-origin-when-cross-origin\" allowfullscreen><\/iframe><\/p>\n<p><strong>Musicians on the record:<\/strong><\/p>\n<p><strong>Tam\u00e1s Barab\u00e1s<\/strong> bass guitar, sound engineer<br \/>\n<strong>Attila \u00c9gerh\u00e1zi<\/strong> classical and electric guitar, percussion<br \/>\n<strong>\u00c1ron Ko\u00f3s-Hut\u00e1s<\/strong> trumpet, flugelhorn<br \/>\n<strong>P\u00e9ter Kasz\u00e1s<\/strong> drums, vocal<br \/>\n<strong>Zolt\u00e1n Bubeny\u00e1k<\/strong> keyboards<br \/>\n<strong>Steve Hackett<\/strong> pre-recorded electric guitar from tape (D\/3)<\/p>\n<h3>Tracklist<\/h3>\n<p><strong>Side A (45 RPM)<\/strong><br \/>\n1. Clouds Dance 6:06<br \/>\n2. Turtle Trek 6:38<br \/>\n3. Distant Dance 4:27<br \/>\n17:11<\/p>\n<p><strong>Side B (45 RPM)<\/strong><br \/>\n1. Lava Lamp 9:15<br \/>\n2. Two Little Snowflakes 7:49<br \/>\n17:04<\/p>\n<p><strong>Side C (45 RPM)<\/strong><br \/>\n1. Deep Lights 8:35<br \/>\n2. Buzzy Island 6:40<br \/>\n15:15<\/p>\n<p><strong>Side D (45 RPM)<\/strong><br \/>\n1. Island 4:55<br \/>\n2. Beats Of Haarlem 5:49<br \/>\n3. In That Quiet Earth 5:02<br \/>\n15:46<\/p>\n<p><strong>Djabe: Making Of Art In Tone DVD<\/strong><\/p>\n<p>On the bonus DVD packed with the LP box, you can watch the 14 camera video recordings made during the recording of the 4 record sides, authentically documenting the process. The video has 24-bit\/96 kHz high-definition stereo sound, which was digitized from the master tapes used as safety recordings during the session in 24-bit\/192 kHz quality.<br \/>\nIn addition to the recordings of the four album sides, a documentary in Hungarian and English tells the entire story of the recording process in the Netherlands.<\/p>\n<p>Recording Side A \u2013 24 bit \/ 96 kHz stereo<br \/>\nRecording Side B \u2013 24 bit \/ 96 kHz stereo<br \/>\nRecording Side C \u2013 24 bit \/ 96 kHz stereo<br \/>\nRecording Side D \u2013 24 bit \/ 96 kHz stereo<br \/>\nMaking of Art In Tone \u2013 English documentary 24 bit \/ 48 kHz stereo<br \/>\nMaking of Art In Tone \u2013 Magyar dokumnetumfilm 24 bit \/ 48 kHz sztereo<br \/>\nDirect-to-disc recording session at Artone Studio \u2013 S8 film clip<\/p>\n<p><img loading=\"lazy\" decoding=\"async\" class=\"aligncenter wp-image-9880 size-full\" src=\"https:\/\/djabe.hu\/wp-content\/uploads\/2023\/04\/Djabe_Art_In_Tone_DVD_Mock-up_v1_1.png\" alt=\"\" width=\"2000\" height=\"943\" srcset=\"https:\/\/djabe.hu\/wp-content\/uploads\/2023\/04\/Djabe_Art_In_Tone_DVD_Mock-up_v1_1.png 2000w, https:\/\/djabe.hu\/wp-content\/uploads\/2023\/04\/Djabe_Art_In_Tone_DVD_Mock-up_v1_1-300x141.png 300w, https:\/\/djabe.hu\/wp-content\/uploads\/2023\/04\/Djabe_Art_In_Tone_DVD_Mock-up_v1_1-1024x483.png 1024w, https:\/\/djabe.hu\/wp-content\/uploads\/2023\/04\/Djabe_Art_In_Tone_DVD_Mock-up_v1_1-768x362.png 768w, https:\/\/djabe.hu\/wp-content\/uploads\/2023\/04\/Djabe_Art_In_Tone_DVD_Mock-up_v1_1-1536x724.png 1536w, https:\/\/djabe.hu\/wp-content\/uploads\/2023\/04\/Djabe_Art_In_Tone_DVD_Mock-up_v1_1-600x283.png 600w\" sizes=\"auto, (max-width: 2000px) 100vw, 2000px\" \/><\/p>\n<div>\n<div>Sponsored by:<\/div>\n<div><img loading=\"lazy\" decoding=\"async\" class=\"alignnone wp-image-5812 \" src=\"https:\/\/djabe.hu\/wp-content\/uploads\/2018\/02\/nka_inverz_eng-300x93.png\" alt=\"\" width=\"229\" height=\"71\" srcset=\"https:\/\/djabe.hu\/wp-content\/uploads\/2018\/02\/nka_inverz_eng-300x93.png 300w, https:\/\/djabe.hu\/wp-content\/uploads\/2018\/02\/nka_inverz_eng.png 446w\" sizes=\"auto, (max-width: 229px) 100vw, 229px\" \/>\u00a0 \u00a0 \u00a0\u00a0<img loading=\"lazy\" decoding=\"async\" class=\"alignnone size-medium wp-image-9890\" src=\"https:\/\/djabe.hu\/wp-content\/uploads\/2023\/04\/Audiophile_logo_white_1-300x68.png\" alt=\"\" width=\"300\" height=\"68\" srcset=\"https:\/\/djabe.hu\/wp-content\/uploads\/2023\/04\/Audiophile_logo_white_1-300x68.png 300w, https:\/\/djabe.hu\/wp-content\/uploads\/2023\/04\/Audiophile_logo_white_1-1024x230.png 1024w, https:\/\/djabe.hu\/wp-content\/uploads\/2023\/04\/Audiophile_logo_white_1-768x173.png 768w, https:\/\/djabe.hu\/wp-content\/uploads\/2023\/04\/Audiophile_logo_white_1-600x135.png 600w, https:\/\/djabe.hu\/wp-content\/uploads\/2023\/04\/Audiophile_logo_white_1.png 1253w\" sizes=\"auto, (max-width: 300px) 100vw, 300px\" \/><\/div>\n<\/div>\n<p><\/p>","protected":false},"excerpt":{"rendered":"<h3 style=\"font-weight: 400;\"><strong>GR-164-5, GR1993 Records<\/strong><\/h3>\n<p style=\"font-weight: 400;\">In October 2022, Djabe took part in a special recording session at the ARTONE studio belongs to Record Industry pressing plant in Haarlem, The Netherlands. The band direct-to-disc recorded 4 sides of the double album at 45 RPM. The recording was done on the Direct Metal Mastering cutting machine, using High-End analogue equipments only.<\/p>\n<p style=\"font-weight: 400;\">Djabe is known for the excellent sound of its recordings and vinyl records. They recorded several of their albums using analogue technology, and they always cut their records from analogue master tapes, but they have not yet recorded any of their albums directly to record.<\/p>\n<p style=\"font-weight: 400;\">The high-quality technique of the ARTONE studio and the professional knowledge of the studio&#8217;s staff make the result unique in the band&#8217;s history. The discs reproduce analog sound at a level that is also outstanding internationally.<\/p>\n<p style=\"font-weight: 400;\">Tam\u00e1s Barab\u00e1s, the band&#8217;s sound engineer and bassist, worked closely with the studio&#8217;s professionals, including engineers Rinus Hooning and Martijn Schouten during the recording.<\/p>\n<div><span style=\"color: #00ccff;\"><a style=\"color: #00ccff;\" href=\"https:\/\/www.youtube.com\/watch?v=SRaQdKJq7ZI\" target=\"_blank\" rel=\"noopener\"><span lang=\"HU\">The documentary film about the project can be seen here.<\/span><\/a><\/span><\/div>\n<div><\/div>\n<div>\n<div><span style=\"color: #00ccff;\"><span lang=\"HU\" style=\"color: #00ccff;\"><a style=\"color: #00ccff;\" href=\"https:\/\/djabe.hu\/en\/djabe-direct-to-disc-lemezfelvetel-a-hollandiai-artone-studioban\/\">Attila \u00c9gerh\u00e1zi&#8217;s article about the recording can be read here<\/a><\/span><\/span><\/div>\n<div><\/div>\n<\/div>\n","protected":false},"featured_media":10529,"template":"","meta":[],"product_brand":[],"product_cat":[41,73],"product_tag":[],"class_list":{"0":"post-10528","1":"product","2":"type-product","3":"status-publish","4":"has-post-thumbnail","6":"product_cat-dvd","7":"product_cat-steve-hackett","8":"repupress_customize_woocommerce_productom_class","10":"first","11":"instock","12":"shipping-taxable","13":"purchasable","14":"product-type-simple"},"yoast_head":"<!-- This site is optimized with the Yoast SEO plugin v27.2 - https:\/\/yoast.com\/product\/yoast-seo-wordpress\/ -->\n<title>Djabe \u2013 Art In Tone DVD (with 24\/96 wav soundtrack) - Djabe<\/title>\n<meta name=\"description\" content=\"3 x 180g black vinyl in separate jackets, packaged in multidisc slipcase cardboard box.Printed inner sleeves.Abbey Road Studios half-speed cut by mastering engineer Miles Showell5 x 45 RPM, 1 x 33 RPM (bonus live performance recording)Pressing plant: Record Industry, Netherlands\" \/>\n<meta name=\"robots\" content=\"index, follow, max-snippet:-1, max-image-preview:large, max-video-preview:-1\" \/>\n<link rel=\"canonical\" href=\"https:\/\/djabe.hu\/uzlet\/djabe-art-in-tone-dvd-with-24-96-wav-soundtrack\/\" \/>\n<meta property=\"og:locale\" content=\"en_US\" \/>\n<meta property=\"og:type\" content=\"article\" \/>\n<meta property=\"og:title\" content=\"Djabe \u2013 Art In Tone DVD (with 24\/96 wav soundtrack)\" \/>\n<meta property=\"og:description\" content=\"{:en}3 x 180g black vinyl in separate jackets, packaged in multidisc slipcase cardboard box.Printed inner sleeves.Abbey Road Studios half-speed cut by mastering engineer Miles Showell5 x 45 RPM, 1 x 33 RPM (bonus live performance recording)Pressing plant: Record Industry, Netherlands{:}\" \/>\n<meta property=\"og:url\" content=\"https:\/\/djabe.hu\/uzlet\/djabe-art-in-tone-dvd-with-24-96-wav-soundtrack\/\" \/>\n<meta property=\"og:site_name\" content=\"Djabe\" \/>\n<meta property=\"article:modified_time\" content=\"2024-04-08T10:13:09+00:00\" \/>\n<meta property=\"og:image\" content=\"https:\/\/djabe.hu\/wp-content\/uploads\/2024\/03\/Djabe_Art_In_Tone_DVD_Mock-up_v1_2.png\" \/>\n\t<meta property=\"og:image:width\" content=\"2000\" \/>\n\t<meta property=\"og:image:height\" content=\"2000\" \/>\n\t<meta property=\"og:image:type\" content=\"image\/png\" \/>\n<meta name=\"twitter:card\" content=\"summary_large_image\" \/>\n<meta name=\"twitter:title\" content=\"Djabe \u2013 Art In Tone DVD (with 24\/96 wav soundtrack)\" \/>\n<meta name=\"twitter:image\" content=\"https:\/\/djabe.hu\/wp-content\/uploads\/2024\/03\/Djabe_Art_In_Tone_DVD_Mock-up_v1_2.png\" \/>\n<meta name=\"twitter:label1\" content=\"Est. reading time\" \/>\n\t<meta name=\"twitter:data1\" content=\"2 minutes\" \/>\n<script type=\"application\/ld+json\" class=\"yoast-schema-graph\">{\"@context\":\"https:\/\/schema.org\",\"@graph\":[{\"@type\":\"WebPage\",\"@id\":\"https:\/\/djabe.hu\/uzlet\/djabe-art-in-tone-dvd-with-24-96-wav-soundtrack\/\",\"url\":\"https:\/\/djabe.hu\/uzlet\/djabe-art-in-tone-dvd-with-24-96-wav-soundtrack\/\",\"name\":\"Djabe \u2013 Art In Tone DVD (with 24\/96 wav soundtrack) - Djabe\",\"isPartOf\":{\"@id\":\"https:\/\/djabe.hu\/en\/#website\"},\"primaryImageOfPage\":{\"@id\":\"https:\/\/djabe.hu\/uzlet\/djabe-art-in-tone-dvd-with-24-96-wav-soundtrack\/#primaryimage\"},\"image\":{\"@id\":\"https:\/\/djabe.hu\/uzlet\/djabe-art-in-tone-dvd-with-24-96-wav-soundtrack\/#primaryimage\"},\"thumbnailUrl\":\"https:\/\/djabe.hu\/wp-content\/uploads\/2024\/03\/Djabe_Art_In_Tone_DVD_Mock-up_v1_2.png\",\"datePublished\":\"2024-03-27T09:49:35+00:00\",\"dateModified\":\"2024-04-08T10:13:09+00:00\",\"description\":\"{:en}3 x 180g black vinyl in separate jackets, packaged in multidisc slipcase cardboard box.Printed inner sleeves.Abbey Road Studios half-speed cut by mastering engineer Miles Showell5 x 45 RPM, 1 x 33 RPM (bonus live performance recording)Pressing plant: Record Industry, Netherlands{:}\",\"breadcrumb\":{\"@id\":\"https:\/\/djabe.hu\/uzlet\/djabe-art-in-tone-dvd-with-24-96-wav-soundtrack\/#breadcrumb\"},\"inLanguage\":\"en-US\",\"potentialAction\":[{\"@type\":\"ReadAction\",\"target\":[\"https:\/\/djabe.hu\/uzlet\/djabe-art-in-tone-dvd-with-24-96-wav-soundtrack\/\"]}]},{\"@type\":\"ImageObject\",\"inLanguage\":\"en-US\",\"@id\":\"https:\/\/djabe.hu\/uzlet\/djabe-art-in-tone-dvd-with-24-96-wav-soundtrack\/#primaryimage\",\"url\":\"https:\/\/djabe.hu\/wp-content\/uploads\/2024\/03\/Djabe_Art_In_Tone_DVD_Mock-up_v1_2.png\",\"contentUrl\":\"https:\/\/djabe.hu\/wp-content\/uploads\/2024\/03\/Djabe_Art_In_Tone_DVD_Mock-up_v1_2.png\",\"width\":2000,\"height\":2000},{\"@type\":\"BreadcrumbList\",\"@id\":\"https:\/\/djabe.hu\/uzlet\/djabe-art-in-tone-dvd-with-24-96-wav-soundtrack\/#breadcrumb\",\"itemListElement\":[{\"@type\":\"ListItem\",\"position\":1,\"name\":\"Home\",\"item\":\"https:\/\/djabe.hu\/en\/\"},{\"@type\":\"ListItem\",\"position\":2,\"name\":\"\u00c1ruh\u00e1z\",\"item\":\"https:\/\/djabe.hu\/uzlet\/\"},{\"@type\":\"ListItem\",\"position\":3,\"name\":\"Djabe \u2013 Art In Tone DVD (with 24\/96 wav soundtrack)\"}]},{\"@type\":\"WebSite\",\"@id\":\"https:\/\/djabe.hu\/en\/#website\",\"url\":\"https:\/\/djabe.hu\/en\/\",\"name\":\"Djabe\",\"description\":\"Official site\",\"potentialAction\":[{\"@type\":\"SearchAction\",\"target\":{\"@type\":\"EntryPoint\",\"urlTemplate\":\"https:\/\/djabe.hu\/en\/?s={search_term_string}\"},\"query-input\":{\"@type\":\"PropertyValueSpecification\",\"valueRequired\":true,\"valueName\":\"search_term_string\"}}],\"inLanguage\":\"en-US\"}]}<\/script>\n<!-- \/ Yoast SEO plugin. -->","yoast_head_json":{"title":"Djabe \u2013 Art In Tone DVD (with 24\/96 wav soundtrack) - Djabe","description":"3 x 180g black vinyl in separate jackets, packaged in multidisc slipcase cardboard box.Printed inner sleeves.Abbey Road Studios half-speed cut by mastering engineer Miles Showell5 x 45 RPM, 1 x 33 RPM (bonus live performance recording)Pressing plant: Record Industry, Netherlands","robots":{"index":"index","follow":"follow","max-snippet":"max-snippet:-1","max-image-preview":"max-image-preview:large","max-video-preview":"max-video-preview:-1"},"canonical":"https:\/\/djabe.hu\/uzlet\/djabe-art-in-tone-dvd-with-24-96-wav-soundtrack\/","og_locale":"en_US","og_type":"article","og_title":"Djabe \u2013 Art In Tone DVD (with 24\/96 wav soundtrack)","og_description":"{:en}3 x 180g black vinyl in separate jackets, packaged in multidisc slipcase cardboard box.Printed inner sleeves.Abbey Road Studios half-speed cut by mastering engineer Miles Showell5 x 45 RPM, 1 x 33 RPM (bonus live performance recording)Pressing plant: Record Industry, Netherlands{:}","og_url":"https:\/\/djabe.hu\/uzlet\/djabe-art-in-tone-dvd-with-24-96-wav-soundtrack\/","og_site_name":"Djabe","article_modified_time":"2024-04-08T10:13:09+00:00","og_image":[{"width":2000,"height":2000,"url":"https:\/\/djabe.hu\/wp-content\/uploads\/2024\/03\/Djabe_Art_In_Tone_DVD_Mock-up_v1_2.png","type":"image\/png"}],"twitter_card":"summary_large_image","twitter_title":"Djabe \u2013 Art In Tone DVD (with 24\/96 wav soundtrack)","twitter_image":"https:\/\/djabe.hu\/wp-content\/uploads\/2024\/03\/Djabe_Art_In_Tone_DVD_Mock-up_v1_2.png","twitter_misc":{"Est. reading time":"2 minutes"},"schema":{"@context":"https:\/\/schema.org","@graph":[{"@type":"WebPage","@id":"https:\/\/djabe.hu\/uzlet\/djabe-art-in-tone-dvd-with-24-96-wav-soundtrack\/","url":"https:\/\/djabe.hu\/uzlet\/djabe-art-in-tone-dvd-with-24-96-wav-soundtrack\/","name":"Djabe \u2013 Art In Tone DVD (with 24\/96 wav soundtrack) - Djabe","isPartOf":{"@id":"https:\/\/djabe.hu\/en\/#website"},"primaryImageOfPage":{"@id":"https:\/\/djabe.hu\/uzlet\/djabe-art-in-tone-dvd-with-24-96-wav-soundtrack\/#primaryimage"},"image":{"@id":"https:\/\/djabe.hu\/uzlet\/djabe-art-in-tone-dvd-with-24-96-wav-soundtrack\/#primaryimage"},"thumbnailUrl":"https:\/\/djabe.hu\/wp-content\/uploads\/2024\/03\/Djabe_Art_In_Tone_DVD_Mock-up_v1_2.png","datePublished":"2024-03-27T09:49:35+00:00","dateModified":"2024-04-08T10:13:09+00:00","description":"{:en}3 x 180g black vinyl in separate jackets, packaged in multidisc slipcase cardboard box.Printed inner sleeves.Abbey Road Studios half-speed cut by mastering engineer Miles Showell5 x 45 RPM, 1 x 33 RPM (bonus live performance recording)Pressing plant: Record Industry, Netherlands{:}","breadcrumb":{"@id":"https:\/\/djabe.hu\/uzlet\/djabe-art-in-tone-dvd-with-24-96-wav-soundtrack\/#breadcrumb"},"inLanguage":"en-US","potentialAction":[{"@type":"ReadAction","target":["https:\/\/djabe.hu\/uzlet\/djabe-art-in-tone-dvd-with-24-96-wav-soundtrack\/"]}]},{"@type":"ImageObject","inLanguage":"en-US","@id":"https:\/\/djabe.hu\/uzlet\/djabe-art-in-tone-dvd-with-24-96-wav-soundtrack\/#primaryimage","url":"https:\/\/djabe.hu\/wp-content\/uploads\/2024\/03\/Djabe_Art_In_Tone_DVD_Mock-up_v1_2.png","contentUrl":"https:\/\/djabe.hu\/wp-content\/uploads\/2024\/03\/Djabe_Art_In_Tone_DVD_Mock-up_v1_2.png","width":2000,"height":2000},{"@type":"BreadcrumbList","@id":"https:\/\/djabe.hu\/uzlet\/djabe-art-in-tone-dvd-with-24-96-wav-soundtrack\/#breadcrumb","itemListElement":[{"@type":"ListItem","position":1,"name":"Home","item":"https:\/\/djabe.hu\/en\/"},{"@type":"ListItem","position":2,"name":"\u00c1ruh\u00e1z","item":"https:\/\/djabe.hu\/uzlet\/"},{"@type":"ListItem","position":3,"name":"Djabe \u2013 Art In Tone DVD (with 24\/96 wav soundtrack)"}]},{"@type":"WebSite","@id":"https:\/\/djabe.hu\/en\/#website","url":"https:\/\/djabe.hu\/en\/","name":"Djabe","description":"Official site","potentialAction":[{"@type":"SearchAction","target":{"@type":"EntryPoint","urlTemplate":"https:\/\/djabe.hu\/en\/?s={search_term_string}"},"query-input":{"@type":"PropertyValueSpecification","valueRequired":true,"valueName":"search_term_string"}}],"inLanguage":"en-US"}]}},"jetpack_sharing_enabled":true,"_links":{"self":[{"href":"https:\/\/djabe.hu\/en\/wp-json\/wp\/v2\/product\/10528","targetHints":{"allow":["GET"]}}],"collection":[{"href":"https:\/\/djabe.hu\/en\/wp-json\/wp\/v2\/product"}],"about":[{"href":"https:\/\/djabe.hu\/en\/wp-json\/wp\/v2\/types\/product"}],"wp:featuredmedia":[{"embeddable":true,"href":"https:\/\/djabe.hu\/en\/wp-json\/wp\/v2\/media\/10529"}],"wp:attachment":[{"href":"https:\/\/djabe.hu\/en\/wp-json\/wp\/v2\/media?parent=10528"}],"wp:term":[{"taxonomy":"product_brand","embeddable":true,"href":"https:\/\/djabe.hu\/en\/wp-json\/wp\/v2\/product_brand?post=10528"},{"taxonomy":"product_cat","embeddable":true,"href":"https:\/\/djabe.hu\/en\/wp-json\/wp\/v2\/product_cat?post=10528"},{"taxonomy":"product_tag","embeddable":true,"href":"https:\/\/djabe.hu\/en\/wp-json\/wp\/v2\/product_tag?post=10528"}],"curies":[{"name":"wp","href":"https:\/\/api.w.org\/{rel}","templated":true}]}}