{"id":10268,"date":"2023-08-24T13:44:39","date_gmt":"2023-08-24T12:44:39","guid":{"rendered":"https:\/\/djabe.hu\/?post_type=product&#038;p=10268"},"modified":"2026-04-08T15:25:53","modified_gmt":"2026-04-08T14:25:53","slug":"djabe-steve-hackett-carpet-crawlers","status":"publish","type":"product","link":"https:\/\/djabe.hu\/en\/uzlet\/djabe-steve-hackett-carpet-crawlers\/","title":{"rendered":"Djabe &#038; Steve Hackett \u2013 Carpet Crawlers \u2013 Vinyl maxi single 12\u201d"},"content":{"rendered":"<p>Djabe &amp; Steve Hackett recorded the iconic Carpet Crawlers from the \u201cLamb Lies Down On Broadway\u201d album in 2023. The recording took place at the Banatul Philharmonic of Timi\u0219oara, Romania.<\/p>\n<p>This is the first time P\u00e9ter Kasz\u00e1s, lead singer of Djabe sings a Genesis song. During the 2023 Djabe &amp; Steve Hackett tour it was one of the peak moments of show.<br \/>\nCarpet Crawlers was one of the most played songs by Genesis. Both version with Peter Gabriel and Phil Collins are very popular among the Genesis and Steve Hackett fans.<\/p>\n<p><strong>Steve Hackett<\/strong> \u2013guitar (A1, 2 B2)<br \/>\n<strong>Kasz\u00e1s P\u00e9ter<\/strong> &#8211; lead vocal, drums<br \/>\n<strong>Barab\u00e1s Tam\u00e1s<\/strong> \u2013bass guitar, vocal, guitar<br \/>\n<strong>\u00c9gerh\u00e1zi Attila<\/strong> \u2013 guitar, vocal (A1, B1,2)<br \/>\n<strong>Bubeny\u00e1k Zolt\u00e1n<\/strong> \u2013 keyboards (A1, B1,2)<br \/>\n<strong>Ko\u00f3s-Hut\u00e1s \u00c1ron <\/strong>\u2013 trumpet, flugelhorn (A2, B1)<\/p>\n<h4><strong>Tracklist<\/strong><\/h4>\n<h4>Side A &#8211; 45 RPM<\/h4>\n<p><strong>Carpet Crawlers<\/strong><br \/>\n(Banks, Collins, Gabriel, Hackett, Rutherford)<br \/>\n<strong>Franciska<\/strong><br \/>\n(Barab\u00e1s, Sz\u0151ke)<\/p>\n<h4>Side B \u2013 45 RPM<\/h4>\n<p><strong>Before<\/strong><br \/>\n(Barab\u00e1s, Sz\u0151ke)<br \/>\n<strong>Tale<\/strong><br \/>\n(\u00c9gerh\u00e1zi)<\/p>","protected":false},"excerpt":{"rendered":"<h2 style=\"font-weight: 400;\">GR-1993 Records (GR-169)<\/h2>\n<h2><strong>Vinyl maxi single 12\u201d<\/strong><\/h2>\n","protected":false},"featured_media":10269,"template":"","meta":[],"product_brand":[],"product_cat":[40,73],"product_tag":[],"class_list":{"0":"post-10268","1":"product","2":"type-product","3":"status-publish","4":"has-post-thumbnail","6":"product_cat-lp","7":"product_cat-steve-hackett","8":"repupress_customize_woocommerce_productom_class","10":"first","11":"instock","12":"shipping-taxable","13":"purchasable","14":"product-type-simple"},"yoast_head":"<!-- This site is optimized with the Yoast SEO plugin v27.4 - https:\/\/yoast.com\/product\/yoast-seo-wordpress\/ -->\n<title>Djabe &amp; Steve Hackett \u2013 Carpet Crawlers \u2013 Vinyl maxi single 12\u201d - Djabe<\/title>\n<meta name=\"description\" content=\"Djabe &amp; Steve Hackett recorded the iconic Carpet Crawlers from the \u201cLamb Lies Down On Broadway\u201d album in 2023. The recording took place at the Banatul Philharmonic of Timi\u0219oara, Romania.This is the first time P\u00e9ter Kasz\u00e1s, lead singer of Djabe sings a Genesis song. During the 2023 Djabe &amp; Steve Hackett tour it was one of the peak moments of show.Carpet Crawlers was one of the most played songs by Genesis. Both version with Peter Gabriel and Phil Collins are very popular among the Genesis and Steve Hackett fans.\" \/>\n<meta name=\"robots\" content=\"index, follow, max-snippet:-1, max-image-preview:large, max-video-preview:-1\" \/>\n<link rel=\"canonical\" href=\"https:\/\/djabe.hu\/uzlet\/djabe-steve-hackett-carpet-crawlers\/\" \/>\n<meta property=\"og:locale\" content=\"en_US\" \/>\n<meta property=\"og:type\" content=\"article\" \/>\n<meta property=\"og:title\" content=\"Djabe\" \/>\n<meta property=\"og:description\" content=\"{:en}Djabe &amp; Steve Hackett recorded the iconic Carpet Crawlers from the \u201cLamb Lies Down On Broadway\u201d album in 2023. The recording took place at the Banatul Philharmonic of Timi\u0219oara, Romania.This is the first time P\u00e9ter Kasz\u00e1s, lead singer of Djabe sings a Genesis song. During the 2023 Djabe &amp; Steve Hackett tour it was one of the peak moments of show.Carpet Crawlers was one of the most played songs by Genesis. Both version with Peter Gabriel and Phil Collins are very popular among the Genesis and Steve Hackett fans.{:}\" \/>\n<meta property=\"og:url\" content=\"https:\/\/djabe.hu\/uzlet\/djabe-steve-hackett-carpet-crawlers\/\" \/>\n<meta property=\"og:site_name\" content=\"Djabe\" \/>\n<meta property=\"article:modified_time\" content=\"2026-04-08T14:25:53+00:00\" \/>\n<meta property=\"og:image\" content=\"https:\/\/djabe.hu\/wp-content\/uploads\/2023\/08\/Djabe__Steve_Hackett_Carpet_Crawlers_LP_cover_v1_FRONT.jpg\" \/>\n\t<meta property=\"og:image:width\" content=\"2000\" \/>\n\t<meta property=\"og:image:height\" content=\"2000\" \/>\n\t<meta property=\"og:image:type\" content=\"image\/jpeg\" \/>\n<meta name=\"twitter:card\" content=\"summary_large_image\" \/>\n<meta name=\"twitter:title\" content=\"Djabe\" \/>\n<meta name=\"twitter:image\" content=\"https:\/\/djabe.hu\/wp-content\/uploads\/2023\/08\/Djabe__Steve_Hackett_Carpet_Crawlers_LP_cover_v1_FRONT.jpg\" \/>\n<meta name=\"twitter:label1\" content=\"Est. reading time\" \/>\n\t<meta name=\"twitter:data1\" content=\"1 minute\" \/>\n<script type=\"application\/ld+json\" class=\"yoast-schema-graph\">{\"@context\":\"https:\\\/\\\/schema.org\",\"@graph\":[{\"@type\":\"WebPage\",\"@id\":\"https:\\\/\\\/djabe.hu\\\/uzlet\\\/djabe-steve-hackett-carpet-crawlers\\\/\",\"url\":\"https:\\\/\\\/djabe.hu\\\/uzlet\\\/djabe-steve-hackett-carpet-crawlers\\\/\",\"name\":\"Djabe & Steve Hackett \u2013 Carpet Crawlers \u2013 Vinyl maxi single 12\u201d - Djabe\",\"isPartOf\":{\"@id\":\"https:\\\/\\\/djabe.hu\\\/en\\\/#website\"},\"primaryImageOfPage\":{\"@id\":\"https:\\\/\\\/djabe.hu\\\/uzlet\\\/djabe-steve-hackett-carpet-crawlers\\\/#primaryimage\"},\"image\":{\"@id\":\"https:\\\/\\\/djabe.hu\\\/uzlet\\\/djabe-steve-hackett-carpet-crawlers\\\/#primaryimage\"},\"thumbnailUrl\":\"https:\\\/\\\/djabe.hu\\\/wp-content\\\/uploads\\\/2023\\\/08\\\/Djabe__Steve_Hackett_Carpet_Crawlers_LP_cover_v1_FRONT.jpg\",\"datePublished\":\"2023-08-24T12:44:39+00:00\",\"dateModified\":\"2026-04-08T14:25:53+00:00\",\"description\":\"{:en}Djabe & Steve Hackett recorded the iconic Carpet Crawlers from the \u201cLamb Lies Down On Broadway\u201d album in 2023. The recording took place at the Banatul Philharmonic of Timi\u0219oara, Romania.This is the first time P\u00e9ter Kasz\u00e1s, lead singer of Djabe sings a Genesis song. During the 2023 Djabe & Steve Hackett tour it was one of the peak moments of show.Carpet Crawlers was one of the most played songs by Genesis. Both version with Peter Gabriel and Phil Collins are very popular among the Genesis and Steve Hackett fans.{:}\",\"breadcrumb\":{\"@id\":\"https:\\\/\\\/djabe.hu\\\/uzlet\\\/djabe-steve-hackett-carpet-crawlers\\\/#breadcrumb\"},\"inLanguage\":\"en-US\",\"potentialAction\":[{\"@type\":\"ReadAction\",\"target\":[\"https:\\\/\\\/djabe.hu\\\/uzlet\\\/djabe-steve-hackett-carpet-crawlers\\\/\"]}]},{\"@type\":\"ImageObject\",\"inLanguage\":\"en-US\",\"@id\":\"https:\\\/\\\/djabe.hu\\\/uzlet\\\/djabe-steve-hackett-carpet-crawlers\\\/#primaryimage\",\"url\":\"https:\\\/\\\/djabe.hu\\\/wp-content\\\/uploads\\\/2023\\\/08\\\/Djabe__Steve_Hackett_Carpet_Crawlers_LP_cover_v1_FRONT.jpg\",\"contentUrl\":\"https:\\\/\\\/djabe.hu\\\/wp-content\\\/uploads\\\/2023\\\/08\\\/Djabe__Steve_Hackett_Carpet_Crawlers_LP_cover_v1_FRONT.jpg\",\"width\":2000,\"height\":2000},{\"@type\":\"BreadcrumbList\",\"@id\":\"https:\\\/\\\/djabe.hu\\\/uzlet\\\/djabe-steve-hackett-carpet-crawlers\\\/#breadcrumb\",\"itemListElement\":[{\"@type\":\"ListItem\",\"position\":1,\"name\":\"Home\",\"item\":\"https:\\\/\\\/djabe.hu\\\/en\\\/\"},{\"@type\":\"ListItem\",\"position\":2,\"name\":\"\u00c1ruh\u00e1z\",\"item\":\"https:\\\/\\\/djabe.hu\\\/uzlet\\\/\"},{\"@type\":\"ListItem\",\"position\":3,\"name\":\"Djabe &#038; Steve Hackett \u2013 Carpet Crawlers \u2013 Vinyl maxi single 12\u201d\"}]},{\"@type\":\"WebSite\",\"@id\":\"https:\\\/\\\/djabe.hu\\\/en\\\/#website\",\"url\":\"https:\\\/\\\/djabe.hu\\\/en\\\/\",\"name\":\"Djabe\",\"description\":\"Official site\",\"potentialAction\":[{\"@type\":\"SearchAction\",\"target\":{\"@type\":\"EntryPoint\",\"urlTemplate\":\"https:\\\/\\\/djabe.hu\\\/en\\\/?s={search_term_string}\"},\"query-input\":{\"@type\":\"PropertyValueSpecification\",\"valueRequired\":true,\"valueName\":\"search_term_string\"}}],\"inLanguage\":\"en-US\"}]}<\/script>\n<!-- \/ Yoast SEO plugin. -->","yoast_head_json":{"title":"Djabe & Steve Hackett \u2013 Carpet Crawlers \u2013 Vinyl maxi single 12\u201d - Djabe","description":"Djabe & Steve Hackett recorded the iconic Carpet Crawlers from the \u201cLamb Lies Down On Broadway\u201d album in 2023. The recording took place at the Banatul Philharmonic of Timi\u0219oara, Romania.This is the first time P\u00e9ter Kasz\u00e1s, lead singer of Djabe sings a Genesis song. During the 2023 Djabe & Steve Hackett tour it was one of the peak moments of show.Carpet Crawlers was one of the most played songs by Genesis. Both version with Peter Gabriel and Phil Collins are very popular among the Genesis and Steve Hackett fans.","robots":{"index":"index","follow":"follow","max-snippet":"max-snippet:-1","max-image-preview":"max-image-preview:large","max-video-preview":"max-video-preview:-1"},"canonical":"https:\/\/djabe.hu\/uzlet\/djabe-steve-hackett-carpet-crawlers\/","og_locale":"en_US","og_type":"article","og_title":"Djabe","og_description":"{:en}Djabe & Steve Hackett recorded the iconic Carpet Crawlers from the \u201cLamb Lies Down On Broadway\u201d album in 2023. The recording took place at the Banatul Philharmonic of Timi\u0219oara, Romania.This is the first time P\u00e9ter Kasz\u00e1s, lead singer of Djabe sings a Genesis song. During the 2023 Djabe & Steve Hackett tour it was one of the peak moments of show.Carpet Crawlers was one of the most played songs by Genesis. Both version with Peter Gabriel and Phil Collins are very popular among the Genesis and Steve Hackett fans.{:}","og_url":"https:\/\/djabe.hu\/uzlet\/djabe-steve-hackett-carpet-crawlers\/","og_site_name":"Djabe","article_modified_time":"2026-04-08T14:25:53+00:00","og_image":[{"width":2000,"height":2000,"url":"https:\/\/djabe.hu\/wp-content\/uploads\/2023\/08\/Djabe__Steve_Hackett_Carpet_Crawlers_LP_cover_v1_FRONT.jpg","type":"image\/jpeg"}],"twitter_card":"summary_large_image","twitter_title":"Djabe","twitter_image":"https:\/\/djabe.hu\/wp-content\/uploads\/2023\/08\/Djabe__Steve_Hackett_Carpet_Crawlers_LP_cover_v1_FRONT.jpg","twitter_misc":{"Est. reading time":"1 minute"},"schema":{"@context":"https:\/\/schema.org","@graph":[{"@type":"WebPage","@id":"https:\/\/djabe.hu\/uzlet\/djabe-steve-hackett-carpet-crawlers\/","url":"https:\/\/djabe.hu\/uzlet\/djabe-steve-hackett-carpet-crawlers\/","name":"Djabe & Steve Hackett \u2013 Carpet Crawlers \u2013 Vinyl maxi single 12\u201d - Djabe","isPartOf":{"@id":"https:\/\/djabe.hu\/en\/#website"},"primaryImageOfPage":{"@id":"https:\/\/djabe.hu\/uzlet\/djabe-steve-hackett-carpet-crawlers\/#primaryimage"},"image":{"@id":"https:\/\/djabe.hu\/uzlet\/djabe-steve-hackett-carpet-crawlers\/#primaryimage"},"thumbnailUrl":"https:\/\/djabe.hu\/wp-content\/uploads\/2023\/08\/Djabe__Steve_Hackett_Carpet_Crawlers_LP_cover_v1_FRONT.jpg","datePublished":"2023-08-24T12:44:39+00:00","dateModified":"2026-04-08T14:25:53+00:00","description":"{:en}Djabe & Steve Hackett recorded the iconic Carpet Crawlers from the \u201cLamb Lies Down On Broadway\u201d album in 2023. The recording took place at the Banatul Philharmonic of Timi\u0219oara, Romania.This is the first time P\u00e9ter Kasz\u00e1s, lead singer of Djabe sings a Genesis song. During the 2023 Djabe & Steve Hackett tour it was one of the peak moments of show.Carpet Crawlers was one of the most played songs by Genesis. Both version with Peter Gabriel and Phil Collins are very popular among the Genesis and Steve Hackett fans.{:}","breadcrumb":{"@id":"https:\/\/djabe.hu\/uzlet\/djabe-steve-hackett-carpet-crawlers\/#breadcrumb"},"inLanguage":"en-US","potentialAction":[{"@type":"ReadAction","target":["https:\/\/djabe.hu\/uzlet\/djabe-steve-hackett-carpet-crawlers\/"]}]},{"@type":"ImageObject","inLanguage":"en-US","@id":"https:\/\/djabe.hu\/uzlet\/djabe-steve-hackett-carpet-crawlers\/#primaryimage","url":"https:\/\/djabe.hu\/wp-content\/uploads\/2023\/08\/Djabe__Steve_Hackett_Carpet_Crawlers_LP_cover_v1_FRONT.jpg","contentUrl":"https:\/\/djabe.hu\/wp-content\/uploads\/2023\/08\/Djabe__Steve_Hackett_Carpet_Crawlers_LP_cover_v1_FRONT.jpg","width":2000,"height":2000},{"@type":"BreadcrumbList","@id":"https:\/\/djabe.hu\/uzlet\/djabe-steve-hackett-carpet-crawlers\/#breadcrumb","itemListElement":[{"@type":"ListItem","position":1,"name":"Home","item":"https:\/\/djabe.hu\/en\/"},{"@type":"ListItem","position":2,"name":"\u00c1ruh\u00e1z","item":"https:\/\/djabe.hu\/uzlet\/"},{"@type":"ListItem","position":3,"name":"Djabe &#038; Steve Hackett \u2013 Carpet Crawlers \u2013 Vinyl maxi single 12\u201d"}]},{"@type":"WebSite","@id":"https:\/\/djabe.hu\/en\/#website","url":"https:\/\/djabe.hu\/en\/","name":"Djabe","description":"Official site","potentialAction":[{"@type":"SearchAction","target":{"@type":"EntryPoint","urlTemplate":"https:\/\/djabe.hu\/en\/?s={search_term_string}"},"query-input":{"@type":"PropertyValueSpecification","valueRequired":true,"valueName":"search_term_string"}}],"inLanguage":"en-US"}]}},"jetpack_sharing_enabled":true,"_links":{"self":[{"href":"https:\/\/djabe.hu\/en\/wp-json\/wp\/v2\/product\/10268","targetHints":{"allow":["GET"]}}],"collection":[{"href":"https:\/\/djabe.hu\/en\/wp-json\/wp\/v2\/product"}],"about":[{"href":"https:\/\/djabe.hu\/en\/wp-json\/wp\/v2\/types\/product"}],"wp:featuredmedia":[{"embeddable":true,"href":"https:\/\/djabe.hu\/en\/wp-json\/wp\/v2\/media\/10269"}],"wp:attachment":[{"href":"https:\/\/djabe.hu\/en\/wp-json\/wp\/v2\/media?parent=10268"}],"wp:term":[{"taxonomy":"product_brand","embeddable":true,"href":"https:\/\/djabe.hu\/en\/wp-json\/wp\/v2\/product_brand?post=10268"},{"taxonomy":"product_cat","embeddable":true,"href":"https:\/\/djabe.hu\/en\/wp-json\/wp\/v2\/product_cat?post=10268"},{"taxonomy":"product_tag","embeddable":true,"href":"https:\/\/djabe.hu\/en\/wp-json\/wp\/v2\/product_tag?post=10268"}],"curies":[{"name":"wp","href":"https:\/\/api.w.org\/{rel}","templated":true}]}}