{"id":947,"date":"2016-10-11T15:18:32","date_gmt":"2016-10-11T14:18:32","guid":{"rendered":"http:\/\/djabe.hu\/?page_id=947"},"modified":"2018-01-18T11:05:39","modified_gmt":"2018-01-18T10:05:39","slug":"interjuk","status":"publish","type":"page","link":"https:\/\/djabe.hu\/en\/kritikak\/interjuk\/","title":{"rendered":"Interviews"},"content":{"rendered":"<div class=\"wpb-content-wrapper\"><p>[vc_row][vc_column][vc_empty_space height=&#8221;90&#8243;][\/vc_column][\/vc_row][vc_row css=&#8221;.vc_custom_1478617695711{background-color: rgba(0,0,0,0.4) !important;*background-color: rgb(0,0,0) !important;}&#8221;][vc_column width=&#8221;1\/12&#8243;][\/vc_column][vc_column width=&#8221;5\/6&#8243;][vc_empty_space height=&#8221;30&#8243;][vc_custom_heading text=&#8221;INTERVIEWS&#8221; font_container=&#8221;tag:h1|font_size:40|text_align:left&#8221; use_theme_fonts=&#8221;yes&#8221; css=&#8221;.vc_custom_1478684587548{margin-top: -10px !important;}&#8221;][vc_separator color=&#8221;white&#8221; border_width=&#8221;3&#8243; css=&#8221;.vc_custom_1475828551750{margin-top: -10px !important;margin-bottom: -10px !important;}&#8221;][vc_empty_space height=&#8221;30&#8243;][vc_row_inner equal_height=&#8221;yes&#8221; content_placement=&#8221;middle&#8221;][vc_column_inner width=&#8221;1\/2&#8243;][vc_single_image image=&#8221;1303&#8243; img_size=&#8221;medium&#8221; alignment=&#8221;right&#8221; style=&#8221;vc_box_shadow_3d&#8221; onclick=&#8221;custom_link&#8221; css_animation=&#8221;left-to-right&#8221; link=&#8221;http:\/\/djabe.hu\/en\/958-2\/&#8221;][\/vc_column_inner][vc_column_inner width=&#8221;1\/2&#8243;][vc_column_text css_animation=&#8221;right-to-left&#8221;]<\/p>\n<h1 class=\"vc_custom_heading\"><a href=\"http:\/\/djabe.hu\/958-2\/\">The first fifteen years<\/a><\/h1>\n<div class=\"wpb_text_column wpb_content_element \">\n<div class=\"wpb_wrapper\">\n<p>Founded in 1995 by Attila \u00c9gerh\u00e1zi (guitars) and Andr\u00e1s Sipos (percussion, vocals), DJABE released a row of studio and live albums, became the number 1 jazz\/world fusion band in Hungary and played during these years in 42 countries. These first class musicians created their own, unique sound. Elements of jazz, rock, Hungarian, European and African folklore are mixed in absolutely natural, organic way. The more I listen to Djabe music, the more I love it.<\/p>\n<\/div>\n<\/div>\n<p>[\/vc_column_text][\/vc_column_inner][\/vc_row_inner][vc_empty_space height=&#8221;50&#8243;][\/vc_column][vc_column width=&#8221;1\/12&#8243;][\/vc_column][\/vc_row]<\/p>\n<\/div>","protected":false},"excerpt":{"rendered":"<p>[vc_row][vc_column][vc_empty_space height=&#8221;90&#8243;][\/vc_column][\/vc_row][vc_row css=&#8221;.vc_custom_1478617695711{background-color: rgba(0,0,0,0.4) !important;*background-color: rgb(0,0,0) !important;}&#8221;][vc_column width=&#8221;1\/12&#8243;][\/vc_column][vc_column width=&#8221;5\/6&#8243;][vc_empty_space height=&#8221;30&#8243;][vc_custom_heading text=&#8221;INTERVIEWS&#8221; font_container=&#8221;tag:h1|font_size:40|text_align:left&#8221; use_theme_fonts=&#8221;yes&#8221; css=&#8221;.vc_custom_1478684587548{margin-top: -10px !important;}&#8221;][vc_separator color=&#8221;white&#8221; border_width=&#8221;3&#8243; css=&#8221;.vc_custom_1475828551750{margin-top: -10px<\/p>\n","protected":false},"author":3,"featured_media":0,"parent":27,"menu_order":0,"comment_status":"closed","ping_status":"closed","template":"page_empty.php","meta":{"footnotes":""},"class_list":["post-947","page","type-page","status-publish","hentry","repupress_customize_woocommerce_productom_class"],"yoast_head":"<!-- This site is optimized with the Yoast SEO plugin v27.2 - https:\/\/yoast.com\/product\/yoast-seo-wordpress\/ -->\n<title>Interviews - Djabe<\/title>\n<meta name=\"robots\" content=\"index, follow, max-snippet:-1, max-image-preview:large, max-video-preview:-1\" \/>\n<link rel=\"canonical\" href=\"https:\/\/djabe.hu\/en\/kritikak\/interjuk\/\" \/>\n<meta property=\"og:locale\" content=\"en_US\" \/>\n<meta property=\"og:type\" content=\"article\" \/>\n<meta property=\"og:title\" content=\"Interviews - Djabe\" \/>\n<meta property=\"og:description\" content=\"[vc_row][vc_column][vc_empty_space height=&#8221;90&#8243;][\/vc_column][\/vc_row][vc_row css=&#8221;.vc_custom_1478617695711{background-color: rgba(0,0,0,0.4) !important;*background-color: rgb(0,0,0) !important;}&#8221;][vc_column width=&#8221;1\/12&#8243;][\/vc_column][vc_column width=&#8221;5\/6&#8243;][vc_empty_space height=&#8221;30&#8243;][vc_custom_heading text=&#8221;INTERVIEWS&#8221; font_container=&#8221;tag:h1|font_size:40|text_align:left&#8221; use_theme_fonts=&#8221;yes&#8221; css=&#8221;.vc_custom_1478684587548{margin-top: -10px !important;}&#8221;][vc_separator color=&#8221;white&#8221; border_width=&#8221;3&#8243; css=&#8221;.vc_custom_1475828551750{margin-top: -10px\" \/>\n<meta property=\"og:url\" content=\"https:\/\/djabe.hu\/en\/kritikak\/interjuk\/\" \/>\n<meta property=\"og:site_name\" content=\"Djabe\" \/>\n<meta property=\"article:modified_time\" content=\"2018-01-18T10:05:39+00:00\" \/>\n<meta name=\"twitter:card\" content=\"summary_large_image\" \/>\n<meta name=\"twitter:label1\" content=\"Est. reading time\" \/>\n\t<meta name=\"twitter:data1\" content=\"3 minutes\" \/>\n<script type=\"application\/ld+json\" class=\"yoast-schema-graph\">{\"@context\":\"https:\/\/schema.org\",\"@graph\":[{\"@type\":\"WebPage\",\"@id\":\"https:\/\/djabe.hu\/en\/kritikak\/interjuk\/\",\"url\":\"https:\/\/djabe.hu\/en\/kritikak\/interjuk\/\",\"name\":\"Interviews - Djabe\",\"isPartOf\":{\"@id\":\"https:\/\/djabe.hu\/en\/#website\"},\"datePublished\":\"2016-10-11T14:18:32+00:00\",\"dateModified\":\"2018-01-18T10:05:39+00:00\",\"breadcrumb\":{\"@id\":\"https:\/\/djabe.hu\/en\/kritikak\/interjuk\/#breadcrumb\"},\"inLanguage\":\"en-US\",\"potentialAction\":[{\"@type\":\"ReadAction\",\"target\":[\"https:\/\/djabe.hu\/en\/kritikak\/interjuk\/\"]}]},{\"@type\":\"BreadcrumbList\",\"@id\":\"https:\/\/djabe.hu\/en\/kritikak\/interjuk\/#breadcrumb\",\"itemListElement\":[{\"@type\":\"ListItem\",\"position\":1,\"name\":\"Home\",\"item\":\"https:\/\/djabe.hu\/en\/\"},{\"@type\":\"ListItem\",\"position\":2,\"name\":\"Kritik\u00e1k\",\"item\":\"https:\/\/djabe.hu\/kritikak\/\"},{\"@type\":\"ListItem\",\"position\":3,\"name\":\"Interviews\"}]},{\"@type\":\"WebSite\",\"@id\":\"https:\/\/djabe.hu\/en\/#website\",\"url\":\"https:\/\/djabe.hu\/en\/\",\"name\":\"Djabe\",\"description\":\"Official site\",\"potentialAction\":[{\"@type\":\"SearchAction\",\"target\":{\"@type\":\"EntryPoint\",\"urlTemplate\":\"https:\/\/djabe.hu\/en\/?s={search_term_string}\"},\"query-input\":{\"@type\":\"PropertyValueSpecification\",\"valueRequired\":true,\"valueName\":\"search_term_string\"}}],\"inLanguage\":\"en-US\"}]}<\/script>\n<!-- \/ Yoast SEO plugin. -->","yoast_head_json":{"title":"Interviews - Djabe","robots":{"index":"index","follow":"follow","max-snippet":"max-snippet:-1","max-image-preview":"max-image-preview:large","max-video-preview":"max-video-preview:-1"},"canonical":"https:\/\/djabe.hu\/en\/kritikak\/interjuk\/","og_locale":"en_US","og_type":"article","og_title":"Interviews - Djabe","og_description":"[vc_row][vc_column][vc_empty_space height=&#8221;90&#8243;][\/vc_column][\/vc_row][vc_row css=&#8221;.vc_custom_1478617695711{background-color: rgba(0,0,0,0.4) !important;*background-color: rgb(0,0,0) !important;}&#8221;][vc_column width=&#8221;1\/12&#8243;][\/vc_column][vc_column width=&#8221;5\/6&#8243;][vc_empty_space height=&#8221;30&#8243;][vc_custom_heading text=&#8221;INTERVIEWS&#8221; font_container=&#8221;tag:h1|font_size:40|text_align:left&#8221; use_theme_fonts=&#8221;yes&#8221; css=&#8221;.vc_custom_1478684587548{margin-top: -10px !important;}&#8221;][vc_separator color=&#8221;white&#8221; border_width=&#8221;3&#8243; css=&#8221;.vc_custom_1475828551750{margin-top: -10px","og_url":"https:\/\/djabe.hu\/en\/kritikak\/interjuk\/","og_site_name":"Djabe","article_modified_time":"2018-01-18T10:05:39+00:00","twitter_card":"summary_large_image","twitter_misc":{"Est. reading time":"3 minutes"},"schema":{"@context":"https:\/\/schema.org","@graph":[{"@type":"WebPage","@id":"https:\/\/djabe.hu\/en\/kritikak\/interjuk\/","url":"https:\/\/djabe.hu\/en\/kritikak\/interjuk\/","name":"Interviews - Djabe","isPartOf":{"@id":"https:\/\/djabe.hu\/en\/#website"},"datePublished":"2016-10-11T14:18:32+00:00","dateModified":"2018-01-18T10:05:39+00:00","breadcrumb":{"@id":"https:\/\/djabe.hu\/en\/kritikak\/interjuk\/#breadcrumb"},"inLanguage":"en-US","potentialAction":[{"@type":"ReadAction","target":["https:\/\/djabe.hu\/en\/kritikak\/interjuk\/"]}]},{"@type":"BreadcrumbList","@id":"https:\/\/djabe.hu\/en\/kritikak\/interjuk\/#breadcrumb","itemListElement":[{"@type":"ListItem","position":1,"name":"Home","item":"https:\/\/djabe.hu\/en\/"},{"@type":"ListItem","position":2,"name":"Kritik\u00e1k","item":"https:\/\/djabe.hu\/kritikak\/"},{"@type":"ListItem","position":3,"name":"Interviews"}]},{"@type":"WebSite","@id":"https:\/\/djabe.hu\/en\/#website","url":"https:\/\/djabe.hu\/en\/","name":"Djabe","description":"Official site","potentialAction":[{"@type":"SearchAction","target":{"@type":"EntryPoint","urlTemplate":"https:\/\/djabe.hu\/en\/?s={search_term_string}"},"query-input":{"@type":"PropertyValueSpecification","valueRequired":true,"valueName":"search_term_string"}}],"inLanguage":"en-US"}]}},"jetpack_sharing_enabled":true,"_links":{"self":[{"href":"https:\/\/djabe.hu\/en\/wp-json\/wp\/v2\/pages\/947","targetHints":{"allow":["GET"]}}],"collection":[{"href":"https:\/\/djabe.hu\/en\/wp-json\/wp\/v2\/pages"}],"about":[{"href":"https:\/\/djabe.hu\/en\/wp-json\/wp\/v2\/types\/page"}],"author":[{"embeddable":true,"href":"https:\/\/djabe.hu\/en\/wp-json\/wp\/v2\/users\/3"}],"replies":[{"embeddable":true,"href":"https:\/\/djabe.hu\/en\/wp-json\/wp\/v2\/comments?post=947"}],"version-history":[{"count":67,"href":"https:\/\/djabe.hu\/en\/wp-json\/wp\/v2\/pages\/947\/revisions"}],"predecessor-version":[{"id":5388,"href":"https:\/\/djabe.hu\/en\/wp-json\/wp\/v2\/pages\/947\/revisions\/5388"}],"up":[{"embeddable":true,"href":"https:\/\/djabe.hu\/en\/wp-json\/wp\/v2\/pages\/27"}],"wp:attachment":[{"href":"https:\/\/djabe.hu\/en\/wp-json\/wp\/v2\/media?parent=947"}],"curies":[{"name":"wp","href":"https:\/\/api.w.org\/{rel}","templated":true}]}}