{"id":801,"date":"2016-09-27T10:07:43","date_gmt":"2016-09-27T09:07:43","guid":{"rendered":"http:\/\/djabe.hu\/?page_id=801"},"modified":"2022-11-08T16:02:49","modified_gmt":"2022-11-08T15:02:49","slug":"egykori-tagok","status":"publish","type":"page","link":"https:\/\/djabe.hu\/en\/biography\/egykori-tagok\/","title":{"rendered":"Former members"},"content":{"rendered":"<div class=\"wpb-content-wrapper\"><p>[vc_row][vc_column][vc_empty_space height=&#8221;90&#8243;][\/vc_column][\/vc_row][vc_row full_width=&#8221;stretch_row_content_no_spaces&#8221; equal_height=&#8221;yes&#8221; content_placement=&#8221;middle&#8221; css=&#8221;.vc_custom_1478532927610{background-color: rgba(0,0,0,0.4) !important;*background-color: rgb(0,0,0) !important;}&#8221;][vc_column width=&#8221;1\/12&#8243;][\/vc_column][vc_column width=&#8221;5\/6&#8243;][vc_row_inner][vc_column_inner width=&#8221;1\/2&#8243; offset=&#8221;vc_col-md-offset-0 vc_col-sm-offset-0&#8243;][vc_empty_space height=&#8221;100&#8243;][vc_single_image image=&#8221;1177&#8243; img_size=&#8221;full&#8221; alignment=&#8221;center&#8221; css_animation=&#8221;left-to-right&#8221;][\/vc_column_inner][vc_column_inner width=&#8221;1\/2&#8243;][vc_column_text css_animation=&#8221;right-to-left&#8221; css=&#8221;.vc_custom_1479805776443{margin-right: 25px !important;margin-left: 25px !important;}&#8221;]<\/p>\n<h1 class=\"p1\"><span style=\"color: #ffffff;\"><b>Andr\u00e1s Sipos\u00a0&#8211; musician, actor<\/b><\/span><\/h1>\n<p class=\"p2\"><span style=\"color: #ffffff;\">1954-2007<\/span><\/p>\n<p class=\"p1\"><span style=\"color: #ffffff;\">He was born in Budapest on 14 March 1954. He completed his studies at the Academy of Dramatic and Cinematic Art in 1981. In his childhood he learnt to play the accordion and later the drums. His attention turned towards handheld percussion instruments in the 1970s. His authentic style soon made him the best djembe player in Hungary. His master was Babat\u00fcnde Olatunji. Acting and music played a great part in his life concurrently until 1998. He achieved significant successes with his percussion ensemble called Macumba, which he founded with Istv\u00e1n Bubik and Tam\u00e1s Ruzicska. They played together with such bands as LGT, Ill\u00e9s and Neoton. He was also an important member of the legendary actors\u2019 orchestra. He played unforgettable roles in the musical plays of V\u00edgsz\u00ednh\u00e1z and Pesti Sz\u00ednh\u00e1z (Fekete P\u00e9ter, Book of the Jungle), as well as feature films (Csacsacsa, \u00dcvegtigris 2).<\/span><br \/>\n<span style=\"color: #ffffff;\">In 1994 he joined Attila \u00c9gerh\u00e1zi\u2019s band called Novus Jam. After releasing two albums, they founded the Djabe group, which received several awards and nominations in Hungary and abroad. He lived exclusively for music from 1998. In the few years before his death he appeared in 20 countries with the group, whose successes were largely a result of his contribution.<\/span><\/p>\n<p>[\/vc_column_text][\/vc_column_inner][\/vc_row_inner][vc_empty_space height=&#8221;20&#8243;][\/vc_column][vc_column width=&#8221;1\/12&#8243;][\/vc_column][\/vc_row][vc_row full_width=&#8221;stretch_row_content_no_spaces&#8221; equal_height=&#8221;yes&#8221; content_placement=&#8221;middle&#8221; css=&#8221;.vc_custom_1478532927610{background-color: rgba(0,0,0,0.4) !important;*background-color: rgb(0,0,0) !important;}&#8221;][vc_column width=&#8221;1\/12&#8243;][\/vc_column][vc_column width=&#8221;5\/6&#8243;][vc_row_inner][vc_column_inner width=&#8221;1\/2&#8243;][vc_column_text css_animation=&#8221;left-to-right&#8221; css=&#8221;.vc_custom_1486545669174{margin-right: 25px !important;margin-left: 25px !important;}&#8221;]<\/p>\n<h1 class=\"p1\"><span style=\"color: #ffffff;\"><b>Ferenc Kov\u00e1cs\u00a0&#8211;\u00a0trumpet, violin, vocal<\/b><\/span><\/h1>\n<p><span style=\"color: #ffffff;\">Born in Budapest in 1957. His father was a Munk\u00e1csy Award-winning sculptor, his mother is a painter artist. He graduated from Ferenc Liszt Music Teacher Training College as singing master, solfeggio and trumpet teacher.\u00a0During his career, he has taken part in the works of several contemporary creative musician\u2019s workshop. He was a founding member of Budapest Ragtime Band for which he performed for 15 years.\u00a0Ferenc also performed with the Balogh K\u00e1lm\u00e1n Gipsy Cymbalom Band since 1994, slowly becoming a key member. Amongst international stars he performed with Balanescu, Steve Hackett, David Murray, Hamid Drake and Archie Shepp, latter claiming: \u201capart from being one of the best violinists of the world, he can play the trumpet like Miles Davis.\u201d\u00a0In 2009, he was commissioned to compose the soundtrack for the film \u201cThe Last Report about Anna\u201d directed by M\u00e1rta M\u00e9sz\u00e1ros.\u00a0In 2001, his most notable solo release in the Hungarian music scene, the album \u2018Magony\u2019 was completed and a band stablished for performing it. This Magony Orchestra, playing Hungarian rustic baroque music, is one of the most unique Hungarian musical formations, their compositions are based on Hungarian folk music, jazz and contemporary music as well. He was one of the major performers on the first Djabe album in 1996, and from 2001 to 2016 was a permanent member and essential soloist of the band. Not only his authentic violin play, which can be traced back to roots in the folklore, but his characteristic singing voice is also an essential carrier of Djabe\u2019s world of Hungarian music.<\/span>[\/vc_column_text][\/vc_column_inner][vc_column_inner width=&#8221;1\/2&#8243; offset=&#8221;vc_col-md-offset-0 vc_col-sm-offset-0&#8243;][vc_empty_space height=&#8221;100&#8243;][vc_single_image image=&#8221;1183&#8243; img_size=&#8221;full&#8221; alignment=&#8221;center&#8221; css_animation=&#8221;right-to-left&#8221;][\/vc_column_inner][\/vc_row_inner][vc_empty_space height=&#8221;20&#8243;][\/vc_column][vc_column width=&#8221;1\/12&#8243;][\/vc_column][\/vc_row][vc_row full_width=&#8221;stretch_row_content_no_spaces&#8221; equal_height=&#8221;yes&#8221; content_placement=&#8221;middle&#8221; css=&#8221;.vc_custom_1478532927610{background-color: rgba(0,0,0,0.4) !important;*background-color: rgb(0,0,0) !important;}&#8221;][vc_column width=&#8221;1\/12&#8243;][\/vc_column][vc_column width=&#8221;5\/6&#8243;][vc_row_inner][vc_column_inner width=&#8221;1\/2&#8243; offset=&#8221;vc_col-md-offset-0 vc_col-sm-offset-0&#8243;][vc_empty_space height=&#8221;100&#8243;][vc_single_image image=&#8221;1186&#8243; img_size=&#8221;full&#8221; alignment=&#8221;center&#8221; css_animation=&#8221;left-to-right&#8221;][\/vc_column_inner][vc_column_inner width=&#8221;1\/2&#8243;][vc_column_text css_animation=&#8221;right-to-left&#8221; css=&#8221;.vc_custom_1486545695477{margin-right: 25px !important;margin-left: 25px !important;}&#8221;]<\/p>\n<h1 class=\"p1\"><span style=\"color: #ffffff;\"><b>Szil\u00e1rd Banai\u00a0&#8211;\u00a0drums<\/b><\/span><\/h1>\n<p><span style=\"color: #ffffff;\">Born in Cegl\u00e9d in 1978, he began his musical career as a cello player at his birthplace. After years of studying the cello, he turned to playing the drums, for which his mother\u2019s profession as a percussion teacher gave a strong inspiration.\u00a0He graduated from Bart\u00f3k B\u00e9la Secondary School for Music in Budapest and got his degree at the Liszt Ferenc Academy of Music as a jazz drummer with outstanding results. Even at the beginning of his career he was given the opportunity to perform with the most outstanding jazz musicians of Hungary, such as Alad\u00e1r Pege, K\u00e1roly Binder, Mikl\u00f3s Birta and the St\u00fadi\u00f3 11. He is a permanent guest of annual drum festivals. Szil\u00e1rd became a renowned and popular performer, and often invited to participate in bands playing various genres and styles of music.\u00a0As a drummer, he was a member of Djabe from 2001 to 2016. Performing at foreign festivals, the greatest star drummers also expressed their adoration of Szilu\u2019s performance. In 2008, he received the \u201cGolden Drumstick Award\u201d, awarded by the Hungarian Percussion Culture Fund.\u00a0<\/span>[\/vc_column_text][\/vc_column_inner][\/vc_row_inner][vc_empty_space height=&#8221;20&#8243;][\/vc_column][vc_column width=&#8221;1\/12&#8243;][\/vc_column][\/vc_row][vc_row full_width=&#8221;stretch_row_content_no_spaces&#8221; equal_height=&#8221;yes&#8221; content_placement=&#8221;middle&#8221; css=&#8221;.vc_custom_1478532927610{background-color: rgba(0,0,0,0.4) !important;*background-color: rgb(0,0,0) !important;}&#8221;][vc_column width=&#8221;1\/12&#8243;][\/vc_column][vc_column width=&#8221;5\/6&#8243;][vc_row_inner][vc_column_inner width=&#8221;1\/2&#8243;][vc_column_text css_animation=&#8221;left-to-right&#8221; css=&#8221;.vc_custom_1486545739420{margin-right: 25px !important;margin-left: 25px !important;}&#8221;]<\/p>\n<h1 class=\"p1\" style=\"text-align: right;\"><span style=\"color: #ffffff;\"><b>Ferenc Muck\u00a0&#8211;\u00a0saxophone<\/b><\/span><\/h1>\n<p style=\"text-align: right;\"><span style=\"color: #ffffff;\">Born in 1956 in L\u00e1nycs\u00f3k, Hungary. He graduated at Liszt Ferenc Academy of Music in Budapest with a specialty in clarinet. Alongside of his outstanding references in pedagogy, Muck still teaches at numerous institutions: he actively works at Hang Sz\u00edn T\u00e9r School of Art, Dr. Lauschmann Gyula Jazz Music Technical College and at Kodol\u00e1nyi J\u00e1nos University. For his achievements in pedagogy Muck received the Teacher\u2019s Service Medal of the Hungarian government in 2012. Along his musical career he performed on literally hundreds of albums and gigs including performances with LGT, Tankcsapda and Hung\u00e1ria bands. Since the end of \u201980s Muck is a well-known and recurring guest of numerous international jazz festivals: Strassbourg, Wien, Graz, Helsinki and Tallin is just a few examples of the numerous places he performed with great succcess.\u00a0Ferenc Muck is a multiple award winner: he won the eMeRToN award in both 1991 and 1992, while in the years between 1990 and 1994 he was the \u201ebest pop saxophone player of the year\u201d. In 2000 Muck received the Hungarian Music Award for performing with the band \u2019Djabe\u2019 and he is a double gold record holder.\u00a0Ferenc Muck is the band leader of Muck Trio and Groupensax, and also a permanent member of the internationally well-known formation Bluesberry.\u00a0Member of Djabe:\u00a01997-2000<\/span><\/p>\n<p>[\/vc_column_text][\/vc_column_inner][vc_column_inner width=&#8221;1\/2&#8243; offset=&#8221;vc_col-md-offset-0 vc_col-sm-offset-0&#8243;][vc_empty_space height=&#8221;100&#8243;][vc_single_image image=&#8221;2029&#8243; img_size=&#8221;full&#8221; alignment=&#8221;center&#8221; css_animation=&#8221;right-to-left&#8221;][\/vc_column_inner][\/vc_row_inner][vc_empty_space height=&#8221;40&#8243;][\/vc_column][vc_column width=&#8221;1\/12&#8243;][\/vc_column][\/vc_row][vc_row full_width=&#8221;stretch_row_content_no_spaces&#8221; equal_height=&#8221;yes&#8221; content_placement=&#8221;middle&#8221; css=&#8221;.vc_custom_1478532927610{background-color: rgba(0,0,0,0.4) !important;*background-color: rgb(0,0,0) !important;}&#8221;][vc_column width=&#8221;1\/12&#8243;][\/vc_column][vc_column width=&#8221;5\/6&#8243;][vc_row_inner][vc_column_inner width=&#8221;1\/2&#8243; offset=&#8221;vc_col-md-offset-0 vc_col-sm-offset-0&#8243;][vc_empty_space height=&#8221;100&#8243;][vc_single_image image=&#8221;1187&#8243; img_size=&#8221;full&#8221; alignment=&#8221;center&#8221; css_animation=&#8221;left-to-right&#8221;][\/vc_column_inner][vc_column_inner width=&#8221;1\/2&#8243;][vc_column_text css_animation=&#8221;right-to-left&#8221; css=&#8221;.vc_custom_1486545776522{margin-right: 25px !important;margin-left: 25px !important;}&#8221;]<\/p>\n<h1 class=\"p1\"><span style=\"color: #ffffff;\"><b>Zolt\u00e1n Kov\u00e1cs\u00a0&#8211; keyboards<\/b><\/span><\/h1>\n<p><span style=\"color: #ffffff;\">Born in Eger in 1973. Zolt\u00e1n attended primary and secondary school in Gy\u0151r, and graduated from Liszt Ferenc Academy of Music in 1998, in Budapest. Besides his studies of classical composing and piano, Zolt\u00e1n also engaged with jazz since the age of 13.\u00a0He has been a member of the band Tea since 1997. Apart from the \u2018Friderikusz\u2019 and \u2018Luxor\u2019 TV shows he is known for numerous jazz and pop music pieces, arrangements, theatrical and television performances. He was the keyboard player of Djabe from 2001 to 2016.\u00a0At Djabe concerts, during his solo piano pieces, he often ventured towards the classical. These pieces always proved to be colorful intermezzos of the gigs. Steve Hackett, guitarist of Genesis and a returning participant at Djabe concerts uttered his greatest admiration for the musicianship of Zolt\u00e1n.\u00a0Apart from being an active musician, he teaches music in Gy\u0151r, Hungary.<\/span>[\/vc_column_text][\/vc_column_inner][\/vc_row_inner][vc_empty_space height=&#8221;40&#8243;][\/vc_column][vc_column width=&#8221;1\/12&#8243;][\/vc_column][\/vc_row][vc_row full_width=&#8221;stretch_row_content_no_spaces&#8221; equal_height=&#8221;yes&#8221; content_placement=&#8221;middle&#8221; css=&#8221;.vc_custom_1478532927610{background-color: rgba(0,0,0,0.4) !important;*background-color: rgb(0,0,0) !important;}&#8221;][vc_column width=&#8221;1\/12&#8243;][\/vc_column][vc_column width=&#8221;5\/6&#8243;][vc_row_inner][vc_column_inner width=&#8221;1\/2&#8243;][vc_column_text css_animation=&#8221;left-to-right&#8221; css=&#8221;.vc_custom_1667919441875{margin-right: 25px !important;margin-left: 25px !important;}&#8221;]<\/p>\n<h1 class=\"p1\" style=\"text-align: right;\"><span style=\"color: #ffffff;\"><b>J\u00e1nos Nagy\u00a0&#8211;\u00a0piano<\/b><\/span><\/h1>\n<p style=\"text-align: right;\"><span style=\"color: #ffffff;\">He started his musical studies at Kod\u00e1ly Zolt\u00e1n Elementary School and V\u00e1czi Gyula Musical School of Salg\u00f3tarj\u00e1n and graduated at Franz Liszt Academy of Music with a degree in jazz piano, composing and arranging. He studied under L\u00e1szl\u00f3 S\u00fcle, Mih\u00e1ly Farkas, \u00c1kos Gy\u00f6rgy, J\u00e1nos Gonda, K\u00e1roly Binder and B\u00e9la Farag\u00f3. After college Nagy studied classic piano with Tibor D\u00e9vai. J\u00e1nos Nagy became a professor in 2011 at the Kodol\u00e1nyi J\u00e1nos University of Applied Sciences, in Sz\u00e9kesfeh\u00e9rv\u00e1r but also teaches at Et\u0171d School of Music since 2012. In 2008 he was asked to work on the curriculum for basic jazz-piano main subject and for piano minor subject. In 2012 his coursebook \u2018Jazz-piano I.\u2019 was published. In 2013, on request from the Hungarian Musical and Art School Association J\u00e1nos Nagy worked on the teaching methodology of the basic jazz-piano subject. He is the artistic director for the Balatonf\u00fcred Improvisation and World Music Camp since 2010. Member of Djabe:\u00a02016-2022<\/span><\/p>\n<p>[\/vc_column_text][\/vc_column_inner][vc_column_inner width=&#8221;1\/2&#8243; offset=&#8221;vc_col-md-offset-0 vc_col-sm-offset-0&#8243;][vc_empty_space height=&#8221;100&#8243;][vc_single_image image=&#8221;4441&#8243; img_size=&#8221;full&#8221; alignment=&#8221;center&#8221; css_animation=&#8221;right-to-left&#8221;][\/vc_column_inner][\/vc_row_inner][vc_empty_space height=&#8221;40&#8243;][\/vc_column][vc_column width=&#8221;1\/12&#8243;][\/vc_column][\/vc_row]<\/p>\n<\/div>","protected":false},"excerpt":{"rendered":"<p>[vc_row][vc_column][vc_empty_space height=&#8221;90&#8243;][\/vc_column][\/vc_row][vc_row full_width=&#8221;stretch_row_content_no_spaces&#8221; equal_height=&#8221;yes&#8221; content_placement=&#8221;middle&#8221; css=&#8221;.vc_custom_1478532927610{background-color: rgba(0,0,0,0.4) !important;*background-color: rgb(0,0,0) !important;}&#8221;][vc_column width=&#8221;1\/12&#8243;][\/vc_column][vc_column width=&#8221;5\/6&#8243;][vc_row_inner][vc_column_inner width=&#8221;1\/2&#8243; offset=&#8221;vc_col-md-offset-0 vc_col-sm-offset-0&#8243;][vc_empty_space height=&#8221;100&#8243;][vc_single_image image=&#8221;1177&#8243; img_size=&#8221;full&#8221; alignment=&#8221;center&#8221; css_animation=&#8221;left-to-right&#8221;][\/vc_column_inner][vc_column_inner<\/p>\n","protected":false},"author":3,"featured_media":0,"parent":23,"menu_order":0,"comment_status":"closed","ping_status":"closed","template":"page_empty.php","meta":{"footnotes":""},"class_list":["post-801","page","type-page","status-publish","hentry","repupress_customize_woocommerce_productom_class"],"yoast_head":"<!-- This site is optimized with the Yoast SEO plugin v27.4 - https:\/\/yoast.com\/product\/yoast-seo-wordpress\/ -->\n<title>Former members - Djabe<\/title>\n<meta name=\"robots\" content=\"index, follow, max-snippet:-1, max-image-preview:large, max-video-preview:-1\" \/>\n<link rel=\"canonical\" href=\"https:\/\/djabe.hu\/biography\/egykori-tagok\/\" \/>\n<meta property=\"og:locale\" content=\"en_US\" \/>\n<meta property=\"og:type\" content=\"article\" \/>\n<meta property=\"og:title\" content=\"Former members - Djabe\" \/>\n<meta property=\"og:description\" content=\"[vc_row][vc_column][vc_empty_space height=&#8221;90&#8243;][\/vc_column][\/vc_row][vc_row full_width=&#8221;stretch_row_content_no_spaces&#8221; equal_height=&#8221;yes&#8221; content_placement=&#8221;middle&#8221; css=&#8221;.vc_custom_1478532927610{background-color: rgba(0,0,0,0.4) !important;*background-color: rgb(0,0,0) !important;}&#8221;][vc_column width=&#8221;1\/12&#8243;][\/vc_column][vc_column width=&#8221;5\/6&#8243;][vc_row_inner][vc_column_inner width=&#8221;1\/2&#8243; offset=&#8221;vc_col-md-offset-0 vc_col-sm-offset-0&#8243;][vc_empty_space height=&#8221;100&#8243;][vc_single_image image=&#8221;1177&#8243; img_size=&#8221;full&#8221; alignment=&#8221;center&#8221; css_animation=&#8221;left-to-right&#8221;][\/vc_column_inner][vc_column_inner\" \/>\n<meta property=\"og:url\" content=\"https:\/\/djabe.hu\/biography\/egykori-tagok\/\" \/>\n<meta property=\"og:site_name\" content=\"Djabe\" \/>\n<meta property=\"article:modified_time\" content=\"2022-11-08T15:02:49+00:00\" \/>\n<meta name=\"twitter:card\" content=\"summary_large_image\" \/>\n<meta name=\"twitter:label1\" content=\"Est. reading time\" \/>\n\t<meta name=\"twitter:data1\" content=\"6 minutes\" \/>\n<script type=\"application\/ld+json\" class=\"yoast-schema-graph\">{\"@context\":\"https:\\\/\\\/schema.org\",\"@graph\":[{\"@type\":\"WebPage\",\"@id\":\"https:\\\/\\\/djabe.hu\\\/biography\\\/egykori-tagok\\\/\",\"url\":\"https:\\\/\\\/djabe.hu\\\/biography\\\/egykori-tagok\\\/\",\"name\":\"Former members - Djabe\",\"isPartOf\":{\"@id\":\"https:\\\/\\\/djabe.hu\\\/en\\\/#website\"},\"datePublished\":\"2016-09-27T09:07:43+00:00\",\"dateModified\":\"2022-11-08T15:02:49+00:00\",\"breadcrumb\":{\"@id\":\"https:\\\/\\\/djabe.hu\\\/biography\\\/egykori-tagok\\\/#breadcrumb\"},\"inLanguage\":\"en-US\",\"potentialAction\":[{\"@type\":\"ReadAction\",\"target\":[\"https:\\\/\\\/djabe.hu\\\/biography\\\/egykori-tagok\\\/\"]}]},{\"@type\":\"BreadcrumbList\",\"@id\":\"https:\\\/\\\/djabe.hu\\\/biography\\\/egykori-tagok\\\/#breadcrumb\",\"itemListElement\":[{\"@type\":\"ListItem\",\"position\":1,\"name\":\"Home\",\"item\":\"https:\\\/\\\/djabe.hu\\\/en\\\/\"},{\"@type\":\"ListItem\",\"position\":2,\"name\":\"Biogr\u00e1fia\",\"item\":\"https:\\\/\\\/djabe.hu\\\/biography\\\/\"},{\"@type\":\"ListItem\",\"position\":3,\"name\":\"Kor\u00e1bbi tagok\"}]},{\"@type\":\"WebSite\",\"@id\":\"https:\\\/\\\/djabe.hu\\\/en\\\/#website\",\"url\":\"https:\\\/\\\/djabe.hu\\\/en\\\/\",\"name\":\"Djabe\",\"description\":\"Official site\",\"potentialAction\":[{\"@type\":\"SearchAction\",\"target\":{\"@type\":\"EntryPoint\",\"urlTemplate\":\"https:\\\/\\\/djabe.hu\\\/en\\\/?s={search_term_string}\"},\"query-input\":{\"@type\":\"PropertyValueSpecification\",\"valueRequired\":true,\"valueName\":\"search_term_string\"}}],\"inLanguage\":\"en-US\"}]}<\/script>\n<!-- \/ Yoast SEO plugin. -->","yoast_head_json":{"title":"Former members - Djabe","robots":{"index":"index","follow":"follow","max-snippet":"max-snippet:-1","max-image-preview":"max-image-preview:large","max-video-preview":"max-video-preview:-1"},"canonical":"https:\/\/djabe.hu\/biography\/egykori-tagok\/","og_locale":"en_US","og_type":"article","og_title":"Former members - Djabe","og_description":"[vc_row][vc_column][vc_empty_space height=&#8221;90&#8243;][\/vc_column][\/vc_row][vc_row full_width=&#8221;stretch_row_content_no_spaces&#8221; equal_height=&#8221;yes&#8221; content_placement=&#8221;middle&#8221; css=&#8221;.vc_custom_1478532927610{background-color: rgba(0,0,0,0.4) !important;*background-color: rgb(0,0,0) !important;}&#8221;][vc_column width=&#8221;1\/12&#8243;][\/vc_column][vc_column width=&#8221;5\/6&#8243;][vc_row_inner][vc_column_inner width=&#8221;1\/2&#8243; offset=&#8221;vc_col-md-offset-0 vc_col-sm-offset-0&#8243;][vc_empty_space height=&#8221;100&#8243;][vc_single_image image=&#8221;1177&#8243; img_size=&#8221;full&#8221; alignment=&#8221;center&#8221; css_animation=&#8221;left-to-right&#8221;][\/vc_column_inner][vc_column_inner","og_url":"https:\/\/djabe.hu\/biography\/egykori-tagok\/","og_site_name":"Djabe","article_modified_time":"2022-11-08T15:02:49+00:00","twitter_card":"summary_large_image","twitter_misc":{"Est. reading time":"6 minutes"},"schema":{"@context":"https:\/\/schema.org","@graph":[{"@type":"WebPage","@id":"https:\/\/djabe.hu\/biography\/egykori-tagok\/","url":"https:\/\/djabe.hu\/biography\/egykori-tagok\/","name":"Former members - Djabe","isPartOf":{"@id":"https:\/\/djabe.hu\/en\/#website"},"datePublished":"2016-09-27T09:07:43+00:00","dateModified":"2022-11-08T15:02:49+00:00","breadcrumb":{"@id":"https:\/\/djabe.hu\/biography\/egykori-tagok\/#breadcrumb"},"inLanguage":"en-US","potentialAction":[{"@type":"ReadAction","target":["https:\/\/djabe.hu\/biography\/egykori-tagok\/"]}]},{"@type":"BreadcrumbList","@id":"https:\/\/djabe.hu\/biography\/egykori-tagok\/#breadcrumb","itemListElement":[{"@type":"ListItem","position":1,"name":"Home","item":"https:\/\/djabe.hu\/en\/"},{"@type":"ListItem","position":2,"name":"Biogr\u00e1fia","item":"https:\/\/djabe.hu\/biography\/"},{"@type":"ListItem","position":3,"name":"Kor\u00e1bbi tagok"}]},{"@type":"WebSite","@id":"https:\/\/djabe.hu\/en\/#website","url":"https:\/\/djabe.hu\/en\/","name":"Djabe","description":"Official site","potentialAction":[{"@type":"SearchAction","target":{"@type":"EntryPoint","urlTemplate":"https:\/\/djabe.hu\/en\/?s={search_term_string}"},"query-input":{"@type":"PropertyValueSpecification","valueRequired":true,"valueName":"search_term_string"}}],"inLanguage":"en-US"}]}},"jetpack_sharing_enabled":true,"_links":{"self":[{"href":"https:\/\/djabe.hu\/en\/wp-json\/wp\/v2\/pages\/801","targetHints":{"allow":["GET"]}}],"collection":[{"href":"https:\/\/djabe.hu\/en\/wp-json\/wp\/v2\/pages"}],"about":[{"href":"https:\/\/djabe.hu\/en\/wp-json\/wp\/v2\/types\/page"}],"author":[{"embeddable":true,"href":"https:\/\/djabe.hu\/en\/wp-json\/wp\/v2\/users\/3"}],"replies":[{"embeddable":true,"href":"https:\/\/djabe.hu\/en\/wp-json\/wp\/v2\/comments?post=801"}],"version-history":[{"count":34,"href":"https:\/\/djabe.hu\/en\/wp-json\/wp\/v2\/pages\/801\/revisions"}],"predecessor-version":[{"id":9368,"href":"https:\/\/djabe.hu\/en\/wp-json\/wp\/v2\/pages\/801\/revisions\/9368"}],"up":[{"embeddable":true,"href":"https:\/\/djabe.hu\/en\/wp-json\/wp\/v2\/pages\/23"}],"wp:attachment":[{"href":"https:\/\/djabe.hu\/en\/wp-json\/wp\/v2\/media?parent=801"}],"curies":[{"name":"wp","href":"https:\/\/api.w.org\/{rel}","templated":true}]}}