{"id":7044,"date":"2019-08-06T12:26:02","date_gmt":"2019-08-06T11:26:02","guid":{"rendered":"http:\/\/djabe.hu\/?page_id=7044"},"modified":"2024-06-17T14:41:57","modified_gmt":"2024-06-17T13:41:57","slug":"koncert-velemenyek","status":"publish","type":"page","link":"https:\/\/djabe.hu\/en\/koncert-velemenyek\/","title":{"rendered":"Concert reviews"},"content":{"rendered":"<div class=\"wpb-content-wrapper\"><p>[vc_row full_width=&#8221;stretch_row_content_no_spaces&#8221; css=&#8221;.vc_custom_1516180712518{background-color: rgba(0,0,0,0.4) !important;*background-color: rgb(0,0,0) !important;}&#8221;][vc_column][vc_empty_space height=&#8221;90&#8243;][\/vc_column][\/vc_row][vc_row full_width=&#8221;stretch_row_content&#8221; css=&#8221;.vc_custom_1516180881159{background-color: rgba(0,0,0,0.4) !important;*background-color: rgb(0,0,0) !important;}&#8221;][vc_column width=&#8221;1\/12&#8243;][\/vc_column][vc_column width=&#8221;5\/6&#8243;][vc_empty_space height=&#8221;30&#8243;][vc_row_inner equal_height=&#8221;yes&#8221; content_placement=&#8221;middle&#8221;][vc_column_inner width=&#8221;1\/2&#8243;][vc_column_text css_animation=&#8221;left-to-right&#8221; css=&#8221;&#8221;]<\/p>\n<h1 style=\"text-align: right;\"><span style=\"color: #ffffff;\"><a style=\"color: #ffffff;\" href=\"https:\/\/djabe.hu\/tour-of-waterfalls-ilyen-volt-a-djabe-es-chieli-minucci-2024-es-musora-joze-kritikaja\/\">Tour of Waterfalls \u2013 Ilyen volt a Djabe \u00e9s Chieli Minucci 2024-es m\u0171sora &#8211; Review by Joz\u00e9<\/a><\/span><\/h1>\n<p style=\"text-align: right;\"><span style=\"color: #ffffff;\"><em>Joz\u00e9,<\/em> <em><span style=\"color: #ffffff;\">rockinform.hu<br \/>\n<\/span><\/em><\/span><b><\/b><span style=\"color: #ffffff;\">Nagy sikerrel zajlott az amerikai Chieli Minucci \u00e9s a Djabe els\u0151 k\u00f6z\u00f6s turn\u00e9ja, mely magyarorsz\u00e1gi nagyv\u00e1rosokat \u00e9rintett. A Special EFX egyik alap\u00edt\u00f3ja Jinda Gy\u00f6rgy \u00e9s Szakcsi Lakatos B\u00e9la ut\u00e1n ism\u00e9t hazai m\u0171v\u00e9szekkel kooper\u00e1lt, hogy k\u00f6z\u00f6sen mutass\u00e1k be szerzem\u00e9nyeiket, illetve k\u00e9sz\u00edtsenek felv\u00e9teleket.<\/span><\/p>\n<p>[\/vc_column_text][\/vc_column_inner][vc_column_inner width=&#8221;1\/2&#8243;][vc_single_image image=&#8221;10809&#8243; img_size=&#8221;557&#215;300&#8243; style=&#8221;vc_box_shadow_3d&#8221; onclick=&#8221;custom_link&#8221; css_animation=&#8221;right-to-left&#8221; css=&#8221;&#8221; link=&#8221;http:\/\/djabe.hu\/idosikok-hangjai-vesznek-korul-a-djabe-kettos-surround-koncertjen-jartunk\/&#8221;][\/vc_column_inner][\/vc_row_inner][vc_empty_space height=&#8221;40&#8243;][vc_separator color=&#8221;white&#8221; border_width=&#8221;3&#8243; css=&#8221;.vc_custom_1475828551750{margin-top: -10px !important;margin-bottom: -10px !important;}&#8221;][vc_empty_space height=&#8221;40&#8243;][vc_row_inner equal_height=&#8221;yes&#8221; content_placement=&#8221;middle&#8221;][vc_column_inner width=&#8221;1\/2&#8243;][vc_single_image image=&#8221;7053&#8243; img_size=&#8221;557&#215;300&#8243; alignment=&#8221;right&#8221; style=&#8221;vc_box_shadow_3d&#8221; onclick=&#8221;custom_link&#8221; css_animation=&#8221;left-to-right&#8221; link=&#8221;http:\/\/djabe.hu\/djabe-es-steve-hackett-koncert-a-budapest-jazz-clubban-zenesz-magazin&#8221;][\/vc_column_inner][vc_column_inner width=&#8221;1\/2&#8243;][vc_column_text css_animation=&#8221;right-to-left&#8221;]<\/p>\n<h1><a href=\"http:\/\/djabe.hu\/djabe-es-steve-hackett-koncert-a-budapest-jazz-clubban-zenesz-magazin\"><span style=\"color: #ffffff;\">Djabe and Steve Hackett at the Budapest Jazz Club \u2013 Critiqe by Zen\u00e9sz Magazin<\/span><\/a><\/h1>\n<p><em><span style=\"color: #ffffff;\"><strong>KERES TIBOR,<\/strong>\u00a0Zen\u00e9sz Magazin<\/span><br \/>\n<\/em><span style=\"color: #ffffff;\">As one of the most prominent fusion jazz band of Hungary, Djabe performs more often abroad than at home. To strengthen the latter, the band gave a double gig at the Budapest Jazz Club.<\/span>[\/vc_column_text][\/vc_column_inner][\/vc_row_inner][vc_empty_space height=&#8221;40&#8243;][vc_separator color=&#8221;white&#8221; border_width=&#8221;3&#8243; css=&#8221;.vc_custom_1475828551750{margin-top: -10px !important;margin-bottom: -10px !important;}&#8221;][vc_empty_space height=&#8221;40&#8243;][vc_row_inner equal_height=&#8221;yes&#8221; content_placement=&#8221;middle&#8221;][vc_column_inner width=&#8221;1\/2&#8243;][vc_column_text css_animation=&#8221;left-to-right&#8221;]<\/p>\n<h1 style=\"text-align: right;\"><span style=\"color: #ffffff;\"><a style=\"color: #ffffff;\" href=\"http:\/\/djabe.hu\/en\/idosikok-hangjai-vesznek-korul-a-djabe-kettos-surround-koncertjen-jartunk\/\">Sounds of timelines around me \u2013 our experience at the Djabe double-surround concert<\/a><\/span><\/h1>\n<p style=\"text-align: right;\"><strong><em>L\u00e1szl\u00f3 G\u00f6b\u00f6ly\u00f6s N.,<\/em><\/strong> <em>szmo.hu<br \/>\n<\/em><b><\/b>Hard task to follow Djabe across spacetime. While constantly renewing and evolving they look back all the time.<\/p>\n<p style=\"text-align: right;\"><span style=\"color: #ffffff;\">\u00a0<\/span><\/p>\n<p>[\/vc_column_text][\/vc_column_inner][vc_column_inner width=&#8221;1\/2&#8243;][vc_single_image image=&#8221;7074&#8243; img_size=&#8221;557&#215;300&#8243; style=&#8221;vc_box_shadow_3d&#8221; onclick=&#8221;custom_link&#8221; css_animation=&#8221;right-to-left&#8221; link=&#8221;http:\/\/djabe.hu\/en\/idosikok-hangjai-vesznek-korul-a-djabe-kettos-surround-koncertjen-jartunk\/&#8221;][\/vc_column_inner][\/vc_row_inner][vc_empty_space height=&#8221;100&#8243;][\/vc_column][vc_column width=&#8221;1\/12&#8243;][\/vc_column][\/vc_row]<\/p>\n<\/div>","protected":false},"excerpt":{"rendered":"<p>[vc_row full_width=&#8221;stretch_row_content_no_spaces&#8221; css=&#8221;.vc_custom_1516180712518{background-color: rgba(0,0,0,0.4) !important;*background-color: rgb(0,0,0) !important;}&#8221;][vc_column][vc_empty_space height=&#8221;90&#8243;][\/vc_column][\/vc_row][vc_row full_width=&#8221;stretch_row_content&#8221; css=&#8221;.vc_custom_1516180881159{background-color: rgba(0,0,0,0.4) !important;*background-color: rgb(0,0,0) !important;}&#8221;][vc_column width=&#8221;1\/12&#8243;][\/vc_column][vc_column width=&#8221;5\/6&#8243;][vc_empty_space height=&#8221;30&#8243;][vc_row_inner equal_height=&#8221;yes&#8221; content_placement=&#8221;middle&#8221;][vc_column_inner width=&#8221;1\/2&#8243;][vc_column_text<\/p>\n","protected":false},"author":2,"featured_media":0,"parent":0,"menu_order":0,"comment_status":"closed","ping_status":"closed","template":"","meta":{"footnotes":""},"class_list":["post-7044","page","type-page","status-publish","hentry","repupress_customize_woocommerce_productom_class"],"yoast_head":"<!-- This site is optimized with the Yoast SEO plugin v27.5 - https:\/\/yoast.com\/product\/yoast-seo-wordpress\/ -->\n<title>Concert reviews - Djabe<\/title>\n<meta name=\"robots\" content=\"index, follow, max-snippet:-1, max-image-preview:large, max-video-preview:-1\" \/>\n<link rel=\"canonical\" href=\"https:\/\/djabe.hu\/koncert-velemenyek\/\" \/>\n<meta property=\"og:locale\" content=\"en_US\" \/>\n<meta property=\"og:type\" content=\"article\" \/>\n<meta property=\"og:title\" content=\"Concert reviews - Djabe\" \/>\n<meta property=\"og:description\" content=\"[vc_row full_width=&#8221;stretch_row_content_no_spaces&#8221; css=&#8221;.vc_custom_1516180712518{background-color: rgba(0,0,0,0.4) !important;*background-color: rgb(0,0,0) !important;}&#8221;][vc_column][vc_empty_space height=&#8221;90&#8243;][\/vc_column][\/vc_row][vc_row full_width=&#8221;stretch_row_content&#8221; css=&#8221;.vc_custom_1516180881159{background-color: rgba(0,0,0,0.4) !important;*background-color: rgb(0,0,0) !important;}&#8221;][vc_column width=&#8221;1\/12&#8243;][\/vc_column][vc_column width=&#8221;5\/6&#8243;][vc_empty_space height=&#8221;30&#8243;][vc_row_inner equal_height=&#8221;yes&#8221; content_placement=&#8221;middle&#8221;][vc_column_inner width=&#8221;1\/2&#8243;][vc_column_text\" \/>\n<meta property=\"og:url\" content=\"https:\/\/djabe.hu\/koncert-velemenyek\/\" \/>\n<meta property=\"og:site_name\" content=\"Djabe\" \/>\n<meta property=\"article:modified_time\" content=\"2024-06-17T13:41:57+00:00\" \/>\n<meta name=\"twitter:card\" content=\"summary_large_image\" \/>\n<meta name=\"twitter:label1\" content=\"Est. reading time\" \/>\n\t<meta name=\"twitter:data1\" content=\"3 minutes\" \/>\n<script type=\"application\/ld+json\" class=\"yoast-schema-graph\">{\"@context\":\"https:\\\/\\\/schema.org\",\"@graph\":[{\"@type\":\"WebPage\",\"@id\":\"https:\\\/\\\/djabe.hu\\\/koncert-velemenyek\\\/\",\"url\":\"https:\\\/\\\/djabe.hu\\\/koncert-velemenyek\\\/\",\"name\":\"Concert reviews - Djabe\",\"isPartOf\":{\"@id\":\"https:\\\/\\\/djabe.hu\\\/en\\\/#website\"},\"datePublished\":\"2019-08-06T11:26:02+00:00\",\"dateModified\":\"2024-06-17T13:41:57+00:00\",\"breadcrumb\":{\"@id\":\"https:\\\/\\\/djabe.hu\\\/koncert-velemenyek\\\/#breadcrumb\"},\"inLanguage\":\"en-US\",\"potentialAction\":[{\"@type\":\"ReadAction\",\"target\":[\"https:\\\/\\\/djabe.hu\\\/koncert-velemenyek\\\/\"]}]},{\"@type\":\"BreadcrumbList\",\"@id\":\"https:\\\/\\\/djabe.hu\\\/koncert-velemenyek\\\/#breadcrumb\",\"itemListElement\":[{\"@type\":\"ListItem\",\"position\":1,\"name\":\"Home\",\"item\":\"https:\\\/\\\/djabe.hu\\\/en\\\/\"},{\"@type\":\"ListItem\",\"position\":2,\"name\":\"Concert reviews\"}]},{\"@type\":\"WebSite\",\"@id\":\"https:\\\/\\\/djabe.hu\\\/en\\\/#website\",\"url\":\"https:\\\/\\\/djabe.hu\\\/en\\\/\",\"name\":\"Djabe\",\"description\":\"Official site\",\"potentialAction\":[{\"@type\":\"SearchAction\",\"target\":{\"@type\":\"EntryPoint\",\"urlTemplate\":\"https:\\\/\\\/djabe.hu\\\/en\\\/?s={search_term_string}\"},\"query-input\":{\"@type\":\"PropertyValueSpecification\",\"valueRequired\":true,\"valueName\":\"search_term_string\"}}],\"inLanguage\":\"en-US\"}]}<\/script>\n<!-- \/ Yoast SEO plugin. -->","yoast_head_json":{"title":"Concert reviews - Djabe","robots":{"index":"index","follow":"follow","max-snippet":"max-snippet:-1","max-image-preview":"max-image-preview:large","max-video-preview":"max-video-preview:-1"},"canonical":"https:\/\/djabe.hu\/koncert-velemenyek\/","og_locale":"en_US","og_type":"article","og_title":"Concert reviews - Djabe","og_description":"[vc_row full_width=&#8221;stretch_row_content_no_spaces&#8221; css=&#8221;.vc_custom_1516180712518{background-color: rgba(0,0,0,0.4) !important;*background-color: rgb(0,0,0) !important;}&#8221;][vc_column][vc_empty_space height=&#8221;90&#8243;][\/vc_column][\/vc_row][vc_row full_width=&#8221;stretch_row_content&#8221; css=&#8221;.vc_custom_1516180881159{background-color: rgba(0,0,0,0.4) !important;*background-color: rgb(0,0,0) !important;}&#8221;][vc_column width=&#8221;1\/12&#8243;][\/vc_column][vc_column width=&#8221;5\/6&#8243;][vc_empty_space height=&#8221;30&#8243;][vc_row_inner equal_height=&#8221;yes&#8221; content_placement=&#8221;middle&#8221;][vc_column_inner width=&#8221;1\/2&#8243;][vc_column_text","og_url":"https:\/\/djabe.hu\/koncert-velemenyek\/","og_site_name":"Djabe","article_modified_time":"2024-06-17T13:41:57+00:00","twitter_card":"summary_large_image","twitter_misc":{"Est. reading time":"3 minutes"},"schema":{"@context":"https:\/\/schema.org","@graph":[{"@type":"WebPage","@id":"https:\/\/djabe.hu\/koncert-velemenyek\/","url":"https:\/\/djabe.hu\/koncert-velemenyek\/","name":"Concert reviews - Djabe","isPartOf":{"@id":"https:\/\/djabe.hu\/en\/#website"},"datePublished":"2019-08-06T11:26:02+00:00","dateModified":"2024-06-17T13:41:57+00:00","breadcrumb":{"@id":"https:\/\/djabe.hu\/koncert-velemenyek\/#breadcrumb"},"inLanguage":"en-US","potentialAction":[{"@type":"ReadAction","target":["https:\/\/djabe.hu\/koncert-velemenyek\/"]}]},{"@type":"BreadcrumbList","@id":"https:\/\/djabe.hu\/koncert-velemenyek\/#breadcrumb","itemListElement":[{"@type":"ListItem","position":1,"name":"Home","item":"https:\/\/djabe.hu\/en\/"},{"@type":"ListItem","position":2,"name":"Concert reviews"}]},{"@type":"WebSite","@id":"https:\/\/djabe.hu\/en\/#website","url":"https:\/\/djabe.hu\/en\/","name":"Djabe","description":"Official site","potentialAction":[{"@type":"SearchAction","target":{"@type":"EntryPoint","urlTemplate":"https:\/\/djabe.hu\/en\/?s={search_term_string}"},"query-input":{"@type":"PropertyValueSpecification","valueRequired":true,"valueName":"search_term_string"}}],"inLanguage":"en-US"}]}},"jetpack_sharing_enabled":true,"_links":{"self":[{"href":"https:\/\/djabe.hu\/en\/wp-json\/wp\/v2\/pages\/7044","targetHints":{"allow":["GET"]}}],"collection":[{"href":"https:\/\/djabe.hu\/en\/wp-json\/wp\/v2\/pages"}],"about":[{"href":"https:\/\/djabe.hu\/en\/wp-json\/wp\/v2\/types\/page"}],"author":[{"embeddable":true,"href":"https:\/\/djabe.hu\/en\/wp-json\/wp\/v2\/users\/2"}],"replies":[{"embeddable":true,"href":"https:\/\/djabe.hu\/en\/wp-json\/wp\/v2\/comments?post=7044"}],"version-history":[{"count":10,"href":"https:\/\/djabe.hu\/en\/wp-json\/wp\/v2\/pages\/7044\/revisions"}],"predecessor-version":[{"id":10811,"href":"https:\/\/djabe.hu\/en\/wp-json\/wp\/v2\/pages\/7044\/revisions\/10811"}],"wp:attachment":[{"href":"https:\/\/djabe.hu\/en\/wp-json\/wp\/v2\/media?parent=7044"}],"curies":[{"name":"wp","href":"https:\/\/api.w.org\/{rel}","templated":true}]}}