{"id":33,"date":"2016-09-13T11:54:17","date_gmt":"2016-09-13T10:54:17","guid":{"rendered":"http:\/\/djabe.hu\/?page_id=33"},"modified":"2021-01-07T11:27:08","modified_gmt":"2021-01-07T10:27:08","slug":"galeria","status":"publish","type":"page","link":"https:\/\/djabe.hu\/en\/galeria\/","title":{"rendered":"Photoalbum"},"content":{"rendered":"<div class=\"wpb-content-wrapper\"><p>[vc_row][vc_column][vc_column_text]<\/p>\n<h2>Ha nem jelennek meg a fot\u00f3albumok, k\u00e9rj\u00fck m\u00e9retezze \u00e1t a b\u00f6ng\u00e9sz\u0151 ablakot. K\u00f6sz\u00f6nj\u00fck!<br \/>\nIf the photoalbums do not appear, please resize the browser window. Thank You!<\/h2>\n<p>[\/vc_column_text][\/vc_column][\/vc_row][vc_row][vc_column][vc_empty_space height=&#8221;20&#8243;][\/vc_column][\/vc_row]<\/p>\n<\/div>","protected":false},"excerpt":{"rendered":"<p>[vc_row][vc_column][vc_column_text] Ha nem jelennek meg a fot\u00f3albumok, k\u00e9rj\u00fck m\u00e9retezze \u00e1t a b\u00f6ng\u00e9sz\u0151 ablakot. K\u00f6sz\u00f6nj\u00fck! If the photoalbums do not appear,<\/p>\n","protected":false},"author":2,"featured_media":0,"parent":0,"menu_order":5,"comment_status":"closed","ping_status":"closed","template":"photo_gallery.php","meta":{"footnotes":""},"class_list":["post-33","page","type-page","status-publish","hentry","repupress_customize_woocommerce_productom_class"],"yoast_head":"<!-- This site is optimized with the Yoast SEO plugin v27.4 - https:\/\/yoast.com\/product\/yoast-seo-wordpress\/ -->\n<title>Photoalbum - Djabe<\/title>\n<meta name=\"robots\" content=\"index, follow, max-snippet:-1, max-image-preview:large, max-video-preview:-1\" \/>\n<link rel=\"canonical\" href=\"https:\/\/djabe.hu\/en\/galeria\/\" \/>\n<meta property=\"og:locale\" content=\"en_US\" \/>\n<meta property=\"og:type\" content=\"article\" \/>\n<meta property=\"og:title\" content=\"Photoalbum - Djabe\" \/>\n<meta property=\"og:description\" content=\"[vc_row][vc_column][vc_column_text] Ha nem jelennek meg a fot\u00f3albumok, k\u00e9rj\u00fck m\u00e9retezze \u00e1t a b\u00f6ng\u00e9sz\u0151 ablakot. K\u00f6sz\u00f6nj\u00fck! If the photoalbums do not appear,\" \/>\n<meta property=\"og:url\" content=\"https:\/\/djabe.hu\/en\/galeria\/\" \/>\n<meta property=\"og:site_name\" content=\"Djabe\" \/>\n<meta property=\"article:modified_time\" content=\"2021-01-07T10:27:08+00:00\" \/>\n<meta name=\"twitter:card\" content=\"summary_large_image\" \/>\n<script type=\"application\/ld+json\" class=\"yoast-schema-graph\">{\"@context\":\"https:\\\/\\\/schema.org\",\"@graph\":[{\"@type\":\"WebPage\",\"@id\":\"https:\\\/\\\/djabe.hu\\\/en\\\/galeria\\\/\",\"url\":\"https:\\\/\\\/djabe.hu\\\/en\\\/galeria\\\/\",\"name\":\"Photoalbum - Djabe\",\"isPartOf\":{\"@id\":\"https:\\\/\\\/djabe.hu\\\/en\\\/#website\"},\"datePublished\":\"2016-09-13T10:54:17+00:00\",\"dateModified\":\"2021-01-07T10:27:08+00:00\",\"breadcrumb\":{\"@id\":\"https:\\\/\\\/djabe.hu\\\/en\\\/galeria\\\/#breadcrumb\"},\"inLanguage\":\"en-US\",\"potentialAction\":[{\"@type\":\"ReadAction\",\"target\":[\"https:\\\/\\\/djabe.hu\\\/en\\\/galeria\\\/\"]}]},{\"@type\":\"BreadcrumbList\",\"@id\":\"https:\\\/\\\/djabe.hu\\\/en\\\/galeria\\\/#breadcrumb\",\"itemListElement\":[{\"@type\":\"ListItem\",\"position\":1,\"name\":\"Home\",\"item\":\"https:\\\/\\\/djabe.hu\\\/en\\\/\"},{\"@type\":\"ListItem\",\"position\":2,\"name\":\"Photoalbum\"}]},{\"@type\":\"WebSite\",\"@id\":\"https:\\\/\\\/djabe.hu\\\/en\\\/#website\",\"url\":\"https:\\\/\\\/djabe.hu\\\/en\\\/\",\"name\":\"Djabe\",\"description\":\"Official site\",\"potentialAction\":[{\"@type\":\"SearchAction\",\"target\":{\"@type\":\"EntryPoint\",\"urlTemplate\":\"https:\\\/\\\/djabe.hu\\\/en\\\/?s={search_term_string}\"},\"query-input\":{\"@type\":\"PropertyValueSpecification\",\"valueRequired\":true,\"valueName\":\"search_term_string\"}}],\"inLanguage\":\"en-US\"}]}<\/script>\n<!-- \/ Yoast SEO plugin. -->","yoast_head_json":{"title":"Photoalbum - Djabe","robots":{"index":"index","follow":"follow","max-snippet":"max-snippet:-1","max-image-preview":"max-image-preview:large","max-video-preview":"max-video-preview:-1"},"canonical":"https:\/\/djabe.hu\/en\/galeria\/","og_locale":"en_US","og_type":"article","og_title":"Photoalbum - Djabe","og_description":"[vc_row][vc_column][vc_column_text] Ha nem jelennek meg a fot\u00f3albumok, k\u00e9rj\u00fck m\u00e9retezze \u00e1t a b\u00f6ng\u00e9sz\u0151 ablakot. K\u00f6sz\u00f6nj\u00fck! If the photoalbums do not appear,","og_url":"https:\/\/djabe.hu\/en\/galeria\/","og_site_name":"Djabe","article_modified_time":"2021-01-07T10:27:08+00:00","twitter_card":"summary_large_image","schema":{"@context":"https:\/\/schema.org","@graph":[{"@type":"WebPage","@id":"https:\/\/djabe.hu\/en\/galeria\/","url":"https:\/\/djabe.hu\/en\/galeria\/","name":"Photoalbum - Djabe","isPartOf":{"@id":"https:\/\/djabe.hu\/en\/#website"},"datePublished":"2016-09-13T10:54:17+00:00","dateModified":"2021-01-07T10:27:08+00:00","breadcrumb":{"@id":"https:\/\/djabe.hu\/en\/galeria\/#breadcrumb"},"inLanguage":"en-US","potentialAction":[{"@type":"ReadAction","target":["https:\/\/djabe.hu\/en\/galeria\/"]}]},{"@type":"BreadcrumbList","@id":"https:\/\/djabe.hu\/en\/galeria\/#breadcrumb","itemListElement":[{"@type":"ListItem","position":1,"name":"Home","item":"https:\/\/djabe.hu\/en\/"},{"@type":"ListItem","position":2,"name":"Photoalbum"}]},{"@type":"WebSite","@id":"https:\/\/djabe.hu\/en\/#website","url":"https:\/\/djabe.hu\/en\/","name":"Djabe","description":"Official site","potentialAction":[{"@type":"SearchAction","target":{"@type":"EntryPoint","urlTemplate":"https:\/\/djabe.hu\/en\/?s={search_term_string}"},"query-input":{"@type":"PropertyValueSpecification","valueRequired":true,"valueName":"search_term_string"}}],"inLanguage":"en-US"}]}},"jetpack_sharing_enabled":true,"_links":{"self":[{"href":"https:\/\/djabe.hu\/en\/wp-json\/wp\/v2\/pages\/33","targetHints":{"allow":["GET"]}}],"collection":[{"href":"https:\/\/djabe.hu\/en\/wp-json\/wp\/v2\/pages"}],"about":[{"href":"https:\/\/djabe.hu\/en\/wp-json\/wp\/v2\/types\/page"}],"author":[{"embeddable":true,"href":"https:\/\/djabe.hu\/en\/wp-json\/wp\/v2\/users\/2"}],"replies":[{"embeddable":true,"href":"https:\/\/djabe.hu\/en\/wp-json\/wp\/v2\/comments?post=33"}],"version-history":[{"count":9,"href":"https:\/\/djabe.hu\/en\/wp-json\/wp\/v2\/pages\/33\/revisions"}],"predecessor-version":[{"id":7961,"href":"https:\/\/djabe.hu\/en\/wp-json\/wp\/v2\/pages\/33\/revisions\/7961"}],"wp:attachment":[{"href":"https:\/\/djabe.hu\/en\/wp-json\/wp\/v2\/media?parent=33"}],"curies":[{"name":"wp","href":"https:\/\/api.w.org\/{rel}","templated":true}]}}