{"id":25,"date":"2016-09-13T11:52:43","date_gmt":"2016-09-13T10:52:43","guid":{"rendered":"http:\/\/djabe.hu\/?page_id=25"},"modified":"2025-09-25T19:05:16","modified_gmt":"2025-09-25T18:05:16","slug":"djabe","status":"publish","type":"page","link":"https:\/\/djabe.hu\/en\/biography\/djabe\/","title":{"rendered":"Djabe"},"content":{"rendered":"<div class=\"wpb-content-wrapper\"><p>[vc_row][vc_column][vc_empty_space height=&#8221;90&#8243;][\/vc_column][\/vc_row][vc_row css=&#8221;.vc_custom_1478697031796{background-color: rgba(0,0,0,0.4) !important;*background-color: rgb(0,0,0) !important;}&#8221;][vc_column width=&#8221;1\/12&#8243;][\/vc_column][vc_column width=&#8221;5\/6&#8243;][vc_empty_space height=&#8221;30px&#8221;][vc_custom_heading text=&#8221;DJABE&#8221; font_container=&#8221;tag:h1|font_size:40|text_align:left&#8221; use_theme_fonts=&#8221;yes&#8221; css=&#8221;.vc_custom_1479744392263{margin-top: 10px !important;}&#8221;][vc_separator color=&#8221;white&#8221; border_width=&#8221;3&#8243; css=&#8221;.vc_custom_1475828551750{margin-top: -10px !important;margin-bottom: -10px !important;}&#8221;][vc_column_text css=&#8221;&#8221;]<\/p>\n<h2><span style=\"color: #ffffff;\">THE NUMBER ONE\u00a0JAZZ\/WORLD FUSION\u00a0BAND OF HUNGARY<\/span><\/h2>\n<div><span lang=\"EN-GB\" style=\"color: #ffffff;\"><br \/>\n<img loading=\"lazy\" decoding=\"async\" class=\"alignright wp-image-11606 \" src=\"https:\/\/djabe.hu\/wp-content\/uploads\/2025\/06\/DJABE_2025_official_photo_v2_WEB_FINAL-1024x679.jpg\" alt=\"\" width=\"569\" height=\"377\" srcset=\"https:\/\/djabe.hu\/wp-content\/uploads\/2025\/06\/DJABE_2025_official_photo_v2_WEB_FINAL-1024x679.jpg 1024w, https:\/\/djabe.hu\/wp-content\/uploads\/2025\/06\/DJABE_2025_official_photo_v2_WEB_FINAL-300x199.jpg 300w, https:\/\/djabe.hu\/wp-content\/uploads\/2025\/06\/DJABE_2025_official_photo_v2_WEB_FINAL-768x509.jpg 768w, https:\/\/djabe.hu\/wp-content\/uploads\/2025\/06\/DJABE_2025_official_photo_v2_WEB_FINAL-1536x1018.jpg 1536w, https:\/\/djabe.hu\/wp-content\/uploads\/2025\/06\/DJABE_2025_official_photo_v2_WEB_FINAL-600x398.jpg 600w, https:\/\/djabe.hu\/wp-content\/uploads\/2025\/06\/DJABE_2025_official_photo_v2_WEB_FINAL.jpg 2000w\" sizes=\"auto, (max-width: 569px) 100vw, 569px\" \/>Djabe is the number 1 jazz\/world fusion band in Hungary. It was established 30 years ago and since then Djabe won numerous domestic and international awards and recognitions.<\/span><\/div>\n<p><span style=\"color: #ffffff;\">2000 \u2013 Hungarian Music Award, The Best Jazz\/World Music Album Of The Year, Djabe \u2013 Witchi Tai To<\/span><br \/>\n<span style=\"color: #ffffff;\">2001 \u2013 eMeRTon Award, The Best World Music Band \u2013 Djabe: Update<\/span><br \/>\n<span style=\"color: #ffffff;\">2004 \u2013 International PRince Award, Djabe \u2013 Sheafs Are Dancing<\/span><br \/>\n<span style=\"color: #ffffff;\">2004 \u2013 Surround Music Award nominee, Los Aneles, USA, Djabe \u2013 Sheafs Are Dancing DVD-Audio<\/span><br \/>\n<span style=\"color: #ffffff;\">2006 \u2013 Special Award, Klaipeda Jazz Festival, Lithuania<\/span><br \/>\n<span style=\"color: #ffffff;\">2010 \u2013 Brest Theater Festival Diploma, Belarus<\/span><br \/>\n<span style=\"color: #ffffff;\">2011 \u2013 Barab\u00e1s Tam\u00e1s bass guitar artist \u2013 Artisjus Award<\/span><br \/>\n<span style=\"color: #ffffff;\">Between 2001 \u2013 2019 nine studio and 2 live albums were nominated for Hungarian Music Award in the Jazz Album Of The Year category<\/span><br \/>\n<span style=\"color: #ffffff;\">2023 \u2013 Before album was nominated for Hungarian Music Award in the Jazz Album Of The Year category<\/span><\/p>\n<p><span style=\"color: #ffffff;\">From 2002, the band gave concerts in 44 countries throughout Europe, Asia and North-America. Djabe is one of the most invited Hungarian bands by international festivals.<\/span><br \/>\n<span style=\"color: #ffffff;\">Just to name a few of the most important appearances: Rochester, Baltimore, Washington DC, San Jose, Atlanta, New York \u2013 USA; Kaslo, Toronto, Edmonton, Vancouver \u2013 Canada; Burghausen, Berlin, Regensburg, M\u00fcnchen \u2013 Germany; Klaipeda, Kaunas \u2013 Lithuania; Riga, Saulkrasti \u2013 Latvia; Pori, Imatra, Turku \u2013 Finland; Tallin \u2013 Estonia; Glogow, Cracow, Warsaw \u2013 Poland; Stockholm \u2013 Sweden; London \u2013 England; Hradec Kr\u00e1lov\u00e9, Prague \u2013 Czech Republic; Bansko \u2013 Bulgaria; Graz, Vienna, Wiesen \u2013 Austria; Sarajevo \u2013 Bosnia and Herzegovina; Udine, Venezia \u2013 Italy; Sines, Portimao \u2013 Portugal; Baku \u2013 Azerbaijan; Seben, Garana, Targu Mures, Ploiest, Bucarest, Galati \u2013 Romania; Nis, Novi Sad, Belgrade \u2013 Serbia, Ulaanbaatar \u2013 Mongolia; Almaty \u2013 Kazahstan; Bishkek \u2013 Kirgistan; Kuala Lumpur, Penang \u2013 Malaysia, Dubai \u2013 United Arab Emirates, Koktebel, Lviv \u2013 Ukraine; The Hague \u2013 The Netherlands; Zagreb, Dubrovnik, Bale, Korcula, \u2013 Croatia; Bratislava, Kosice, Nov\u00e9 Z\u00e1mky, Presov, Nove Mesto \u2013 Slovakia; Crete \u2013 Greece; Moscow, Kaliningrad, Perm, Saint Petersburg \u2013 Russia, Norvegia \u2013 Bodo Jazz Open, etc.<\/span><\/p>\n<div>\n<p><span style=\"color: #ffffff;\"><span lang=\"EN-GB\">Djabe plays unique music in which the elements of jazz are mixed with various parts of Hungarian and world music, in addition with progressive rock. The main composer of the band is <b>Tam\u00e1s Barab\u00e1s<\/b>, who \u2013 at the same time \u2013 is the most virtuoso Hungarian bass guitarist.<br \/>\nDjabe means freedom in the African Ashanti language. The founder, manager, other composer of the band is <b>Attila \u00c9gerh\u00e1zi<\/b> \u2013 playing the guitar and being the leader of the band, too \u2013, who interprets this freedom primarily by freely mixing the styles and instruments.<br \/>\nAt the drums sits the internationally acclaimed, Artisjus Award-winner and Grammy Award nominee <b>P\u00e9ter Kasz\u00e1s<\/b>, who was drummer for Al Di Meola\u2019s band, World Sinfonia, for 10 years. He is an extraordinary singer too. His vocal style is a prominent element of the latest Djabe albums.<br \/>\n<\/span><b><span lang=\"EN-GB\">\u00c1ron Ko\u00f3s-Hut\u00e1s<\/span><\/b><span lang=\"EN-GB\"> multiple award-winning trumpet player performed at many gigs of the band between 2008 and 2010. He joined to Djabe as a permanent member in 2016.<br \/>\n<\/span>Keyboardist of Djabe is <b>Zolt\u00e1n Bubeny\u00e1k<\/b> played with exceptional Hungarian and foreign jazz giants along his career.<\/span><\/p>\n<\/div>\n<div>\n<p><span lang=\"EN-GB\" style=\"color: #ffffff;\">Djabe has more than 130 physical releases. 17 studio albums and 26 live recordings in many formats: LP, CD, DVD, DVD-Audio, Blu-ray, 2 track master tape, 4 track reel-to-reel, MC, plus 5 club CD, 2 club VHS.<br \/>\nIn 2017 Djabe and London based Cherry Red Records started long term cooperation. In the last eight years Cherry Red released seven albums under their Esoteric Antenna label. The Summer Storms and Rocking Rivers, Life Is A Journey \u2013 The Sardinia Tapes and the Life Is A journey \u2013 The Budapest Live Tapes, Back To Sardinia, The Magic Stag, the Journey Continues and Live in Gy\u0151r album got a great international recognition and distribution.<\/span><\/p>\n<\/div>\n<div>\n<p><span lang=\"EN-GB\" style=\"color: #ffffff;\">Djabe\u2019s vinyl records are used as test LPs at High-End shows and in showrooms, because of their world class audio quality. In 2023 Djabe released the Art In Tone double LP recorded direct-to-disc 45 RPM, with full analogue equipment at Artone Studio in The Netherlands. At the HighEnd Munich 2024Show this album was great success because of its sounding and music content at the Djabe showroom. Since 2018 Djabe took part at the Budapest HiFi Show and from 2023 the Finest audio Show in Vienna.<\/span><\/p>\n<\/div>\n<div>\n<p><span lang=\"EN-GB\" style=\"color: #ffffff;\">Their DVD-Audio surround discs are well-known from Brazil to Japan. As a sound engineer Tamas Barab\u00e1s has earned the recognition of the experts at Abbey Road with many Djabe stereo and surround recordings. Sheafs Are Dancing album was nominated to Surround Music Award in Los Angeles in 2004.<\/span><\/p>\n<\/div>\n<div>\n<p><span lang=\"EN-GB\" style=\"color: #ffffff;\">Djabe in the past 29 years worked together with several musicians from all over the world and Hungary. Chieli Minucci, Ben Castle, John Nugent, Malik Mansurov, Gulli Briem, Oleg Butman, Mih\u00e1ly Dresch, Ferenc Muck, Viktor T\u00f3th and Tibor M\u00f3ty\u00e1n are just a few names to mention.<br \/>\nSince 2007 Djabe has joint concerts regularly with the former guitarist of Genesis, Steve Hackett. The outstanding project of the band, the show of \u2018Djabe &amp; Steve Hackett\u2019 is based on the music they wrote, recorded and released together. In addition they play Djabe tunes, besides Genesis and Hackett classics. At the Garana Jazz Festival in Romania, 13.000 music fans enjoyed the music of Djabe and Steve.<\/span><\/p>\n<\/div>\n<p><span style=\"color: #ffffff;\"><strong>The line-up of Djabe<\/strong><\/span><\/p>\n<p><span style=\"color: #ffffff;\">Tam\u00e1s Barab\u00e1s \u2013 bass guitar<\/span><br \/>\n<span style=\"color: #ffffff;\">Attila \u00c9gerh\u00e1zi \u2013 guitar, percussion<\/span><br \/>\n<span style=\"color: #ffffff;\">P\u00e9ter Kasz\u00e1s \u2013 drums, vocal<\/span><br \/>\n<span style=\"color: #ffffff;\">\u00c1ron Ko\u00f3s-Hut\u00e1s \u2013 trumpet, flugelhorn<\/span><br \/>\n<span style=\"color: #ffffff;\">Zolt\u00e1n Bubeny\u00e1k \u2013 piano, keyboards<\/span><br \/>\n<span style=\"color: #ffffff;\">Zolt\u00e1n Zana &#8211; saxophone, EWI<\/span>[\/vc_column_text][vc_empty_space height=&#8221;15&#8243;]<div class=\"social_profiles_contact js_vc_social_profiles text_center\"><ul class=\"float_container\"><li><a target=\"_blank\" href=\"https:\/\/www.facebook.com\/djabeworld\/\" title=\"Facebook\"><i class=\"icon-facebook\"><\/i><\/a><\/li><li><a target=\"_blank\" href=\"https:\/\/twitter.com\/DjabeJazzWorld\" title=\"Twitter\"><i class=\"icon-twitter\"><\/i><\/a><\/li><li><a target=\"_blank\" href=\"https:\/\/www.youtube.com\/user\/egerhazi\" title=\"YouTube\"><i class=\"icon-youtube\"><\/i><\/a><\/li><li><a target=\"_blank\" href=\"https:\/\/www.instagram.com\/djabe_official\/\" title=\"Instagram\"><i class=\"icon-instagramm\"><\/i><\/a><\/li><li><a target=\"_blank\" href=\"https:\/\/itunes.apple.com\/us\/artist\/djabe\/id338382579\" title=\"iTunes\"><i class=\"icon-itunes\"><\/i><\/a><\/li><\/ul><\/div>[vc_empty_space height=&#8221;15&#8243;][vc_btn title=&#8221;Discography&#8221; style=&#8221;flat&#8221; shape=&#8221;square&#8221; color=&#8221;white&#8221; align=&#8221;center&#8221; link=&#8221;url:http%3A%2F%2Fdjabe.hu%2Fen%2Fdiszkografia%2F|||&#8221;][vc_empty_space height=&#8221;50&#8243;][\/vc_column][vc_column width=&#8221;1\/12&#8243;][\/vc_column][\/vc_row]<\/p>\n<\/div>","protected":false},"excerpt":{"rendered":"<p>[vc_row][vc_column][vc_empty_space height=&#8221;90&#8243;][\/vc_column][\/vc_row][vc_row css=&#8221;.vc_custom_1478697031796{background-color: rgba(0,0,0,0.4) !important;*background-color: rgb(0,0,0) !important;}&#8221;][vc_column width=&#8221;1\/12&#8243;][\/vc_column][vc_column width=&#8221;5\/6&#8243;][vc_empty_space height=&#8221;30px&#8221;][vc_custom_heading text=&#8221;DJABE&#8221; font_container=&#8221;tag:h1|font_size:40|text_align:left&#8221; use_theme_fonts=&#8221;yes&#8221; css=&#8221;.vc_custom_1479744392263{margin-top: 10px !important;}&#8221;][vc_separator color=&#8221;white&#8221; border_width=&#8221;3&#8243; css=&#8221;.vc_custom_1475828551750{margin-top: -10px<\/p>\n","protected":false},"author":2,"featured_media":0,"parent":23,"menu_order":0,"comment_status":"closed","ping_status":"closed","template":"page_empty.php","meta":{"footnotes":""},"class_list":["post-25","page","type-page","status-publish","hentry","repupress_customize_woocommerce_productom_class"],"yoast_head":"<!-- This site is optimized with the Yoast SEO plugin v27.2 - https:\/\/yoast.com\/product\/yoast-seo-wordpress\/ -->\n<title>Djabe - Djabe<\/title>\n<meta name=\"robots\" content=\"index, follow, max-snippet:-1, max-image-preview:large, max-video-preview:-1\" \/>\n<link rel=\"canonical\" href=\"https:\/\/djabe.hu\/biography\/djabe\/\" \/>\n<meta property=\"og:locale\" content=\"en_US\" \/>\n<meta property=\"og:type\" content=\"article\" \/>\n<meta property=\"og:title\" content=\"Djabe - Djabe\" \/>\n<meta property=\"og:description\" content=\"[vc_row][vc_column][vc_empty_space height=&#8221;90&#8243;][\/vc_column][\/vc_row][vc_row css=&#8221;.vc_custom_1478697031796{background-color: rgba(0,0,0,0.4) !important;*background-color: rgb(0,0,0) !important;}&#8221;][vc_column width=&#8221;1\/12&#8243;][\/vc_column][vc_column width=&#8221;5\/6&#8243;][vc_empty_space height=&#8221;30px&#8221;][vc_custom_heading text=&#8221;DJABE&#8221; font_container=&#8221;tag:h1|font_size:40|text_align:left&#8221; use_theme_fonts=&#8221;yes&#8221; css=&#8221;.vc_custom_1479744392263{margin-top: 10px !important;}&#8221;][vc_separator color=&#8221;white&#8221; border_width=&#8221;3&#8243; css=&#8221;.vc_custom_1475828551750{margin-top: -10px\" \/>\n<meta property=\"og:url\" content=\"https:\/\/djabe.hu\/biography\/djabe\/\" \/>\n<meta property=\"og:site_name\" content=\"Djabe\" \/>\n<meta property=\"article:modified_time\" content=\"2025-09-25T18:05:16+00:00\" \/>\n<meta property=\"og:image\" content=\"https:\/\/djabe.hu\/wp-content\/uploads\/2025\/06\/DJABE_2025_official_photo_v2_WEB_FINAL.jpg\" \/>\n\t<meta property=\"og:image:width\" content=\"2000\" \/>\n\t<meta property=\"og:image:height\" content=\"1326\" \/>\n\t<meta property=\"og:image:type\" content=\"image\/jpeg\" \/>\n<meta name=\"twitter:card\" content=\"summary_large_image\" \/>\n<meta name=\"twitter:label1\" content=\"Est. reading time\" \/>\n\t<meta name=\"twitter:data1\" content=\"6 minutes\" \/>\n<script type=\"application\/ld+json\" class=\"yoast-schema-graph\">{\"@context\":\"https:\/\/schema.org\",\"@graph\":[{\"@type\":\"WebPage\",\"@id\":\"https:\/\/djabe.hu\/biography\/djabe\/\",\"url\":\"https:\/\/djabe.hu\/biography\/djabe\/\",\"name\":\"Djabe - Djabe\",\"isPartOf\":{\"@id\":\"https:\/\/djabe.hu\/en\/#website\"},\"primaryImageOfPage\":{\"@id\":\"https:\/\/djabe.hu\/biography\/djabe\/#primaryimage\"},\"image\":{\"@id\":\"https:\/\/djabe.hu\/biography\/djabe\/#primaryimage\"},\"thumbnailUrl\":\"https:\/\/djabe.hu\/wp-content\/uploads\/2025\/06\/DJABE_2025_official_photo_v2_WEB_FINAL-1024x679.jpg\",\"datePublished\":\"2016-09-13T10:52:43+00:00\",\"dateModified\":\"2025-09-25T18:05:16+00:00\",\"breadcrumb\":{\"@id\":\"https:\/\/djabe.hu\/biography\/djabe\/#breadcrumb\"},\"inLanguage\":\"en-US\",\"potentialAction\":[{\"@type\":\"ReadAction\",\"target\":[\"https:\/\/djabe.hu\/biography\/djabe\/\"]}]},{\"@type\":\"ImageObject\",\"inLanguage\":\"en-US\",\"@id\":\"https:\/\/djabe.hu\/biography\/djabe\/#primaryimage\",\"url\":\"https:\/\/djabe.hu\/wp-content\/uploads\/2025\/06\/DJABE_2025_official_photo_v2_WEB_FINAL-1024x679.jpg\",\"contentUrl\":\"https:\/\/djabe.hu\/wp-content\/uploads\/2025\/06\/DJABE_2025_official_photo_v2_WEB_FINAL-1024x679.jpg\"},{\"@type\":\"BreadcrumbList\",\"@id\":\"https:\/\/djabe.hu\/biography\/djabe\/#breadcrumb\",\"itemListElement\":[{\"@type\":\"ListItem\",\"position\":1,\"name\":\"Home\",\"item\":\"https:\/\/djabe.hu\/en\/\"},{\"@type\":\"ListItem\",\"position\":2,\"name\":\"Biogr\u00e1fia\",\"item\":\"https:\/\/djabe.hu\/biography\/\"},{\"@type\":\"ListItem\",\"position\":3,\"name\":\"Djabe\"}]},{\"@type\":\"WebSite\",\"@id\":\"https:\/\/djabe.hu\/en\/#website\",\"url\":\"https:\/\/djabe.hu\/en\/\",\"name\":\"Djabe\",\"description\":\"Official site\",\"potentialAction\":[{\"@type\":\"SearchAction\",\"target\":{\"@type\":\"EntryPoint\",\"urlTemplate\":\"https:\/\/djabe.hu\/en\/?s={search_term_string}\"},\"query-input\":{\"@type\":\"PropertyValueSpecification\",\"valueRequired\":true,\"valueName\":\"search_term_string\"}}],\"inLanguage\":\"en-US\"}]}<\/script>\n<!-- \/ Yoast SEO plugin. -->","yoast_head_json":{"title":"Djabe - Djabe","robots":{"index":"index","follow":"follow","max-snippet":"max-snippet:-1","max-image-preview":"max-image-preview:large","max-video-preview":"max-video-preview:-1"},"canonical":"https:\/\/djabe.hu\/biography\/djabe\/","og_locale":"en_US","og_type":"article","og_title":"Djabe - Djabe","og_description":"[vc_row][vc_column][vc_empty_space height=&#8221;90&#8243;][\/vc_column][\/vc_row][vc_row css=&#8221;.vc_custom_1478697031796{background-color: rgba(0,0,0,0.4) !important;*background-color: rgb(0,0,0) !important;}&#8221;][vc_column width=&#8221;1\/12&#8243;][\/vc_column][vc_column width=&#8221;5\/6&#8243;][vc_empty_space height=&#8221;30px&#8221;][vc_custom_heading text=&#8221;DJABE&#8221; font_container=&#8221;tag:h1|font_size:40|text_align:left&#8221; use_theme_fonts=&#8221;yes&#8221; css=&#8221;.vc_custom_1479744392263{margin-top: 10px !important;}&#8221;][vc_separator color=&#8221;white&#8221; border_width=&#8221;3&#8243; css=&#8221;.vc_custom_1475828551750{margin-top: -10px","og_url":"https:\/\/djabe.hu\/biography\/djabe\/","og_site_name":"Djabe","article_modified_time":"2025-09-25T18:05:16+00:00","og_image":[{"width":2000,"height":1326,"url":"https:\/\/djabe.hu\/wp-content\/uploads\/2025\/06\/DJABE_2025_official_photo_v2_WEB_FINAL.jpg","type":"image\/jpeg"}],"twitter_card":"summary_large_image","twitter_misc":{"Est. reading time":"6 minutes"},"schema":{"@context":"https:\/\/schema.org","@graph":[{"@type":"WebPage","@id":"https:\/\/djabe.hu\/biography\/djabe\/","url":"https:\/\/djabe.hu\/biography\/djabe\/","name":"Djabe - Djabe","isPartOf":{"@id":"https:\/\/djabe.hu\/en\/#website"},"primaryImageOfPage":{"@id":"https:\/\/djabe.hu\/biography\/djabe\/#primaryimage"},"image":{"@id":"https:\/\/djabe.hu\/biography\/djabe\/#primaryimage"},"thumbnailUrl":"https:\/\/djabe.hu\/wp-content\/uploads\/2025\/06\/DJABE_2025_official_photo_v2_WEB_FINAL-1024x679.jpg","datePublished":"2016-09-13T10:52:43+00:00","dateModified":"2025-09-25T18:05:16+00:00","breadcrumb":{"@id":"https:\/\/djabe.hu\/biography\/djabe\/#breadcrumb"},"inLanguage":"en-US","potentialAction":[{"@type":"ReadAction","target":["https:\/\/djabe.hu\/biography\/djabe\/"]}]},{"@type":"ImageObject","inLanguage":"en-US","@id":"https:\/\/djabe.hu\/biography\/djabe\/#primaryimage","url":"https:\/\/djabe.hu\/wp-content\/uploads\/2025\/06\/DJABE_2025_official_photo_v2_WEB_FINAL-1024x679.jpg","contentUrl":"https:\/\/djabe.hu\/wp-content\/uploads\/2025\/06\/DJABE_2025_official_photo_v2_WEB_FINAL-1024x679.jpg"},{"@type":"BreadcrumbList","@id":"https:\/\/djabe.hu\/biography\/djabe\/#breadcrumb","itemListElement":[{"@type":"ListItem","position":1,"name":"Home","item":"https:\/\/djabe.hu\/en\/"},{"@type":"ListItem","position":2,"name":"Biogr\u00e1fia","item":"https:\/\/djabe.hu\/biography\/"},{"@type":"ListItem","position":3,"name":"Djabe"}]},{"@type":"WebSite","@id":"https:\/\/djabe.hu\/en\/#website","url":"https:\/\/djabe.hu\/en\/","name":"Djabe","description":"Official site","potentialAction":[{"@type":"SearchAction","target":{"@type":"EntryPoint","urlTemplate":"https:\/\/djabe.hu\/en\/?s={search_term_string}"},"query-input":{"@type":"PropertyValueSpecification","valueRequired":true,"valueName":"search_term_string"}}],"inLanguage":"en-US"}]}},"jetpack_sharing_enabled":true,"_links":{"self":[{"href":"https:\/\/djabe.hu\/en\/wp-json\/wp\/v2\/pages\/25","targetHints":{"allow":["GET"]}}],"collection":[{"href":"https:\/\/djabe.hu\/en\/wp-json\/wp\/v2\/pages"}],"about":[{"href":"https:\/\/djabe.hu\/en\/wp-json\/wp\/v2\/types\/page"}],"author":[{"embeddable":true,"href":"https:\/\/djabe.hu\/en\/wp-json\/wp\/v2\/users\/2"}],"replies":[{"embeddable":true,"href":"https:\/\/djabe.hu\/en\/wp-json\/wp\/v2\/comments?post=25"}],"version-history":[{"count":71,"href":"https:\/\/djabe.hu\/en\/wp-json\/wp\/v2\/pages\/25\/revisions"}],"predecessor-version":[{"id":12064,"href":"https:\/\/djabe.hu\/en\/wp-json\/wp\/v2\/pages\/25\/revisions\/12064"}],"up":[{"embeddable":true,"href":"https:\/\/djabe.hu\/en\/wp-json\/wp\/v2\/pages\/23"}],"wp:attachment":[{"href":"https:\/\/djabe.hu\/en\/wp-json\/wp\/v2\/media?parent=25"}],"curies":[{"name":"wp","href":"https:\/\/api.w.org\/{rel}","templated":true}]}}